{"id":8543,"date":"2020-10-01T14:03:23","date_gmt":"2020-10-01T14:03:23","guid":{"rendered":"https:\/\/www.serrarpharma.com\/?post_type=product&#038;p=8543"},"modified":"2025-02-01T23:16:13","modified_gmt":"2025-02-02T04:16:13","slug":"bodylift-bodyslim","status":"publish","type":"product","link":"https:\/\/www.serrarpharma.com\/pt\/product\/bodylift-bodyslim\/","title":{"rendered":"SLIM PACKAGE"},"content":{"rendered":"<p>BODYLIFT &amp; BODYSLIM!<\/p>\n<p><strong>\u00c0 base de cafe\u00edna<\/strong><\/p>\n<p>Estrela anticelulite<br \/>\nAnti-edema<br \/>\nFirmeza.<br \/>\nMelhora a circula\u00e7\u00e3o sangu\u00ednea.<br \/>\nReconstr\u00f3i a elasticidade da pele.<br \/>\nEvita o agrupamento de c\u00e9lulas de gordura.<\/p>\n<p><strong> Aviso: <\/strong><br \/>\nPare \u00e0 menor mudan\u00e7a ou rea\u00e7\u00e3o. Se necess\u00e1rio, consulte um profissional de sa\u00fade ou informa\u00e7\u00f5es de sa\u00fade em caso de rea\u00e7\u00e3o al\u00e9rgica.<br \/>\nCada pele \u00e9 diferente e reage de maneira diferente ao mesmo cosm\u00e9tico. N\u00e3o oferecemos aconselhamento personalizado, n\u00e3o conhecemos a sua pele.<br \/>\nPara qualquer conselho pessoal, especialmente se estiver em tratamento m\u00e9dico: consulte o seu m\u00e9dico ou dermatologista.<br \/>\nNunca mude um tratamento prescrito com base no que voc\u00ea l\u00ea na internet.<\/p>\n","protected":false},"excerpt":{"rendered":"<p>BODYLIFT &amp; BODYSLIM! \u00c0 base de cafe\u00edna Estrela anticelulite Anti-edema Firmeza. Melhora a circula\u00e7\u00e3o sangu\u00ednea. Reconstr\u00f3i a elasticidade da pele. Evita o agrupamento de c\u00e9lulas de gordura. Aviso: Pare \u00e0 menor mudan\u00e7a ou rea\u00e7\u00e3o. Se necess\u00e1rio, consulte um profissional de sa\u00fade ou informa\u00e7\u00f5es de sa\u00fade em caso de rea\u00e7\u00e3o al\u00e9rgica. Cada pele \u00e9 diferente e [&hellip;]<\/p>\n","protected":false},"featured_media":8544,"template":"","meta":{"hide_page_title":"","_coblocks_attr":"","_coblocks_dimensions":"","_coblocks_responsive_height":"","_coblocks_accordion_ie_support":""},"product_cat":[21],"product_tag":[],"translation":{"provider":"WPGlobus","version":"3.0.1","language":"pt","enabled_languages":["en","es","fr","ar","pt","it"],"languages":{"en":{"title":true,"content":true,"excerpt":false},"es":{"title":false,"content":true,"excerpt":false},"fr":{"title":false,"content":true,"excerpt":false},"ar":{"title":false,"content":true,"excerpt":false},"pt":{"title":false,"content":true,"excerpt":false},"it":{"title":false,"content":true,"excerpt":false}}},"_links":{"self":[{"href":"https:\/\/www.serrarpharma.com\/pt\/wp-json\/wp\/v2\/product\/8543"}],"collection":[{"href":"https:\/\/www.serrarpharma.com\/pt\/wp-json\/wp\/v2\/product"}],"about":[{"href":"https:\/\/www.serrarpharma.com\/pt\/wp-json\/wp\/v2\/types\/product"}],"wp:featuredmedia":[{"embeddable":true,"href":"https:\/\/www.serrarpharma.com\/pt\/wp-json\/wp\/v2\/media\/8544"}],"wp:attachment":[{"href":"https:\/\/www.serrarpharma.com\/pt\/wp-json\/wp\/v2\/media?parent=8543"}],"wp:term":[{"taxonomy":"product_cat","embeddable":true,"href":"https:\/\/www.serrarpharma.com\/pt\/wp-json\/wp\/v2\/product_cat?post=8543"},{"taxonomy":"product_tag","embeddable":true,"href":"https:\/\/www.serrarpharma.com\/pt\/wp-json\/wp\/v2\/product_tag?post=8543"}],"curies":[{"name":"wp","href":"https:\/\/api.w.org\/{rel}","templated":true}]}}