{"id":8540,"date":"2020-10-01T13:58:07","date_gmt":"2020-10-01T13:58:07","guid":{"rendered":"https:\/\/www.serrarpharma.com\/?post_type=product&#038;p=8540"},"modified":"2024-08-21T20:13:12","modified_gmt":"2024-08-22T00:13:12","slug":"slim-immunity-package","status":"publish","type":"product","link":"https:\/\/www.serrarpharma.com\/pt\/product\/slim-immunity-package\/","title":{"rendered":"SLIM &#038; Immunity Package"},"content":{"rendered":"<p>O pacote Premium inclui ZINASLIM, ZINABOOST, DETOX, BALANCE, BODYLIFT, BODYSLIM, PROBIOTIC, COLLAGEN PURE, VITAMIN D3, e Programa Di\u00e1rio!<\/p>\n<p><strong>CUIDADO DE PELE GRATUITO<\/strong><br \/>\nControle de peso saud\u00e1vel<br \/>\nAnti-celulite<br \/>\nFlacidez<br \/>\nPernas pesadas<br \/>\nPreven\u00e7\u00e3o e monitoramento de doen\u00e7as cr\u00f4nicas.<br \/>\nAjuda o sistema digestivo<br \/>\nEstimula o sistema imunol\u00f3gico.<br \/>\nSuporta Articula\u00e7\u00f5es<br \/>\nMelhora a apar\u00eancia de unhas e cabelos.<br \/>\nIngredientes puros e naturais.<\/p>\n<p><strong> Informa\u00e7\u00f5es importantes: <\/strong><br \/>\nSe voc\u00ea estiver tomando algum medicamento sob prescri\u00e7\u00e3o m\u00e9dica, tiver uma condi\u00e7\u00e3o m\u00e9dica ou tiver preocupa\u00e7\u00f5es espec\u00edficas sobre a adequa\u00e7\u00e3o de qualquer um de nossos produtos a esses produtos, sempre consulte seu m\u00e9dico ou farmac\u00eautico antes de tomar suplementos. Mulheres gr\u00e1vidas ou lactantes devem consultar um m\u00e9dico antes de tomar suplementos. N\u00e3o exceda a dose di\u00e1ria recomendada. Mantenha fora do alcance de crian\u00e7as. Suplementos n\u00e3o devem ser tomados como substitutos de uma dieta variada. Leia sempre o r\u00f3tulo antes de usar<\/p>\n<p>A Serrar Pharma usa apenas ingredientes puros e naturais, de fontes confi\u00e1veis de GMP. Garantimos a qualidade n\u00e3o apenas de cada lote, mas de cada ingrediente desse lote, garantindo que voc\u00ea obtenha apenas o produto da mais alta qualidade. Existem muitos benef\u00edcios de suporte suplementar. Veja abaixo os coment\u00e1rios. Se voc\u00ea tiver alguma d\u00favida, entre em contato conosco em info@serrarpharma.com<\/p>\n","protected":false},"excerpt":{"rendered":"<p>O pacote Premium inclui ZINASLIM, ZINABOOST, DETOX, BALANCE, BODYLIFT, BODYSLIM, PROBIOTIC, COLLAGEN PURE, VITAMIN D3, e Programa Di\u00e1rio! CUIDADO DE PELE GRATUITO Controle de peso saud\u00e1vel Anti-celulite Flacidez Pernas pesadas Preven\u00e7\u00e3o e monitoramento de doen\u00e7as cr\u00f4nicas. Ajuda o sistema digestivo Estimula o sistema imunol\u00f3gico. Suporta Articula\u00e7\u00f5es Melhora a apar\u00eancia de unhas e cabelos. Ingredientes puros [&hellip;]<\/p>\n","protected":false},"featured_media":8528,"template":"","meta":{"hide_page_title":"","_coblocks_attr":"","_coblocks_dimensions":"","_coblocks_responsive_height":"","_coblocks_accordion_ie_support":""},"product_cat":[21],"product_tag":[],"translation":{"provider":"WPGlobus","version":"3.0.1","language":"pt","enabled_languages":["en","es","fr","ar","pt","it"],"languages":{"en":{"title":true,"content":true,"excerpt":false},"es":{"title":false,"content":true,"excerpt":false},"fr":{"title":false,"content":true,"excerpt":false},"ar":{"title":false,"content":true,"excerpt":false},"pt":{"title":false,"content":true,"excerpt":false},"it":{"title":false,"content":true,"excerpt":false}}},"_links":{"self":[{"href":"https:\/\/www.serrarpharma.com\/pt\/wp-json\/wp\/v2\/product\/8540"}],"collection":[{"href":"https:\/\/www.serrarpharma.com\/pt\/wp-json\/wp\/v2\/product"}],"about":[{"href":"https:\/\/www.serrarpharma.com\/pt\/wp-json\/wp\/v2\/types\/product"}],"wp:featuredmedia":[{"embeddable":true,"href":"https:\/\/www.serrarpharma.com\/pt\/wp-json\/wp\/v2\/media\/8528"}],"wp:attachment":[{"href":"https:\/\/www.serrarpharma.com\/pt\/wp-json\/wp\/v2\/media?parent=8540"}],"wp:term":[{"taxonomy":"product_cat","embeddable":true,"href":"https:\/\/www.serrarpharma.com\/pt\/wp-json\/wp\/v2\/product_cat?post=8540"},{"taxonomy":"product_tag","embeddable":true,"href":"https:\/\/www.serrarpharma.com\/pt\/wp-json\/wp\/v2\/product_tag?post=8540"}],"curies":[{"name":"wp","href":"https:\/\/api.w.org\/{rel}","templated":true}]}}