{"id":8368,"date":"2020-09-21T15:47:12","date_gmt":"2020-09-21T15:47:12","guid":{"rendered":"https:\/\/www.serrarpharma.com\/?post_type=product&#038;p=8368"},"modified":"2025-02-01T23:16:13","modified_gmt":"2025-02-02T04:16:13","slug":"phyto-reve-skin-care-package","status":"publish","type":"product","link":"https:\/\/www.serrarpharma.com\/pt\/product\/phyto-reve-skin-care-package\/","title":{"rendered":"PHYTO R\u00caVE SKIN CARE PACKAGE"},"content":{"rendered":"<p><em> Valor de $ 385,00 <\/em><br \/>\n<strong> M\u00c1SCARA GRATUITA <\/strong><\/p>\n<p>Regenera<br \/>\nReduz visivelmente as rugas.<br \/>\nDeixa sua pele saud\u00e1vel,<br \/>\nJovem, Hidratante e Luminoso<br \/>\nFeito com ingredientes hipoalerg\u00eanicos<\/p>\n<p>Projetado para todos os tipos de pele<\/p>\n<p>Vitamina C Soro<br \/>\nLimpador<br \/>\nToner<br \/>\nEsfregar<br \/>\nmascarar<br \/>\nDERM<br \/>\nECLAT<\/p>\n","protected":false},"excerpt":{"rendered":"<p>Valor de $ 385,00 M\u00c1SCARA GRATUITA Regenera Reduz visivelmente as rugas. Deixa sua pele saud\u00e1vel, Jovem, Hidratante e Luminoso Feito com ingredientes hipoalerg\u00eanicos Projetado para todos os tipos de pele Vitamina C Soro Limpador Toner Esfregar mascarar DERM ECLAT<\/p>\n","protected":false},"featured_media":8504,"template":"","meta":{"hide_page_title":"","_coblocks_attr":"","_coblocks_dimensions":"","_coblocks_responsive_height":"","_coblocks_accordion_ie_support":""},"product_cat":[22],"product_tag":[],"translation":{"provider":"WPGlobus","version":"3.0.1","language":"pt","enabled_languages":["en","es","fr","ar","pt","it"],"languages":{"en":{"title":true,"content":true,"excerpt":false},"es":{"title":false,"content":true,"excerpt":false},"fr":{"title":true,"content":true,"excerpt":false},"ar":{"title":false,"content":true,"excerpt":false},"pt":{"title":false,"content":true,"excerpt":false},"it":{"title":false,"content":true,"excerpt":false}}},"_links":{"self":[{"href":"https:\/\/www.serrarpharma.com\/pt\/wp-json\/wp\/v2\/product\/8368"}],"collection":[{"href":"https:\/\/www.serrarpharma.com\/pt\/wp-json\/wp\/v2\/product"}],"about":[{"href":"https:\/\/www.serrarpharma.com\/pt\/wp-json\/wp\/v2\/types\/product"}],"wp:featuredmedia":[{"embeddable":true,"href":"https:\/\/www.serrarpharma.com\/pt\/wp-json\/wp\/v2\/media\/8504"}],"wp:attachment":[{"href":"https:\/\/www.serrarpharma.com\/pt\/wp-json\/wp\/v2\/media?parent=8368"}],"wp:term":[{"taxonomy":"product_cat","embeddable":true,"href":"https:\/\/www.serrarpharma.com\/pt\/wp-json\/wp\/v2\/product_cat?post=8368"},{"taxonomy":"product_tag","embeddable":true,"href":"https:\/\/www.serrarpharma.com\/pt\/wp-json\/wp\/v2\/product_tag?post=8368"}],"curies":[{"name":"wp","href":"https:\/\/api.w.org\/{rel}","templated":true}]}}