{"id":8366,"date":"2020-09-21T15:03:31","date_gmt":"2020-09-21T15:03:31","guid":{"rendered":"https:\/\/www.serrarpharma.com\/?post_type=product&#038;p=8366"},"modified":"2025-02-01T23:16:13","modified_gmt":"2025-02-02T04:16:13","slug":"jasmine-body-care-package","status":"publish","type":"product","link":"https:\/\/www.serrarpharma.com\/pt\/product\/jasmine-body-care-package\/","title":{"rendered":"JASMINE BODY CARE PACKAGE"},"content":{"rendered":"<p><em> $ 210,00 VALOR <\/em><br \/>\n<strong> LAVAGEM GRATUITA DO CORPO <\/strong><\/p>\n<p>Hidratante<br \/>\nAnti-Celulite &#8211; Reafirmante.<br \/>\nVegan<br \/>\nSem parabenos, sem sulfato<br \/>\nSem Fragr\u00e2ncia Qu\u00edmica<br \/>\nAlum\u00ednio e sem bactericida<\/p>\n<p>Creme de banho de limpeza<br \/>\nCreme corporal<br \/>\nDesodorante<br \/>\nPele casca de laranja<br \/>\nProte\u00e7\u00e3o labial<\/p>\n","protected":false},"excerpt":{"rendered":"<p>$ 210,00 VALOR LAVAGEM GRATUITA DO CORPO Hidratante Anti-Celulite &#8211; Reafirmante. Vegan Sem parabenos, sem sulfato Sem Fragr\u00e2ncia Qu\u00edmica Alum\u00ednio e sem bactericida Creme de banho de limpeza Creme corporal Desodorante Pele casca de laranja Prote\u00e7\u00e3o labial<\/p>\n","protected":false},"featured_media":9163,"template":"","meta":{"hide_page_title":"","_coblocks_attr":"","_coblocks_dimensions":"","_coblocks_responsive_height":"","_coblocks_accordion_ie_support":""},"product_cat":[24],"product_tag":[],"translation":{"provider":"WPGlobus","version":"3.0.1","language":"pt","enabled_languages":["en","es","fr","ar","pt","it"],"languages":{"en":{"title":true,"content":true,"excerpt":false},"es":{"title":false,"content":true,"excerpt":false},"fr":{"title":true,"content":true,"excerpt":false},"ar":{"title":false,"content":true,"excerpt":false},"pt":{"title":false,"content":true,"excerpt":false},"it":{"title":false,"content":true,"excerpt":false}}},"_links":{"self":[{"href":"https:\/\/www.serrarpharma.com\/pt\/wp-json\/wp\/v2\/product\/8366"}],"collection":[{"href":"https:\/\/www.serrarpharma.com\/pt\/wp-json\/wp\/v2\/product"}],"about":[{"href":"https:\/\/www.serrarpharma.com\/pt\/wp-json\/wp\/v2\/types\/product"}],"wp:featuredmedia":[{"embeddable":true,"href":"https:\/\/www.serrarpharma.com\/pt\/wp-json\/wp\/v2\/media\/9163"}],"wp:attachment":[{"href":"https:\/\/www.serrarpharma.com\/pt\/wp-json\/wp\/v2\/media?parent=8366"}],"wp:term":[{"taxonomy":"product_cat","embeddable":true,"href":"https:\/\/www.serrarpharma.com\/pt\/wp-json\/wp\/v2\/product_cat?post=8366"},{"taxonomy":"product_tag","embeddable":true,"href":"https:\/\/www.serrarpharma.com\/pt\/wp-json\/wp\/v2\/product_tag?post=8366"}],"curies":[{"name":"wp","href":"https:\/\/api.w.org\/{rel}","templated":true}]}}