{"id":8365,"date":"2020-09-21T14:53:45","date_gmt":"2020-09-21T14:53:45","guid":{"rendered":"https:\/\/www.serrarpharma.com\/?post_type=product&#038;p=8365"},"modified":"2024-08-21T21:04:10","modified_gmt":"2024-08-22T01:04:10","slug":"sublime-skin-care-package","status":"publish","type":"product","link":"https:\/\/www.serrarpharma.com\/pt\/product\/sublime-skin-care-package\/","title":{"rendered":"SUBLIME SKIN CARE PACKAGE"},"content":{"rendered":"<p>Valor de $ 583,00<br \/>\nSORO DE OLHOS GR\u00c1TIS<\/p>\n<p>Feito com guaran\u00e1<br \/>\nEfeito do pept\u00eddeo DHEA vegetal<br \/>\nAnti-rugas<br \/>\nAnti-c\u00edrculos escuros<br \/>\nAnti-incha\u00e7o<br \/>\nFirmas<br \/>\nAnti-envelhecimento<br \/>\nIluminando<\/p>\n<p>Limpador<br \/>\nToner<br \/>\nDermoabras\u00e3o<br \/>\nNaturo-Lashes<br \/>\nVitamina C Soro<br \/>\nEye Serum 45+<br \/>\nSUBLIME CREME DE DIA<br \/>\nSUBLIME CREME NOTURNO<\/p>\n","protected":false},"excerpt":{"rendered":"<p>Valor de $ 583,00 SORO DE OLHOS GR\u00c1TIS Feito com guaran\u00e1 Efeito do pept\u00eddeo DHEA vegetal Anti-rugas Anti-c\u00edrculos escuros Anti-incha\u00e7o Firmas Anti-envelhecimento Iluminando Limpador Toner Dermoabras\u00e3o Naturo-Lashes Vitamina C Soro Eye Serum 45+ SUBLIME CREME DE DIA SUBLIME CREME NOTURNO<\/p>\n","protected":false},"featured_media":8485,"template":"","meta":{"hide_page_title":"","_coblocks_attr":"","_coblocks_dimensions":"","_coblocks_responsive_height":"","_coblocks_accordion_ie_support":""},"product_cat":[23],"product_tag":[],"translation":{"provider":"WPGlobus","version":"3.0.1","language":"pt","enabled_languages":["en","es","fr","ar","pt","it"],"languages":{"en":{"title":true,"content":true,"excerpt":false},"es":{"title":false,"content":true,"excerpt":false},"fr":{"title":true,"content":true,"excerpt":false},"ar":{"title":false,"content":true,"excerpt":false},"pt":{"title":false,"content":true,"excerpt":false},"it":{"title":false,"content":true,"excerpt":false}}},"_links":{"self":[{"href":"https:\/\/www.serrarpharma.com\/pt\/wp-json\/wp\/v2\/product\/8365"}],"collection":[{"href":"https:\/\/www.serrarpharma.com\/pt\/wp-json\/wp\/v2\/product"}],"about":[{"href":"https:\/\/www.serrarpharma.com\/pt\/wp-json\/wp\/v2\/types\/product"}],"wp:featuredmedia":[{"embeddable":true,"href":"https:\/\/www.serrarpharma.com\/pt\/wp-json\/wp\/v2\/media\/8485"}],"wp:attachment":[{"href":"https:\/\/www.serrarpharma.com\/pt\/wp-json\/wp\/v2\/media?parent=8365"}],"wp:term":[{"taxonomy":"product_cat","embeddable":true,"href":"https:\/\/www.serrarpharma.com\/pt\/wp-json\/wp\/v2\/product_cat?post=8365"},{"taxonomy":"product_tag","embeddable":true,"href":"https:\/\/www.serrarpharma.com\/pt\/wp-json\/wp\/v2\/product_tag?post=8365"}],"curies":[{"name":"wp","href":"https:\/\/api.w.org\/{rel}","templated":true}]}}