{"id":8353,"date":"2020-09-21T14:02:19","date_gmt":"2020-09-21T18:02:19","guid":{"rendered":"https:\/\/www.serrarpharma.com\/?post_type=product&#038;p=8353"},"modified":"2024-08-21T22:28:10","modified_gmt":"2024-08-22T02:28:10","slug":"leave-in-conditioner","status":"publish","type":"product","link":"https:\/\/www.serrarpharma.com\/pt\/product\/leave-in-conditioner\/","title":{"rendered":"LEAVE-IN CONDITIONER"},"content":{"rendered":"<p><img loading=\"lazy\" class=\"alignnone wp-image-11371\" src=\"https:\/\/i0.wp.com\/www.serrarpharma.com\/wp-content\/uploads\/2021\/04\/Made-in-CA.png?resize=70%2C70&#038;ssl=1\" alt=\"\" width=\"70\" height=\"70\" srcset=\"https:\/\/i0.wp.com\/www.serrarpharma.com\/wp-content\/uploads\/2021\/04\/Made-in-CA.png?w=150&amp;ssl=1 150w, https:\/\/i0.wp.com\/www.serrarpharma.com\/wp-content\/uploads\/2021\/04\/Made-in-CA.png?resize=100%2C100&amp;ssl=1 100w\" sizes=\"(max-width: 70px) 100vw, 70px\" data-recalc-dims=\"1\" \/><img loading=\"lazy\" class=\"alignnone wp-image-11370\" src=\"https:\/\/i0.wp.com\/www.serrarpharma.com\/wp-content\/uploads\/2021\/04\/GMP.png?resize=70%2C70&#038;ssl=1\" alt=\"\" width=\"70\" height=\"70\" srcset=\"https:\/\/i0.wp.com\/www.serrarpharma.com\/wp-content\/uploads\/2021\/04\/GMP.png?w=150&amp;ssl=1 150w, https:\/\/i0.wp.com\/www.serrarpharma.com\/wp-content\/uploads\/2021\/04\/GMP.png?resize=100%2C100&amp;ssl=1 100w\" sizes=\"(max-width: 70px) 100vw, 70px\" data-recalc-dims=\"1\" \/><img loading=\"lazy\" class=\"alignnone wp-image-11369\" src=\"https:\/\/i0.wp.com\/www.serrarpharma.com\/wp-content\/uploads\/2021\/04\/Nongmo.png?resize=70%2C70&#038;ssl=1\" alt=\"\" width=\"70\" height=\"70\" srcset=\"https:\/\/i0.wp.com\/www.serrarpharma.com\/wp-content\/uploads\/2021\/04\/Nongmo.png?w=150&amp;ssl=1 150w, https:\/\/i0.wp.com\/www.serrarpharma.com\/wp-content\/uploads\/2021\/04\/Nongmo.png?resize=100%2C100&amp;ssl=1 100w\" sizes=\"(max-width: 70px) 100vw, 70px\" data-recalc-dims=\"1\" \/><img loading=\"lazy\" class=\"alignnone wp-image-11799\" src=\"https:\/\/i0.wp.com\/www.serrarpharma.com\/wp-content\/uploads\/2021\/04\/ISO-07.png?resize=70%2C70&#038;ssl=1\" alt=\"\" width=\"70\" height=\"70\" srcset=\"https:\/\/i0.wp.com\/www.serrarpharma.com\/wp-content\/uploads\/2021\/04\/ISO-07.png?resize=300%2C300&amp;ssl=1 300w, https:\/\/i0.wp.com\/www.serrarpharma.com\/wp-content\/uploads\/2021\/04\/ISO-07.png?resize=150%2C150&amp;ssl=1 150w, https:\/\/i0.wp.com\/www.serrarpharma.com\/wp-content\/uploads\/2021\/04\/ISO-07.png?resize=100%2C100&amp;ssl=1 100w, https:\/\/i0.wp.com\/www.serrarpharma.com\/wp-content\/uploads\/2021\/04\/ISO-07.png?w=418&amp;ssl=1 418w\" sizes=\"(max-width: 70px) 100vw, 70px\" data-recalc-dims=\"1\" \/><\/p>\n<p>&nbsp;<\/p>\n<p><strong>Queratine Bamboo<br \/>\nProbi\u00f3tico <\/strong><br \/>\nPerda de cabelo,<br \/>\nCrescimento<br \/>\nCabelo danificado<br \/>\nVolume<br \/>\nProte\u00e7\u00e3o<br \/>\nFortalece a haste do cabelo<br \/>\nBrilho<br \/>\nManuten\u00e7\u00e3o de Estilo<br \/>\n(Ondula\u00e7\u00e3o, suaviza\u00e7\u00e3o)<\/p>\n<p>Este condicionador leave-in de c\u00e2nhamo e \u00f4mega-3 \u00e9 embalado com \u00f3leos naturais, extratos e amino\u00e1cidos. N\u00e3o cont\u00e9m silicone e \u00e9 armazenado com um probi\u00f3tico, que \u00e9 obtido naturalmente por um processo de fermenta\u00e7\u00e3o.<br \/>\n\u00c9 de base vegetal, que oferece brilho natural sem silicones, nem ac\u00famulo de res\u00edduos. Ajuda a melhorar o seu cabelo com Pea Peptide que combina uma mistura de amino\u00e1cidos. \u00c9 nutritivo e ben\u00e9fico para a volumiza\u00e7\u00e3o capilar e fortalecimento da haste capilar. Este condicionador, projetado profissionalmente e testado em sal\u00e3o, oferece reten\u00e7\u00e3o de estilo, ondula\u00e7\u00e3o, alisamento e prote\u00e7\u00e3o t\u00e9rmica. Esses benef\u00edcios s\u00e3o derivados do Karazime Protect, que \u00e9 uma mistura de queratina, bambu e extratos de cogumelos. Cont\u00e9m pantenol (B5), goma de guar, espessantes de vegetais e conservados com rabanete fermentado &#8230; um probi\u00f3tico.<\/p>\n<p><strong> Dire\u00e7\u00f5es: <\/strong><br \/>\nDepois de enxaguar o SHAMPOO &amp; CONDICIONADOR * e a M\u00c1SCARA * apropriada para o seu cabelo, aplique uma ou duas pinceladas de LEAVE-N CONDICIONADOR * nos cabelos \u00famidos e depois distribua uniformemente da raiz \u00e0s pontas. N\u00e3o enx\u00e1gue. Em vez disso, deixe o cabelo secar ao ar ou se espalhar com um secador de cabelo. (* Dr. SERRAR\u00ae SERENA).<\/p>\n<p><strong> Aviso: <\/strong><br \/>\nPare com a menor mudan\u00e7a ou rea\u00e7\u00e3o. Se necess\u00e1rio, consulte um profissional m\u00e9dico ou informa\u00e7\u00f5es de sa\u00fade em caso de rea\u00e7\u00e3o al\u00e9rgica.<br \/>\nToda a pele \u00e9 diferente e reage de maneira diferente ao mesmo cosm\u00e9tico. N\u00e3o fornecemos aconselhamento personalizado, n\u00e3o conhecemos a sua pele.<br \/>\nPara qualquer conselho pessoal, especialmente se voc\u00ea estiver em tratamento m\u00e9dico: consulte seu m\u00e9dico ou dermatologista.<br \/>\nNunca mude um tratamento prescrito com base no que voc\u00ea l\u00ea na internet.<\/p>\n<p>&nbsp;<\/p>\n<p><span style=\"color: #005890;\"><strong><span class=\"VIiyi\" lang=\"pt\"> <span class=\"JLqJ4b ChMk0b\" data-language-for-alternatives=\"pt\" data-language-to-translate-into=\"en\" data-phrase-index=\"1\">FEITO NO CANAD\u00c1\u00a0\u00a0\u00a0\u00a0\u00a0 |<\/span> <span class=\"JLqJ4b ChMk0b\" data-language-for-alternatives=\"pt\" data-language-to-translate-into=\"en\" data-phrase-index=\"0\">\u00a0\u00a0\u00a0\u00a0\u00a0 <\/span><span class=\"JLqJ4b ChMk0b\" data-language-for-alternatives=\"pt\" data-language-to-translate-into=\"en\" data-phrase-index=\"2\">GMP CERTIFIED \u00a0\u00a0\u00a0\u00a0\u00a0 |<\/span> <span class=\"JLqJ4b ChMk0b\" data-language-for-alternatives=\"pt\" data-language-to-translate-into=\"en\" data-phrase-index=\"0\">\u00a0\u00a0\u00a0\u00a0\u00a0 <\/span><span class=\"JLqJ4b ChMk0b\" data-language-for-alternatives=\"pt\" data-language-to-translate-into=\"en\" data-phrase-index=\"3\">N\u00c3O OGM \u00a0\u00a0\u00a0\u00a0\u00a0 |\u00a0\u00a0\u00a0\u00a0\u00a0 <\/span> <span class=\"JLqJ4b ChMk0b\" data-language-for-alternatives=\"pt\" data-language-to-translate-into=\"en\" data-phrase-index=\"4\">LABORAT\u00d3RIO CERTIFICADO ISO 17025<\/span><\/span><\/strong><\/span><\/p>\n","protected":false},"excerpt":{"rendered":"<p>&nbsp; Queratine Bamboo Probi\u00f3tico Perda de cabelo, Crescimento Cabelo danificado Volume Prote\u00e7\u00e3o Fortalece a haste do cabelo Brilho Manuten\u00e7\u00e3o de Estilo (Ondula\u00e7\u00e3o, suaviza\u00e7\u00e3o) Este condicionador leave-in de c\u00e2nhamo e \u00f4mega-3 \u00e9 embalado com \u00f3leos naturais, extratos e amino\u00e1cidos. N\u00e3o cont\u00e9m silicone e \u00e9 armazenado com um probi\u00f3tico, que \u00e9 obtido naturalmente por um processo de [&hellip;]<\/p>\n","protected":false},"featured_media":9142,"template":"","meta":{"hide_page_title":"","_coblocks_attr":"","_coblocks_dimensions":"","_coblocks_responsive_height":"","_coblocks_accordion_ie_support":""},"product_cat":[27],"product_tag":[],"translation":{"provider":"WPGlobus","version":"3.0.1","language":"pt","enabled_languages":["en","es","fr","ar","pt","it"],"languages":{"en":{"title":true,"content":true,"excerpt":false},"es":{"title":false,"content":true,"excerpt":false},"fr":{"title":true,"content":true,"excerpt":false},"ar":{"title":false,"content":true,"excerpt":false},"pt":{"title":false,"content":true,"excerpt":false},"it":{"title":false,"content":true,"excerpt":false}}},"_links":{"self":[{"href":"https:\/\/www.serrarpharma.com\/pt\/wp-json\/wp\/v2\/product\/8353"}],"collection":[{"href":"https:\/\/www.serrarpharma.com\/pt\/wp-json\/wp\/v2\/product"}],"about":[{"href":"https:\/\/www.serrarpharma.com\/pt\/wp-json\/wp\/v2\/types\/product"}],"wp:featuredmedia":[{"embeddable":true,"href":"https:\/\/www.serrarpharma.com\/pt\/wp-json\/wp\/v2\/media\/9142"}],"wp:attachment":[{"href":"https:\/\/www.serrarpharma.com\/pt\/wp-json\/wp\/v2\/media?parent=8353"}],"wp:term":[{"taxonomy":"product_cat","embeddable":true,"href":"https:\/\/www.serrarpharma.com\/pt\/wp-json\/wp\/v2\/product_cat?post=8353"},{"taxonomy":"product_tag","embeddable":true,"href":"https:\/\/www.serrarpharma.com\/pt\/wp-json\/wp\/v2\/product_tag?post=8353"}],"curies":[{"name":"wp","href":"https:\/\/api.w.org\/{rel}","templated":true}]}}