{"id":8351,"date":"2020-09-21T13:59:49","date_gmt":"2020-09-21T13:59:49","guid":{"rendered":"https:\/\/www.serrarpharma.com\/?post_type=product&#038;p=8351"},"modified":"2024-08-21T22:29:09","modified_gmt":"2024-08-22T02:29:09","slug":"mask-for-damaged-hair","status":"publish","type":"product","link":"https:\/\/www.serrarpharma.com\/pt\/product\/mask-for-damaged-hair\/","title":{"rendered":"MASK FOR DAMAGED HAIR"},"content":{"rendered":"<p><img loading=\"lazy\" class=\"alignnone wp-image-11371\" src=\"https:\/\/i0.wp.com\/www.serrarpharma.com\/wp-content\/uploads\/2021\/04\/Made-in-CA.png?resize=70%2C70&#038;ssl=1\" alt=\"\" width=\"70\" height=\"70\" srcset=\"https:\/\/i0.wp.com\/www.serrarpharma.com\/wp-content\/uploads\/2021\/04\/Made-in-CA.png?w=150&amp;ssl=1 150w, https:\/\/i0.wp.com\/www.serrarpharma.com\/wp-content\/uploads\/2021\/04\/Made-in-CA.png?resize=100%2C100&amp;ssl=1 100w\" sizes=\"(max-width: 70px) 100vw, 70px\" data-recalc-dims=\"1\" \/><img loading=\"lazy\" class=\"alignnone wp-image-11370\" src=\"https:\/\/i0.wp.com\/www.serrarpharma.com\/wp-content\/uploads\/2021\/04\/GMP.png?resize=70%2C70&#038;ssl=1\" alt=\"\" width=\"70\" height=\"70\" srcset=\"https:\/\/i0.wp.com\/www.serrarpharma.com\/wp-content\/uploads\/2021\/04\/GMP.png?w=150&amp;ssl=1 150w, https:\/\/i0.wp.com\/www.serrarpharma.com\/wp-content\/uploads\/2021\/04\/GMP.png?resize=100%2C100&amp;ssl=1 100w\" sizes=\"(max-width: 70px) 100vw, 70px\" data-recalc-dims=\"1\" \/><img loading=\"lazy\" class=\"alignnone wp-image-11369\" src=\"https:\/\/i0.wp.com\/www.serrarpharma.com\/wp-content\/uploads\/2021\/04\/Nongmo.png?resize=70%2C70&#038;ssl=1\" alt=\"\" width=\"70\" height=\"70\" srcset=\"https:\/\/i0.wp.com\/www.serrarpharma.com\/wp-content\/uploads\/2021\/04\/Nongmo.png?w=150&amp;ssl=1 150w, https:\/\/i0.wp.com\/www.serrarpharma.com\/wp-content\/uploads\/2021\/04\/Nongmo.png?resize=100%2C100&amp;ssl=1 100w\" sizes=\"(max-width: 70px) 100vw, 70px\" data-recalc-dims=\"1\" \/><img loading=\"lazy\" class=\"alignnone wp-image-11799\" src=\"https:\/\/i0.wp.com\/www.serrarpharma.com\/wp-content\/uploads\/2021\/04\/ISO-07.png?resize=70%2C70&#038;ssl=1\" alt=\"\" width=\"70\" height=\"70\" srcset=\"https:\/\/i0.wp.com\/www.serrarpharma.com\/wp-content\/uploads\/2021\/04\/ISO-07.png?resize=300%2C300&amp;ssl=1 300w, https:\/\/i0.wp.com\/www.serrarpharma.com\/wp-content\/uploads\/2021\/04\/ISO-07.png?resize=150%2C150&amp;ssl=1 150w, https:\/\/i0.wp.com\/www.serrarpharma.com\/wp-content\/uploads\/2021\/04\/ISO-07.png?resize=100%2C100&amp;ssl=1 100w, https:\/\/i0.wp.com\/www.serrarpharma.com\/wp-content\/uploads\/2021\/04\/ISO-07.png?w=418&amp;ssl=1 418w\" sizes=\"(max-width: 70px) 100vw, 70px\" data-recalc-dims=\"1\" \/><\/p>\n<p><strong> \u00c0 base de coco <\/strong><br \/>\n(Permanente, Kinky,<br \/>\nColorido, Secador,<br \/>\nPiscinas)<br \/>\nD\u00e1 brilho<br \/>\n(Reduz a perda de prote\u00edna<br \/>\nNo eixo do cabelo)<br \/>\nParabens Free<br \/>\nConservante Natural<br \/>\nEcol\u00f3gico<\/p>\n<p>Con excelentes propiedades acondicionadoras y un brillo saludable, esta mascarilla incluye prote\u00edna de guisante, amino\u00e1cidos de seda, vitaminas Pro B y E, manzanilla y glicerina para m\u00e1s cuerpo. El brillo se deriva naturalmente de las semillas de ricino hidrolizadas y es una alternativa a las siliconas. El \u00e1cido l\u00e1ctico equilibra el pH y es un buen humectante. Las m\u00e1scaras generalmente funcionan de manera diferente para varios tipos \u00e9tnicos, grosor del cabello, climas y geograf\u00eda. Incluso la contaminaci\u00f3n, los cambios estacionales, la grasa del cuero cabelludo y las condiciones del agua pueden afectar el rendimiento. Este acondicionador de penetraci\u00f3n profunda est\u00e1 dise\u00f1ado para tipos de cabello que requieren propiedades acondicionadoras adicionales.<br \/>\nDespu\u00e9s de un a\u00f1o de pruebas, esta formulaci\u00f3n utiliza aceites de semillas de oliva, coco, ricino y musgo de pradera para restaurar la emoliencia natural del tallo del cabello, sin grasa adicional. Pantenol, Manzanilla, \u00c1cido L\u00e1ctico y Goma Guar Modificada dan brillo al cabello. Es seguro para el cabello te\u00f1ido con permanente y un salvador de las piscinas con mucho cloro, el agua salada o los estragos del secador en el cabello rizado.<\/p>\n<p><strong> Direcciones: <\/strong><br \/>\nDespu\u00e9s de enjuagar el CHAMP\u00da Y ACONDICIONADOR *, aplique una pizca de la MASCARILLA * adecuada para CABELLO DA\u00d1ADO al cabello limpio. Masajear en largos y puntas y dejar actuar de 5 a 10 minutos. Enjuague bien. Complete su tratamiento con el ACONDICIONADOR LEAVE-IN *. No lo enjuague. En su lugar, deje que el cabello se seque al aire o difunda con un secador de pelo (* Dr SERRAR\u00ae SERENA).<\/p>\n<p><strong> Aviso: <\/strong><br \/>\nPare com a menor mudan\u00e7a ou rea\u00e7\u00e3o. Se necess\u00e1rio, consulte um profissional m\u00e9dico ou informa\u00e7\u00f5es de sa\u00fade em caso de rea\u00e7\u00e3o al\u00e9rgica.<br \/>\nToda a pele \u00e9 diferente e reage de maneira diferente ao mesmo cosm\u00e9tico. N\u00e3o fornecemos aconselhamento personalizado, n\u00e3o conhecemos a sua pele.<br \/>\nPara qualquer conselho pessoal, especialmente se voc\u00ea estiver em tratamento m\u00e9dico: consulte seu m\u00e9dico ou dermatologista.<br \/>\nNunca mude um tratamento prescrito com base no que voc\u00ea l\u00ea na internet.<\/p>\n<p>&nbsp;<\/p>\n<p><span style=\"color: #005890;\"><strong><span class=\"VIiyi\" lang=\"pt\"> <span class=\"JLqJ4b ChMk0b\" data-language-for-alternatives=\"pt\" data-language-to-translate-into=\"en\" data-phrase-index=\"1\">FEITO NO CANAD\u00c1\u00a0\u00a0\u00a0\u00a0\u00a0 |<\/span> <span class=\"JLqJ4b ChMk0b\" data-language-for-alternatives=\"pt\" data-language-to-translate-into=\"en\" data-phrase-index=\"0\">\u00a0\u00a0\u00a0\u00a0\u00a0 <\/span><span class=\"JLqJ4b ChMk0b\" data-language-for-alternatives=\"pt\" data-language-to-translate-into=\"en\" data-phrase-index=\"2\">GMP CERTIFIED \u00a0\u00a0\u00a0\u00a0\u00a0 |<\/span> <span class=\"JLqJ4b ChMk0b\" data-language-for-alternatives=\"pt\" data-language-to-translate-into=\"en\" data-phrase-index=\"0\">\u00a0\u00a0\u00a0\u00a0\u00a0 <\/span><span class=\"JLqJ4b ChMk0b\" data-language-for-alternatives=\"pt\" data-language-to-translate-into=\"en\" data-phrase-index=\"3\">N\u00c3O OGM \u00a0\u00a0\u00a0\u00a0\u00a0 |\u00a0\u00a0\u00a0\u00a0\u00a0 <\/span> <span class=\"JLqJ4b ChMk0b\" data-language-for-alternatives=\"pt\" data-language-to-translate-into=\"en\" data-phrase-index=\"4\">LABORAT\u00d3RIO CERTIFICADO ISO 17025<\/span><\/span><\/strong><\/span><\/p>\n","protected":false},"excerpt":{"rendered":"<p>\u00c0 base de coco (Permanente, Kinky, Colorido, Secador, Piscinas) D\u00e1 brilho (Reduz a perda de prote\u00edna No eixo do cabelo) Parabens Free Conservante Natural Ecol\u00f3gico Con excelentes propiedades acondicionadoras y un brillo saludable, esta mascarilla incluye prote\u00edna de guisante, amino\u00e1cidos de seda, vitaminas Pro B y E, manzanilla y glicerina para m\u00e1s cuerpo. El brillo [&hellip;]<\/p>\n","protected":false},"featured_media":9139,"template":"","meta":{"hide_page_title":"","_coblocks_attr":"","_coblocks_dimensions":"","_coblocks_responsive_height":"","_coblocks_accordion_ie_support":""},"product_cat":[27],"product_tag":[],"translation":{"provider":"WPGlobus","version":"3.0.1","language":"pt","enabled_languages":["en","es","fr","ar","pt","it"],"languages":{"en":{"title":true,"content":true,"excerpt":false},"es":{"title":false,"content":true,"excerpt":false},"fr":{"title":true,"content":true,"excerpt":false},"ar":{"title":false,"content":true,"excerpt":false},"pt":{"title":false,"content":true,"excerpt":false},"it":{"title":false,"content":true,"excerpt":false}}},"_links":{"self":[{"href":"https:\/\/www.serrarpharma.com\/pt\/wp-json\/wp\/v2\/product\/8351"}],"collection":[{"href":"https:\/\/www.serrarpharma.com\/pt\/wp-json\/wp\/v2\/product"}],"about":[{"href":"https:\/\/www.serrarpharma.com\/pt\/wp-json\/wp\/v2\/types\/product"}],"wp:featuredmedia":[{"embeddable":true,"href":"https:\/\/www.serrarpharma.com\/pt\/wp-json\/wp\/v2\/media\/9139"}],"wp:attachment":[{"href":"https:\/\/www.serrarpharma.com\/pt\/wp-json\/wp\/v2\/media?parent=8351"}],"wp:term":[{"taxonomy":"product_cat","embeddable":true,"href":"https:\/\/www.serrarpharma.com\/pt\/wp-json\/wp\/v2\/product_cat?post=8351"},{"taxonomy":"product_tag","embeddable":true,"href":"https:\/\/www.serrarpharma.com\/pt\/wp-json\/wp\/v2\/product_tag?post=8351"}],"curies":[{"name":"wp","href":"https:\/\/api.w.org\/{rel}","templated":true}]}}