{"id":8333,"date":"2020-09-20T21:51:23","date_gmt":"2020-09-20T21:51:23","guid":{"rendered":"https:\/\/www.serrarpharma.com\/?post_type=product&#038;p=8333"},"modified":"2024-08-21T22:19:47","modified_gmt":"2024-08-22T02:19:47","slug":"baby-cream","status":"publish","type":"product","link":"https:\/\/www.serrarpharma.com\/pt\/product\/baby-cream\/","title":{"rendered":"BABY CREAM"},"content":{"rendered":"<p><img loading=\"lazy\" class=\"alignnone wp-image-11371\" src=\"https:\/\/i0.wp.com\/www.serrarpharma.com\/wp-content\/uploads\/2021\/04\/Made-in-CA.png?resize=70%2C70&#038;ssl=1\" alt=\"\" width=\"70\" height=\"70\" srcset=\"https:\/\/i0.wp.com\/www.serrarpharma.com\/wp-content\/uploads\/2021\/04\/Made-in-CA.png?w=150&amp;ssl=1 150w, https:\/\/i0.wp.com\/www.serrarpharma.com\/wp-content\/uploads\/2021\/04\/Made-in-CA.png?resize=100%2C100&amp;ssl=1 100w\" sizes=\"(max-width: 70px) 100vw, 70px\" data-recalc-dims=\"1\" \/><img loading=\"lazy\" class=\"alignnone wp-image-11370\" src=\"https:\/\/i0.wp.com\/www.serrarpharma.com\/wp-content\/uploads\/2021\/04\/GMP.png?resize=70%2C70&#038;ssl=1\" alt=\"\" width=\"70\" height=\"70\" srcset=\"https:\/\/i0.wp.com\/www.serrarpharma.com\/wp-content\/uploads\/2021\/04\/GMP.png?w=150&amp;ssl=1 150w, https:\/\/i0.wp.com\/www.serrarpharma.com\/wp-content\/uploads\/2021\/04\/GMP.png?resize=100%2C100&amp;ssl=1 100w\" sizes=\"(max-width: 70px) 100vw, 70px\" data-recalc-dims=\"1\" \/><img loading=\"lazy\" class=\"alignnone wp-image-11369\" src=\"https:\/\/i0.wp.com\/www.serrarpharma.com\/wp-content\/uploads\/2021\/04\/Nongmo.png?resize=70%2C70&#038;ssl=1\" alt=\"\" width=\"70\" height=\"70\" srcset=\"https:\/\/i0.wp.com\/www.serrarpharma.com\/wp-content\/uploads\/2021\/04\/Nongmo.png?w=150&amp;ssl=1 150w, https:\/\/i0.wp.com\/www.serrarpharma.com\/wp-content\/uploads\/2021\/04\/Nongmo.png?resize=100%2C100&amp;ssl=1 100w\" sizes=\"(max-width: 70px) 100vw, 70px\" data-recalc-dims=\"1\" \/><img loading=\"lazy\" class=\"alignnone wp-image-11799\" src=\"https:\/\/i0.wp.com\/www.serrarpharma.com\/wp-content\/uploads\/2021\/04\/ISO-07.png?resize=70%2C70&#038;ssl=1\" alt=\"\" width=\"70\" height=\"70\" srcset=\"https:\/\/i0.wp.com\/www.serrarpharma.com\/wp-content\/uploads\/2021\/04\/ISO-07.png?resize=300%2C300&amp;ssl=1 300w, https:\/\/i0.wp.com\/www.serrarpharma.com\/wp-content\/uploads\/2021\/04\/ISO-07.png?resize=150%2C150&amp;ssl=1 150w, https:\/\/i0.wp.com\/www.serrarpharma.com\/wp-content\/uploads\/2021\/04\/ISO-07.png?resize=100%2C100&amp;ssl=1 100w, https:\/\/i0.wp.com\/www.serrarpharma.com\/wp-content\/uploads\/2021\/04\/ISO-07.png?w=418&amp;ssl=1 418w\" sizes=\"(max-width: 70px) 100vw, 70px\" data-recalc-dims=\"1\" \/><\/p>\n<p><strong> \u00c0 base de abelhas <\/strong><br \/>\nHidratante<br \/>\nEstrias<br \/>\nM\u00e3os de jardineiro<br \/>\nInverno<br \/>\nVEGAN<br \/>\nParabens Free<br \/>\n\u00d3leo Mineral Livre<br \/>\nSem Fragr\u00e2ncia Qu\u00edmica<\/p>\n<p>Um tradicional creme de noite em cera de abelha e b\u00f3rax cujas origens remontam a 100 anos. \u00c9 mais de 99% natural, altamente emoliente. Cont\u00e9m ingredientes \u00e0 base de uma emuls\u00e3o de creme espessa criada por uma rea\u00e7\u00e3o de cera de abelha e b\u00f3rax (obtido de rocha sedimentar). Uma manteiga de textura firme que derrete em contato com a pele e se espalha facilmente. Co-emulsionantes \u00e0 base de plantas, \u00f3leo de coco org\u00e2nico, glicerina e vitamina E s\u00e3o combinados com um impressionante teor de \u00f3leo natural<br \/>\nSe voc\u00ea precisa de um hidratante voltado para a pele seca ou problem\u00e1tica, usar c\u00e2nhamo prensado a frio org\u00e2nico e azeite de oliva tem seus benef\u00edcios. As propriedades restauradoras v\u00eam da reten\u00e7\u00e3o de \u00e1cidos graxos essenciais e da preserva\u00e7\u00e3o do teor de vitaminas.<br \/>\nTalvez um &#8220;creme de barreira para beb\u00eas&#8221;, &#8220;creme para as m\u00e3os de jardineiro&#8221;, &#8220;creme para estrias&#8221;, &#8220;creme de inverno&#8221; ou um &#8220;condicionador de cut\u00edculas&#8221;. A aplica\u00e7\u00e3o \u00e9 ampla e variada, com alto grau de satisfa\u00e7\u00e3o do cliente. Nutritivo e suave para peles sens\u00edveis, por\u00e9m, n\u00e3o \u00e9 oleoso. Este produto pode ser utilizado de diversas formas (calcanhares, p\u00e9s, cotovelos ou joelhos \u00e1speros).<\/p>\n<p><strong> Dire\u00e7\u00f5es: <\/strong><br \/>\nUse para todo o corpo, especificamente \u00e1reas \u00e1speras e secas como calcanhares, p\u00e9s, cotovelos e joelhos. Por ser natural, espesso e duradouro, esse creme \u00e9 capaz de hidratar as peles mais secas. Massagem para estimular a circula\u00e7\u00e3o e permitir uma boa penetra\u00e7\u00e3o do creme. Este creme pode ser usado diariamente.<\/p>\n<p><strong> Aviso: <\/strong><br \/>\nPare \u00e0 menor mudan\u00e7a ou rea\u00e7\u00e3o. Se necess\u00e1rio, consulte um profissional de sa\u00fade ou informa\u00e7\u00f5es de sa\u00fade em caso de rea\u00e7\u00e3o al\u00e9rgica.<br \/>\nCada pele \u00e9 diferente e reage de maneira diferente ao mesmo cosm\u00e9tico. N\u00e3o oferecemos aconselhamento personalizado, n\u00e3o conhecemos a sua pele.<br \/>\nPara qualquer conselho pessoal, especialmente se estiver em tratamento m\u00e9dico: consulte o seu m\u00e9dico ou dermatologista.<br \/>\nNunca mude um tratamento prescrito com base no que voc\u00ea l\u00ea na internet.<\/p>\n<p>&nbsp;<\/p>\n<p>&nbsp;<\/p>\n<p><span style=\"color: #005890;\"><strong><span class=\"VIiyi\" lang=\"pt\"> <span class=\"JLqJ4b ChMk0b\" data-language-for-alternatives=\"pt\" data-language-to-translate-into=\"en\" data-phrase-index=\"1\">FEITO NO CANAD\u00c1\u00a0\u00a0\u00a0\u00a0\u00a0 |<\/span> <span class=\"JLqJ4b ChMk0b\" data-language-for-alternatives=\"pt\" data-language-to-translate-into=\"en\" data-phrase-index=\"0\">\u00a0\u00a0\u00a0\u00a0\u00a0 <\/span><span class=\"JLqJ4b ChMk0b\" data-language-for-alternatives=\"pt\" data-language-to-translate-into=\"en\" data-phrase-index=\"2\">GMP CERTIFIED \u00a0\u00a0\u00a0\u00a0\u00a0 |<\/span> <span class=\"JLqJ4b ChMk0b\" data-language-for-alternatives=\"pt\" data-language-to-translate-into=\"en\" data-phrase-index=\"0\">\u00a0\u00a0\u00a0\u00a0\u00a0 <\/span><span class=\"JLqJ4b ChMk0b\" data-language-for-alternatives=\"pt\" data-language-to-translate-into=\"en\" data-phrase-index=\"3\">N\u00c3O OGM \u00a0\u00a0\u00a0\u00a0\u00a0 |\u00a0\u00a0\u00a0\u00a0\u00a0 <\/span> <span class=\"JLqJ4b ChMk0b\" data-language-for-alternatives=\"pt\" data-language-to-translate-into=\"en\" data-phrase-index=\"4\">LABORAT\u00d3RIO CERTIFICADO ISO 17025<\/span><\/span><\/strong><\/span><\/p>\n","protected":false},"excerpt":{"rendered":"<p>\u00c0 base de abelhas Hidratante Estrias M\u00e3os de jardineiro Inverno VEGAN Parabens Free \u00d3leo Mineral Livre Sem Fragr\u00e2ncia Qu\u00edmica Um tradicional creme de noite em cera de abelha e b\u00f3rax cujas origens remontam a 100 anos. \u00c9 mais de 99% natural, altamente emoliente. Cont\u00e9m ingredientes \u00e0 base de uma emuls\u00e3o de creme espessa criada por [&hellip;]<\/p>\n","protected":false},"featured_media":9162,"template":"","meta":{"hide_page_title":"","_coblocks_attr":"","_coblocks_dimensions":"","_coblocks_responsive_height":"","_coblocks_accordion_ie_support":""},"product_cat":[24],"product_tag":[],"translation":{"provider":"WPGlobus","version":"3.0.1","language":"pt","enabled_languages":["en","es","fr","ar","pt","it"],"languages":{"en":{"title":true,"content":true,"excerpt":false},"es":{"title":false,"content":true,"excerpt":false},"fr":{"title":true,"content":true,"excerpt":false},"ar":{"title":false,"content":true,"excerpt":false},"pt":{"title":false,"content":true,"excerpt":false},"it":{"title":false,"content":true,"excerpt":false}}},"_links":{"self":[{"href":"https:\/\/www.serrarpharma.com\/pt\/wp-json\/wp\/v2\/product\/8333"}],"collection":[{"href":"https:\/\/www.serrarpharma.com\/pt\/wp-json\/wp\/v2\/product"}],"about":[{"href":"https:\/\/www.serrarpharma.com\/pt\/wp-json\/wp\/v2\/types\/product"}],"wp:featuredmedia":[{"embeddable":true,"href":"https:\/\/www.serrarpharma.com\/pt\/wp-json\/wp\/v2\/media\/9162"}],"wp:attachment":[{"href":"https:\/\/www.serrarpharma.com\/pt\/wp-json\/wp\/v2\/media?parent=8333"}],"wp:term":[{"taxonomy":"product_cat","embeddable":true,"href":"https:\/\/www.serrarpharma.com\/pt\/wp-json\/wp\/v2\/product_cat?post=8333"},{"taxonomy":"product_tag","embeddable":true,"href":"https:\/\/www.serrarpharma.com\/pt\/wp-json\/wp\/v2\/product_tag?post=8333"}],"curies":[{"name":"wp","href":"https:\/\/api.w.org\/{rel}","templated":true}]}}