{"id":8331,"date":"2020-09-20T21:45:21","date_gmt":"2020-09-21T01:45:21","guid":{"rendered":"https:\/\/www.serrarpharma.com\/?post_type=product&#038;p=8331"},"modified":"2024-08-21T22:22:36","modified_gmt":"2024-08-22T02:22:36","slug":"deodorant","status":"publish","type":"product","link":"https:\/\/www.serrarpharma.com\/pt\/product\/deodorant\/","title":{"rendered":"DEODORANT"},"content":{"rendered":"<p><img loading=\"lazy\" class=\"alignnone wp-image-11371\" src=\"https:\/\/i0.wp.com\/www.serrarpharma.com\/wp-content\/uploads\/2021\/04\/Made-in-CA.png?resize=70%2C70&#038;ssl=1\" alt=\"\" width=\"70\" height=\"70\" srcset=\"https:\/\/i0.wp.com\/www.serrarpharma.com\/wp-content\/uploads\/2021\/04\/Made-in-CA.png?w=150&amp;ssl=1 150w, https:\/\/i0.wp.com\/www.serrarpharma.com\/wp-content\/uploads\/2021\/04\/Made-in-CA.png?resize=100%2C100&amp;ssl=1 100w\" sizes=\"(max-width: 70px) 100vw, 70px\" data-recalc-dims=\"1\" \/><img loading=\"lazy\" class=\"alignnone wp-image-11370\" src=\"https:\/\/i0.wp.com\/www.serrarpharma.com\/wp-content\/uploads\/2021\/04\/GMP.png?resize=70%2C70&#038;ssl=1\" alt=\"\" width=\"70\" height=\"70\" srcset=\"https:\/\/i0.wp.com\/www.serrarpharma.com\/wp-content\/uploads\/2021\/04\/GMP.png?w=150&amp;ssl=1 150w, https:\/\/i0.wp.com\/www.serrarpharma.com\/wp-content\/uploads\/2021\/04\/GMP.png?resize=100%2C100&amp;ssl=1 100w\" sizes=\"(max-width: 70px) 100vw, 70px\" data-recalc-dims=\"1\" \/><img loading=\"lazy\" class=\"alignnone wp-image-11369\" src=\"https:\/\/i0.wp.com\/www.serrarpharma.com\/wp-content\/uploads\/2021\/04\/Nongmo.png?resize=70%2C70&#038;ssl=1\" alt=\"\" width=\"70\" height=\"70\" srcset=\"https:\/\/i0.wp.com\/www.serrarpharma.com\/wp-content\/uploads\/2021\/04\/Nongmo.png?w=150&amp;ssl=1 150w, https:\/\/i0.wp.com\/www.serrarpharma.com\/wp-content\/uploads\/2021\/04\/Nongmo.png?resize=100%2C100&amp;ssl=1 100w\" sizes=\"(max-width: 70px) 100vw, 70px\" data-recalc-dims=\"1\" \/><img loading=\"lazy\" class=\"alignnone wp-image-11799\" src=\"https:\/\/i0.wp.com\/www.serrarpharma.com\/wp-content\/uploads\/2021\/04\/ISO-07.png?resize=70%2C70&#038;ssl=1\" alt=\"\" width=\"70\" height=\"70\" srcset=\"https:\/\/i0.wp.com\/www.serrarpharma.com\/wp-content\/uploads\/2021\/04\/ISO-07.png?resize=300%2C300&amp;ssl=1 300w, https:\/\/i0.wp.com\/www.serrarpharma.com\/wp-content\/uploads\/2021\/04\/ISO-07.png?resize=150%2C150&amp;ssl=1 150w, https:\/\/i0.wp.com\/www.serrarpharma.com\/wp-content\/uploads\/2021\/04\/ISO-07.png?resize=100%2C100&amp;ssl=1 100w, https:\/\/i0.wp.com\/www.serrarpharma.com\/wp-content\/uploads\/2021\/04\/ISO-07.png?w=418&amp;ssl=1 418w\" sizes=\"(max-width: 70px) 100vw, 70px\" data-recalc-dims=\"1\" \/><\/p>\n<p>Um desodorante stick que combate os odores e proporciona um conforto puro e refrescante. Oferece um desintoxicante triplo com ingredientes naturais que evitam a acumula\u00e7\u00e3o de materiais t\u00f3xicos, ajudam a controlar os odores e a remover as impurezas para ajudar a absorver o suor. A f\u00f3rmula refrescante desliza sobre a pele clara e ajuda a iluminar a regi\u00e3o das axilas.<\/p>\n<p><strong> Com base em vegetais<br \/>\nAlum\u00ednio gr\u00e1tis <\/strong><br \/>\nBactericida Livre<br \/>\nCombate odores<br \/>\nOferece conforto:<br \/>\nPure &#8211; Refrescante.<br \/>\n<strong> Sem Sulfatos <\/strong><br \/>\nParabens Free<br \/>\n\u00d3leo Mineral Livre<br \/>\nSem Fragr\u00e2ncia Qu\u00edmica<\/p>\n<p><strong> Dire\u00e7\u00f5es: <\/strong><br \/>\nAplique diariamente nas axilas.<br \/>\nNB: N\u00e3o use na pele danificada ou logo ap\u00f3s o barbear, pois isso pode aumentar a sensibilidade.<br \/>\nNota: Se voc\u00ea mudar de um antitranspirante \/ desodorante tradicional para este produto, seu corpo pode passar por um breve per\u00edodo de transi\u00e7\u00e3o.<\/p>\n<p><strong> Informa\u00e7\u00f5es sobre os ingredientes: <\/strong><br \/>\nUm desodorante s\u00f3lido \u00e9 \u00e0 base de plantas, comumente usado em estabelecimentos aliment\u00edcios e hospitais. Este produto n\u00e3o \u00e9 t\u00f3xico, n\u00e3o \u00e9 vegano, n\u00e3o cont\u00e9m crueldade e n\u00e3o cont\u00e9m alum\u00ednio ou bicarbonato de s\u00f3dio.<br \/>\nCom base em propilenoglicol *, lactoiato de lauro\u00edlo **, extrato de flor de camomila recutita (camomila), suco de folhas de aloe Barbadensis, frutas c\u00edtricas (toranja), extrato de semente, fenoxietanol e Caprililglicol (Optiphen\u00ae).<br \/>\n* Archer Daniels Midland (ADM) cria um propilenoglicol de base biol\u00f3gica renov\u00e1vel que atende aos padr\u00f5es da Farmacopeia dos Estados Unidos (USP) e ao Selo de Produto Biobaseado Certificado pelo USDA. A ADM \u00e9 a primeira empresa no mundo a fabricar propilenoglicol de base biol\u00f3gica que atende aos requisitos da USP. Lan\u00e7ado em novembro de 2011, o excipiente de propilenoglicol da ADM, grau USP, tamb\u00e9m recebeu o selo de produto org\u00e2nico certificado pelo USDA, garantindo que o produto contenha 100% de conte\u00fado de base biol\u00f3gica (tipicamente derivado de milho ou soja).<br \/>\n** Sodium Caproyl \/ Lauroyl Lactylate \u00e9 um ingrediente ativo multifuncional natural com propriedades antimicrobianas.<\/p>\n<p><strong> Aviso: <\/strong><br \/>\nPare \u00e0 menor mudan\u00e7a ou rea\u00e7\u00e3o. Se necess\u00e1rio, consulte um profissional de sa\u00fade ou informa\u00e7\u00f5es de sa\u00fade em caso de rea\u00e7\u00e3o al\u00e9rgica.<br \/>\nCada pele \u00e9 diferente e reage de maneira diferente ao mesmo cosm\u00e9tico. N\u00e3o oferecemos aconselhamento personalizado, n\u00e3o conhecemos a sua pele.<br \/>\nPara qualquer conselho pessoal, especialmente se estiver em tratamento m\u00e9dico: consulte o seu m\u00e9dico ou dermatologista.<br \/>\nNunca mude um tratamento prescrito com base no que voc\u00ea l\u00ea na internet.<\/p>\n<p>&nbsp;<\/p>\n<p><span style=\"color: #005890;\"><strong><span class=\"VIiyi\" lang=\"pt\"><span class=\"JLqJ4b ChMk0b\" data-language-for-alternatives=\"pt\" data-language-to-translate-into=\"en\" data-phrase-index=\"1\">FEITO NO CANAD\u00c1\u00a0\u00a0\u00a0\u00a0\u00a0 |<\/span> <span class=\"JLqJ4b ChMk0b\" data-language-for-alternatives=\"pt\" data-language-to-translate-into=\"en\" data-phrase-index=\"0\">\u00a0\u00a0\u00a0\u00a0\u00a0 <\/span><span class=\"JLqJ4b ChMk0b\" data-language-for-alternatives=\"pt\" data-language-to-translate-into=\"en\" data-phrase-index=\"2\">GMP CERTIFIED \u00a0\u00a0\u00a0\u00a0\u00a0 |<\/span> <span class=\"JLqJ4b ChMk0b\" data-language-for-alternatives=\"pt\" data-language-to-translate-into=\"en\" data-phrase-index=\"0\">\u00a0\u00a0\u00a0\u00a0\u00a0 <\/span><span class=\"JLqJ4b ChMk0b\" data-language-for-alternatives=\"pt\" data-language-to-translate-into=\"en\" data-phrase-index=\"3\">N\u00c3O OGM \u00a0\u00a0\u00a0\u00a0\u00a0 |\u00a0\u00a0\u00a0\u00a0\u00a0 <\/span> <span class=\"JLqJ4b ChMk0b\" data-language-for-alternatives=\"pt\" data-language-to-translate-into=\"en\" data-phrase-index=\"4\">LABORAT\u00d3RIO CERTIFICADO ISO 17025<\/span><\/span><\/strong><\/span><\/p>\n","protected":false},"excerpt":{"rendered":"<p>Um desodorante stick que combate os odores e proporciona um conforto puro e refrescante. Oferece um desintoxicante triplo com ingredientes naturais que evitam a acumula\u00e7\u00e3o de materiais t\u00f3xicos, ajudam a controlar os odores e a remover as impurezas para ajudar a absorver o suor. A f\u00f3rmula refrescante desliza sobre a pele clara e ajuda a [&hellip;]<\/p>\n","protected":false},"featured_media":9160,"template":"","meta":{"hide_page_title":"","_coblocks_attr":"","_coblocks_dimensions":"","_coblocks_responsive_height":"","_coblocks_accordion_ie_support":""},"product_cat":[24],"product_tag":[],"translation":{"provider":"WPGlobus","version":"3.0.1","language":"pt","enabled_languages":["en","es","fr","ar","pt","it"],"languages":{"en":{"title":true,"content":true,"excerpt":false},"es":{"title":false,"content":true,"excerpt":false},"fr":{"title":true,"content":true,"excerpt":false},"ar":{"title":false,"content":true,"excerpt":false},"pt":{"title":false,"content":true,"excerpt":false},"it":{"title":false,"content":true,"excerpt":false}}},"_links":{"self":[{"href":"https:\/\/www.serrarpharma.com\/pt\/wp-json\/wp\/v2\/product\/8331"}],"collection":[{"href":"https:\/\/www.serrarpharma.com\/pt\/wp-json\/wp\/v2\/product"}],"about":[{"href":"https:\/\/www.serrarpharma.com\/pt\/wp-json\/wp\/v2\/types\/product"}],"wp:featuredmedia":[{"embeddable":true,"href":"https:\/\/www.serrarpharma.com\/pt\/wp-json\/wp\/v2\/media\/9160"}],"wp:attachment":[{"href":"https:\/\/www.serrarpharma.com\/pt\/wp-json\/wp\/v2\/media?parent=8331"}],"wp:term":[{"taxonomy":"product_cat","embeddable":true,"href":"https:\/\/www.serrarpharma.com\/pt\/wp-json\/wp\/v2\/product_cat?post=8331"},{"taxonomy":"product_tag","embeddable":true,"href":"https:\/\/www.serrarpharma.com\/pt\/wp-json\/wp\/v2\/product_tag?post=8331"}],"curies":[{"name":"wp","href":"https:\/\/api.w.org\/{rel}","templated":true}]}}