{"id":8319,"date":"2020-09-20T21:15:48","date_gmt":"2020-09-21T01:15:48","guid":{"rendered":"https:\/\/www.serrarpharma.com\/?post_type=product&#038;p=8319"},"modified":"2024-08-21T22:37:21","modified_gmt":"2024-08-22T02:37:21","slug":"vitamin-c","status":"publish","type":"product","link":"https:\/\/www.serrarpharma.com\/pt\/product\/vitamin-c\/","title":{"rendered":"VITAMIN C"},"content":{"rendered":"<p><img loading=\"lazy\" class=\"alignnone wp-image-11371\" src=\"https:\/\/i0.wp.com\/www.serrarpharma.com\/wp-content\/uploads\/2021\/04\/Made-in-CA.png?resize=70%2C70&#038;ssl=1\" alt=\"\" width=\"70\" height=\"70\" srcset=\"https:\/\/i0.wp.com\/www.serrarpharma.com\/wp-content\/uploads\/2021\/04\/Made-in-CA.png?w=150&amp;ssl=1 150w, https:\/\/i0.wp.com\/www.serrarpharma.com\/wp-content\/uploads\/2021\/04\/Made-in-CA.png?resize=100%2C100&amp;ssl=1 100w\" sizes=\"(max-width: 70px) 100vw, 70px\" data-recalc-dims=\"1\" \/><img loading=\"lazy\" class=\"alignnone wp-image-11370\" src=\"https:\/\/i0.wp.com\/www.serrarpharma.com\/wp-content\/uploads\/2021\/04\/GMP.png?resize=70%2C70&#038;ssl=1\" alt=\"\" width=\"70\" height=\"70\" srcset=\"https:\/\/i0.wp.com\/www.serrarpharma.com\/wp-content\/uploads\/2021\/04\/GMP.png?w=150&amp;ssl=1 150w, https:\/\/i0.wp.com\/www.serrarpharma.com\/wp-content\/uploads\/2021\/04\/GMP.png?resize=100%2C100&amp;ssl=1 100w\" sizes=\"(max-width: 70px) 100vw, 70px\" data-recalc-dims=\"1\" \/><img loading=\"lazy\" class=\"alignnone wp-image-11369\" src=\"https:\/\/i0.wp.com\/www.serrarpharma.com\/wp-content\/uploads\/2021\/04\/Nongmo.png?resize=70%2C70&#038;ssl=1\" alt=\"\" width=\"70\" height=\"70\" srcset=\"https:\/\/i0.wp.com\/www.serrarpharma.com\/wp-content\/uploads\/2021\/04\/Nongmo.png?w=150&amp;ssl=1 150w, https:\/\/i0.wp.com\/www.serrarpharma.com\/wp-content\/uploads\/2021\/04\/Nongmo.png?resize=100%2C100&amp;ssl=1 100w\" sizes=\"(max-width: 70px) 100vw, 70px\" data-recalc-dims=\"1\" \/><img loading=\"lazy\" class=\"alignnone wp-image-11799\" src=\"https:\/\/i0.wp.com\/www.serrarpharma.com\/wp-content\/uploads\/2021\/04\/ISO-07.png?resize=70%2C70&#038;ssl=1\" alt=\"\" width=\"70\" height=\"70\" srcset=\"https:\/\/i0.wp.com\/www.serrarpharma.com\/wp-content\/uploads\/2021\/04\/ISO-07.png?resize=300%2C300&amp;ssl=1 300w, https:\/\/i0.wp.com\/www.serrarpharma.com\/wp-content\/uploads\/2021\/04\/ISO-07.png?resize=150%2C150&amp;ssl=1 150w, https:\/\/i0.wp.com\/www.serrarpharma.com\/wp-content\/uploads\/2021\/04\/ISO-07.png?resize=100%2C100&amp;ssl=1 100w, https:\/\/i0.wp.com\/www.serrarpharma.com\/wp-content\/uploads\/2021\/04\/ISO-07.png?w=418&amp;ssl=1 418w\" sizes=\"(max-width: 70px) 100vw, 70px\" data-recalc-dims=\"1\" \/><\/p>\n<p><strong> Manchas escuras <\/strong><br \/>\nPara pele sens\u00edvel<br \/>\nLightening<br \/>\nEsfoliante Suave<br \/>\nRedu\u00e7\u00e3o de mancha marrom<br \/>\nS\u00edntese de Col\u00e1geno<br \/>\nS\u00edntese de Elastina<br \/>\nAnti-rugas<br \/>\nAnti-oxidante<\/p>\n<p>Soro de vitamina C 100% natural e multifuncional que atua como esfoliante, antioxidante e clareador da pele com propriedades anti-envelhecimento.<\/p>\n<p><strong> Dire\u00e7\u00f5es: <\/strong><br \/>\nAp\u00f3s limpar e tonificar a pele com FRESH CLEANSER AND TONER *, aplicar 3 a 5 gotas de VITAMIN C BIO SERUM * no rosto e pesco\u00e7o secos antes de qualquer outro tratamento. Complete o seu tratamento de dia com o creme de dia BIO * e de noite com o creme de noite BIO * (* Dr. SERRAR\u00ae BIO).<\/p>\n<p><strong> O \u00e1cido etil asc\u00f3rbico de SERRAR\u00ae reivindica as vantagens: <\/strong><br \/>\n\u2022 agente clareador eficaz e est\u00e1vel para a pele.<br \/>\n\u2022 tom de pele equilibrado.<br \/>\n\u2022 preven\u00e7\u00e3o do fotoenvelhecimento e redu\u00e7\u00e3o de manchas escuras.<br \/>\n\u2022 aumento da s\u00edntese de col\u00e1geno.<br \/>\n\u2022 excelentes propriedades anti-oxidantes.<br \/>\n<strong> A niacinamida (vitamina B3) \u00e9 introduzida no soro para aumentar os seguintes benef\u00edcios: <\/strong><br \/>\n\u2022 melhora a elasticidade da pele com propriedades anti-rugas.<br \/>\n\u2022 melhora a fun\u00e7\u00e3o de barreira evitando que a pele perca o conte\u00fado de \u00e1gua.<br \/>\n\u2022 ajuda na descolora\u00e7\u00e3o e tom de pele irregular. \u2022 estimula a microcircula\u00e7\u00e3o na derme.<br \/>\nO \u00c1cido Hialur\u00f4nico (HA), naturalmente presente no corpo, assegura a hidrata\u00e7\u00e3o e cria plenitude &#8211; pele jovem ao melhorar seu teor de \u00e1gua. Conforme a pele envelhece, o HA diminui. <strong> \u00c1cido Hialur\u00f4nico: <\/strong><br \/>\n\u2022 tem um leve efeito de preenchimento para uniformizar as rugas.<br \/>\n\u2022 elemento necess\u00e1rio para manter a pele jovem.<br \/>\n\u2022 melhora a produ\u00e7\u00e3o de col\u00e1geno.<br \/>\n\u2022 ilumina a tez, reduzindo o embotamento.<br \/>\nOs \u00e1cidos de frutas derivados de uvas, ma\u00e7\u00e3s, lim\u00f5es, laranjas e cana-de-a\u00e7\u00facar atuam como um alfa-hidroxi\u00e1cido natural. <strong> Isso ajuda: <\/strong><br \/>\n\u2022 para estimular a produ\u00e7\u00e3o de elastina e col\u00e1geno.<br \/>\n\u2022 para melhorar a apar\u00eancia da pele fotogr\u00e1fica danificada.<br \/>\n\u2022 funciona como um esfoliante peeling suave (ao contr\u00e1rio do \u00e1cido glic\u00f3lico ou salic\u00edlico).<br \/>\n\u2022 estimula a microcircula\u00e7\u00e3o na derme.<\/p>\n<p><strong> Aviso: <\/strong><br \/>\nPare \u00e0 menor mudan\u00e7a ou rea\u00e7\u00e3o. Se necess\u00e1rio, consulte um profissional de sa\u00fade ou informa\u00e7\u00f5es de sa\u00fade em caso de rea\u00e7\u00e3o al\u00e9rgica.<br \/>\nCada pele \u00e9 diferente e reage de maneira diferente ao mesmo cosm\u00e9tico. N\u00e3o oferecemos aconselhamento personalizado, n\u00e3o conhecemos a sua pele.<br \/>\nPara qualquer conselho pessoal, especialmente se estiver em tratamento m\u00e9dico: consulte o seu m\u00e9dico ou dermatologista.<br \/>\nNunca mude um tratamento prescrito com base no que voc\u00ea l\u00ea na internet.<\/p>\n<p>&nbsp;<\/p>\n<p><span style=\"color: #005890;\"><strong><span class=\"VIiyi\" lang=\"pt\"><span class=\"JLqJ4b ChMk0b\" data-language-for-alternatives=\"pt\" data-language-to-translate-into=\"en\" data-phrase-index=\"1\">FEITO NO CANAD\u00c1 <span class=\"VIiyi\" lang=\"es\"> \u00a0\u00a0\u00a0\u00a0 <\/span>|<\/span> <span class=\"VIiyi\" lang=\"es\"> \u00a0\u00a0\u00a0\u00a0 <\/span><span class=\"JLqJ4b ChMk0b\" data-language-for-alternatives=\"pt\" data-language-to-translate-into=\"en\" data-phrase-index=\"2\">GMP CERTIFIED <span class=\"VIiyi\" lang=\"es\"> \u00a0\u00a0\u00a0\u00a0 <\/span>|<\/span> <span class=\"VIiyi\" lang=\"es\"> \u00a0\u00a0\u00a0\u00a0 <\/span><span class=\"JLqJ4b ChMk0b\" data-language-for-alternatives=\"pt\" data-language-to-translate-into=\"en\" data-phrase-index=\"3\">N\u00c3O OGM <span class=\"VIiyi\" lang=\"es\"> \u00a0\u00a0\u00a0\u00a0 <\/span>|<span class=\"VIiyi\" lang=\"es\"> \u00a0\u00a0\u00a0\u00a0 <\/span><\/span> <span class=\"JLqJ4b ChMk0b\" data-language-for-alternatives=\"pt\" data-language-to-translate-into=\"en\" data-phrase-index=\"4\">LABORAT\u00d3RIO CERTIFICADO ISO 17025<\/span><\/span><\/strong><\/span><\/p>\n","protected":false},"excerpt":{"rendered":"<p>Manchas escuras Para pele sens\u00edvel Lightening Esfoliante Suave Redu\u00e7\u00e3o de mancha marrom S\u00edntese de Col\u00e1geno S\u00edntese de Elastina Anti-rugas Anti-oxidante Soro de vitamina C 100% natural e multifuncional que atua como esfoliante, antioxidante e clareador da pele com propriedades anti-envelhecimento. Dire\u00e7\u00f5es: Ap\u00f3s limpar e tonificar a pele com FRESH CLEANSER AND TONER *, aplicar 3 [&hellip;]<\/p>\n","protected":false},"featured_media":8502,"template":"","meta":{"hide_page_title":"","_coblocks_attr":"","_coblocks_dimensions":"","_coblocks_responsive_height":"","_coblocks_accordion_ie_support":""},"product_cat":[23],"product_tag":[],"translation":{"provider":"WPGlobus","version":"3.0.1","language":"pt","enabled_languages":["en","es","fr","ar","pt","it"],"languages":{"en":{"title":true,"content":true,"excerpt":false},"es":{"title":false,"content":true,"excerpt":false},"fr":{"title":false,"content":true,"excerpt":false},"ar":{"title":false,"content":true,"excerpt":false},"pt":{"title":false,"content":true,"excerpt":false},"it":{"title":false,"content":true,"excerpt":false}}},"_links":{"self":[{"href":"https:\/\/www.serrarpharma.com\/pt\/wp-json\/wp\/v2\/product\/8319"}],"collection":[{"href":"https:\/\/www.serrarpharma.com\/pt\/wp-json\/wp\/v2\/product"}],"about":[{"href":"https:\/\/www.serrarpharma.com\/pt\/wp-json\/wp\/v2\/types\/product"}],"wp:featuredmedia":[{"embeddable":true,"href":"https:\/\/www.serrarpharma.com\/pt\/wp-json\/wp\/v2\/media\/8502"}],"wp:attachment":[{"href":"https:\/\/www.serrarpharma.com\/pt\/wp-json\/wp\/v2\/media?parent=8319"}],"wp:term":[{"taxonomy":"product_cat","embeddable":true,"href":"https:\/\/www.serrarpharma.com\/pt\/wp-json\/wp\/v2\/product_cat?post=8319"},{"taxonomy":"product_tag","embeddable":true,"href":"https:\/\/www.serrarpharma.com\/pt\/wp-json\/wp\/v2\/product_tag?post=8319"}],"curies":[{"name":"wp","href":"https:\/\/api.w.org\/{rel}","templated":true}]}}