{"id":8318,"date":"2020-09-20T21:13:11","date_gmt":"2020-09-21T01:13:11","guid":{"rendered":"https:\/\/www.serrarpharma.com\/?post_type=product&#038;p=8318"},"modified":"2024-08-21T22:38:04","modified_gmt":"2024-08-22T02:38:04","slug":"fresh-toner","status":"publish","type":"product","link":"https:\/\/www.serrarpharma.com\/pt\/product\/fresh-toner\/","title":{"rendered":"FRESH TONER"},"content":{"rendered":"<p><img loading=\"lazy\" class=\"alignnone wp-image-11371\" src=\"https:\/\/i0.wp.com\/www.serrarpharma.com\/wp-content\/uploads\/2021\/04\/Made-in-CA.png?resize=70%2C70&#038;ssl=1\" alt=\"\" width=\"70\" height=\"70\" srcset=\"https:\/\/i0.wp.com\/www.serrarpharma.com\/wp-content\/uploads\/2021\/04\/Made-in-CA.png?w=150&amp;ssl=1 150w, https:\/\/i0.wp.com\/www.serrarpharma.com\/wp-content\/uploads\/2021\/04\/Made-in-CA.png?resize=100%2C100&amp;ssl=1 100w\" sizes=\"(max-width: 70px) 100vw, 70px\" data-recalc-dims=\"1\" \/><img loading=\"lazy\" class=\"alignnone wp-image-11370\" src=\"https:\/\/i0.wp.com\/www.serrarpharma.com\/wp-content\/uploads\/2021\/04\/GMP.png?resize=70%2C70&#038;ssl=1\" alt=\"\" width=\"70\" height=\"70\" srcset=\"https:\/\/i0.wp.com\/www.serrarpharma.com\/wp-content\/uploads\/2021\/04\/GMP.png?w=150&amp;ssl=1 150w, https:\/\/i0.wp.com\/www.serrarpharma.com\/wp-content\/uploads\/2021\/04\/GMP.png?resize=100%2C100&amp;ssl=1 100w\" sizes=\"(max-width: 70px) 100vw, 70px\" data-recalc-dims=\"1\" \/><img loading=\"lazy\" class=\"alignnone wp-image-11369\" src=\"https:\/\/i0.wp.com\/www.serrarpharma.com\/wp-content\/uploads\/2021\/04\/Nongmo.png?resize=70%2C70&#038;ssl=1\" alt=\"\" width=\"70\" height=\"70\" srcset=\"https:\/\/i0.wp.com\/www.serrarpharma.com\/wp-content\/uploads\/2021\/04\/Nongmo.png?w=150&amp;ssl=1 150w, https:\/\/i0.wp.com\/www.serrarpharma.com\/wp-content\/uploads\/2021\/04\/Nongmo.png?resize=100%2C100&amp;ssl=1 100w\" sizes=\"(max-width: 70px) 100vw, 70px\" data-recalc-dims=\"1\" \/><img loading=\"lazy\" class=\"alignnone wp-image-11799\" src=\"https:\/\/i0.wp.com\/www.serrarpharma.com\/wp-content\/uploads\/2021\/04\/ISO-07.png?resize=70%2C70&#038;ssl=1\" alt=\"\" width=\"70\" height=\"70\" srcset=\"https:\/\/i0.wp.com\/www.serrarpharma.com\/wp-content\/uploads\/2021\/04\/ISO-07.png?resize=300%2C300&amp;ssl=1 300w, https:\/\/i0.wp.com\/www.serrarpharma.com\/wp-content\/uploads\/2021\/04\/ISO-07.png?resize=150%2C150&amp;ssl=1 150w, https:\/\/i0.wp.com\/www.serrarpharma.com\/wp-content\/uploads\/2021\/04\/ISO-07.png?resize=100%2C100&amp;ssl=1 100w, https:\/\/i0.wp.com\/www.serrarpharma.com\/wp-content\/uploads\/2021\/04\/ISO-07.png?w=418&amp;ssl=1 418w\" sizes=\"(max-width: 70px) 100vw, 70px\" data-recalc-dims=\"1\" \/><\/p>\n<p><strong> Tamarin <\/strong><br \/>\nVegetal Hialur\u00f4nico<br \/>\nEfeito<br \/>\nTez radiante<br \/>\nHidratante<br \/>\nFirmeza bot\u00e2nica<br \/>\nAperta os poros<br \/>\nPele jovem<\/p>\n<p>Traga vida \u00e0 sua tez! Plantas, extratos, minerais marinhos e prote\u00ednas ir\u00e3o melhorar o conte\u00fado de lip\u00eddios da pele e promover firmeza. Este t\u00f4nico superior cont\u00e9m extrato de semente de tamarindo; um polissacar\u00eddeo formador de filme natural, que tem uma efici\u00eancia hidratante igual ao \u00e1cido hialur\u00f4nico. Inclui aloe vera, camomila e ch\u00e1 verde japon\u00eas, que ajudam a rejuvenescer a pele, enquanto o extrato de pepino ajuda a fechar os poros. Prote\u00edna de ervilha e minerais marinhos contendo sel\u00eanio, magn\u00e9sio, cobre, zinco, c\u00e1lcio e ger\u00e2nio completam as necessidades essenciais para uma tez brilhante. Este t\u00f4nico acalma a irrita\u00e7\u00e3o do barbear e \u00e9 indicado para todos os tipos de pele.<\/p>\n<p><strong> Dire\u00e7\u00f5es: <\/strong><br \/>\nDia e noite, como prepara\u00e7\u00e3o para tratamentos hidratantes e protetores, pode ser usado como t\u00f4nico e demaquilante. Aplicar depois de FRESH CLEANSER *, sobre uma bola de algod\u00e3o uniformemente ou diretamente nas palmas das m\u00e3os e dar tapinhas no pesco\u00e7o, no decote e na pele limpa do rosto (* Dr SERRAR\u00ae BIO).<\/p>\n<p><strong> Aviso: <\/strong><br \/>\nPare \u00e0 menor mudan\u00e7a ou rea\u00e7\u00e3o. Se necess\u00e1rio, consulte um profissional de sa\u00fade ou informa\u00e7\u00f5es de sa\u00fade em caso de rea\u00e7\u00e3o al\u00e9rgica.<br \/>\nCada pele \u00e9 diferente e reage de maneira diferente ao mesmo cosm\u00e9tico. N\u00e3o oferecemos aconselhamento personalizado, n\u00e3o conhecemos a sua pele.<br \/>\nPara qualquer conselho pessoal, especialmente se estiver em tratamento m\u00e9dico: consulte o seu m\u00e9dico ou dermatologista.<br \/>\nNunca mude um tratamento prescrito com base no que voc\u00ea l\u00ea na internet.<\/p>\n<p>&nbsp;<\/p>\n<p><span style=\"color: #005890;\"><strong><span class=\"VIiyi\" lang=\"pt\"><span class=\"JLqJ4b ChMk0b\" data-language-for-alternatives=\"pt\" data-language-to-translate-into=\"en\" data-phrase-index=\"1\">FEITO NO CANAD\u00c1 <span class=\"VIiyi\" lang=\"es\"> \u00a0\u00a0\u00a0\u00a0 <\/span>|<\/span> <span class=\"VIiyi\" lang=\"es\"> \u00a0\u00a0\u00a0\u00a0 <\/span><span class=\"JLqJ4b ChMk0b\" data-language-for-alternatives=\"pt\" data-language-to-translate-into=\"en\" data-phrase-index=\"2\">GMP CERTIFIED <span class=\"VIiyi\" lang=\"es\"> \u00a0\u00a0\u00a0\u00a0 <\/span>|<\/span> <span class=\"VIiyi\" lang=\"es\"> \u00a0\u00a0\u00a0\u00a0 <\/span><span class=\"JLqJ4b ChMk0b\" data-language-for-alternatives=\"pt\" data-language-to-translate-into=\"en\" data-phrase-index=\"3\">N\u00c3O OGM <span class=\"VIiyi\" lang=\"es\"> \u00a0\u00a0\u00a0\u00a0 <\/span>|<span class=\"VIiyi\" lang=\"es\"> \u00a0\u00a0\u00a0\u00a0 <\/span><\/span> <span class=\"JLqJ4b ChMk0b\" data-language-for-alternatives=\"pt\" data-language-to-translate-into=\"en\" data-phrase-index=\"4\">LABORAT\u00d3RIO CERTIFICADO ISO 17025<\/span><\/span><\/strong><\/span><\/p>\n","protected":false},"excerpt":{"rendered":"<p>Tamarin Vegetal Hialur\u00f4nico Efeito Tez radiante Hidratante Firmeza bot\u00e2nica Aperta os poros Pele jovem Traga vida \u00e0 sua tez! Plantas, extratos, minerais marinhos e prote\u00ednas ir\u00e3o melhorar o conte\u00fado de lip\u00eddios da pele e promover firmeza. Este t\u00f4nico superior cont\u00e9m extrato de semente de tamarindo; um polissacar\u00eddeo formador de filme natural, que tem uma efici\u00eancia [&hellip;]<\/p>\n","protected":false},"featured_media":8501,"template":"","meta":{"hide_page_title":"","_coblocks_attr":"","_coblocks_dimensions":"","_coblocks_responsive_height":"","_coblocks_accordion_ie_support":""},"product_cat":[23],"product_tag":[],"translation":{"provider":"WPGlobus","version":"3.0.1","language":"pt","enabled_languages":["en","es","fr","ar","pt","it"],"languages":{"en":{"title":true,"content":true,"excerpt":false},"es":{"title":false,"content":true,"excerpt":false},"fr":{"title":true,"content":true,"excerpt":false},"ar":{"title":false,"content":true,"excerpt":false},"pt":{"title":false,"content":true,"excerpt":false},"it":{"title":false,"content":true,"excerpt":false}}},"_links":{"self":[{"href":"https:\/\/www.serrarpharma.com\/pt\/wp-json\/wp\/v2\/product\/8318"}],"collection":[{"href":"https:\/\/www.serrarpharma.com\/pt\/wp-json\/wp\/v2\/product"}],"about":[{"href":"https:\/\/www.serrarpharma.com\/pt\/wp-json\/wp\/v2\/types\/product"}],"wp:featuredmedia":[{"embeddable":true,"href":"https:\/\/www.serrarpharma.com\/pt\/wp-json\/wp\/v2\/media\/8501"}],"wp:attachment":[{"href":"https:\/\/www.serrarpharma.com\/pt\/wp-json\/wp\/v2\/media?parent=8318"}],"wp:term":[{"taxonomy":"product_cat","embeddable":true,"href":"https:\/\/www.serrarpharma.com\/pt\/wp-json\/wp\/v2\/product_cat?post=8318"},{"taxonomy":"product_tag","embeddable":true,"href":"https:\/\/www.serrarpharma.com\/pt\/wp-json\/wp\/v2\/product_tag?post=8318"}],"curies":[{"name":"wp","href":"https:\/\/api.w.org\/{rel}","templated":true}]}}