{"id":8313,"date":"2020-09-20T21:03:53","date_gmt":"2020-09-21T01:03:53","guid":{"rendered":"https:\/\/www.serrarpharma.com\/?post_type=product&#038;p=8313"},"modified":"2024-08-21T22:41:19","modified_gmt":"2024-08-22T02:41:19","slug":"beau-regard-eye-serum-20","status":"publish","type":"product","link":"https:\/\/www.serrarpharma.com\/pt\/product\/beau-regard-eye-serum-20\/","title":{"rendered":"BEAU REGARD EYE SERUM 20+"},"content":{"rendered":"<p><img loading=\"lazy\" class=\"alignnone wp-image-11371\" src=\"https:\/\/i0.wp.com\/www.serrarpharma.com\/wp-content\/uploads\/2021\/04\/Made-in-CA.png?resize=70%2C70&#038;ssl=1\" alt=\"\" width=\"70\" height=\"70\" srcset=\"https:\/\/i0.wp.com\/www.serrarpharma.com\/wp-content\/uploads\/2021\/04\/Made-in-CA.png?w=150&amp;ssl=1 150w, https:\/\/i0.wp.com\/www.serrarpharma.com\/wp-content\/uploads\/2021\/04\/Made-in-CA.png?resize=100%2C100&amp;ssl=1 100w\" sizes=\"(max-width: 70px) 100vw, 70px\" data-recalc-dims=\"1\" \/><img loading=\"lazy\" class=\"alignnone wp-image-11370\" src=\"https:\/\/i0.wp.com\/www.serrarpharma.com\/wp-content\/uploads\/2021\/04\/GMP.png?resize=70%2C70&#038;ssl=1\" alt=\"\" width=\"70\" height=\"70\" srcset=\"https:\/\/i0.wp.com\/www.serrarpharma.com\/wp-content\/uploads\/2021\/04\/GMP.png?w=150&amp;ssl=1 150w, https:\/\/i0.wp.com\/www.serrarpharma.com\/wp-content\/uploads\/2021\/04\/GMP.png?resize=100%2C100&amp;ssl=1 100w\" sizes=\"(max-width: 70px) 100vw, 70px\" data-recalc-dims=\"1\" \/><img loading=\"lazy\" class=\"alignnone wp-image-11369\" src=\"https:\/\/i0.wp.com\/www.serrarpharma.com\/wp-content\/uploads\/2021\/04\/Nongmo.png?resize=70%2C70&#038;ssl=1\" alt=\"\" width=\"70\" height=\"70\" srcset=\"https:\/\/i0.wp.com\/www.serrarpharma.com\/wp-content\/uploads\/2021\/04\/Nongmo.png?w=150&amp;ssl=1 150w, https:\/\/i0.wp.com\/www.serrarpharma.com\/wp-content\/uploads\/2021\/04\/Nongmo.png?resize=100%2C100&amp;ssl=1 100w\" sizes=\"(max-width: 70px) 100vw, 70px\" data-recalc-dims=\"1\" \/><img loading=\"lazy\" class=\"alignnone wp-image-11799\" src=\"https:\/\/i0.wp.com\/www.serrarpharma.com\/wp-content\/uploads\/2021\/04\/ISO-07.png?resize=70%2C70&#038;ssl=1\" alt=\"\" width=\"70\" height=\"70\" srcset=\"https:\/\/i0.wp.com\/www.serrarpharma.com\/wp-content\/uploads\/2021\/04\/ISO-07.png?resize=300%2C300&amp;ssl=1 300w, https:\/\/i0.wp.com\/www.serrarpharma.com\/wp-content\/uploads\/2021\/04\/ISO-07.png?resize=150%2C150&amp;ssl=1 150w, https:\/\/i0.wp.com\/www.serrarpharma.com\/wp-content\/uploads\/2021\/04\/ISO-07.png?resize=100%2C100&amp;ssl=1 100w, https:\/\/i0.wp.com\/www.serrarpharma.com\/wp-content\/uploads\/2021\/04\/ISO-07.png?w=418&amp;ssl=1 418w\" sizes=\"(max-width: 70px) 100vw, 70px\" data-recalc-dims=\"1\" \/><\/p>\n<p><strong> Eye Serum <\/strong><br \/>\nHidrata<br \/>\nAnti-c\u00edrculos escuros<br \/>\nAnti-incha\u00e7o<br \/>\nAntioxidante<br \/>\nFirmas &#8211; Tons<br \/>\nAcalma &#8211; Revitaliza<br \/>\nReduz o excesso de gordura<br \/>\nSob o queixo e pesco\u00e7o<\/p>\n<p>Os olhos s\u00e3o o espelho da beleza interior de cada um. Eye Serum foi desenvolvido para tratar e reduzir olheiras, bolsas e sinais de envelhecimento. \u00c9 embalado com poderosos ativos que incorporam anos de pesquisa em pele hidratada, macia e flex\u00edvel. Cada ingrediente tem uma for\u00e7a, por isso combinamos muitos ingredientes em todos os nossos produtos para cobrir uma ampla gama de tipos de pele e diferentes altera\u00e7\u00f5es de idade.<\/p>\n<p>Um l\u00edquido transparente e sem \u00f3leo para g\u00e9is faciais ou soros para os olhos. Ingredientes ativos espec\u00edficos foram adicionados a este soro que reduzem as olheiras. As propriedades cosm\u00e9ticas possuem PAL-GHK e PAL-GQPR que fortalecem a firmeza e o tom da \u00e1rea dos olhos. A crisina e a N-hidroxissuccinimida promovem a elimina\u00e7\u00e3o dos pigmentos de origem sangu\u00ednea sob os olhos, respons\u00e1veis \u200b\u200bpelas cores das olheiras. Este soro tamb\u00e9m inclui pept\u00eddeos que geralmente s\u00e3o usados \u200b\u200bem produtos firmadores para o rosto. Aumentamos esses pept\u00eddeos com hidrata\u00e7\u00e3o (mais de 20 anos), Complexo de Redu\u00e7\u00e3o de Rugas Finas (mais de 35 anos) e Rugas Profundas (mais de 45 anos). Os tr\u00eas soros s\u00e3o todos muito ben\u00e9ficos para olheiras e bolsas de todas as idades.<\/p>\n<p><strong> Ingredientes principais: <\/strong><br \/>\n\u2022 Crisina e N-hidroxissuccinimida: promovem a elimina\u00e7\u00e3o de pigmentos de origem sangu\u00ednea * sob os olhos.<br \/>\n\u2022 PAL-GHK e PAL-GQPR: (combina\u00e7\u00f5es de dois palmitoilatos pept\u00eddeos): fortalecem a firmeza e o tom da \u00e1rea dos olhos.<br \/>\n\u2022 Extrato de Pepino: inclu\u00eddo por suas propriedades calmantes e revitalizantes, com propriedades antiinflamat\u00f3rias e firmadoras. Adstringente natural e ajuda a fechar os poros. Cont\u00e9m pot\u00e1ssio, sil\u00edcio e enxofre. D\u00e1 uma sensa\u00e7\u00e3o calmante.<br \/>\n\u2022 Extrato de soja: as isoflavonas de soja s\u00e3o os mais potentes dos fitoestr\u00f3genos antioxidantes. Oferece elasticidade e firmeza, ajudando a manter a pele macia e flex\u00edvel conforme necess\u00e1rio, enquanto reconstr\u00f3i o col\u00e1geno danificado.<br \/>\n\u2022 Inhame selvagem: age como um pept\u00eddeo natural que imita a desidroepiandrosterona (DHEA) **.<br \/>\n\u2022 Guaran\u00e1 ***: utilizado em produtos de higiene corporal por suas propriedades tonificantes e adstringentes, e no tratamento da celulite por suas a\u00e7\u00f5es lipol\u00edticas e vasodilatadoras ****. A sua utiliza\u00e7\u00e3o no EYE SERUM visa reduzir o incha\u00e7o \u00e0 volta dos olhos e o excesso de gordura debaixo do queixo e pesco\u00e7o.<br \/>\n\u2022 Extrato de uva: rico em flavon\u00f3ides, fitoqu\u00edmicos que t\u00eam propriedades antioxidantes como vitamina C e vitamina E. Acredita-se que os antioxidantes previnem e controlam muitas doen\u00e7as protegendo as c\u00e9lulas da destrui\u00e7\u00e3o de mol\u00e9culas de oxig\u00eanio inst\u00e1veis \u200b\u200bchamadas radicais livres.<br \/>\n\u2022 Ch\u00e1 Verde Japon\u00eas: relatado para combater danos excessivos do sol e danos ambientais. Principalmente, essa antiga planta asi\u00e1tica tem a capacidade de evitar que os radicais livres danifiquem ainda mais a estrutura celular.<br \/>\n\u2022 Cogumelo selvagem: um adstringente natural que melhora a rigidez e a firmeza da pele reduzindo o aparecimento de poros.<br \/>\n\u2022 ACB Bio-Quelato 5 PF: minerais oce\u00e2nicos contendo altas concentra\u00e7\u00f5es de Sel\u00eanio, Magn\u00e9sio, Cobre, Zinco, C\u00e1lcio, Germ\u00e2nio, destinados a substituir esses minerais necess\u00e1rios esgotados pela exposi\u00e7\u00e3o ambiental di\u00e1ria.<\/p>\n<p>* Os pigmentos sangu\u00edneos s\u00e3o respons\u00e1veis \u200b\u200bpelas cores do c\u00edrculo escuro.<br \/>\n** Como um dos blocos de constru\u00e7\u00e3o do corpo, a melhoria dos n\u00edveis de DHEA tem sido correlacionada com a melhora da sensa\u00e7\u00e3o de bem-estar, redu\u00e7\u00e3o da gordura corporal e melhora do tom e umidade da pele, embora muitos associem \u00e0 menopausa. \u00c9 um poderoso antiinflamat\u00f3rio que ajuda a acelerar a regenera\u00e7\u00e3o dos tecidos, levando \u00e0 normaliza\u00e7\u00e3o da pele danificada.<br \/>\n*** Guaran\u00e1 \u00e9 um arbusto rasteiro nativo da Amaz\u00f4nia (e em particular das regi\u00f5es de Manaus e Parintins). Na exuberante Amaz\u00f4nia brasileira, onde \u00e9 nativo, costuma atingir 12 metros de altura. Al\u00e9m de sua popularidade como bebida, a atividade terap\u00eautica do Guaran\u00e1 e seu uso como estimulante v\u00eam dos alcal\u00f3ides xantinas (cafe\u00edna, teofilina, teobromina), onde a cafe\u00edna por si s\u00f3 pode facilitar e reduzir a perda de gordura. cansado.<br \/>\n**** Vasodilatador: Abertura dos capilares na pele em resposta a altas temperaturas ou estimula\u00e7\u00e3o, aumentando assim o fluxo sangu\u00edneo para a superf\u00edcie do corpo.<\/p>\n<p><strong> Dire\u00e7\u00f5es: <\/strong><br \/>\nRetire uma pequena quantidade das pontas dos dedos. Em seguida, alise sobre o osso da sobrancelha, sob o olho e do canto interno para o canto externo. Para otimizar os resultados, aplique o creme ECLAT * durante o dia e o creme DERM * \u00e0 noite (* Dr SERRAR\u00ae).<\/p>\n<p><strong> Aviso: <\/strong><br \/>\nPare \u00e0 menor mudan\u00e7a ou rea\u00e7\u00e3o. Se necess\u00e1rio, consulte um profissional de sa\u00fade ou informa\u00e7\u00f5es de sa\u00fade em caso de rea\u00e7\u00e3o al\u00e9rgica.<br \/>\nCada pele \u00e9 diferente e reage de maneira diferente ao mesmo cosm\u00e9tico. N\u00e3o oferecemos aconselhamento personalizado, n\u00e3o conhecemos a sua pele.<br \/>\nPara qualquer conselho pessoal, especialmente se estiver em tratamento m\u00e9dico: consulte o seu m\u00e9dico ou dermatologista.<br \/>\nNunca mude um tratamento prescrito com base no que voc\u00ea l\u00ea na internet.<\/p>\n<p>&nbsp;<\/p>\n<p><span style=\"color: #005890;\"><strong><span class=\"VIiyi\" lang=\"pt\"><span class=\"JLqJ4b ChMk0b\" data-language-for-alternatives=\"pt\" data-language-to-translate-into=\"en\" data-phrase-index=\"1\">FEITO NO CANAD\u00c1 <span class=\"VIiyi\" lang=\"es\"> \u00a0\u00a0\u00a0\u00a0 <\/span>|<\/span> <span class=\"VIiyi\" lang=\"es\"> \u00a0\u00a0\u00a0\u00a0 <\/span><span class=\"JLqJ4b ChMk0b\" data-language-for-alternatives=\"pt\" data-language-to-translate-into=\"en\" data-phrase-index=\"2\">GMP CERTIFIED <span class=\"VIiyi\" lang=\"es\"> \u00a0\u00a0\u00a0\u00a0 <\/span>|<\/span> <span class=\"VIiyi\" lang=\"es\"> \u00a0\u00a0\u00a0\u00a0 <\/span><span class=\"JLqJ4b ChMk0b\" data-language-for-alternatives=\"pt\" data-language-to-translate-into=\"en\" data-phrase-index=\"3\">N\u00c3O OGM <span class=\"VIiyi\" lang=\"es\"> \u00a0\u00a0\u00a0\u00a0 <\/span>|<span class=\"VIiyi\" lang=\"es\"> \u00a0\u00a0\u00a0\u00a0 <\/span><\/span> <span class=\"JLqJ4b ChMk0b\" data-language-for-alternatives=\"pt\" data-language-to-translate-into=\"en\" data-phrase-index=\"4\">LABORAT\u00d3RIO CERTIFICADO ISO 17025<\/span><\/span><\/strong><\/span><\/p>\n","protected":false},"excerpt":{"rendered":"<p>Eye Serum Hidrata Anti-c\u00edrculos escuros Anti-incha\u00e7o Antioxidante Firmas &#8211; Tons Acalma &#8211; Revitaliza Reduz o excesso de gordura Sob o queixo e pesco\u00e7o Os olhos s\u00e3o o espelho da beleza interior de cada um. Eye Serum foi desenvolvido para tratar e reduzir olheiras, bolsas e sinais de envelhecimento. \u00c9 embalado com poderosos ativos que incorporam [&hellip;]<\/p>\n","protected":false},"featured_media":8468,"template":"","meta":{"hide_page_title":"","_coblocks_attr":"","_coblocks_dimensions":"","_coblocks_responsive_height":"","_coblocks_accordion_ie_support":""},"product_cat":[23],"product_tag":[],"translation":{"provider":"WPGlobus","version":"3.0.1","language":"pt","enabled_languages":["en","es","fr","ar","pt","it"],"languages":{"en":{"title":true,"content":true,"excerpt":false},"es":{"title":false,"content":true,"excerpt":false},"fr":{"title":false,"content":true,"excerpt":false},"ar":{"title":false,"content":true,"excerpt":false},"pt":{"title":false,"content":true,"excerpt":false},"it":{"title":false,"content":true,"excerpt":false}}},"_links":{"self":[{"href":"https:\/\/www.serrarpharma.com\/pt\/wp-json\/wp\/v2\/product\/8313"}],"collection":[{"href":"https:\/\/www.serrarpharma.com\/pt\/wp-json\/wp\/v2\/product"}],"about":[{"href":"https:\/\/www.serrarpharma.com\/pt\/wp-json\/wp\/v2\/types\/product"}],"wp:featuredmedia":[{"embeddable":true,"href":"https:\/\/www.serrarpharma.com\/pt\/wp-json\/wp\/v2\/media\/8468"}],"wp:attachment":[{"href":"https:\/\/www.serrarpharma.com\/pt\/wp-json\/wp\/v2\/media?parent=8313"}],"wp:term":[{"taxonomy":"product_cat","embeddable":true,"href":"https:\/\/www.serrarpharma.com\/pt\/wp-json\/wp\/v2\/product_cat?post=8313"},{"taxonomy":"product_tag","embeddable":true,"href":"https:\/\/www.serrarpharma.com\/pt\/wp-json\/wp\/v2\/product_tag?post=8313"}],"curies":[{"name":"wp","href":"https:\/\/api.w.org\/{rel}","templated":true}]}}