{"id":8300,"date":"2020-09-20T18:15:41","date_gmt":"2020-09-20T22:15:41","guid":{"rendered":"https:\/\/www.serrarpharma.com\/?post_type=product&#038;p=8300"},"modified":"2024-08-21T22:46:33","modified_gmt":"2024-08-22T02:46:33","slug":"sublime-night-cream","status":"publish","type":"product","link":"https:\/\/www.serrarpharma.com\/pt\/product\/sublime-night-cream\/","title":{"rendered":"SUBLIME NIGHT CREAM"},"content":{"rendered":"<p><img loading=\"lazy\" class=\"alignnone wp-image-11371\" src=\"https:\/\/i0.wp.com\/www.serrarpharma.com\/wp-content\/uploads\/2021\/04\/Made-in-CA.png?resize=70%2C70&#038;ssl=1\" alt=\"\" width=\"70\" height=\"70\" srcset=\"https:\/\/i0.wp.com\/www.serrarpharma.com\/wp-content\/uploads\/2021\/04\/Made-in-CA.png?w=150&amp;ssl=1 150w, https:\/\/i0.wp.com\/www.serrarpharma.com\/wp-content\/uploads\/2021\/04\/Made-in-CA.png?resize=100%2C100&amp;ssl=1 100w\" sizes=\"(max-width: 70px) 100vw, 70px\" data-recalc-dims=\"1\" \/><img loading=\"lazy\" class=\"alignnone wp-image-11370\" src=\"https:\/\/i0.wp.com\/www.serrarpharma.com\/wp-content\/uploads\/2021\/04\/GMP.png?resize=70%2C70&#038;ssl=1\" alt=\"\" width=\"70\" height=\"70\" srcset=\"https:\/\/i0.wp.com\/www.serrarpharma.com\/wp-content\/uploads\/2021\/04\/GMP.png?w=150&amp;ssl=1 150w, https:\/\/i0.wp.com\/www.serrarpharma.com\/wp-content\/uploads\/2021\/04\/GMP.png?resize=100%2C100&amp;ssl=1 100w\" sizes=\"(max-width: 70px) 100vw, 70px\" data-recalc-dims=\"1\" \/><img loading=\"lazy\" class=\"alignnone wp-image-11369\" src=\"https:\/\/i0.wp.com\/www.serrarpharma.com\/wp-content\/uploads\/2021\/04\/Nongmo.png?resize=70%2C70&#038;ssl=1\" alt=\"\" width=\"70\" height=\"70\" srcset=\"https:\/\/i0.wp.com\/www.serrarpharma.com\/wp-content\/uploads\/2021\/04\/Nongmo.png?w=150&amp;ssl=1 150w, https:\/\/i0.wp.com\/www.serrarpharma.com\/wp-content\/uploads\/2021\/04\/Nongmo.png?resize=100%2C100&amp;ssl=1 100w\" sizes=\"(max-width: 70px) 100vw, 70px\" data-recalc-dims=\"1\" \/><img loading=\"lazy\" class=\"alignnone wp-image-11799\" src=\"https:\/\/i0.wp.com\/www.serrarpharma.com\/wp-content\/uploads\/2021\/04\/ISO-07.png?resize=70%2C70&#038;ssl=1\" alt=\"\" width=\"70\" height=\"70\" srcset=\"https:\/\/i0.wp.com\/www.serrarpharma.com\/wp-content\/uploads\/2021\/04\/ISO-07.png?resize=300%2C300&amp;ssl=1 300w, https:\/\/i0.wp.com\/www.serrarpharma.com\/wp-content\/uploads\/2021\/04\/ISO-07.png?resize=150%2C150&amp;ssl=1 150w, https:\/\/i0.wp.com\/www.serrarpharma.com\/wp-content\/uploads\/2021\/04\/ISO-07.png?resize=100%2C100&amp;ssl=1 100w, https:\/\/i0.wp.com\/www.serrarpharma.com\/wp-content\/uploads\/2021\/04\/ISO-07.png?w=418&amp;ssl=1 418w\" sizes=\"(max-width: 70px) 100vw, 70px\" data-recalc-dims=\"1\" \/><\/p>\n<p><strong>Idade 45+<br \/>\nPept\u00eddeo DHEA<br \/>\nEfeito <\/strong><br \/>\nLinhas Profundas<br \/>\nHidrata<br \/>\nFirmas<br \/>\nAntioxidante<br \/>\nAperta os Poros<br \/>\nPele jovem<br \/>\nAnti-envelhecimento<\/p>\n<p>H\u00e1 a inclus\u00e3o de outros 3 ingredientes: extrato de soja, inhame selvagem e guaran\u00e1. Este creme de dia e de noite foi desenvolvido para peles mais maduras. Cada ingrediente tem uma for\u00e7a. \u00c9 por isso que combinamos muitos ingredientes em todos os nossos complexos para cobrir uma ampla gama de tipos de pele e diferentes altera\u00e7\u00f5es.<\/p>\n<p>Creme de noite com toque ligeiramente mais espesso e propriedades mais hidratantes. De excepcional qualidade, inclui \u00f3leos mais naturais e uma cor mais clara gra\u00e7as ao uso de jojoba extra\u00edda sem solvente. Com o benef\u00edcio adicional de Olive Squalane, altamente considerado por suas propriedades hidratantes. Nosso creme noturno altamente emoliente \u00e9 indicado para peles que naturalmente requerem mais \u00f3leos, sem deixar uma sensa\u00e7\u00e3o oleosa. Este creme \u00e9 perfeito para climas secos e \u00e1ridos ou at\u00e9 mesmo para calor ventilado no inverno.<\/p>\n<p><strong> Ingredientes principais: <\/strong><br \/>\n\u25cf Extrato de soja: as isoflavonas de soja s\u00e3o os mais poderosos dos fitoestr\u00f3genos antioxidantes; oferecem elasticidade e firmeza, ajudando a manter a pele macia e flex\u00edvel conforme necess\u00e1rio, enquanto reconstr\u00f3i o col\u00e1geno danificado.<br \/>\n\u25cf Inhame selvagem: age como um pept\u00eddeo natural que imita a deidroepiandrosterona (DHEA) ** na pele.<br \/>\n\u25cf Guaran\u00e1: utilizado em produtos de higiene corporal por suas propriedades tonificantes e adstringentes, e no tratamento da celulite por suas a\u00e7\u00f5es lipol\u00edticas e vasodilatadoras *. Seu uso visa reduzir o excesso de gordura sob o queixo e pesco\u00e7o.<br \/>\n\u25cf Extrato de uva: rico em flavon\u00f3ides, fitoqu\u00edmicos que possuem propriedades antioxidantes como vitamina C e vitamina E. Acredita-se que os antioxidantes previnem e controlam muitas doen\u00e7as protegendo as c\u00e9lulas da destrui\u00e7\u00e3o de mol\u00e9culas de oxig\u00eanio inst\u00e1veis \u200b\u200bchamadas radicais livres.<br \/>\n\u25cf Ch\u00e1 verde japon\u00eas: conhecido por combater os danos excessivos do sol e o meio ambiente. Principalmente, essa antiga planta asi\u00e1tica tem a capacidade de evitar que os radicais livres danifiquem ainda mais a estrutura celular.<br \/>\n\u25cf Cogumelo selvagem: um adstringente natural que melhora a rigidez e a firmeza da pele, reduzindo o aparecimento de poros.<br \/>\n\u25cf Extrato de Pepino: inclu\u00eddo por suas propriedades calmantes e revitalizantes, com propriedades antiinflamat\u00f3rias e firmadoras. Um adstringente natural que ajuda a fechar os poros. Cont\u00e9m pot\u00e1ssio, sil\u00edcio e enxofre. D\u00e1 uma sensa\u00e7\u00e3o calmante.<br \/>\n\u2022 ACB Bio-Quelato 5 PF: minerais oce\u00e2nicos contendo altas concentra\u00e7\u00f5es de sel\u00eanio, magn\u00e9sio, cobre, zinco, c\u00e1lcio, germ\u00e2nio destinados a substituir esses minerais necess\u00e1rios esgotados pela exposi\u00e7\u00e3o ambiental di\u00e1ria.<\/p>\n<p><strong> Dire\u00e7\u00f5es: <\/strong><br \/>\nAplicar no rosto, pesco\u00e7o e t\u00f3rax ap\u00f3s limpar e tonificar a pele com FRESH TONER *. Para otimizar os resultados, aplique VITAMIN C SERUM BIO * antes do creme diurno SUBLIME * durante o dia e complete o tratamento noturno com o creme noturno SUBLIME * (* Dr SERRAR\u00ae BIO).<br \/>\nCUIDADO: Evite o contato com os olhos e a boca. Se ocorrer irrita\u00e7\u00e3o, interrompa o uso. Mantenha fora do alcance das crian\u00e7as.<\/p>\n<p><strong> Aviso: <\/strong><br \/>\nPare \u00e0 menor mudan\u00e7a ou rea\u00e7\u00e3o. Se necess\u00e1rio, consulte um profissional de sa\u00fade ou informa\u00e7\u00f5es de sa\u00fade em caso de rea\u00e7\u00e3o al\u00e9rgica.<br \/>\nCada pele \u00e9 diferente e reage de maneira diferente ao mesmo cosm\u00e9tico. N\u00e3o oferecemos aconselhamento personalizado, n\u00e3o conhecemos a sua pele.<br \/>\nPara qualquer conselho pessoal, especialmente se estiver em tratamento m\u00e9dico: consulte o seu m\u00e9dico ou dermatologista.<br \/>\nNunca mude um tratamento prescrito com base no que voc\u00ea l\u00ea na internet.<\/p>\n<p>&nbsp;<\/p>\n<p><span style=\"color: #005890;\"><strong><span class=\"VIiyi\" lang=\"pt\"><span class=\"JLqJ4b ChMk0b\" data-language-for-alternatives=\"pt\" data-language-to-translate-into=\"en\" data-phrase-index=\"1\">FEITO NO CANAD\u00c1 <span class=\"VIiyi\" lang=\"es\"> \u00a0\u00a0\u00a0\u00a0 <\/span>|<\/span> <span class=\"VIiyi\" lang=\"es\"> \u00a0\u00a0\u00a0\u00a0 <\/span><span class=\"JLqJ4b ChMk0b\" data-language-for-alternatives=\"pt\" data-language-to-translate-into=\"en\" data-phrase-index=\"2\">GMP CERTIFIED <span class=\"VIiyi\" lang=\"es\"> \u00a0\u00a0\u00a0\u00a0 <\/span>|<\/span> <span class=\"VIiyi\" lang=\"es\"> \u00a0\u00a0\u00a0\u00a0 <\/span><span class=\"JLqJ4b ChMk0b\" data-language-for-alternatives=\"pt\" data-language-to-translate-into=\"en\" data-phrase-index=\"3\">N\u00c3O OGM <span class=\"VIiyi\" lang=\"es\"> \u00a0\u00a0\u00a0\u00a0 <\/span>|<span class=\"VIiyi\" lang=\"es\"> \u00a0\u00a0\u00a0\u00a0 <\/span><\/span> <span class=\"JLqJ4b ChMk0b\" data-language-for-alternatives=\"pt\" data-language-to-translate-into=\"en\" data-phrase-index=\"4\">LABORAT\u00d3RIO CERTIFICADO ISO 17025<\/span><\/span><\/strong><\/span><\/p>\n","protected":false},"excerpt":{"rendered":"<p>Idade 45+ Pept\u00eddeo DHEA Efeito Linhas Profundas Hidrata Firmas Antioxidante Aperta os Poros Pele jovem Anti-envelhecimento H\u00e1 a inclus\u00e3o de outros 3 ingredientes: extrato de soja, inhame selvagem e guaran\u00e1. Este creme de dia e de noite foi desenvolvido para peles mais maduras. Cada ingrediente tem uma for\u00e7a. \u00c9 por isso que combinamos muitos ingredientes [&hellip;]<\/p>\n","protected":false},"featured_media":8477,"template":"","meta":{"hide_page_title":"","_coblocks_attr":"","_coblocks_dimensions":"","_coblocks_responsive_height":"","_coblocks_accordion_ie_support":""},"product_cat":[23],"product_tag":[],"translation":{"provider":"WPGlobus","version":"3.0.1","language":"pt","enabled_languages":["en","es","fr","ar","pt","it"],"languages":{"en":{"title":true,"content":true,"excerpt":false},"es":{"title":false,"content":true,"excerpt":false},"fr":{"title":true,"content":true,"excerpt":false},"ar":{"title":false,"content":true,"excerpt":false},"pt":{"title":false,"content":true,"excerpt":false},"it":{"title":false,"content":true,"excerpt":false}}},"_links":{"self":[{"href":"https:\/\/www.serrarpharma.com\/pt\/wp-json\/wp\/v2\/product\/8300"}],"collection":[{"href":"https:\/\/www.serrarpharma.com\/pt\/wp-json\/wp\/v2\/product"}],"about":[{"href":"https:\/\/www.serrarpharma.com\/pt\/wp-json\/wp\/v2\/types\/product"}],"wp:featuredmedia":[{"embeddable":true,"href":"https:\/\/www.serrarpharma.com\/pt\/wp-json\/wp\/v2\/media\/8477"}],"wp:attachment":[{"href":"https:\/\/www.serrarpharma.com\/pt\/wp-json\/wp\/v2\/media?parent=8300"}],"wp:term":[{"taxonomy":"product_cat","embeddable":true,"href":"https:\/\/www.serrarpharma.com\/pt\/wp-json\/wp\/v2\/product_cat?post=8300"},{"taxonomy":"product_tag","embeddable":true,"href":"https:\/\/www.serrarpharma.com\/pt\/wp-json\/wp\/v2\/product_tag?post=8300"}],"curies":[{"name":"wp","href":"https:\/\/api.w.org\/{rel}","templated":true}]}}