{"id":8291,"date":"2020-09-20T18:09:04","date_gmt":"2020-09-20T18:09:04","guid":{"rendered":"https:\/\/www.serrarpharma.com\/?post_type=product&#038;p=8291"},"modified":"2024-08-21T22:47:39","modified_gmt":"2024-08-22T02:47:39","slug":"radiant-day-cream","status":"publish","type":"product","link":"https:\/\/www.serrarpharma.com\/pt\/product\/radiant-day-cream\/","title":{"rendered":"RADIANT DAY CREAM"},"content":{"rendered":"<p><img loading=\"lazy\" class=\"alignnone wp-image-11371\" src=\"https:\/\/i0.wp.com\/www.serrarpharma.com\/wp-content\/uploads\/2021\/04\/Made-in-CA.png?resize=70%2C70&#038;ssl=1\" alt=\"\" width=\"70\" height=\"70\" srcset=\"https:\/\/i0.wp.com\/www.serrarpharma.com\/wp-content\/uploads\/2021\/04\/Made-in-CA.png?w=150&amp;ssl=1 150w, https:\/\/i0.wp.com\/www.serrarpharma.com\/wp-content\/uploads\/2021\/04\/Made-in-CA.png?resize=100%2C100&amp;ssl=1 100w\" sizes=\"(max-width: 70px) 100vw, 70px\" data-recalc-dims=\"1\" \/><img loading=\"lazy\" class=\"alignnone wp-image-11370\" src=\"https:\/\/i0.wp.com\/www.serrarpharma.com\/wp-content\/uploads\/2021\/04\/GMP.png?resize=70%2C70&#038;ssl=1\" alt=\"\" width=\"70\" height=\"70\" srcset=\"https:\/\/i0.wp.com\/www.serrarpharma.com\/wp-content\/uploads\/2021\/04\/GMP.png?w=150&amp;ssl=1 150w, https:\/\/i0.wp.com\/www.serrarpharma.com\/wp-content\/uploads\/2021\/04\/GMP.png?resize=100%2C100&amp;ssl=1 100w\" sizes=\"(max-width: 70px) 100vw, 70px\" data-recalc-dims=\"1\" \/><img loading=\"lazy\" class=\"alignnone wp-image-11369\" src=\"https:\/\/i0.wp.com\/www.serrarpharma.com\/wp-content\/uploads\/2021\/04\/Nongmo.png?resize=70%2C70&#038;ssl=1\" alt=\"\" width=\"70\" height=\"70\" srcset=\"https:\/\/i0.wp.com\/www.serrarpharma.com\/wp-content\/uploads\/2021\/04\/Nongmo.png?w=150&amp;ssl=1 150w, https:\/\/i0.wp.com\/www.serrarpharma.com\/wp-content\/uploads\/2021\/04\/Nongmo.png?resize=100%2C100&amp;ssl=1 100w\" sizes=\"(max-width: 70px) 100vw, 70px\" data-recalc-dims=\"1\" \/><img loading=\"lazy\" class=\"alignnone wp-image-11799\" src=\"https:\/\/i0.wp.com\/www.serrarpharma.com\/wp-content\/uploads\/2021\/04\/ISO-07.png?resize=70%2C70&#038;ssl=1\" alt=\"\" width=\"70\" height=\"70\" srcset=\"https:\/\/i0.wp.com\/www.serrarpharma.com\/wp-content\/uploads\/2021\/04\/ISO-07.png?resize=300%2C300&amp;ssl=1 300w, https:\/\/i0.wp.com\/www.serrarpharma.com\/wp-content\/uploads\/2021\/04\/ISO-07.png?resize=150%2C150&amp;ssl=1 150w, https:\/\/i0.wp.com\/www.serrarpharma.com\/wp-content\/uploads\/2021\/04\/ISO-07.png?resize=100%2C100&amp;ssl=1 100w, https:\/\/i0.wp.com\/www.serrarpharma.com\/wp-content\/uploads\/2021\/04\/ISO-07.png?w=418&amp;ssl=1 418w\" sizes=\"(max-width: 70px) 100vw, 70px\" data-recalc-dims=\"1\" \/><\/p>\n<p><strong>Idade 35+<br \/>\nPalmitoyl<br \/>\n\u00c1cido retin\u00f3ico<br \/>\nEfeito <\/strong><br \/>\nLinhas finas<br \/>\nHidrata<br \/>\nFirmas<br \/>\nAntioxidante<br \/>\nAperta os poros<br \/>\nPele jovem<br \/>\nAnti-envelhecimento<\/p>\n<p>Um dos principais ingredientes do nosso complexo \u00e9 palmitoil pentapept\u00eddeo-3. O pentapept\u00eddeo-3 e seu efeito botox imitam as encefalinas e, portanto, trabalham em prol da juventude eterna. Adicione a esse palmitoil-oligopept\u00eddeo, uma mol\u00e9cula que pode imitar a atividade do \u00e1cido retin\u00f3ico, e voc\u00ea encontrar\u00e1 a pele do seu beb\u00ea novamente.<br \/>\nO Complexo Fine Lines Wrinkle combina outros ingredientes excelentes que s\u00e3o extremamente eficazes no rosto. Cada um complementa os lipopept\u00eddeos, auxiliando em outras altera\u00e7\u00f5es na pele com a idade.<\/p>\n<p><strong> Ingredientes principais: <\/strong><br \/>\n\u2022 Extrato de uva: rico em flavon\u00f3ides, fitoqu\u00edmicos que possuem propriedades antioxidantes como vitamina C e vitamina E. Acredita-se que os antioxidantes previnem e controlam muitas doen\u00e7as, protegendo as c\u00e9lulas da destrui\u00e7\u00e3o de mol\u00e9culas de oxig\u00eanio inst\u00e1veis \u200b\u200bchamadas radicais livres.<br \/>\n\u2022 Ch\u00e1 verde japon\u00eas: conhecido por combater os danos excessivos do sol e o meio ambiente. Principalmente, essa antiga planta asi\u00e1tica tem a capacidade de evitar que os radicais livres danifiquem ainda mais a estrutura celular.<br \/>\n\u2022 Cogumelo Selvagem: um adstringente natural que melhora a rigidez e a firmeza da pele, pois diminui o aparecimento de poros.<br \/>\n\u2022 Pepino: \u00e9 um adstringente natural e ajuda a fechar os poros. Cont\u00e9m pot\u00e1ssio, sil\u00edcio e enxofre. D\u00e1 uma sensa\u00e7\u00e3o calmante. Muito utilizado em produtos para a pele como um antiinflamat\u00f3rio, um excelente ingrediente calmante e condicionador da pele.<br \/>\n\u2022 Prote\u00edna de ervilha: cont\u00e9m prote\u00ednas e amino\u00e1cidos que s\u00e3o facilmente absorvidos pela pele (tamb\u00e9m pot\u00e1ssio, sil\u00edcio e enxofre). \u00c9 um complexo hidratante que oferece uma combina\u00e7\u00e3o de propriedades de equil\u00edbrio de umidade e forma\u00e7\u00e3o de filme que proporciona uma sensa\u00e7\u00e3o calmante.<\/p>\n<p>Indica\u00e7\u00f5es para o creme de dia:<br \/>\nCreme de dia que inclui uma grande variedade de ingredientes ativos: \u00f3leos de jojoba, abacate, manteiga de karit\u00e9, glicerina vegetal, vitamina E.<\/p>\n<p>Estudo cl\u00ednico :<br \/>\nResultados do teste: um estudo na Fran\u00e7a usou profilometria (an\u00e1lise de imagem da pele) para medir um dos principais ingredientes do nosso complexo Seaplex Fine Line.<br \/>\nNeste estudo, eles registraram e observaram a densidade, a profundidade e o volume das rugas ao redor dos olhos, o que envolve o tratamento da \u00e1rea e o monitoramento de mudan\u00e7as ao longo do tempo. No primeiro estudo duplo-cego e frente e verso, 49 mulheres aplicaram creme de lipopept\u00eddeo ou um placebo duas vezes ao dia. No estudo ativo controlado, 16 mulheres compararam os efeitos dos cremes cosm\u00e9ticos contendo o lipopept\u00eddeo ativo ou 700 ppm de retinol na pele fotoenvelhecida. Este ensaio tamb\u00e9m utilizou um desenho duplo-cego e incluiu profilometria, ultrassom e avalia\u00e7\u00f5es cl\u00ednicas ap\u00f3s dois e quatro meses de tratamento.<br \/>\nEm ambos os ensaios, os resultados do estudo foram estatisticamente significativos, alegando que o tratamento com lipopept\u00eddeos permite:<br \/>\nRedu\u00e7\u00e3o de 50% na profundidade das rugas. Redu\u00e7\u00e3o de 68% na densidade das rugas. Redu\u00e7\u00e3o de 24% no volume das rugas.<br \/>\nOs lipopept\u00eddeos tamb\u00e9m foram associados ao aumento da densidade e espessura das fibras de elastina e \u00e0 melhora da regularidade do col\u00e1geno IV, ambos essenciais para uma pele macia e flex\u00edvel.<br \/>\nAo contr\u00e1rio do retinol ou da vitamina C, que podem induzir irrita\u00e7\u00e3o e hiper-reatividade da pele, os lipopept\u00eddeos ajudam a estimular a matriz celular que leva \u00e0 s\u00edntese de col\u00e1geno I e IV, fibronectina e glicosaminoglicanos levando \u00e0 redu\u00e7\u00e3o de rugas e cicatriza\u00e7\u00e3o de feridas.<\/p>\n<p><strong> Dire\u00e7\u00f5es: <\/strong><br \/>\nAplicar no rosto, pesco\u00e7o e t\u00f3rax ap\u00f3s limpar e tonificar a pele com FRESH TONER *. Para otimizar os resultados, aplique VITAMIN C SERUM BIO * antes do creme diurno RADIANT * durante o dia e complete o tratamento noturno com o creme noturno RADIANT * (* Dr SERRAR\u00ae BIO).<br \/>\nCUIDADO: Evite o contato com os olhos e a boca. Se ocorrer irrita\u00e7\u00e3o, interrompa o uso. Mantenha fora do alcance das crian\u00e7as.<\/p>\n<p><strong> Aviso: <\/strong><br \/>\nPare \u00e0 menor mudan\u00e7a ou rea\u00e7\u00e3o. Se necess\u00e1rio, consulte um profissional de sa\u00fade ou informa\u00e7\u00f5es de sa\u00fade em caso de rea\u00e7\u00e3o al\u00e9rgica.<br \/>\nCada pele \u00e9 diferente e reage de maneira diferente ao mesmo cosm\u00e9tico. N\u00e3o oferecemos aconselhamento personalizado, n\u00e3o conhecemos a sua pele.<br \/>\nPara qualquer conselho pessoal, especialmente se estiver em tratamento m\u00e9dico: consulte o seu m\u00e9dico ou dermatologista.<br \/>\nNunca mude um tratamento prescrito com base no que voc\u00ea l\u00ea na internet.<\/p>\n<p>&nbsp;<\/p>\n<p><span style=\"color: #005890;\"><strong><span class=\"VIiyi\" lang=\"pt\"><span class=\"JLqJ4b ChMk0b\" data-language-for-alternatives=\"pt\" data-language-to-translate-into=\"en\" data-phrase-index=\"1\">FEITO NO CANAD\u00c1 <span class=\"VIiyi\" lang=\"es\"> \u00a0\u00a0\u00a0\u00a0 <\/span>|<\/span> <span class=\"VIiyi\" lang=\"es\"> \u00a0\u00a0\u00a0\u00a0 <\/span><span class=\"JLqJ4b ChMk0b\" data-language-for-alternatives=\"pt\" data-language-to-translate-into=\"en\" data-phrase-index=\"2\">GMP CERTIFIED <span class=\"VIiyi\" lang=\"es\"> \u00a0\u00a0\u00a0\u00a0 <\/span>|<\/span> <span class=\"VIiyi\" lang=\"es\"> \u00a0\u00a0\u00a0\u00a0 <\/span><span class=\"JLqJ4b ChMk0b\" data-language-for-alternatives=\"pt\" data-language-to-translate-into=\"en\" data-phrase-index=\"3\">N\u00c3O OGM <span class=\"VIiyi\" lang=\"es\"> \u00a0\u00a0\u00a0\u00a0 <\/span>|<span class=\"VIiyi\" lang=\"es\"> \u00a0\u00a0\u00a0\u00a0 <\/span><\/span> <span class=\"JLqJ4b ChMk0b\" data-language-for-alternatives=\"pt\" data-language-to-translate-into=\"en\" data-phrase-index=\"4\">LABORAT\u00d3RIO CERTIFICADO ISO 17025<\/span><\/span><\/strong><\/span><\/p>\n","protected":false},"excerpt":{"rendered":"<p>Idade 35+ Palmitoyl \u00c1cido retin\u00f3ico Efeito Linhas finas Hidrata Firmas Antioxidante Aperta os poros Pele jovem Anti-envelhecimento Um dos principais ingredientes do nosso complexo \u00e9 palmitoil pentapept\u00eddeo-3. O pentapept\u00eddeo-3 e seu efeito botox imitam as encefalinas e, portanto, trabalham em prol da juventude eterna. Adicione a esse palmitoil-oligopept\u00eddeo, uma mol\u00e9cula que pode imitar a atividade [&hellip;]<\/p>\n","protected":false},"featured_media":8476,"template":"","meta":{"hide_page_title":"","_coblocks_attr":"","_coblocks_dimensions":"","_coblocks_responsive_height":"","_coblocks_accordion_ie_support":""},"product_cat":[23],"product_tag":[],"translation":{"provider":"WPGlobus","version":"3.0.1","language":"pt","enabled_languages":["en","es","fr","ar","pt","it"],"languages":{"en":{"title":true,"content":true,"excerpt":false},"es":{"title":false,"content":true,"excerpt":false},"fr":{"title":true,"content":true,"excerpt":false},"ar":{"title":false,"content":true,"excerpt":false},"pt":{"title":false,"content":true,"excerpt":false},"it":{"title":false,"content":true,"excerpt":false}}},"_links":{"self":[{"href":"https:\/\/www.serrarpharma.com\/pt\/wp-json\/wp\/v2\/product\/8291"}],"collection":[{"href":"https:\/\/www.serrarpharma.com\/pt\/wp-json\/wp\/v2\/product"}],"about":[{"href":"https:\/\/www.serrarpharma.com\/pt\/wp-json\/wp\/v2\/types\/product"}],"wp:featuredmedia":[{"embeddable":true,"href":"https:\/\/www.serrarpharma.com\/pt\/wp-json\/wp\/v2\/media\/8476"}],"wp:attachment":[{"href":"https:\/\/www.serrarpharma.com\/pt\/wp-json\/wp\/v2\/media?parent=8291"}],"wp:term":[{"taxonomy":"product_cat","embeddable":true,"href":"https:\/\/www.serrarpharma.com\/pt\/wp-json\/wp\/v2\/product_cat?post=8291"},{"taxonomy":"product_tag","embeddable":true,"href":"https:\/\/www.serrarpharma.com\/pt\/wp-json\/wp\/v2\/product_tag?post=8291"}],"curies":[{"name":"wp","href":"https:\/\/api.w.org\/{rel}","templated":true}]}}