{"id":7806,"date":"2020-06-13T00:31:13","date_gmt":"2020-06-13T04:31:13","guid":{"rendered":"https:\/\/www.serrarpharma.com\/?post_type=product&#038;p=7806"},"modified":"2024-08-21T21:49:26","modified_gmt":"2024-08-22T01:49:26","slug":"phyto-tonic-dr-serrar","status":"publish","type":"product","link":"https:\/\/www.serrarpharma.com\/pt\/product\/phyto-tonic-dr-serrar\/","title":{"rendered":"TONER"},"content":{"rendered":"<p><img loading=\"lazy\" class=\"alignnone wp-image-11371\" src=\"https:\/\/i0.wp.com\/www.serrarpharma.com\/wp-content\/uploads\/2021\/04\/Made-in-CA.png?resize=70%2C70&#038;ssl=1\" alt=\"\" width=\"70\" height=\"70\" srcset=\"https:\/\/i0.wp.com\/www.serrarpharma.com\/wp-content\/uploads\/2021\/04\/Made-in-CA.png?w=150&amp;ssl=1 150w, https:\/\/i0.wp.com\/www.serrarpharma.com\/wp-content\/uploads\/2021\/04\/Made-in-CA.png?resize=100%2C100&amp;ssl=1 100w\" sizes=\"(max-width: 70px) 100vw, 70px\" data-recalc-dims=\"1\" \/><img loading=\"lazy\" class=\"alignnone wp-image-11370\" src=\"https:\/\/i0.wp.com\/www.serrarpharma.com\/wp-content\/uploads\/2021\/04\/GMP.png?resize=70%2C70&#038;ssl=1\" alt=\"\" width=\"70\" height=\"70\" srcset=\"https:\/\/i0.wp.com\/www.serrarpharma.com\/wp-content\/uploads\/2021\/04\/GMP.png?w=150&amp;ssl=1 150w, https:\/\/i0.wp.com\/www.serrarpharma.com\/wp-content\/uploads\/2021\/04\/GMP.png?resize=100%2C100&amp;ssl=1 100w\" sizes=\"(max-width: 70px) 100vw, 70px\" data-recalc-dims=\"1\" \/><img loading=\"lazy\" class=\"alignnone wp-image-11369\" src=\"https:\/\/i0.wp.com\/www.serrarpharma.com\/wp-content\/uploads\/2021\/04\/Nongmo.png?resize=70%2C70&#038;ssl=1\" alt=\"\" width=\"70\" height=\"70\" srcset=\"https:\/\/i0.wp.com\/www.serrarpharma.com\/wp-content\/uploads\/2021\/04\/Nongmo.png?w=150&amp;ssl=1 150w, https:\/\/i0.wp.com\/www.serrarpharma.com\/wp-content\/uploads\/2021\/04\/Nongmo.png?resize=100%2C100&amp;ssl=1 100w\" sizes=\"(max-width: 70px) 100vw, 70px\" data-recalc-dims=\"1\" \/><img loading=\"lazy\" class=\"alignnone wp-image-11799\" src=\"https:\/\/i0.wp.com\/www.serrarpharma.com\/wp-content\/uploads\/2021\/04\/ISO-07.png?resize=70%2C70&#038;ssl=1\" alt=\"\" width=\"70\" height=\"70\" srcset=\"https:\/\/i0.wp.com\/www.serrarpharma.com\/wp-content\/uploads\/2021\/04\/ISO-07.png?resize=300%2C300&amp;ssl=1 300w, https:\/\/i0.wp.com\/www.serrarpharma.com\/wp-content\/uploads\/2021\/04\/ISO-07.png?resize=150%2C150&amp;ssl=1 150w, https:\/\/i0.wp.com\/www.serrarpharma.com\/wp-content\/uploads\/2021\/04\/ISO-07.png?resize=100%2C100&amp;ssl=1 100w, https:\/\/i0.wp.com\/www.serrarpharma.com\/wp-content\/uploads\/2021\/04\/ISO-07.png?w=418&amp;ssl=1 418w\" sizes=\"(max-width: 70px) 100vw, 70px\" data-recalc-dims=\"1\" \/><\/p>\n<p>Purifica &#8211; acalma<br \/>\nRevitaliza &#8211; Hidrata<br \/>\nAntiss\u00e9ptico<br \/>\nTightensPores<br \/>\nMelhora cicatrizes de acne<br \/>\nAcalma a irrita\u00e7\u00e3o ao barbear<br \/>\nSem \u00e1lcool<br \/>\nFeito com<br \/>\n<strong> Ingredientes hipoalerg\u00eanicos <\/strong><br \/>\nProjetado para todos os tipos de pele<\/p>\n<p>TONIFICA\u00c7\u00c3O<br \/>\nRadiance<br \/>\nRevitalizar<br \/>\nAnti-s\u00e9ptico n\u00e3o irritante<\/p>\n<p>A lo\u00e7\u00e3o PHYTO TONIC Velour do Dr. SERRAR \u00e9 essencial para uma limpeza completa da pele. Muitas pessoas pensam que voc\u00ea pode facilmente passar sem uma lo\u00e7\u00e3o t\u00f4nica, desde que limpe a pele do rosto pelo menos duas vezes por dia com produtos adequados. Isso pode ser verdade quando voc\u00ea tem uma pele perfeita &#8230; Caso contr\u00e1rio, o toner facial \u00e9 essencial para limpar e proteger sua pele adequadamente.<\/p>\n<p>O PHYTO TONIC \u00e9 doce e sem \u00e1lcool a partir de extratos vegetais extra\u00eddos de t\u00edlia, damascos e mirtilos. Hidrata, refresca emoliente, suaviza, acalma, descongestiona, ilumina, tonifica e restaura o brilho da pele. Cont\u00e9m antioxidantes, que ajudam a fechar os poros, equilibrar a pele e prepar\u00e1-la para a hidrata\u00e7\u00e3o. Esta lo\u00e7\u00e3o \u00e9 adequada para a maioria dos tipos de pele, incluindo pele mista e sens\u00edvel.<\/p>\n<p>PHYTO TONIC \u00e9 org\u00e2nico e sem \u00e1lcool, ideal para equilibrar o pH da epiderme e reafirmar os poros. Atualiza instantaneamente e acalma a pele. Pode ser usado para aliviar as irrita\u00e7\u00f5es associadas ao barbear. Proporciona \u00e0 pele conforto, maleabilidade e hidrata\u00e7\u00e3o.<br \/>\nO uso di\u00e1rio desta lo\u00e7\u00e3o t\u00f4nica sem \u00e1lcool atualiza e garante a oxigena\u00e7\u00e3o regeneradora da pele, gra\u00e7as \u00e0 a\u00e7\u00e3o reparadora de prote\u00ednas vegetais e adstringentes.<br \/>\nPHYTO TONIC elimina todos os vest\u00edgios de removedor de maquiagem e deixa a pele perfeitamente clara e radiante. O limpador facial tonifica e fecha os poros enquanto normaliza o excesso de sebo.<br \/>\nPrepara a pele para os seguintes tratamentos (VIT C, DERM, ECLAT)<\/p>\n<p>&nbsp;<\/p>\n<h5>Por que escolher o Dr. SERRAR<sup>\u00ae<\/sup> PHYTO TONIC?<\/h5>\n<p>O Dr. SERRAR<sup>\u00ae<\/sup> PHYTO TONIC \u00e9 fabricado de acordo com os mais altos padr\u00f5es da ind\u00fastria farmac\u00eautica. A lo\u00e7\u00e3o cont\u00e9m extratos avan\u00e7ados de plantas de t\u00edlia, damasco, mirtilo. Hidrata, refresca emoliente, suaviza, acalma, descongestiona, ilumina, tonifica e restaura o brilho da pele. Cont\u00e9m antioxidantes, que ajudam a fechar os poros, equilibrar a pele e prepar\u00e1-la para a hidrata\u00e7\u00e3o. Esta lo\u00e7\u00e3o \u00e9 adequada para a maioria dos tipos de pele.<\/p>\n<div class=\"productlist\">PHYTO TONIC \u00e9 org\u00e2nico e sem \u00e1lcool, ideal para equilibrar o pH da epiderme e reafirmar os poros.<br \/>\nPHYTO TONIC n\u00e3o cont\u00e9m parabenos, derivados de petr\u00f3leo, \u00f3leo mineral, \u00e1lcool ou fragr\u00e2ncias artificiais. Produto n\u00e3o testado em animais (certificado como humano).<br \/>\nALTA QUALIDADE. LIVRE DE GL\u00daTEN. Feito no Canad\u00e1.<br \/>\nBoas Pr\u00e1ticas de Fabrica\u00e7\u00e3o (BPF) \u00e9 um conjunto de regulamenta\u00e7\u00f5es farmac\u00eauticas rigorosas que garantem que os suplementos alimentares sejam fabricados e controlados com um alto padr\u00e3o adequado para uso.<br \/>\nSem Soja, Sem Gl\u00faten, Certificado Kosher, Sem Latic\u00ednios, Sem Leite, Nozes, Amendoins, Mariscos, Trigo e Soja. Tamb\u00e9m livre de fermento, cevada, arroz, s\u00f3dio e a\u00e7\u00facar.<br \/>\nEfici\u00eancia m\u00e1xima.<br \/>\nToda natural.<br \/>\nFeito com ingredientes hipoalerg\u00eanicos.<br \/>\n100% de origem natural<br \/>\nSans allerg\u00e8ne.<\/div>\n<p><strong> RECOMENDA\u00c7\u00c3O DE TESTE DE PATCH <\/strong><br \/>\nEsta \u00e9 uma lo\u00e7\u00e3o t\u00f4nica concentrada e poderosa que cont\u00e9m ingredientes ativos de origem vegetal que podem causar irrita\u00e7\u00e3o na pele ou erup\u00e7\u00f5es cut\u00e2neas para pessoas com alergias. \u00c9 IMPORTANTE que voc\u00ea execute um teste de corre\u00e7\u00e3o do produto * pelo menos 24-48 * horas antes da aplica\u00e7\u00e3o regular para garantir que o produto seja adequado para a sua pele.<\/p>\n<p><strong> Instru\u00e7\u00f5es de uso <\/strong><br \/>\nSe a f\u00f3rmula for compat\u00edvel com a sua pele, aplique todas as semanas. Somente para uso externo.<br \/>\nO PHYTO CLEAN \u00e9 usado de manh\u00e3 e \u00e0 noite, ap\u00f3s a limpeza da pele, despeje um pouco de toner em um algod\u00e3o uniformemente ou diretamente na palma das m\u00e3os e bata no pesco\u00e7o e no decote e na pele limpa do rosto. Uma vez aplicada, a lo\u00e7\u00e3o \u00e9 absorvida (sem \u00e1lcool) naturalmente proporcionando bem-estar e relaxamento imediatos. Acalma a irrita\u00e7\u00e3o do barbear.<br \/>\nUse-o ap\u00f3s o PHYTO CLEAN.<\/p>\n<p>Ap\u00f3s o PHYTO TONIC, use o ECLAT CREAM durante o dia e o creme DERM \u00e0 noite.<br \/>\nO kit Dr. SERRAR<sup>\u00ae<\/sup>: FITO (LIMPO + ESFREGA + M\u00c1SCARA + T\u00d4NICA) + Vitamina C + ECLAT + DERM, regenera anos de danos ambientais e deixa a pele saud\u00e1vel e jovem. Reduz visivelmente linhas finas e rugas, tornando sua pele mais robusta e luminosa. Projetado para todos os tipos de pele.<\/p>\n<p>A lo\u00e7\u00e3o PHYTO TONIC do Dr. SERRAR \u00e9 uma marca poderosa, por\u00e9m segura e testada. Trabalhamos com laborat\u00f3rios no Canad\u00e1 e nos EUA para desenvolver nossos produtos. Cada produto que lan\u00e7amos \u00e9 desenvolvido para ser o mais poderoso poss\u00edvel, a fim de oferecer o m\u00e1ximo efeito, mantendo-se dermatologicamente seguro para a sua pele.<\/p>\n<p><strong> Aviso: <\/strong><br \/>\nPare com a menor mudan\u00e7a ou rea\u00e7\u00e3o. Se necess\u00e1rio, consulte um profissional m\u00e9dico ou informa\u00e7\u00f5es de sa\u00fade em caso de rea\u00e7\u00e3o al\u00e9rgica.<br \/>\nCada pele \u00e9 diferente e reage de maneira diferente ao mesmo cosm\u00e9tico. N\u00e3o fornecemos aconselhamento personalizado, n\u00e3o conhecemos a sua pele. Para qualquer conselho pessoal, especialmente se voc\u00ea estiver em tratamento m\u00e9dico: consulte seu m\u00e9dico ou dermatologista. Nunca mude um tratamento prescrito com base no que voc\u00ea l\u00ea na internet.<\/p>\n<p>&nbsp;<\/p>\n<p><span style=\"color: #005890;\"><strong><span class=\"VIiyi\" lang=\"pt\"> <span class=\"JLqJ4b ChMk0b\" data-language-for-alternatives=\"pt\" data-language-to-translate-into=\"en\" data-phrase-index=\"1\">FEITO NO CANAD\u00c1 \u00a0\u00a0\u00a0\u00a0 |<\/span> <span class=\"JLqJ4b ChMk0b\" data-language-for-alternatives=\"pt\" data-language-to-translate-into=\"en\" data-phrase-index=\"0\">\u00a0\u00a0\u00a0\u00a0 <\/span><span class=\"JLqJ4b ChMk0b\" data-language-for-alternatives=\"pt\" data-language-to-translate-into=\"en\" data-phrase-index=\"2\">GMP CERTIFIED \u00a0\u00a0\u00a0\u00a0 |\u00a0\u00a0\u00a0\u00a0 <\/span> <span class=\"JLqJ4b ChMk0b\" data-language-for-alternatives=\"pt\" data-language-to-translate-into=\"en\" data-phrase-index=\"3\">N\u00c3O OGM \u00a0\u00a0\u00a0\u00a0 |\u00a0\u00a0\u00a0\u00a0 <\/span> <span class=\"JLqJ4b ChMk0b\" data-language-for-alternatives=\"pt\" data-language-to-translate-into=\"en\" data-phrase-index=\"4\">LABORAT\u00d3RIO CERTIFICADO ISO 17025<\/span><\/span><\/strong><\/span><\/p>\n","protected":false},"excerpt":{"rendered":"<p>Purifica &#8211; acalma Revitaliza &#8211; Hidrata Antiss\u00e9ptico TightensPores Melhora cicatrizes de acne Acalma a irrita\u00e7\u00e3o ao barbear Sem \u00e1lcool Feito com Ingredientes hipoalerg\u00eanicos Projetado para todos os tipos de pele TONIFICA\u00c7\u00c3O Radiance Revitalizar Anti-s\u00e9ptico n\u00e3o irritante A lo\u00e7\u00e3o PHYTO TONIC Velour do Dr. SERRAR \u00e9 essencial para uma limpeza completa da pele. Muitas pessoas pensam [&hellip;]<\/p>\n","protected":false},"featured_media":8790,"template":"","meta":{"hide_page_title":"","_coblocks_attr":"","_coblocks_dimensions":"","_coblocks_responsive_height":"","_coblocks_accordion_ie_support":""},"product_cat":[22],"product_tag":[],"translation":{"provider":"WPGlobus","version":"3.0.1","language":"pt","enabled_languages":["en","es","fr","ar","pt","it"],"languages":{"en":{"title":true,"content":true,"excerpt":false},"es":{"title":false,"content":true,"excerpt":false},"fr":{"title":true,"content":true,"excerpt":false},"ar":{"title":false,"content":true,"excerpt":false},"pt":{"title":false,"content":true,"excerpt":false},"it":{"title":false,"content":true,"excerpt":false}}},"_links":{"self":[{"href":"https:\/\/www.serrarpharma.com\/pt\/wp-json\/wp\/v2\/product\/7806"}],"collection":[{"href":"https:\/\/www.serrarpharma.com\/pt\/wp-json\/wp\/v2\/product"}],"about":[{"href":"https:\/\/www.serrarpharma.com\/pt\/wp-json\/wp\/v2\/types\/product"}],"wp:featuredmedia":[{"embeddable":true,"href":"https:\/\/www.serrarpharma.com\/pt\/wp-json\/wp\/v2\/media\/8790"}],"wp:attachment":[{"href":"https:\/\/www.serrarpharma.com\/pt\/wp-json\/wp\/v2\/media?parent=7806"}],"wp:term":[{"taxonomy":"product_cat","embeddable":true,"href":"https:\/\/www.serrarpharma.com\/pt\/wp-json\/wp\/v2\/product_cat?post=7806"},{"taxonomy":"product_tag","embeddable":true,"href":"https:\/\/www.serrarpharma.com\/pt\/wp-json\/wp\/v2\/product_tag?post=7806"}],"curies":[{"name":"wp","href":"https:\/\/api.w.org\/{rel}","templated":true}]}}