{"id":7805,"date":"2020-06-13T00:44:44","date_gmt":"2020-06-13T04:44:44","guid":{"rendered":"https:\/\/www.serrarpharma.com\/?post_type=product&#038;p=7805"},"modified":"2024-08-21T21:48:13","modified_gmt":"2024-08-22T01:48:13","slug":"phyto-clean-dr-serrar","status":"publish","type":"product","link":"https:\/\/www.serrarpharma.com\/pt\/product\/phyto-clean-dr-serrar\/","title":{"rendered":"CLEANSER"},"content":{"rendered":"<p><img loading=\"lazy\" class=\"alignnone wp-image-11371\" src=\"https:\/\/i0.wp.com\/www.serrarpharma.com\/wp-content\/uploads\/2021\/04\/Made-in-CA.png?resize=70%2C70&#038;ssl=1\" alt=\"\" width=\"70\" height=\"70\" srcset=\"https:\/\/i0.wp.com\/www.serrarpharma.com\/wp-content\/uploads\/2021\/04\/Made-in-CA.png?w=150&amp;ssl=1 150w, https:\/\/i0.wp.com\/www.serrarpharma.com\/wp-content\/uploads\/2021\/04\/Made-in-CA.png?resize=100%2C100&amp;ssl=1 100w\" sizes=\"(max-width: 70px) 100vw, 70px\" data-recalc-dims=\"1\" \/><img loading=\"lazy\" class=\"alignnone wp-image-11370\" src=\"https:\/\/i0.wp.com\/www.serrarpharma.com\/wp-content\/uploads\/2021\/04\/GMP.png?resize=70%2C70&#038;ssl=1\" alt=\"\" width=\"70\" height=\"70\" srcset=\"https:\/\/i0.wp.com\/www.serrarpharma.com\/wp-content\/uploads\/2021\/04\/GMP.png?w=150&amp;ssl=1 150w, https:\/\/i0.wp.com\/www.serrarpharma.com\/wp-content\/uploads\/2021\/04\/GMP.png?resize=100%2C100&amp;ssl=1 100w\" sizes=\"(max-width: 70px) 100vw, 70px\" data-recalc-dims=\"1\" \/><img loading=\"lazy\" class=\"alignnone wp-image-11369\" src=\"https:\/\/i0.wp.com\/www.serrarpharma.com\/wp-content\/uploads\/2021\/04\/Nongmo.png?resize=70%2C70&#038;ssl=1\" alt=\"\" width=\"70\" height=\"70\" srcset=\"https:\/\/i0.wp.com\/www.serrarpharma.com\/wp-content\/uploads\/2021\/04\/Nongmo.png?w=150&amp;ssl=1 150w, https:\/\/i0.wp.com\/www.serrarpharma.com\/wp-content\/uploads\/2021\/04\/Nongmo.png?resize=100%2C100&amp;ssl=1 100w\" sizes=\"(max-width: 70px) 100vw, 70px\" data-recalc-dims=\"1\" \/><img loading=\"lazy\" class=\"alignnone wp-image-11799\" src=\"https:\/\/i0.wp.com\/www.serrarpharma.com\/wp-content\/uploads\/2021\/04\/ISO-07.png?resize=70%2C70&#038;ssl=1\" alt=\"\" width=\"70\" height=\"70\" srcset=\"https:\/\/i0.wp.com\/www.serrarpharma.com\/wp-content\/uploads\/2021\/04\/ISO-07.png?resize=300%2C300&amp;ssl=1 300w, https:\/\/i0.wp.com\/www.serrarpharma.com\/wp-content\/uploads\/2021\/04\/ISO-07.png?resize=150%2C150&amp;ssl=1 150w, https:\/\/i0.wp.com\/www.serrarpharma.com\/wp-content\/uploads\/2021\/04\/ISO-07.png?resize=100%2C100&amp;ssl=1 100w, https:\/\/i0.wp.com\/www.serrarpharma.com\/wp-content\/uploads\/2021\/04\/ISO-07.png?w=418&amp;ssl=1 418w\" sizes=\"(max-width: 70px) 100vw, 70px\" data-recalc-dims=\"1\" \/><\/p>\n<p>Limpa &#8211; Purifica<br \/>\nHidratos &#8211; Suaviza<br \/>\nIlumina &#8211; Refresca<br \/>\nPrepara a Pele<br \/>\npara tratamentos adicionais<br \/>\nDiminui a velocidade<br \/>\nos sinais do envelhecimento<br \/>\nFeito com<br \/>\n<strong> Ingredientes hipoalerg\u00eanicos <\/strong><br \/>\nProjetado para todos os tipos de pele<\/p>\n<p>Cheio de benef\u00edcios antienvelhecimento<br \/>\nAnti-inflamat\u00f3rio<br \/>\nLivre de gl\u00faten<br \/>\nProjetado para todos os tipos de pele<\/p>\n<p>O Dr. SERRAR<sup>\u00ae<\/sup> Leite Limpador de Veludo PHYTO CLEAN (removedor de maquiagem) \u00e9 o cuidado essencial para limpar seu rosto e manter a pele clara e radiante. \u00c9 ideal para todos os tipos de pele; at\u00e9 pele sens\u00edvel. Eficaz para limpeza suave e profunda da epiderme. Elimina maquiagem e impurezas no rosto, olhos (remove r\u00edmel), p\u00e1lpebras, l\u00e1bios e pesco\u00e7o com a mesma efic\u00e1cia que um tratamento de spa. Ele limpa em um piscar de olhos, preservando o equil\u00edbrio hidro-lip\u00eddico da pele. Sua f\u00f3rmula \u00e0 base de robano; subst\u00e2ncia do azeite \u00e9 muito penetrante, este ingrediente restaura, fornece flexibilidade e protege contra a irrita\u00e7\u00e3o da pele. PHYTO CLEAN cont\u00e9m outros ingredientes com propriedades calmantes reconhecidas; propilenoglicol, amerchol e silicone, que permitem a hidrata\u00e7\u00e3o da pele e deixam uma sensa\u00e7\u00e3o imediata de frescura.<\/p>\n<p>PHYTO CLEAN Respeita o pH fisiol\u00f3gico da pele. Sua base neutra deixa a pele macia e perme\u00e1vel e a prepara efetivamente para receber outros tratamentos.<br \/>\n\u00c9 um tratamento natural excepcional que ajuda a retardar os sinais de envelhecimento da pele com seus benef\u00edcios antienvelhecimento, anti-inflamat\u00f3rio e tonificante. Os ingredientes t\u00eam propriedades antioxidantes e hidratantes que ajudam a proteger a pele do envelhecimento da pele.<\/p>\n<p>PHYTO CLEAN n\u00e3o cont\u00e9m parabenos, derivados de petr\u00f3leo, \u00f3leo mineral, \u00e1lcool ou fragr\u00e2ncias artificiais. Produto n\u00e3o testado em animais (certificado como humano). Todos os ingredientes da agricultura biol\u00f3gica.<\/p>\n<p><strong> Instru\u00e7\u00f5es de uso: <\/strong><br \/>\n\u00c9 utilizado pela manh\u00e3 em prepara\u00e7\u00e3o para cuidados hidratantes e protetores, como limpador e removedor de maquiagem. Agite antes de usar. Despeje uma pequena quantidade de leite de limpeza nas m\u00e3os e massageie suavemente o rosto e o pesco\u00e7o com as pontas dos dedos em movimentos circulares.<br \/>\nEnx\u00e1g\u00fce com \u00e1gua morna, seque com um pano \u00famido. Deixa uma agrad\u00e1vel sensa\u00e7\u00e3o de maciez, flexibilidade e frescura na pele. At\u00e9 remove a maquiagem \u00e0 prova d&#8217;\u00e1gua sem esfor\u00e7o e enxagua facilmente.<\/p>\n<h5>Por que escolher o Dr. SERRAR<sup>\u00ae<\/sup> PHYTO CLEAN?<\/h5>\n<p>O Dr. SERRAR\u00ae PHYTO CLEAN \u00e9 fabricado de acordo com os mais altos padr\u00f5es da ind\u00fastria farmac\u00eautica. O creme cont\u00e9m a f\u00f3rmula b\u00e1sica Advanced robanets; subst\u00e2ncia do azeite \u00e9 muito penetrante. Este ingrediente restaura, fornece flexibilidade e protege contra irrita\u00e7\u00f5es da pele. Outros ingredientes com propriedades calmantes reconhecidas; propilenoglicol, amerchol e silicone, que permitem a hidrata\u00e7\u00e3o da pele e deixam uma sensa\u00e7\u00e3o imediata de frescura.<br \/>\npH Respeita a pele fisiol\u00f3gica. Sua base neutra deixa a pele macia e perme\u00e1vel e a prepara efetivamente para receber outros tratamentos. \u00c9 um tratamento natural excepcional que ajuda a retardar os sinais de envelhecimento da pele com seus benef\u00edcios antienvelhecimento, antioxidante, anti-inflamat\u00f3rio e tonificante. PHYTO CLEAN n\u00e3o cont\u00e9m parabenos, derivados de petr\u00f3leo, \u00f3leo mineral, \u00e1lcool ou fragr\u00e2ncias artificiais. Produto n\u00e3o testado em animais (certificado como humano).<\/p>\n<div class=\"productlist\">ALTA QUALIDADE. LIVRE DE GL\u00daTEN. Feito no Canad\u00e1.<br \/>\nBoas Pr\u00e1ticas de Fabrica\u00e7\u00e3o (BPF) \u00e9 um conjunto de regulamenta\u00e7\u00f5es farmac\u00eauticas rigorosas que garantem que os suplementos alimentares sejam fabricados e controlados com um alto padr\u00e3o adequado para uso.<br \/>\nSem Soja, Sem Gl\u00faten, Certificado Kosher, Sem Latic\u00ednios, Sem Leite, Nozes, Amendoins, Mariscos, Trigo e Soja. Tamb\u00e9m livre de fermento, cevada, arroz, s\u00f3dio e a\u00e7\u00facar.<br \/>\nEfici\u00eancia m\u00e1xima.<br \/>\nToda natural.<br \/>\nFeito com ingredientes hipoalerg\u00eanicos.<br \/>\n* Ingredientes da agricultura org\u00e2nica<\/div>\n<p>&nbsp;<\/p>\n<p><strong> RECOMENDA\u00c7\u00c3O DE TESTE DE PATCH <\/strong><br \/>\nEste \u00e9 um creme limpo CONCENTRADO E POTENTE que cont\u00e9m ingredientes ativos \u00e0 base de plantas que podem causar irrita\u00e7\u00e3o na pele ou erup\u00e7\u00f5es cut\u00e2neas para pessoas com alergias. \u00c9 IMPORTANTE que voc\u00ea execute um teste de corre\u00e7\u00e3o do produto * pelo menos 24-48 * horas antes da aplica\u00e7\u00e3o regular para garantir que o produto seja adequado para a sua pele.<\/p>\n<p><strong> Aplicativo <\/strong><br \/>\nSe a f\u00f3rmula for compat\u00edvel com a sua pele, aplique todas as semanas. Somente para uso externo.<br \/>\nO PHYTO CLEAN \u00e9 usado de manh\u00e3 como prepara\u00e7\u00e3o para cuidados hidratantes e protetores, como limpador e removedor de maquiagem. Agite antes de usar. Despeje uma pequena quantidade de leite de limpeza nas m\u00e3os e massageie suavemente o rosto e o pesco\u00e7o com as pontas dos dedos em movimentos circulares.<br \/>\nEnx\u00e1g\u00fce com \u00e1gua morna, seque com um pano \u00famido. Deixa uma agrad\u00e1vel sensa\u00e7\u00e3o de maciez, flexibilidade e frescura na pele. At\u00e9 remove a maquiagem \u00e0 prova d&#8217;\u00e1gua sem esfor\u00e7o e enxagua facilmente.<\/p>\n<p>Ap\u00f3s o PHYTO CLEAN, use o PHYTO TONIC. O kit Dr. SERRAR \u00ae: FITO (LIMPO + ESFREGA + M\u00c1SCARA + T\u00d4NICA) + Vitamina C + ECLAT + DERM, regenera anos de danos ambientais e deixa a pele saud\u00e1vel e jovem. Reduz visivelmente linhas finas e rugas, tornando sua pele mais robusta e luminosa. Projetado para todos os tipos de pele.<\/p>\n<p>O creme Dr. SERRAR<sup>\u00ae<\/sup> PHYTO CLEAN \u00e9 uma marca poderosa, mas segura e testada. Trabalhamos com laborat\u00f3rios no Canad\u00e1 e nos EUA para desenvolver nossos produtos. Cada produto que lan\u00e7amos \u00e9 desenvolvido para ser o mais poderoso poss\u00edvel, a fim de oferecer o m\u00e1ximo efeito, mantendo-se dermatologicamente seguro para a sua pele.<\/p>\n<p><strong> Aviso: <\/strong><br \/>\nPare com a menor mudan\u00e7a ou rea\u00e7\u00e3o. Se necess\u00e1rio, consulte um profissional m\u00e9dico ou informa\u00e7\u00f5es de sa\u00fade em caso de rea\u00e7\u00e3o al\u00e9rgica. Cada pele \u00e9 diferente e reage de maneira diferente ao mesmo cosm\u00e9tico. N\u00e3o fornecemos aconselhamento personalizado, n\u00e3o conhecemos a sua pele.<br \/>\nPara qualquer conselho pessoal, especialmente se voc\u00ea estiver em tratamento m\u00e9dico: consulte seu m\u00e9dico ou dermatologista. Nunca mude um tratamento prescrito com base no que voc\u00ea l\u00ea na internet.<\/p>\n<p>&nbsp;<\/p>\n<p><span style=\"color: #005890;\"><strong><span class=\"VIiyi\" lang=\"pt\"><span class=\"JLqJ4b ChMk0b\" data-language-for-alternatives=\"pt\" data-language-to-translate-into=\"en\" data-phrase-index=\"1\">FEITO NO CANAD\u00c1 \u00a0\u00a0\u00a0\u00a0 |<\/span> <span class=\"JLqJ4b ChMk0b\" data-language-for-alternatives=\"pt\" data-language-to-translate-into=\"en\" data-phrase-index=\"0\">\u00a0\u00a0\u00a0\u00a0 <\/span><span class=\"JLqJ4b ChMk0b\" data-language-for-alternatives=\"pt\" data-language-to-translate-into=\"en\" data-phrase-index=\"2\">GMP CERTIFIED \u00a0\u00a0\u00a0\u00a0 |\u00a0\u00a0\u00a0\u00a0 <\/span> <span class=\"JLqJ4b ChMk0b\" data-language-for-alternatives=\"pt\" data-language-to-translate-into=\"en\" data-phrase-index=\"3\">N\u00c3O OGM \u00a0\u00a0\u00a0\u00a0 |\u00a0\u00a0\u00a0\u00a0 <\/span> <span class=\"JLqJ4b ChMk0b\" data-language-for-alternatives=\"pt\" data-language-to-translate-into=\"en\" data-phrase-index=\"4\">LABORAT\u00d3RIO CERTIFICADO ISO 17025<\/span><\/span><\/strong><\/span><\/p>\n","protected":false},"excerpt":{"rendered":"<p>Limpa &#8211; Purifica Hidratos &#8211; Suaviza Ilumina &#8211; Refresca Prepara a Pele para tratamentos adicionais Diminui a velocidade os sinais do envelhecimento Feito com Ingredientes hipoalerg\u00eanicos Projetado para todos os tipos de pele Cheio de benef\u00edcios antienvelhecimento Anti-inflamat\u00f3rio Livre de gl\u00faten Projetado para todos os tipos de pele O Dr. SERRAR\u00ae Leite Limpador de Veludo [&hellip;]<\/p>\n","protected":false},"featured_media":8789,"template":"","meta":{"hide_page_title":"","_coblocks_attr":"","_coblocks_dimensions":"","_coblocks_responsive_height":"","_coblocks_accordion_ie_support":""},"product_cat":[22],"product_tag":[],"translation":{"provider":"WPGlobus","version":"3.0.1","language":"pt","enabled_languages":["en","es","fr","ar","pt","it"],"languages":{"en":{"title":true,"content":true,"excerpt":false},"es":{"title":false,"content":true,"excerpt":false},"fr":{"title":true,"content":true,"excerpt":false},"ar":{"title":false,"content":true,"excerpt":false},"pt":{"title":false,"content":true,"excerpt":false},"it":{"title":false,"content":true,"excerpt":false}}},"_links":{"self":[{"href":"https:\/\/www.serrarpharma.com\/pt\/wp-json\/wp\/v2\/product\/7805"}],"collection":[{"href":"https:\/\/www.serrarpharma.com\/pt\/wp-json\/wp\/v2\/product"}],"about":[{"href":"https:\/\/www.serrarpharma.com\/pt\/wp-json\/wp\/v2\/types\/product"}],"wp:featuredmedia":[{"embeddable":true,"href":"https:\/\/www.serrarpharma.com\/pt\/wp-json\/wp\/v2\/media\/8789"}],"wp:attachment":[{"href":"https:\/\/www.serrarpharma.com\/pt\/wp-json\/wp\/v2\/media?parent=7805"}],"wp:term":[{"taxonomy":"product_cat","embeddable":true,"href":"https:\/\/www.serrarpharma.com\/pt\/wp-json\/wp\/v2\/product_cat?post=7805"},{"taxonomy":"product_tag","embeddable":true,"href":"https:\/\/www.serrarpharma.com\/pt\/wp-json\/wp\/v2\/product_tag?post=7805"}],"curies":[{"name":"wp","href":"https:\/\/api.w.org\/{rel}","templated":true}]}}