{"id":7804,"date":"2020-06-13T00:46:56","date_gmt":"2020-06-13T00:46:56","guid":{"rendered":"https:\/\/www.serrarpharma.com\/?post_type=product&#038;p=7804"},"modified":"2025-02-01T23:16:12","modified_gmt":"2025-02-02T04:16:12","slug":"phyto-mask-dr-serrar","status":"publish","type":"product","link":"https:\/\/www.serrarpharma.com\/pt\/product\/phyto-mask-dr-serrar\/","title":{"rendered":"MASK"},"content":{"rendered":"<p><img loading=\"lazy\" class=\"alignnone wp-image-11371\" src=\"https:\/\/i0.wp.com\/www.serrarpharma.com\/wp-content\/uploads\/2021\/04\/Made-in-CA.png?resize=70%2C70&#038;ssl=1\" alt=\"\" width=\"70\" height=\"70\" srcset=\"https:\/\/i0.wp.com\/www.serrarpharma.com\/wp-content\/uploads\/2021\/04\/Made-in-CA.png?w=150&amp;ssl=1 150w, https:\/\/i0.wp.com\/www.serrarpharma.com\/wp-content\/uploads\/2021\/04\/Made-in-CA.png?resize=100%2C100&amp;ssl=1 100w\" sizes=\"(max-width: 70px) 100vw, 70px\" data-recalc-dims=\"1\" \/><img loading=\"lazy\" class=\"alignnone wp-image-11370\" src=\"https:\/\/i0.wp.com\/www.serrarpharma.com\/wp-content\/uploads\/2021\/04\/GMP.png?resize=70%2C70&#038;ssl=1\" alt=\"\" width=\"70\" height=\"70\" srcset=\"https:\/\/i0.wp.com\/www.serrarpharma.com\/wp-content\/uploads\/2021\/04\/GMP.png?w=150&amp;ssl=1 150w, https:\/\/i0.wp.com\/www.serrarpharma.com\/wp-content\/uploads\/2021\/04\/GMP.png?resize=100%2C100&amp;ssl=1 100w\" sizes=\"(max-width: 70px) 100vw, 70px\" data-recalc-dims=\"1\" \/><img loading=\"lazy\" class=\"alignnone wp-image-11369\" src=\"https:\/\/i0.wp.com\/www.serrarpharma.com\/wp-content\/uploads\/2021\/04\/Nongmo.png?resize=70%2C70&#038;ssl=1\" alt=\"\" width=\"70\" height=\"70\" srcset=\"https:\/\/i0.wp.com\/www.serrarpharma.com\/wp-content\/uploads\/2021\/04\/Nongmo.png?w=150&amp;ssl=1 150w, https:\/\/i0.wp.com\/www.serrarpharma.com\/wp-content\/uploads\/2021\/04\/Nongmo.png?resize=100%2C100&amp;ssl=1 100w\" sizes=\"(max-width: 70px) 100vw, 70px\" data-recalc-dims=\"1\" \/><img loading=\"lazy\" class=\"alignnone wp-image-11799\" src=\"https:\/\/i0.wp.com\/www.serrarpharma.com\/wp-content\/uploads\/2021\/04\/ISO-07.png?resize=70%2C70&#038;ssl=1\" alt=\"\" width=\"70\" height=\"70\" srcset=\"https:\/\/i0.wp.com\/www.serrarpharma.com\/wp-content\/uploads\/2021\/04\/ISO-07.png?resize=300%2C300&amp;ssl=1 300w, https:\/\/i0.wp.com\/www.serrarpharma.com\/wp-content\/uploads\/2021\/04\/ISO-07.png?resize=150%2C150&amp;ssl=1 150w, https:\/\/i0.wp.com\/www.serrarpharma.com\/wp-content\/uploads\/2021\/04\/ISO-07.png?resize=100%2C100&amp;ssl=1 100w, https:\/\/i0.wp.com\/www.serrarpharma.com\/wp-content\/uploads\/2021\/04\/ISO-07.png?w=418&amp;ssl=1 418w\" sizes=\"(max-width: 70px) 100vw, 70px\" data-recalc-dims=\"1\" \/><\/p>\n<p>Repara\u00e7\u00e3o e Cura<br \/>\nReparos &#8211; Cura<br \/>\nHidrata<br \/>\nAntioxidante<br \/>\nAntiss\u00e9ptico &#8211; Oxigenar<br \/>\nAnti-vermelhid\u00e3o &#8211; acalma<br \/>\nIlumina &#8211; Firmas<br \/>\nSuplementa\u00e7\u00e3o &#8211; Conforto da pele<br \/>\nD\u00e1 uma apar\u00eancia jovem<br \/>\nFeito com<br \/>\n<strong> Ingredientes hipoalerg\u00eanicos <\/strong><br \/>\nProjetado para todos os tipos de pele<\/p>\n<p>Estimula a circula\u00e7\u00e3o da epiderme<br \/>\nOxigena\u00e7\u00e3o da pele<br \/>\nAnti-s\u00e9ptico n\u00e3o irritante<br \/>\nProjetado para todos os tipos de pele<\/p>\n<p>A m\u00e1scara cosm\u00e9tica \u00e9 um ritual criado h\u00e1 milhares de anos. O Egito antigo e sua lend\u00e1ria Cle\u00f3patra adoravam esse tipo de cuidado. Este ritual atravessou as eras passando pela Gr\u00e9cia antiga, que deu o nome de cosm\u00e9ticos traduzidos para o grego antigo pelo Kosmos, o que significa rosto e ornamento.<\/p>\n<p>A m\u00e1scara de beleza \u00e9 um tratamento ritual que ajuda a manter a pele, fornecendo todos os elementos e ingredientes ativos necess\u00e1rios para o equil\u00edbrio da pele e retardando os sinais de envelhecimento.<\/p>\n<p>A pele diferente requer um tratamento nutritivo e calmante confort\u00e1vel.<br \/>\nO Dr. SERRAR<sup>\u00ae<\/sup> PHYTO MASK \u00e9 o tratamento hidratante que reequilibrar\u00e1 todos os tipos de pele normal, seca, mista e extra-sens\u00edvel. . A hidrata\u00e7\u00e3o \u00e9 o ponto comum para todos os tipos de pele. C\u00e9lulas e gl\u00e2ndulas subcut\u00e2neas s\u00e3o incapazes de criar \u00e1gua. Essa hidrata\u00e7\u00e3o ser\u00e1 a chave para manter o equil\u00edbrio do filme hidrolip\u00eddico.<br \/>\nEste tratamento espec\u00edfico pode compensar uma degrada\u00e7\u00e3o da pele, como rugas, perda de firmeza, olheiras, espinhas, ressecamento.<\/p>\n<p>Pele seca, por exemplo, falta de \u00e1gua e lip\u00eddios. \u00c9 por isso que ser\u00e1 necess\u00e1rio optar pelo PHYTO MASK, uma m\u00e1scara rica em hidrata\u00e7\u00e3o e nutri\u00e7\u00e3o com ingredientes ativos que ser\u00e3o capazes de restaurar essa falta de \u00e1gua e proporcionar flexibilidade e conforto \u00e0 pele.<br \/>\nPor outro lado, a pele oleosa produz uma quantidade excessiva de sebo, uma subst\u00e2ncia gordurosa que protege a barreira epid\u00e9rmica. No entanto, voc\u00ea deve saber que essa superprodu\u00e7\u00e3o se deve parcialmente a uma ruptura das gl\u00e2ndulas seb\u00e1ceas, mas tamb\u00e9m a uma poss\u00edvel desidrata\u00e7\u00e3o. Se a pele sentir um desequil\u00edbrio e falta de \u00e1gua, ela s\u00f3 pode devolver o sebo para se proteger. Uma superprodu\u00e7\u00e3o de sebo obstrui os poros e causa manchas e cravos, mas n\u00e3o resolve o problema da falta de \u00e1gua.<br \/>\nAl\u00e9m disso, PHYTO MASK \u00e9 enriquecido com ingredientes com v\u00e1rias propriedades antioxidantes, anti-vermelhid\u00e3o, calmantes e calmantes. Por isso, \u00e9 perfeito para peles reativas e sens\u00edveis.<\/p>\n<p><strong>PRINCIPAIS INGREDIENTES <\/strong><br \/>\nAlanto\u00edna:<br \/>\nCura, promove a prolifera\u00e7\u00e3o celular da pele. Elimina o tecido necr\u00f3tico. agente reparador e restaurador do epit\u00e9lio. n\u00e3o irritante, e \u00e9 hidratante, suavizante e calmante.<\/p>\n<p>Extrato de erva-doce:<br \/>\nRegula a umidade da pele e alivia a irrita\u00e7\u00e3o.<\/p>\n<p>Extrato de visco e erva-cidreira:<br \/>\nPropriedade anti-s\u00e9ptica.<\/p>\n<p>Extrato de l\u00fapulo:<br \/>\nRico em estrog\u00eanio vegetal, que ajuda a firmar a pele. t\u00f4nico estimulante e anti-s\u00e9ptico.<\/p>\n<p>Extrato de Yarrow:<br \/>\nEstimula a circula\u00e7\u00e3o sangu\u00ednea na epiderme e oxigena\u00e7\u00e3o da pele.<\/p>\n<p>O uso de PHYTO MASK proporciona mais conforto e resultados impressionantes para uma pele perfeita e brilhante.<\/p>\n<p><strong> Por que escolher o Dr. SERRAR<sup>\u00ae<\/sup> PHYTO MASK? <\/strong><br \/>\nO Dr. SERRAR<sup>\u00ae<\/sup> PHYTO MASK \u00e9 fabricado de acordo com os mais altos padr\u00f5es da ind\u00fastria farmac\u00eautica. O creme cont\u00e9m extrato de erva-doce avan\u00e7ada, Houblon, Linguee, achill\u00e9e, camomila em combina\u00e7\u00e3o com alanto\u00edna. Essas subst\u00e2ncias naturais ajudam a pele a manter essas fun\u00e7\u00f5es generativas. Esta M\u00c1SCARA livra a pele de impurezas e c\u00e9lulas mortas, confere uma apar\u00eancia jovem e saud\u00e1vel e a prepara para receber os elementos ativos dos produtos de tratamento.<br \/>\nPHYTO MASK \u00e9 um agente de cura, repara\u00e7\u00e3o e restaura\u00e7\u00e3o do epit\u00e9lio. promove a prolifera\u00e7\u00e3o celular da pele, elimina o tecido necr\u00f3tico. \u00c9 hidratante, suavizante e calmante, regula a umidade da pele e alivia a irrita\u00e7\u00e3o. Rico em estrog\u00eanio vegetal, ajuda a firmar a pele. Estimula a circula\u00e7\u00e3o sangu\u00ednea na epiderme e a oxigena\u00e7\u00e3o da pele. Tem uma propriedade anti-s\u00e9ptica n\u00e3o irritante. Projetado para todos os tipos de pele.<\/p>\n<div class=\"productlist\">ALTA QUALIDADE. LIVRE DE GL\u00daTEN. Feito no Canad\u00e1.<br \/>\nBoas Pr\u00e1ticas de Fabrica\u00e7\u00e3o (BPF) \u00e9 um conjunto de regulamenta\u00e7\u00f5es farmac\u00eauticas rigorosas que garantem que os suplementos alimentares sejam fabricados e controlados com um alto padr\u00e3o adequado para uso.<br \/>\nSem Soja, Sem Gl\u00faten, Certificado Kosher, Sem Latic\u00ednios, Sem Leite, Nozes, Amendoins, Mariscos, Trigo e Soja. Tamb\u00e9m livre de fermento, cevada, arroz, s\u00f3dio e a\u00e7\u00facar.<br \/>\nEfici\u00eancia m\u00e1xima.<br \/>\nToda natural.<br \/>\nFeito com ingredientes hipoalerg\u00eanicos.<\/div>\n<p>&nbsp;<\/p>\n<p><strong> RECOMENDA\u00c7\u00c3O DE TESTE DE PATCH <\/strong><br \/>\nEste \u00e9 um creme de m\u00e1scara CONCENTRADO E POTENTE que cont\u00e9m ingredientes ativos \u00e0 base de plantas que podem causar irrita\u00e7\u00e3o na pele ou erup\u00e7\u00f5es cut\u00e2neas para pessoas com alergias. \u00c9 IMPORTANTE que voc\u00ea execute um teste de corre\u00e7\u00e3o do produto * pelo menos 24-48 * horas antes da aplica\u00e7\u00e3o regular para garantir que o produto seja adequado para a sua pele.<\/p>\n<p><strong> Instru\u00e7\u00f5es de uso <\/strong><br \/>\nSe a f\u00f3rmula for compat\u00edvel com a sua pele, aplique todas as semanas. Somente para uso externo.<br \/>\nO uso de PHYTO MASK traz mais conforto e resultados impressionantes para uma pele perfeita e brilhante. Essa m\u00e1scara livra a pele de impurezas e c\u00e9lulas mortas, confere uma apar\u00eancia jovem e saud\u00e1vel e a prepara para receber os elementos ativos dos produtos de tratamento.<br \/>\nAplique uma camada generosa de Phyto Repair no rosto, peito ou pesco\u00e7o, evitando a \u00e1rea dos olhos e l\u00e1bios. Deixe a m\u00e1scara descansar por 10 a 15 minutos. Enx\u00e1g\u00fce com \u00e1gua fria, se desejar. Use 2-3 vezes por semana ou conforme necess\u00e1rio.<\/p>\n<p>Use a PHYTO MASK ap\u00f3s a esfolia\u00e7\u00e3o com PHYTO SCRUB +. PHYTO TONIC<br \/>\nAp\u00f3s a PHYTO MASK, use o Dr. SERRAR\u00ae Vitamina C + ECLAT (dia) + DERM (noite).<br \/>\nO kit Dr. SERRAR<sup>\u00ae<\/sup>: FITO (LIMPO + ESFREGA + M\u00c1SCARA + T\u00d4NICA) + Vitamina C + ECLAT + DERM, regenera anos de danos ambientais e deixa a pele saud\u00e1vel e jovem. Reduz visivelmente linhas finas e rugas, tornando sua pele mais robusta e luminosa. Projetado para todos os tipos de pele<\/p>\n<p>O creme Dr. SERRAR<sup>\u00ae<\/sup> PHYTO MASK \u00e9 uma marca poderosa, mas segura e testada. Trabalhamos com laborat\u00f3rios no Canad\u00e1 e nos EUA para desenvolver nossos produtos. Cada produto que lan\u00e7amos \u00e9 desenvolvido para ser o mais poderoso poss\u00edvel, a fim de oferecer o m\u00e1ximo efeito, mantendo-se dermatologicamente seguro para a sua pele.<\/p>\n<p><strong> Aviso: <\/strong><br \/>\nPare com a menor mudan\u00e7a ou rea\u00e7\u00e3o. Se necess\u00e1rio, consulte um profissional m\u00e9dico ou informa\u00e7\u00f5es de sa\u00fade em caso de rea\u00e7\u00e3o al\u00e9rgica. Cada pele \u00e9 diferente e reage de maneira diferente ao mesmo cosm\u00e9tico. N\u00e3o fornecemos aconselhamento personalizado, n\u00e3o conhecemos a sua pele.<br \/>\nPara qualquer conselho pessoal, especialmente se voc\u00ea estiver em tratamento m\u00e9dico: consulte seu m\u00e9dico ou dermatologista. Nunca mude um tratamento prescrito com base no que voc\u00ea l\u00ea na internet.<\/p>\n<p>&nbsp;<\/p>\n<p><span style=\"color: #005890;\"><strong><span class=\"VIiyi\" lang=\"pt\"> <span class=\"JLqJ4b ChMk0b\" data-language-for-alternatives=\"pt\" data-language-to-translate-into=\"en\" data-phrase-index=\"1\">FEITO NO CANAD\u00c1 \u00a0\u00a0\u00a0\u00a0 |<\/span> <span class=\"JLqJ4b ChMk0b\" data-language-for-alternatives=\"pt\" data-language-to-translate-into=\"en\" data-phrase-index=\"0\">\u00a0\u00a0\u00a0\u00a0 <\/span><span class=\"JLqJ4b ChMk0b\" data-language-for-alternatives=\"pt\" data-language-to-translate-into=\"en\" data-phrase-index=\"2\">GMP CERTIFIED \u00a0\u00a0\u00a0\u00a0 |\u00a0\u00a0\u00a0\u00a0 <\/span> <span class=\"JLqJ4b ChMk0b\" data-language-for-alternatives=\"pt\" data-language-to-translate-into=\"en\" data-phrase-index=\"3\">N\u00c3O OGM \u00a0\u00a0\u00a0\u00a0 |\u00a0\u00a0\u00a0\u00a0 <\/span> <span class=\"JLqJ4b ChMk0b\" data-language-for-alternatives=\"pt\" data-language-to-translate-into=\"en\" data-phrase-index=\"4\">LABORAT\u00d3RIO CERTIFICADO ISO 17025<\/span><\/span><\/strong><\/span><\/p>\n","protected":false},"excerpt":{"rendered":"<p>Repara\u00e7\u00e3o e Cura Reparos &#8211; Cura Hidrata Antioxidante Antiss\u00e9ptico &#8211; Oxigenar Anti-vermelhid\u00e3o &#8211; acalma Ilumina &#8211; Firmas Suplementa\u00e7\u00e3o &#8211; Conforto da pele D\u00e1 uma apar\u00eancia jovem Feito com Ingredientes hipoalerg\u00eanicos Projetado para todos os tipos de pele Estimula a circula\u00e7\u00e3o da epiderme Oxigena\u00e7\u00e3o da pele Anti-s\u00e9ptico n\u00e3o irritante Projetado para todos os tipos de pele [&hellip;]<\/p>\n","protected":false},"featured_media":8489,"template":"","meta":{"hide_page_title":"","_coblocks_attr":"","_coblocks_dimensions":"","_coblocks_responsive_height":"","_coblocks_accordion_ie_support":""},"product_cat":[22],"product_tag":[],"translation":{"provider":"WPGlobus","version":"3.0.1","language":"pt","enabled_languages":["en","es","fr","ar","pt","it"],"languages":{"en":{"title":true,"content":true,"excerpt":false},"es":{"title":false,"content":true,"excerpt":false},"fr":{"title":true,"content":true,"excerpt":false},"ar":{"title":false,"content":true,"excerpt":false},"pt":{"title":false,"content":true,"excerpt":false},"it":{"title":false,"content":true,"excerpt":false}}},"_links":{"self":[{"href":"https:\/\/www.serrarpharma.com\/pt\/wp-json\/wp\/v2\/product\/7804"}],"collection":[{"href":"https:\/\/www.serrarpharma.com\/pt\/wp-json\/wp\/v2\/product"}],"about":[{"href":"https:\/\/www.serrarpharma.com\/pt\/wp-json\/wp\/v2\/types\/product"}],"wp:featuredmedia":[{"embeddable":true,"href":"https:\/\/www.serrarpharma.com\/pt\/wp-json\/wp\/v2\/media\/8489"}],"wp:attachment":[{"href":"https:\/\/www.serrarpharma.com\/pt\/wp-json\/wp\/v2\/media?parent=7804"}],"wp:term":[{"taxonomy":"product_cat","embeddable":true,"href":"https:\/\/www.serrarpharma.com\/pt\/wp-json\/wp\/v2\/product_cat?post=7804"},{"taxonomy":"product_tag","embeddable":true,"href":"https:\/\/www.serrarpharma.com\/pt\/wp-json\/wp\/v2\/product_tag?post=7804"}],"curies":[{"name":"wp","href":"https:\/\/api.w.org\/{rel}","templated":true}]}}