{"id":7801,"date":"2020-06-07T14:56:28","date_gmt":"2020-06-07T14:56:28","guid":{"rendered":"https:\/\/www.serrarpharma.com\/?post_type=product&#038;p=7801"},"modified":"2024-08-21T22:01:59","modified_gmt":"2024-08-22T02:01:59","slug":"phyto-scrub-dr-serrar","status":"publish","type":"product","link":"https:\/\/www.serrarpharma.com\/pt\/product\/phyto-scrub-dr-serrar\/","title":{"rendered":"SCRUB"},"content":{"rendered":"<p><img loading=\"lazy\" class=\"alignnone wp-image-11371\" src=\"https:\/\/i0.wp.com\/www.serrarpharma.com\/wp-content\/uploads\/2021\/04\/Made-in-CA.png?resize=70%2C70&#038;ssl=1\" alt=\"\" width=\"70\" height=\"70\" srcset=\"https:\/\/i0.wp.com\/www.serrarpharma.com\/wp-content\/uploads\/2021\/04\/Made-in-CA.png?w=150&amp;ssl=1 150w, https:\/\/i0.wp.com\/www.serrarpharma.com\/wp-content\/uploads\/2021\/04\/Made-in-CA.png?resize=100%2C100&amp;ssl=1 100w\" sizes=\"(max-width: 70px) 100vw, 70px\" data-recalc-dims=\"1\" \/><img loading=\"lazy\" class=\"alignnone wp-image-11370\" src=\"https:\/\/i0.wp.com\/www.serrarpharma.com\/wp-content\/uploads\/2021\/04\/GMP.png?resize=70%2C70&#038;ssl=1\" alt=\"\" width=\"70\" height=\"70\" srcset=\"https:\/\/i0.wp.com\/www.serrarpharma.com\/wp-content\/uploads\/2021\/04\/GMP.png?w=150&amp;ssl=1 150w, https:\/\/i0.wp.com\/www.serrarpharma.com\/wp-content\/uploads\/2021\/04\/GMP.png?resize=100%2C100&amp;ssl=1 100w\" sizes=\"(max-width: 70px) 100vw, 70px\" data-recalc-dims=\"1\" \/><img loading=\"lazy\" class=\"alignnone wp-image-11369\" src=\"https:\/\/i0.wp.com\/www.serrarpharma.com\/wp-content\/uploads\/2021\/04\/Nongmo.png?resize=70%2C70&#038;ssl=1\" alt=\"\" width=\"70\" height=\"70\" srcset=\"https:\/\/i0.wp.com\/www.serrarpharma.com\/wp-content\/uploads\/2021\/04\/Nongmo.png?w=150&amp;ssl=1 150w, https:\/\/i0.wp.com\/www.serrarpharma.com\/wp-content\/uploads\/2021\/04\/Nongmo.png?resize=100%2C100&amp;ssl=1 100w\" sizes=\"(max-width: 70px) 100vw, 70px\" data-recalc-dims=\"1\" \/><img loading=\"lazy\" class=\"alignnone wp-image-11799\" src=\"https:\/\/i0.wp.com\/www.serrarpharma.com\/wp-content\/uploads\/2021\/04\/ISO-07.png?resize=70%2C70&#038;ssl=1\" alt=\"\" width=\"70\" height=\"70\" srcset=\"https:\/\/i0.wp.com\/www.serrarpharma.com\/wp-content\/uploads\/2021\/04\/ISO-07.png?resize=300%2C300&amp;ssl=1 300w, https:\/\/i0.wp.com\/www.serrarpharma.com\/wp-content\/uploads\/2021\/04\/ISO-07.png?resize=150%2C150&amp;ssl=1 150w, https:\/\/i0.wp.com\/www.serrarpharma.com\/wp-content\/uploads\/2021\/04\/ISO-07.png?resize=100%2C100&amp;ssl=1 100w, https:\/\/i0.wp.com\/www.serrarpharma.com\/wp-content\/uploads\/2021\/04\/ISO-07.png?w=418&amp;ssl=1 418w\" sizes=\"(max-width: 70px) 100vw, 70px\" data-recalc-dims=\"1\" \/><\/p>\n<p>Nutre &#8211; Acalma<br \/>\nAntioxidante<br \/>\nRemove impurezas<br \/>\nC\u00e9lulas mortas da pele<br \/>\nAperta poros<br \/>\nProlonga Bronzeamento<br \/>\nFeito com<br \/>\n<strong>Ingredientes hipoalerg\u00eanicos<\/strong><br \/>\nProjetado para todos os tipos de pele<\/p>\n<p>Reduz a apar\u00eancia de linhas finas e rugas<br \/>\nAntioxidantes previnem o envelhecimento da pele<br \/>\nProtege contra agress\u00f5es externas di\u00e1rias<br \/>\nMelhor pele oxigenada, radiante e luminosa<br \/>\nHidratos da pele mais sens\u00edvel<br \/>\nNutritivo e calmante<br \/>\nAdstringente aperta os poros<br \/>\nRelaxa os m\u00fasculos do seu rosto<br \/>\nPele mais macia com um toque aveludado<br \/>\nProjetado para todos os tipos de pele<\/p>\n<p><strong> Por que escolher uma esfolia\u00e7\u00e3o: <\/strong><br \/>\n\u00c9 importante esfoliar a pele regularmente. Prolongar o bronzeado ou melhorar a efic\u00e1cia dos cuidados. A esfolia\u00e7\u00e3o faz parte de uma rotina ideal de beleza e de uma pele bonita e macia.<\/p>\n<p><strong> O que \u00e9 uma esfolia\u00e7\u00e3o? <\/strong><br \/>\nA esfolia\u00e7\u00e3o consiste em eliminar as c\u00e9lulas mortas acumuladas na epiderme, a superf\u00edcie da pele. Se eles n\u00e3o forem removidos e a camada de c\u00e9lulas mortas ficar muito espessa, isso pode ter v\u00e1rias consequ\u00eancias na epiderme:<\/p>\n<div class=\"productlist\">Pele mais fosca e sem brilho<br \/>\nPele menos oxigenada, como se desvitalizada<br \/>\nPele mais \u00e1spera ao toque<br \/>\nPele mais seca<br \/>\nP\u00ealos encravados, devido \u00e0s gl\u00e2ndulas pilosseb\u00e1ceas, na raiz do cabelo, que obstruem mais facilmente<\/div>\n<p>Poros entupidos e espinhas no rosto acontecem porque a pele est\u00e1 congestionada. Embora muitas vezes a natureza fa\u00e7a as coisas corretamente, e a pele do seu corpo diminua a maior parte do tempo, \u00e0s vezes \u00e9 necess\u00e1rio um pequeno impulso para ser completamente limpo, desintoxicado e nutrido.<\/p>\n<p>Dr. SERRAR PHYTO SCRUB \u00e9 uma esfolia\u00e7\u00e3o mec\u00e2nica. \u00c9 composto de diferentes ingredientes ativos naturais e org\u00e2nicos, para um atendimento eficaz que respeita a sua sa\u00fade e o meio ambiente.<br \/>\nComposto de gr\u00e3os de diatom\u00e1ceas, o PHYTO SCRUB possui poder abrasivo na pele, cont\u00e9m microgr\u00e3os naturais muito finos, o que permitir\u00e1 que respeite a pele e seja eficaz. S\u00e3o macios e agrad\u00e1veis \u200b\u200bde usar: desalojam c\u00e9lulas mortas sem agredir sua pele. Gra\u00e7as \u00e0 massagem, os gr\u00e3os do PHYTO SCRUB permitem que a pele se livre de c\u00e9lulas mortas e impurezas.<\/p>\n<p>Depois de usar PHYTO SCRUB, sua pele ficar\u00e1 mais saud\u00e1vel e macia. Esfoliando regularmente a pele do seu rosto, voc\u00ea contribuir\u00e1 para a renova\u00e7\u00e3o natural das c\u00e9lulas, eliminando parte do estrato c\u00f3rneo composto por c\u00e9lulas mortas. Assim, sua pele \u00e9 melhor oxigenada, renova-se melhor e mais rapidamente, o que a torna mais radiante e luminosa.<\/p>\n<p>Outro benef\u00edcio: a camada protetora da pele sendo refinada e, portanto, menos imperme\u00e1vel, os cuidados que voc\u00ea presta podem penetrar melhor e mais profundamente. PHYTO SCRUB tamb\u00e9m reduz a apar\u00eancia de rugas e linhas finas e torna a pele mais macia com um toque aveludado.<\/p>\n<p>Os \u00f3leos vegetais s\u00e3o essenciais no PHYTO SCRUB porque, imediatamente ap\u00f3s a esfolia\u00e7\u00e3o, ajudam a reestruturar e nutrir a pele. \u00e9 recomend\u00e1vel deixar o esfoliante na pele por 3 a 4 minutos ap\u00f3s uma massagem suave, para se beneficiar das propriedades nutritivas e calmantes dos \u00f3leos vegetais: este \u00e9 o gesto ideal para reequilibrar a hidrata\u00e7\u00e3o da epiderme mais sens\u00edvel.<\/p>\n<p>O PHYTO SCRUB n\u00e3o apenas esfolia a pele, mas tamb\u00e9m oferece um cuidado real. Use ingredientes ativos que melhoram a condi\u00e7\u00e3o da pele, circulat\u00f3ria, adstringente (a\u00e7\u00e3o que aperta os poros), antioxidante (impede o envelhecimento da pele e protege das agress\u00f5es externas di\u00e1rias) ou at\u00e9 relaxa, para ajudar os m\u00fasculos do rosto a se aliviarem.<\/p>\n<p>&nbsp;<\/p>\n<h5>Por que escolher o Dr. SERRAR <sup>\u00ae<\/sup> PHYTO SCRUB?<\/h5>\n<p>O Dr. SERRAR PHYTO SCRUB \u00e9 fabricado de acordo com os mais altos padr\u00f5es da ind\u00fastria farmac\u00eautica. Esfoliante e tratando, o creme cont\u00e9m microgr\u00e2nulos avan\u00e7ados de diatom\u00e1ceas, extrato de pepino, \u00f3leo de gergelim, \u00f3leo de am\u00eandoas doces e alanto\u00edna. Essas subst\u00e2ncias naturais ajudam a pele a manter essas fun\u00e7\u00f5es generativas. Lixando suavemente, esse creme libera a pele de impurezas e c\u00e9lulas mortas, confere uma apar\u00eancia jovem e saud\u00e1vel e a prepara para receber os elementos ativos dos produtos de tratamento. Projetado para todos os tipos de pele. Para o rosto, pesco\u00e7o, p\u00e9s e corpo.<\/p>\n<div class=\"productlist\">ALTA QUALIDADE. LIVRE DE GL\u00daTEN. Feito no Canad\u00e1.<br \/>\nAs Boas Pr\u00e1ticas de Fabrica\u00e7\u00e3o (BPF) s\u00e3o um conjunto de regulamenta\u00e7\u00f5es farmac\u00eauticas rigorosas que garantem que os suplementos alimentares sejam fabricados e controlados com um alto padr\u00e3o adequado para uso.<br \/>\nSem Soja, Sem Gl\u00faten, Certificado Kosher, Sem Latic\u00ednios, Sem Leite, Nozes, Amendoins, Mariscos, Trigo e Soja. Tamb\u00e9m livre de fermento, cevada, arroz, s\u00f3dio e a\u00e7\u00facar.<br \/>\nEfici\u00eancia m\u00e1xima.<br \/>\nToda natural.<br \/>\nFeito com ingredientes hipoalerg\u00eanicos.<\/div>\n<p><strong> RECOMENDA\u00c7\u00c3O DE TESTE DE PATCH <\/strong><br \/>\nEste \u00e9 um creme esfoliante concentrado e poderoso que cont\u00e9m ingredientes ativos \u00e0 base de plantas que podem causar irrita\u00e7\u00e3o na pele ou erup\u00e7\u00f5es cut\u00e2neas para pessoas com alergias. \u00c9 IMPORTANTE que voc\u00ea execute um teste de corre\u00e7\u00e3o do produto * pelo menos 24-48 * horas antes da aplica\u00e7\u00e3o regular para garantir que o produto seja adequado para a sua pele.<\/p>\n<p><strong> Instru\u00e7\u00f5es de uso <\/strong><br \/>\nSe a f\u00f3rmula for compat\u00edvel com a sua pele, aplique uma vez por semana. Somente para uso externo.<br \/>\nPara o rosto, pesco\u00e7o, p\u00e9s e corpo.<br \/>\nAp\u00f3s a esfolia\u00e7\u00e3o, use o Dr. SERRAR FITO T\u00d4NICO + Vitamina C + ECLAT (dia) + DERM (noite) ..<br \/>\nO kit Dr. SERRAR \u00ae: FITO (LIMPO + ESFREGA + M\u00c1SCARA + T\u00d4NICA) + Vitamina C + ECLAT + DERM, regenera anos de danos ambientais e deixa a pele saud\u00e1vel e jovem. Reduz visivelmente linhas finas e rugas, tornando sua pele mais robusta e luminosa. Projetado para todos os tipos de pele.<br \/>\nO creme Dr. SERRAR\u00ae PHYTO SCRUB \u00e9 uma marca poderosa, mas segura e testada. Trabalhamos com laborat\u00f3rios no Canad\u00e1 e nos EUA para desenvolver nossos produtos. Cada produto que lan\u00e7amos \u00e9 desenvolvido para ser o mais poderoso poss\u00edvel, a fim de oferecer o m\u00e1ximo efeito, mantendo-se dermatologicamente seguro para a sua pele.<\/p>\n<p><strong> Aviso: <\/strong><br \/>\nPare com a menor mudan\u00e7a ou rea\u00e7\u00e3o. Se necess\u00e1rio, consulte um profissional m\u00e9dico ou informa\u00e7\u00f5es de sa\u00fade em caso de rea\u00e7\u00f5es al\u00e9rgicas.<br \/>\nCada pele \u00e9 diferente e reage de maneira diferente ao mesmo cosm\u00e9tico. N\u00e3o fornecemos aconselhamento personalizado, n\u00e3o conhecemos a sua pele.<br \/>\nPara qualquer conselho pessoal, especialmente se voc\u00ea estiver em tratamento m\u00e9dico: consulte seu m\u00e9dico ou dermatologista.<br \/>\nNunca mude um tratamento prescrito com base no que voc\u00ea l\u00ea na internet.<\/p>\n<p>&nbsp;<\/p>\n<p><span style=\"color: #005890;\"><strong><span class=\"VIiyi\" lang=\"pt\"> <span class=\"JLqJ4b ChMk0b\" data-language-for-alternatives=\"pt\" data-language-to-translate-into=\"en\" data-phrase-index=\"1\">FEITO NO CANAD\u00c1 \u00a0\u00a0\u00a0\u00a0 |<\/span> <span class=\"JLqJ4b ChMk0b\" data-language-for-alternatives=\"pt\" data-language-to-translate-into=\"en\" data-phrase-index=\"0\">\u00a0\u00a0\u00a0\u00a0 <\/span><span class=\"JLqJ4b ChMk0b\" data-language-for-alternatives=\"pt\" data-language-to-translate-into=\"en\" data-phrase-index=\"2\">GMP CERTIFIED \u00a0\u00a0\u00a0\u00a0 |\u00a0\u00a0\u00a0\u00a0 <\/span> <span class=\"JLqJ4b ChMk0b\" data-language-for-alternatives=\"pt\" data-language-to-translate-into=\"en\" data-phrase-index=\"3\">N\u00c3O OGM \u00a0\u00a0\u00a0\u00a0 |\u00a0\u00a0\u00a0\u00a0 <\/span> <span class=\"JLqJ4b ChMk0b\" data-language-for-alternatives=\"pt\" data-language-to-translate-into=\"en\" data-phrase-index=\"4\">LABORAT\u00d3RIO CERTIFICADO ISO 17025<\/span><\/span><\/strong><\/span><\/p>\n","protected":false},"excerpt":{"rendered":"<p>Nutre &#8211; Acalma Antioxidante Remove impurezas C\u00e9lulas mortas da pele Aperta poros Prolonga Bronzeamento Feito com Ingredientes hipoalerg\u00eanicos Projetado para todos os tipos de pele Reduz a apar\u00eancia de linhas finas e rugas Antioxidantes previnem o envelhecimento da pele Protege contra agress\u00f5es externas di\u00e1rias Melhor pele oxigenada, radiante e luminosa Hidratos da pele mais sens\u00edvel [&hellip;]<\/p>\n","protected":false},"featured_media":8488,"template":"","meta":{"hide_page_title":"","_coblocks_attr":"","_coblocks_dimensions":"","_coblocks_responsive_height":"","_coblocks_accordion_ie_support":""},"product_cat":[22],"product_tag":[],"translation":{"provider":"WPGlobus","version":"3.0.1","language":"pt","enabled_languages":["en","es","fr","ar","pt","it"],"languages":{"en":{"title":true,"content":true,"excerpt":false},"es":{"title":false,"content":true,"excerpt":false},"fr":{"title":true,"content":true,"excerpt":false},"ar":{"title":false,"content":true,"excerpt":false},"pt":{"title":false,"content":true,"excerpt":false},"it":{"title":false,"content":true,"excerpt":false}}},"_links":{"self":[{"href":"https:\/\/www.serrarpharma.com\/pt\/wp-json\/wp\/v2\/product\/7801"}],"collection":[{"href":"https:\/\/www.serrarpharma.com\/pt\/wp-json\/wp\/v2\/product"}],"about":[{"href":"https:\/\/www.serrarpharma.com\/pt\/wp-json\/wp\/v2\/types\/product"}],"wp:featuredmedia":[{"embeddable":true,"href":"https:\/\/www.serrarpharma.com\/pt\/wp-json\/wp\/v2\/media\/8488"}],"wp:attachment":[{"href":"https:\/\/www.serrarpharma.com\/pt\/wp-json\/wp\/v2\/media?parent=7801"}],"wp:term":[{"taxonomy":"product_cat","embeddable":true,"href":"https:\/\/www.serrarpharma.com\/pt\/wp-json\/wp\/v2\/product_cat?post=7801"},{"taxonomy":"product_tag","embeddable":true,"href":"https:\/\/www.serrarpharma.com\/pt\/wp-json\/wp\/v2\/product_tag?post=7801"}],"curies":[{"name":"wp","href":"https:\/\/api.w.org\/{rel}","templated":true}]}}