{"id":7718,"date":"2020-06-05T03:09:52","date_gmt":"2020-06-05T03:09:52","guid":{"rendered":"https:\/\/www.serrarpharma.com\/?post_type=product&#038;p=7718"},"modified":"2024-08-21T22:05:33","modified_gmt":"2024-08-22T02:05:33","slug":"dr-serrar-derm","status":"publish","type":"product","link":"https:\/\/www.serrarpharma.com\/pt\/product\/dr-serrar-derm\/","title":{"rendered":"DERM Ergothioneine"},"content":{"rendered":"<p><img loading=\"lazy\" class=\"alignnone wp-image-11896\" src=\"https:\/\/i0.wp.com\/www.serrarpharma.com\/wp-content\/uploads\/2021\/05\/Quality-Labels-US-09.png?resize=70%2C70&#038;ssl=1\" alt=\"\" width=\"70\" height=\"70\" data-recalc-dims=\"1\" \/><img loading=\"lazy\" class=\"alignnone wp-image-11370\" src=\"https:\/\/i0.wp.com\/www.serrarpharma.com\/wp-content\/uploads\/2021\/04\/GMP.png?resize=70%2C70&#038;ssl=1\" alt=\"\" width=\"70\" height=\"70\" srcset=\"https:\/\/i0.wp.com\/www.serrarpharma.com\/wp-content\/uploads\/2021\/04\/GMP.png?w=150&amp;ssl=1 150w, https:\/\/i0.wp.com\/www.serrarpharma.com\/wp-content\/uploads\/2021\/04\/GMP.png?resize=100%2C100&amp;ssl=1 100w\" sizes=\"(max-width: 70px) 100vw, 70px\" data-recalc-dims=\"1\" \/><img loading=\"lazy\" class=\"alignnone wp-image-11369\" src=\"https:\/\/i0.wp.com\/www.serrarpharma.com\/wp-content\/uploads\/2021\/04\/Nongmo.png?resize=70%2C70&#038;ssl=1\" alt=\"\" width=\"70\" height=\"70\" srcset=\"https:\/\/i0.wp.com\/www.serrarpharma.com\/wp-content\/uploads\/2021\/04\/Nongmo.png?w=150&amp;ssl=1 150w, https:\/\/i0.wp.com\/www.serrarpharma.com\/wp-content\/uploads\/2021\/04\/Nongmo.png?resize=100%2C100&amp;ssl=1 100w\" sizes=\"(max-width: 70px) 100vw, 70px\" data-recalc-dims=\"1\" \/><img loading=\"lazy\" class=\"alignnone wp-image-11799\" src=\"https:\/\/i0.wp.com\/www.serrarpharma.com\/wp-content\/uploads\/2021\/04\/ISO-07.png?resize=70%2C70&#038;ssl=1\" alt=\"\" width=\"70\" height=\"70\" srcset=\"https:\/\/i0.wp.com\/www.serrarpharma.com\/wp-content\/uploads\/2021\/04\/ISO-07.png?resize=300%2C300&amp;ssl=1 300w, https:\/\/i0.wp.com\/www.serrarpharma.com\/wp-content\/uploads\/2021\/04\/ISO-07.png?resize=150%2C150&amp;ssl=1 150w, https:\/\/i0.wp.com\/www.serrarpharma.com\/wp-content\/uploads\/2021\/04\/ISO-07.png?resize=100%2C100&amp;ssl=1 100w, https:\/\/i0.wp.com\/www.serrarpharma.com\/wp-content\/uploads\/2021\/04\/ISO-07.png?w=418&amp;ssl=1 418w\" sizes=\"(max-width: 70px) 100vw, 70px\" data-recalc-dims=\"1\" \/><\/p>\n<p>&nbsp;<\/p>\n<p><strong>\u00c0 base de ergotione\u00edna <\/strong><br \/>\nSuaviza &#8211; Hidrata<br \/>\nIlumina &#8211; Firmas<br \/>\nAntioxidante<br \/>\nAnti-Rugas<br \/>\nCombate os sinais do envelhecimento:<br \/>\n(Linhas finas, rugas, manchas marrons)<br \/>\nFeito com<br \/>\n<strong> Ingredientes hipoalerg\u00eanicos <\/strong><br \/>\nProjetado para todos os tipos de pele<\/p>\n<p>Dr. SERRAR<sup>\u00ae<\/sup> Cuidados com a pele \u00e9 uma marca cujos tratamentos antioxidantes s\u00e3o preparados de acordo com os par\u00e2metros de prote\u00e7\u00e3o contra o envelhecimento atmosf\u00e9rico. O \u00faltimo denota sinais vis\u00edveis de exposi\u00e7\u00e3o a uma variedade de agressores ambientais. Esses agressores incluem raios UV, radia\u00e7\u00e3o infravermelha (IRA) e polui\u00e7\u00e3o.<\/p>\n<p>Al\u00e9m disso, sob o efeito da idade e das condi\u00e7\u00f5es clim\u00e1ticas, a pele perde sua elasticidade e brilho. Para superar esses inconvenientes, oferecemos antioxidantes anti-envelhecimento Dr Serrar Skin Care, uma gama de produtos projetados para prevenir, desacelerar e corrigir os primeiros sinais de envelhecimento da pele. Os produtos para a pele madura s\u00e3o preparados a partir de elementos bioestimulantes e extratos de plantas que amolecem, nutrem e hidratam a pele, promovendo o suprimento sangu\u00edneo epid\u00e9rmico. Eles tonificam e regeneram a pele e contribuem para a sua sa\u00fade e bem-estar. Estes produtos s\u00e3o recomendados para todas as pessoas com 21 anos ou mais.<\/p>\n<p>No entanto, outros fatores promovem o envelhecimento prematuro da pele, incluindo o meio ambiente, estilo de vida ruim, desidrata\u00e7\u00e3o e longa exposi\u00e7\u00e3o ao sol. Antes dos 30 anos de idade, os sinais de envelhecimento ainda n\u00e3o s\u00e3o vis\u00edveis: em seguida, prevenimos com o creme Dr. SERRAR <sup> \u00ae <\/sup> Skin Care \u00c9CLAT de manh\u00e3 e DERM Ergothioneine \u00e0 noite.<\/p>\n<p>\u00c9 a partir dos 30 anos que as linhas finas e as linhas de express\u00e3o come\u00e7am a tomar forma: tez opaca, falta de firmeza, pele menos lisa. Esses sinais que chamamos de envelhecimento da pele s\u00e3o causados \u200b\u200bpor um excesso de estresse oxidativo. A pele, predisposta a acumular danos, torna-se o primeiro espelho da idade. No entanto, esses sinais leves de envelhecimento s\u00e3o revers\u00edveis e podem ser resolvidos rapidamente.<\/p>\n<p>Assim que as primeiras rugas aparecem, a aplica\u00e7\u00e3o de um creme antioxidante antienvelhecimento DERM Ergothioneine ajuda a combater o envelhecimento da pele: parar o tempo.<br \/>\nO creme antienvelhecimento DERM Ergothioneine ajuda a combater os sinais de envelhecimento com ingredientes de primeira linha para resultados surpreendentes. \u00c0 medida que envelhecemos, secamos e as mulheres s\u00e3o, acima de tudo. \u00c9 por isso que \u00e9 t\u00e3o importante dar \u00e0 nossa pele a umidade necess\u00e1ria para permanecer saud\u00e1vel e gorda.<\/p>\n<p>Nosso creme antienvelhecimento de marca pr\u00f3pria DERM Ergothioneine hidrata e bloqueia a umidade para reduzir os sinais de envelhecimento e proporcionar uma apar\u00eancia jovem e fresca:<\/p>\n<div class=\"productlist\">Reduza a apar\u00eancia de linhas finas e rugas<br \/>\nHidrata e hidrata<br \/>\nSuaviza e acalma a secura<br \/>\nFechaduras na umidade<\/div>\n<p><strong> PRINCIPAIS INGREDIENTES <\/strong><br \/>\nUtilizamos ingredientes premium para oferecer aos clientes um produto de alta qualidade que eles ir\u00e3o adorar. Nosso creme antienvelhecimento de marca pr\u00f3pria foi formulado com alguns dos ingredientes antienvelhecimento mais populares do setor para garantir a efic\u00e1cia.<\/p>\n<p>\u00d3leo de jojoba &#8211; hidrata, protege e suaviza as linhas finas.<br \/>\nErgothioneine &#8211; protege a pele dos danos no DNA.<br \/>\nExtrato de folhas de ch\u00e1 verde &#8211; cont\u00e9m antioxidantes antienvelhecimento.<br \/>\nEstearato de glicerila &#8211; ajuda a evitar a perda de umidade.<br \/>\nProte\u00edna de trigo hidrolisada &#8211; ajuda a pele a reter a umidade.<\/p>\n<p><strong>O que \u00e9 Ergothioneine ou Ergothioneine?<\/strong><br \/>\nA ergotione\u00edna \u00e9 um amino\u00e1cido com um grupo tiol \/ tiona. Geralmente \u00e9 sintetizado por certos fungos e bact\u00e9rias. Tamb\u00e9m \u00e9 encontrado em muitas nozes, legumes, folhas verdes, cogumelos e frutos do mar e em cogumelos com maior concentra\u00e7\u00e3o do que qualquer outra fonte. \u00c9 tamb\u00e9m um metabolito da glutationa. Geralmente \u00e9 um s\u00f3lido branco cristalino, mas tamb\u00e9m vem na forma de uma solu\u00e7\u00e3o sem sabor e incolor.<\/p>\n<p><strong>Uso e benef\u00edcios:<\/strong><br \/>\nDevido \u00e0 sua especialidade estrutural de \u00e1tomo de enxofre, \u00e9 um antioxidante est\u00e1vel e poderoso. N\u00e3o s\u00f3 evita a oxida\u00e7\u00e3o, mas tamb\u00e9m a elimina\u00e7\u00e3o de radicais livres, em particular os radicais -OH.<\/p>\n<p>Papel da Ergothioneine:<\/p>\n<div class=\"productlist\">Protege a pele dos danos no DNA<br \/>\nAntioxidante est\u00e1vel e poderoso.<br \/>\nEvita a degenera\u00e7\u00e3o da pele por fatores clim\u00e1ticos, como polui\u00e7\u00e3o, raios UV prejudiciais, exposi\u00e7\u00e3o a vapores qu\u00edmicos, etc.<br \/>\nAjuda a reter o tanque de \u00e1gua da pele por mais tempo, impedindo que ela envelhe\u00e7a prematuramente. Assim, pode-se evitar o aparecimento de linhas finas, rugas ou flacidez.<br \/>\nEstabiliza a formula\u00e7\u00e3o do creme DERM, evita os efeitos nocivos do oxig\u00eanio no produto, como descolora\u00e7\u00e3o, separa\u00e7\u00e3o, etc.<\/div>\n<p>&nbsp;<\/p>\n<h5>Por que escolher o Dr. SERRAR <sup>\u00ae<\/sup> antioxidante antienvelhecimento DERM Ergothioneine?<\/h5>\n<p>Os antioxidantes anti-\u00e2ge Dr. SERRAR <sup>\u00ae<\/sup> DERM Ergothioneine s\u00e3o fabricados de acordo com os mais altos padr\u00f5es da ind\u00fastria farmac\u00eautica. Eles cont\u00eam ingredientes antioxidantes avan\u00e7ados \u00d3leo de jojoba, ergotione\u00edna, extrato de folha de ch\u00e1 verde, estearato de glicerina, prote\u00edna de trigo hidrolisada nesta f\u00f3rmula avan\u00e7ada projetada para proteger a pele dos danos no DNA. Cont\u00e9m antioxidantes antienvelhecimento, ajuda a prevenir a perda de umidade, ajuda a reter a umidade, hidrata e protege e suaviza as linhas finas, incluindo brilho, firmeza, rugas, manchas escuras e manchas do sol.<\/p>\n<div class=\"productlist\">MAIS ALTA QUALIDADE Fabricado nos EUA.<br \/>\nInstala\u00e7\u00f5es certificadas pela FDA<br \/>\nAs Boas Pr\u00e1ticas de Fabrica\u00e7\u00e3o (BPF) s\u00e3o um conjunto de regulamenta\u00e7\u00f5es farmac\u00eauticas rigorosas que garantem que os suplementos alimentares sejam fabricados e controlados com um alto padr\u00e3o adequado para uso.<br \/>\nSem soja, sem gl\u00faten, com certifica\u00e7\u00e3o Kosher, sem latic\u00ednios, sem leite, nozes, amendoins, frutos do mar, soja. Tamb\u00e9m livre de fermento, cevada, arroz, s\u00f3dio e a\u00e7\u00facar.<br \/>\nEfici\u00eancia M\u00e1xima<br \/>\nToda natural Origem<br \/>\nFeito com ingredientes hipoalerg\u00eanicos<\/div>\n<p><strong> Indica\u00e7\u00f5es <\/strong><br \/>\nO processo de envelhecimento naturalmente diminui a umidade, o col\u00e1geno e os nutrientes cruciais da pele, deixando a pele seca, enrugada e manchada. O creme DERM Ergothioneine \u00e9 projetado com precis\u00e3o para revitalizar a pele envelhecida, fornecendo os principais nutrientes necess\u00e1rios para restaurar a pele \u00e0 sua apar\u00eancia jovem e bonita.<\/p>\n<p><strong> RECOMENDA\u00c7\u00c3O DE TESTE DE PATCH <\/strong><br \/>\nEste \u00e9 um creme facial CONCENTRADO E PODEROSO que cont\u00e9m ingredientes ativos \u00e0 base de plantas que podem causar irrita\u00e7\u00e3o na pele ou erup\u00e7\u00f5es cut\u00e2neas para pessoas com alergias. \u00c9 IMPORTANTE que voc\u00ea execute um teste de corre\u00e7\u00e3o do produto * pelo menos 24-48 * horas antes da aplica\u00e7\u00e3o regular para garantir que o produto seja adequado para a sua pele.<\/p>\n<p><strong> Aplicativo <\/strong><br \/>\nSe a f\u00f3rmula for compat\u00edvel com a sua pele, aplique duas vezes ao dia. Somente para uso externo.<br \/>\nDe manh\u00e3 e \u00e0 noite, depois de limpar e tonificar a pele e aplicar soro de vitamina C. Aplique no rosto, pesco\u00e7o ..<\/p>\n<p>Este kit (creme VITAMIN C SERUM + DERM Ergothioneine) regenera anos de danos ambientais e deixa a pele saud\u00e1vel e jovem. Reduz visivelmente linhas finas e rugas, tornando sua pele mais robusta e luminosa.<\/p>\n<p>O creme antioxidante anti-envelhecimento Dr. SERRAR<sup>\u00ae<\/sup> DERM Ergothioneine \u00e9 uma marca poderosa, mas segura e testada. Trabalhamos com laborat\u00f3rios no Canad\u00e1 e nos EUA para desenvolver nossos produtos. Cada produto que lan\u00e7amos \u00e9 desenvolvido para ser o mais poderoso poss\u00edvel, a fim de oferecer o m\u00e1ximo efeito, mantendo-se dermatologicamente seguro para a sua pele.<\/p>\n<p><strong> Aviso: <\/strong><br \/>\nPare com a menor mudan\u00e7a ou rea\u00e7\u00e3o. Se necess\u00e1rio, consulte um profissional m\u00e9dico ou informa\u00e7\u00f5es de sa\u00fade em caso de rea\u00e7\u00e3o al\u00e9rgica.<br \/>\nCada pele \u00e9 diferente e reage de maneira diferente ao mesmo cosm\u00e9tico. N\u00e3o fornecemos aconselhamento personalizado, n\u00e3o conhecemos a sua pele.<br \/>\nPara qualquer conselho pessoal, especialmente se voc\u00ea estiver em tratamento m\u00e9dico: consulte seu m\u00e9dico ou dermatologista.<br \/>\nNunca mude um tratamento prescrito com base no que voc\u00ea l\u00ea na internet.<\/p>\n<p>&nbsp;<\/p>\n<p><span style=\"color: #005890;\"><strong><span class=\"VIiyi\" lang=\"pt\"><span class=\"JLqJ4b ChMk0b\" data-language-for-alternatives=\"pt\" data-language-to-translate-into=\"en\" data-phrase-index=\"1\">PRODUZIDO NOS ESTADOS UNIDOS \u00a0\u00a0\u00a0 |<\/span> <span class=\"JLqJ4b ChMk0b\" data-language-for-alternatives=\"pt\" data-language-to-translate-into=\"en\" data-phrase-index=\"0\">\u00a0\u00a0\u00a0\u00a0 <\/span><span class=\"JLqJ4b ChMk0b\" data-language-for-alternatives=\"pt\" data-language-to-translate-into=\"en\" data-phrase-index=\"2\">GMP CERTIFIED \u00a0\u00a0\u00a0\u00a0 |\u00a0\u00a0\u00a0\u00a0 <\/span> <span class=\"JLqJ4b ChMk0b\" data-language-for-alternatives=\"pt\" data-language-to-translate-into=\"en\" data-phrase-index=\"3\">N\u00c3O OGM \u00a0\u00a0\u00a0\u00a0 |\u00a0\u00a0\u00a0\u00a0 <\/span> <span class=\"JLqJ4b ChMk0b\" data-language-for-alternatives=\"pt\" data-language-to-translate-into=\"en\" data-phrase-index=\"4\">LABORAT\u00d3RIO CERTIFICADO ISO 17025<\/span><\/span><\/strong><\/span><\/p>\n","protected":false},"excerpt":{"rendered":"<p>&nbsp; \u00c0 base de ergotione\u00edna Suaviza &#8211; Hidrata Ilumina &#8211; Firmas Antioxidante Anti-Rugas Combate os sinais do envelhecimento: (Linhas finas, rugas, manchas marrons) Feito com Ingredientes hipoalerg\u00eanicos Projetado para todos os tipos de pele Dr. SERRAR\u00ae Cuidados com a pele \u00e9 uma marca cujos tratamentos antioxidantes s\u00e3o preparados de acordo com os par\u00e2metros de prote\u00e7\u00e3o [&hellip;]<\/p>\n","protected":false},"featured_media":8589,"template":"","meta":{"hide_page_title":"","_coblocks_attr":"","_coblocks_dimensions":"","_coblocks_responsive_height":"","_coblocks_accordion_ie_support":""},"product_cat":[22],"product_tag":[],"translation":{"provider":"WPGlobus","version":"3.0.1","language":"pt","enabled_languages":["en","es","fr","ar","pt","it"],"languages":{"en":{"title":true,"content":true,"excerpt":false},"es":{"title":false,"content":true,"excerpt":false},"fr":{"title":false,"content":true,"excerpt":false},"ar":{"title":false,"content":true,"excerpt":false},"pt":{"title":false,"content":true,"excerpt":false},"it":{"title":false,"content":true,"excerpt":false}}},"_links":{"self":[{"href":"https:\/\/www.serrarpharma.com\/pt\/wp-json\/wp\/v2\/product\/7718"}],"collection":[{"href":"https:\/\/www.serrarpharma.com\/pt\/wp-json\/wp\/v2\/product"}],"about":[{"href":"https:\/\/www.serrarpharma.com\/pt\/wp-json\/wp\/v2\/types\/product"}],"wp:featuredmedia":[{"embeddable":true,"href":"https:\/\/www.serrarpharma.com\/pt\/wp-json\/wp\/v2\/media\/8589"}],"wp:attachment":[{"href":"https:\/\/www.serrarpharma.com\/pt\/wp-json\/wp\/v2\/media?parent=7718"}],"wp:term":[{"taxonomy":"product_cat","embeddable":true,"href":"https:\/\/www.serrarpharma.com\/pt\/wp-json\/wp\/v2\/product_cat?post=7718"},{"taxonomy":"product_tag","embeddable":true,"href":"https:\/\/www.serrarpharma.com\/pt\/wp-json\/wp\/v2\/product_tag?post=7718"}],"curies":[{"name":"wp","href":"https:\/\/api.w.org\/{rel}","templated":true}]}}