{"id":7713,"date":"2020-06-05T02:09:24","date_gmt":"2020-06-05T02:09:24","guid":{"rendered":"https:\/\/www.serrarpharma.com\/?post_type=product&#038;p=7713"},"modified":"2025-02-01T23:16:13","modified_gmt":"2025-02-02T04:16:13","slug":"dr-serrar-bodyslim","status":"publish","type":"product","link":"https:\/\/www.serrarpharma.com\/pt\/product\/dr-serrar-bodyslim\/","title":{"rendered":"BODYSLIM"},"content":{"rendered":"<p><img loading=\"lazy\" class=\"alignnone wp-image-11896\" src=\"https:\/\/i0.wp.com\/www.serrarpharma.com\/wp-content\/uploads\/2021\/05\/Quality-Labels-US-09.png?resize=70%2C70&#038;ssl=1\" alt=\"\" width=\"70\" height=\"70\" data-recalc-dims=\"1\" \/><img loading=\"lazy\" class=\"alignnone wp-image-11370\" src=\"https:\/\/i0.wp.com\/www.serrarpharma.com\/wp-content\/uploads\/2021\/04\/GMP.png?resize=70%2C70&#038;ssl=1\" alt=\"\" width=\"70\" height=\"70\" srcset=\"https:\/\/i0.wp.com\/www.serrarpharma.com\/wp-content\/uploads\/2021\/04\/GMP.png?w=150&amp;ssl=1 150w, https:\/\/i0.wp.com\/www.serrarpharma.com\/wp-content\/uploads\/2021\/04\/GMP.png?resize=100%2C100&amp;ssl=1 100w\" sizes=\"(max-width: 70px) 100vw, 70px\" data-recalc-dims=\"1\" \/><img loading=\"lazy\" class=\"alignnone wp-image-11369\" src=\"https:\/\/i0.wp.com\/www.serrarpharma.com\/wp-content\/uploads\/2021\/04\/Nongmo.png?resize=70%2C70&#038;ssl=1\" alt=\"\" width=\"70\" height=\"70\" srcset=\"https:\/\/i0.wp.com\/www.serrarpharma.com\/wp-content\/uploads\/2021\/04\/Nongmo.png?w=150&amp;ssl=1 150w, https:\/\/i0.wp.com\/www.serrarpharma.com\/wp-content\/uploads\/2021\/04\/Nongmo.png?resize=100%2C100&amp;ssl=1 100w\" sizes=\"(max-width: 70px) 100vw, 70px\" data-recalc-dims=\"1\" \/><img loading=\"lazy\" class=\"alignnone wp-image-11799\" src=\"https:\/\/i0.wp.com\/www.serrarpharma.com\/wp-content\/uploads\/2021\/04\/ISO-07.png?resize=70%2C70&#038;ssl=1\" alt=\"\" width=\"70\" height=\"70\" srcset=\"https:\/\/i0.wp.com\/www.serrarpharma.com\/wp-content\/uploads\/2021\/04\/ISO-07.png?resize=300%2C300&amp;ssl=1 300w, https:\/\/i0.wp.com\/www.serrarpharma.com\/wp-content\/uploads\/2021\/04\/ISO-07.png?resize=150%2C150&amp;ssl=1 150w, https:\/\/i0.wp.com\/www.serrarpharma.com\/wp-content\/uploads\/2021\/04\/ISO-07.png?resize=100%2C100&amp;ssl=1 100w, https:\/\/i0.wp.com\/www.serrarpharma.com\/wp-content\/uploads\/2021\/04\/ISO-07.png?w=418&amp;ssl=1 418w\" sizes=\"(max-width: 70px) 100vw, 70px\" data-recalc-dims=\"1\" \/><\/p>\n<p>Anti-celulite &#8211; firmador<br \/>\nNutre a pele durante a gravidez<br \/>\nMelhora a apar\u00eancia de cicatrizes e Estrias<br \/>\nImpede o agrupamento C\u00e9lulas de gordura<\/p>\n<p>Dr. SERRAR<sup>\u00ae<\/sup> O produto para cuidados com a pele \u00e9 o seu melhor aliado. Um verdadeiro impulso se voc\u00ea decidir controlar o seu peso. \u00c9 uma marca cujos tratamentos anticelulite e casca de laranja s\u00e3o preparados de acordo com par\u00e2metros para prote\u00e7\u00e3o contra armazenamento de gordura e flacidez da pele.<\/p>\n<p>Para se livrar dos quilos extras, n\u00e3o h\u00e1 solu\u00e7\u00e3o r\u00e1pida. Voc\u00ea deve seguir o programa ZinaCal: alimenta\u00e7\u00e3o saud\u00e1vel, exerc\u00edcios e sono suficiente. Mas quem diz que libras extras tamb\u00e9m dizem celulite, capit\u00e3es, casca de laranja &#8230; Uma refei\u00e7\u00e3o saud\u00e1vel e atividades f\u00edsicas n\u00e3o s\u00e3o suficientes para combater esse flagelo, conhecido por todas as mulheres, sejam elas magras ou redondas. Para eliminar esses peda\u00e7os de gordura que se formam sob a pele, desenvolvemos dois tipos de creme, dependendo da sua inten\u00e7\u00e3o e do seu problema.<\/p>\n<p>No caso de tecido adiposo espesso demais com pele fl\u00e1cida, escolha um creme redutor de lipo BODYSLIM que impe\u00e7a a gordura de se alojar no tecido adiposo ou diminua-o.<br \/>\nPara a celulite, caracterizada pela apar\u00eancia de casca de laranja nas \u00e1reas femininas (barriga, quadris, coxas, barriga, n\u00e1degas e, \u00e0s vezes, na parte interna dos bra\u00e7os), escolha um creme anti-\u00e1gua ou drenante BODYLIFT. Porque a celulite \u00e9 sempre acompanhada de reten\u00e7\u00e3o de \u00e1gua e m\u00e1 circula\u00e7\u00e3o.<\/p>\n<p>Para peles que perderam a elasticidade, com pele alaranjada, m\u00e1 circula\u00e7\u00e3o e tecido solto, escolha um creme BODYSLIM reafirmante e drenante.<\/p>\n<p>ESCOLHA DE CREME SLIMMING.<br \/>\nOs cremes de emagrecimento BODYSLIM + BODYLIFT s\u00e3o usados, acima de tudo, para esculpir seu corpo, reafirmando-o. Eles tamb\u00e9m suavizam covinhas, casca de laranja e reduzem a gordura.<\/p>\n<p>O creme BODYLIFT geralmente atua na &#8220;reten\u00e7\u00e3o de \u00e1gua&#8221; observada em certas celulites. Portanto, existem mulheres que est\u00e3o mais satisfeitas com isso do que outras: aquelas que t\u00eam problemas venosos, pernas pesadas, t\u00eam uma parcela de \u00e1gua em suas cal\u00e7as que pode ser melhorada pelo BODYLIFT e por massagens.<\/p>\n<p>O creme de emagrecimento BODYSLIM tem a propriedade de suavizar e reestruturar o tecido adiposo excessivamente espesso, enquanto hidrata a pele. Gra\u00e7as \u00e0 sua composi\u00e7\u00e3o rica em vitaminas e oligoelementos, o BODYSLIM possui muitas propriedades: recupera\u00e7\u00e3o de trocas metab\u00f3licas, remineraliza\u00e7\u00e3o e reafirma\u00e7\u00e3o. Facilita a elimina\u00e7\u00e3o de res\u00edduos e dep\u00f3sitos de gordura.<\/p>\n<p>Para obter um bom resultado, \u00e9 recomend\u00e1vel aplicar o creme na forma de leves massagens circulares na parte do corpo que voc\u00ea deseja remodelar. Seja nas coxas, n\u00e1degas, quadris ou est\u00f4mago, \u00e9 importante fazer esses movimentos circulares de baixo para cima. A massagem estimula a circula\u00e7\u00e3o sangu\u00ednea e ajuda a apagar a apar\u00eancia da casca de laranja. A drenagem de res\u00edduos t\u00f3xicos \u00e9, portanto, mais f\u00e1cil e r\u00e1pida. Al\u00e9m disso, quando voc\u00ea massageia, cria um pequeno gasto f\u00edsico, o que ajuda a suavizar as fibras de col\u00e1geno e elastina. Os efeitos do creme BODYSLIM s\u00e3o ent\u00e3o otimizados.<\/p>\n<p>O uso di\u00e1rio do creme BODYSLIM por no m\u00ednimo um m\u00eas permitir\u00e1 observar um resultado positivo. Para um maior resultado garantido, \u00e9 necess\u00e1rio aplic\u00e1-lo de manh\u00e3 e \u00e0 noite por v\u00e1rios meses. Dois a tr\u00eas meses s\u00e3o suficientes para se convencer.<br \/>\nEfici\u00eancia.<\/p>\n<p>O BODYSLIM s\u00f3 \u00e9 eficaz al\u00e9m de outras a\u00e7\u00f5es. N\u00e3o \u00e9 um tratamento de choque. Se, ao mesmo tempo, voc\u00ea comer uma superabund\u00e2ncia de gordura e a\u00e7\u00facar, o efeito do creme ser\u00e1 zero. Um creme de emagrecimento praticamente n\u00e3o tem efeito por si s\u00f3. Por outro lado, no contexto de um programa ZinaCal de emagrecimento e anticelulite, pode-se come\u00e7ar a ver os efeitos ap\u00f3s 15 dias.<br \/>\nOs tr\u00eas elementos complementares para a dieta criativa, exerc\u00edcio f\u00edsico e relaxamento, porque voc\u00ea deve saber que as gorduras ligadas ao estresse n\u00e3o s\u00e3o desprez\u00edveis.<\/p>\n<p><strong> Ingredientes: <\/strong><br \/>\n\u00c1gua, \u00f3leo de Persea Gratissima (abacate), manteiga de Butyrospermum Parkii (karit\u00e9), benzoato de alquil C12-15, \u00e1lcool cetear\u00edlico, cafe\u00edna, fosfato de ascorbil s\u00f3dico (vitamina C), \u00e1lcool been\u00edlico, dimeticona, ciclopentasiloxano, polissorbato 60, pantenol (vitamina B5) , Fenoxietanol, d-alfa tocoferol (vitamina E), glicerina, \u00e1cido este\u00e1rico, metossulfato de behentrim\u00f4nio, hialuronato de s\u00f3dio (\u00e1cido hialur\u00f4nico), fragr\u00e2ncia, butileno glicol, pentileno glicol, etilhexilglicerina, EDTA diss\u00f3dico, extrato de cloreto de s\u00f3dio.<\/p>\n<p><strong> PRINCIPAIS INGREDIENTES <\/strong><br \/>\nO creme de emagrecimento BODYSLIM \u00e9 composto em grande parte pelos cuidados anticelulite de estrela de cafe\u00edna, \u00e9 o ingrediente mais importante, pois permite o desbaste de gorduras. Quanto maior o n\u00edvel de cafe\u00edna, mais eficaz ser\u00e1 o creme de emagrecimento. Al\u00e9m da cafe\u00edna, o BODYSLIM tamb\u00e9m cont\u00e9m outros ingredientes que s\u00e3o agentes ativos de reestrutura\u00e7\u00e3o, que estimulam a atividade celular, tonificam os tecidos adiposos e impedem que as c\u00e9lulas armazenem gordura, o que ajudar\u00e1 a desalojar as gorduras e a queima-las gra\u00e7as aos ingredientes do &#8220;queimador de gordura&#8221;. Al\u00e9m disso, o col\u00e1geno e outros ingredientes ajudam a eliminar a gordura armazenada e a impedir a forma\u00e7\u00e3o de novas redondezas, al\u00e9m de firmar a pele e proporcionar uma apar\u00eancia mais suave e uniforme. A a\u00e7\u00e3o do creme ocorre gra\u00e7as a essas v\u00e1rias mol\u00e9culas que atuam nos receptores das c\u00e9lulas adiposas, impedindo a transforma\u00e7\u00e3o de pr\u00e9-adip\u00f3citos em adip\u00f3citos. A s\u00edntese das fibras de suporte melhora a firmeza da pele.<\/p>\n<h5>Por que escolher o Dr. SERRAR<sup>\u00ae<\/sup> BODYSLIM?<\/h5>\n<p>Anti celulite e reafirma\u00e7\u00e3o Dr. SERRAR<sup>\u00ae<\/sup> BODYSLIM s\u00e3o fabricados de acordo com os mais altos padr\u00f5es da ind\u00fastria farmac\u00eautica. Eles usam os benef\u00edcios naturais da cafe\u00edna e ingredientes avan\u00e7ados para firmar e tonificar a pele. Elimina a apar\u00eancia da celulite enquanto embeleza a pele atrav\u00e9s da nutri\u00e7\u00e3o do \u00f3leo de coco.<\/p>\n<div class=\"productlist\">MAIS ALTA QUALIDADE Fabricado nos EUA.<br \/>\nInstala\u00e7\u00f5es certificadas pela FDA<br \/>\nAs Boas Pr\u00e1ticas de Fabrica\u00e7\u00e3o (BPF) s\u00e3o um conjunto de regulamenta\u00e7\u00f5es farmac\u00eauticas rigorosas que garantem que os suplementos alimentares sejam fabricados e controlados com um alto padr\u00e3o adequado para uso.<br \/>\nSem soja, sem gl\u00faten, com certifica\u00e7\u00e3o Kosher, sem latic\u00ednios, sem leite, nozes, amendoins, frutos do mar, soja. Tamb\u00e9m livre de fermento, cevada, arroz, s\u00f3dio e a\u00e7\u00facar.<br \/>\nEfici\u00eancia M\u00e1xima<br \/>\nToda natural Origem<br \/>\nFeito com ingredientes hipoalerg\u00eanicos<\/div>\n<p><strong> Indica\u00e7\u00f5es <\/strong><br \/>\nEMPRESA, SLIMMING E HIDRATANTE: O BODYSLIM pode ajudar a reconstruir o col\u00e1geno e a elasticidade da pele. O uso regular torna a pele rejuvenescida, pois isso \u00e9 muito importante para uma pele saud\u00e1vel. Nosso novo gel reafirmante para o corpo foi desenvolvido como um poderoso removedor de celulite para apertar a pele, para que voc\u00ea possa obter uma tez suave e sem esfor\u00e7o com apenas um esfor\u00e7o m\u00ednimo.<\/p>\n<p><strong> RECOMENDA\u00c7\u00c3O DE TESTE DE PATCH <\/strong><br \/>\nEste \u00e9 um BODYSLIM CONCENTRADO E PODEROSO que cont\u00e9m ingredientes ativos \u00e0 base de plantas que podem causar irrita\u00e7\u00e3o na pele ou erup\u00e7\u00f5es cut\u00e2neas para pessoas com alergias. \u00c9 IMPORTANTE que voc\u00ea execute um teste de corre\u00e7\u00e3o do produto * pelo menos 24-48 * horas antes da aplica\u00e7\u00e3o regular para garantir que o produto seja adequado para a sua pele.<\/p>\n<p><strong> Aplicativo <\/strong><br \/>\nPara aplica\u00e7\u00e3o no est\u00f4mago: massageie em movimentos circulares no sentido hor\u00e1rio, enquanto penetra no creme.<br \/>\nPara as pernas: suba do joelho at\u00e9 a parte superior da coxa, fazendo pequenos c\u00edrculos.<br \/>\nPara quadris e n\u00e1degas: coloque as m\u00e3os planas de cada lado da pelve e fa\u00e7a grandes movimentos circulares pressionando suavemente, depois mais e mais forte, subindo em dire\u00e7\u00e3o \u00e0 cintura.<br \/>\nPara os bra\u00e7os: massageie do cotovelo aos ombros, enfatizando a parte interna do bra\u00e7o.<\/p>\n<p><strong> ATEN\u00c7\u00c3O: <\/strong><br \/>\nPara que o creme seja o mais eficaz poss\u00edvel, \u00e9 recomend\u00e1vel esfoliar a pele regularmente, pois isso a liberta da sujeira pequena que obstrui os poros.<br \/>\nA aplica\u00e7\u00e3o do produto, seguida de atividade f\u00edsica, permite queimar gordura e evitar reabastecimento. Voc\u00ea tamb\u00e9m obter\u00e1 uma pele mais harmoniosa que recuperar\u00e1 toda a sua firmeza.<\/p>\n<p>Uma dieta saud\u00e1vel e equilibrada n\u00e3o deve ser negligenciada. Beba pelo menos 1,5 litros de \u00e1gua diariamente.<br \/>\nAplique o creme de emagrecimento e massageie ap\u00f3s um banho quente ou banho. Temperatura e hidrata\u00e7\u00e3o s\u00e3o dois elementos que promovem a penetra\u00e7\u00e3o transcut\u00e2nea.<br \/>\n\u00c9 melhor evitar aplic\u00e1-los na pele sens\u00edvel (atopia, alergias conhecidas a certos excipientes, etc.) e em qualquer pele danificada, seja uma cicatriz recente, queimadura solar, uma placa de psor\u00edase\u2026<\/p>\n<p>Voc\u00ea pode melhorar o efeito do creme de emagrecimento adicionando algumas gotas de \u00f3leos essenciais drenantes \u00e0 \u00e1gua do banho. Insista tamb\u00e9m com o chuveiro nas partes envolvidas por jatos alternados de \u00e1gua quente e fria.<\/p>\n<p>O creme Dr. SERRAR<sup>\u00ae<\/sup> BODYSLIM \u00e9 uma marca poderosa, mas segura e testada. Trabalhamos com laborat\u00f3rios no Canad\u00e1 e nos EUA para desenvolver nossos produtos. Cada produto que lan\u00e7amos \u00e9 desenvolvido para ser o mais poderoso poss\u00edvel, a fim de oferecer o m\u00e1ximo efeito, mantendo-se dermatologicamente seguro para a sua pele.<\/p>\n<p><strong> Aviso: <\/strong><br \/>\nPare com a menor mudan\u00e7a ou rea\u00e7\u00e3o. Se necess\u00e1rio, consulte um profissional m\u00e9dico ou informa\u00e7\u00f5es de sa\u00fade em caso de rea\u00e7\u00e3o al\u00e9rgica.<br \/>\nToda a pele \u00e9 diferente e reage de maneira diferente ao mesmo cosm\u00e9tico. N\u00e3o fornecemos aconselhamento personalizado, n\u00e3o conhecemos a sua pele.<br \/>\nPara qualquer conselho pessoal, especialmente se voc\u00ea estiver em tratamento m\u00e9dico: consulte seu m\u00e9dico ou dermatologista.<br \/>\nNunca mude um tratamento prescrito com base no que voc\u00ea l\u00ea na internet.<\/p>\n<p>&nbsp;<\/p>\n<p><span style=\"color: #005890;\"><strong><span class=\"VIiyi\" lang=\"pt\"><span class=\"JLqJ4b ChMk0b\" data-language-for-alternatives=\"pt\" data-language-to-translate-into=\"en\" data-phrase-index=\"1\">PRODUZIDO NOS ESTADOS UNIDOS \u00a0\u00a0\u00a0 |<\/span> <span class=\"JLqJ4b ChMk0b\" data-language-for-alternatives=\"pt\" data-language-to-translate-into=\"en\" data-phrase-index=\"0\">\u00a0\u00a0\u00a0\u00a0 <\/span><span class=\"JLqJ4b ChMk0b\" data-language-for-alternatives=\"pt\" data-language-to-translate-into=\"en\" data-phrase-index=\"2\">GMP CERTIFIED \u00a0\u00a0\u00a0\u00a0 |\u00a0\u00a0\u00a0\u00a0 <\/span> <span class=\"JLqJ4b ChMk0b\" data-language-for-alternatives=\"pt\" data-language-to-translate-into=\"en\" data-phrase-index=\"3\">N\u00c3O OGM \u00a0\u00a0\u00a0\u00a0 |\u00a0\u00a0\u00a0\u00a0 <\/span> <span class=\"JLqJ4b ChMk0b\" data-language-for-alternatives=\"pt\" data-language-to-translate-into=\"en\" data-phrase-index=\"4\">LABORAT\u00d3RIO CERTIFICADO ISO 17025<\/span><\/span><\/strong><\/span><\/p>\n","protected":false},"excerpt":{"rendered":"<p>Anti-celulite &#8211; firmador Nutre a pele durante a gravidez Melhora a apar\u00eancia de cicatrizes e Estrias Impede o agrupamento C\u00e9lulas de gordura Dr. SERRAR\u00ae O produto para cuidados com a pele \u00e9 o seu melhor aliado. Um verdadeiro impulso se voc\u00ea decidir controlar o seu peso. \u00c9 uma marca cujos tratamentos anticelulite e casca de [&hellip;]<\/p>\n","protected":false},"featured_media":8401,"template":"","meta":{"hide_page_title":"","_coblocks_attr":"","_coblocks_dimensions":"","_coblocks_responsive_height":"","_coblocks_accordion_ie_support":""},"product_cat":[21],"product_tag":[],"translation":{"provider":"WPGlobus","version":"3.0.1","language":"pt","enabled_languages":["en","es","fr","ar","pt","it"],"languages":{"en":{"title":true,"content":true,"excerpt":false},"es":{"title":false,"content":true,"excerpt":false},"fr":{"title":false,"content":true,"excerpt":false},"ar":{"title":false,"content":true,"excerpt":false},"pt":{"title":false,"content":true,"excerpt":false},"it":{"title":false,"content":true,"excerpt":false}}},"_links":{"self":[{"href":"https:\/\/www.serrarpharma.com\/pt\/wp-json\/wp\/v2\/product\/7713"}],"collection":[{"href":"https:\/\/www.serrarpharma.com\/pt\/wp-json\/wp\/v2\/product"}],"about":[{"href":"https:\/\/www.serrarpharma.com\/pt\/wp-json\/wp\/v2\/types\/product"}],"wp:featuredmedia":[{"embeddable":true,"href":"https:\/\/www.serrarpharma.com\/pt\/wp-json\/wp\/v2\/media\/8401"}],"wp:attachment":[{"href":"https:\/\/www.serrarpharma.com\/pt\/wp-json\/wp\/v2\/media?parent=7713"}],"wp:term":[{"taxonomy":"product_cat","embeddable":true,"href":"https:\/\/www.serrarpharma.com\/pt\/wp-json\/wp\/v2\/product_cat?post=7713"},{"taxonomy":"product_tag","embeddable":true,"href":"https:\/\/www.serrarpharma.com\/pt\/wp-json\/wp\/v2\/product_tag?post=7713"}],"curies":[{"name":"wp","href":"https:\/\/api.w.org\/{rel}","templated":true}]}}