{"id":7701,"date":"2020-06-05T01:12:05","date_gmt":"2020-06-05T05:12:05","guid":{"rendered":"https:\/\/www.serrarpharma.com\/?post_type=product&#038;p=7701"},"modified":"2024-08-21T21:11:17","modified_gmt":"2024-08-22T01:11:17","slug":"dr-serrar-bodylift","status":"publish","type":"product","link":"https:\/\/www.serrarpharma.com\/pt\/product\/dr-serrar-bodylift\/","title":{"rendered":"BODYLIFT"},"content":{"rendered":"<p><img loading=\"lazy\" class=\"alignnone wp-image-11371\" src=\"https:\/\/i0.wp.com\/www.serrarpharma.com\/wp-content\/uploads\/2021\/04\/Made-in-CA.png?resize=70%2C70&#038;ssl=1\" alt=\"\" width=\"70\" height=\"70\" srcset=\"https:\/\/i0.wp.com\/www.serrarpharma.com\/wp-content\/uploads\/2021\/04\/Made-in-CA.png?w=150&amp;ssl=1 150w, https:\/\/i0.wp.com\/www.serrarpharma.com\/wp-content\/uploads\/2021\/04\/Made-in-CA.png?resize=100%2C100&amp;ssl=1 100w\" sizes=\"(max-width: 70px) 100vw, 70px\" data-recalc-dims=\"1\" \/><img loading=\"lazy\" class=\"alignnone wp-image-11370\" src=\"https:\/\/i0.wp.com\/www.serrarpharma.com\/wp-content\/uploads\/2021\/04\/GMP.png?resize=70%2C70&#038;ssl=1\" alt=\"\" width=\"70\" height=\"70\" srcset=\"https:\/\/i0.wp.com\/www.serrarpharma.com\/wp-content\/uploads\/2021\/04\/GMP.png?w=150&amp;ssl=1 150w, https:\/\/i0.wp.com\/www.serrarpharma.com\/wp-content\/uploads\/2021\/04\/GMP.png?resize=100%2C100&amp;ssl=1 100w\" sizes=\"(max-width: 70px) 100vw, 70px\" data-recalc-dims=\"1\" \/><img loading=\"lazy\" class=\"alignnone wp-image-11369\" src=\"https:\/\/i0.wp.com\/www.serrarpharma.com\/wp-content\/uploads\/2021\/04\/Nongmo.png?resize=70%2C70&#038;ssl=1\" alt=\"\" width=\"70\" height=\"70\" srcset=\"https:\/\/i0.wp.com\/www.serrarpharma.com\/wp-content\/uploads\/2021\/04\/Nongmo.png?w=150&amp;ssl=1 150w, https:\/\/i0.wp.com\/www.serrarpharma.com\/wp-content\/uploads\/2021\/04\/Nongmo.png?resize=100%2C100&amp;ssl=1 100w\" sizes=\"(max-width: 70px) 100vw, 70px\" data-recalc-dims=\"1\" \/><img loading=\"lazy\" class=\"alignnone wp-image-11799\" src=\"https:\/\/i0.wp.com\/www.serrarpharma.com\/wp-content\/uploads\/2021\/04\/ISO-07.png?resize=70%2C70&#038;ssl=1\" alt=\"\" width=\"70\" height=\"70\" srcset=\"https:\/\/i0.wp.com\/www.serrarpharma.com\/wp-content\/uploads\/2021\/04\/ISO-07.png?resize=300%2C300&amp;ssl=1 300w, https:\/\/i0.wp.com\/www.serrarpharma.com\/wp-content\/uploads\/2021\/04\/ISO-07.png?resize=150%2C150&amp;ssl=1 150w, https:\/\/i0.wp.com\/www.serrarpharma.com\/wp-content\/uploads\/2021\/04\/ISO-07.png?resize=100%2C100&amp;ssl=1 100w, https:\/\/i0.wp.com\/www.serrarpharma.com\/wp-content\/uploads\/2021\/04\/ISO-07.png?w=418&amp;ssl=1 418w\" sizes=\"(max-width: 70px) 100vw, 70px\" data-recalc-dims=\"1\" \/><\/p>\n<p>Anti-celulite<br \/>\nMelhora a m\u00e1 circula\u00e7\u00e3o sangu\u00ednea<br \/>\nAcalma &#8211; descongestionamento<br \/>\nDiminui a reten\u00e7\u00e3o de \u00e1gua<br \/>\nPernas leves<\/p>\n<p>Os produtos para cuidados com a pele Dr. SERRAR <sup> \u00ae <\/sup> s\u00e3o o seu melhor aliado. Um verdadeiro impulso se voc\u00ea decidir controlar o seu peso. \u00c9 uma marca cujos tratamentos anticelulite e casca de laranja s\u00e3o preparados de acordo com par\u00e2metros para prote\u00e7\u00e3o contra armazenamento de gordura e flacidez da pele.<br \/>\nPara se livrar dos quilos extras, n\u00e3o h\u00e1 solu\u00e7\u00e3o r\u00e1pida. Voc\u00ea deve seguir o programa ZinaCal: alimenta\u00e7\u00e3o saud\u00e1vel, exerc\u00edcios e sono suficiente. Mas quem diz que libras extras tamb\u00e9m dizem celulite, capit\u00e3es, casca de laranja &#8230; Uma refei\u00e7\u00e3o saud\u00e1vel e atividades f\u00edsicas n\u00e3o s\u00e3o suficientes para combater esse flagelo, conhecido por todas as mulheres, sejam elas magras ou redondas. Para eliminar esses peda\u00e7os de gordura que se formam sob a pele, desenvolvemos dois tipos de creme, dependendo da sua inten\u00e7\u00e3o e do seu problema.<\/p>\n<p>No caso de tecido adiposo espesso demais com pele fl\u00e1cida, escolha um creme redutor de lipo BODYSLIM que impe\u00e7a a gordura de se alojar no tecido adiposo ou diminua-o.<br \/>\nPara a celulite, caracterizada pela apar\u00eancia de casca de laranja nas \u00e1reas femininas (barriga, quadris, coxas, barriga, n\u00e1degas e, \u00e0s vezes, na parte interna dos bra\u00e7os), escolha um creme anti-\u00e1gua ou drenante BODYLIFT. Porque a celulite \u00e9 sempre acompanhada de reten\u00e7\u00e3o de \u00e1gua e m\u00e1 circula\u00e7\u00e3o.<\/p>\n<p>Para peles que perderam a elasticidade, com pele alaranjada, m\u00e1 circula\u00e7\u00e3o e tecido solto, escolha um creme BODYSLIM reafirmante e drenante.<\/p>\n<p>ESCOLHA DO CREME SLIMMING<br \/>\nOs cremes de emagrecimento BODYSLIM e BODYLIFT s\u00e3o usados, acima de tudo, para esculpir seu corpo, reafirmando-o. Eles tamb\u00e9m suavizam covinhas, casca de laranja e reduzem a gordura.<\/p>\n<p>O creme BODYLIFT geralmente atua na &#8220;reten\u00e7\u00e3o de \u00e1gua&#8221; observada em certas celulites. Portanto, existem mulheres que est\u00e3o mais satisfeitas com isso do que outras: aquelas que t\u00eam problemas venosos, pernas pesadas, t\u00eam uma parcela de \u00e1gua em suas cal\u00e7as que pode ser melhorada pelo BODYLIFT e por massagens.<br \/>\nPara obter um bom resultado, \u00e9 recomend\u00e1vel aplicar o creme na forma de leves massagens circulares na parte do corpo que voc\u00ea deseja remodelar. Seja nas coxas, n\u00e1degas, quadris ou est\u00f4mago, \u00e9 importante fazer esses movimentos circulares de baixo para cima. A massagem estimula a circula\u00e7\u00e3o sangu\u00ednea e ajuda a apagar a apar\u00eancia da casca de laranja. A drenagem de res\u00edduos t\u00f3xicos \u00e9, portanto, mais f\u00e1cil e r\u00e1pida. Al\u00e9m disso, quando voc\u00ea massageia, cria um pequeno gasto f\u00edsico, o que ajuda a suavizar as fibras de col\u00e1geno e elastina. Os efeitos do creme BODYLIFT s\u00e3o ent\u00e3o otimizados.<\/p>\n<p>O uso di\u00e1rio do creme BODYLIFT por no m\u00ednimo um m\u00eas permitir\u00e1 observar um resultado positivo. Para um maior resultado garantido, \u00e9 necess\u00e1rio aplic\u00e1-lo de manh\u00e3 e \u00e0 noite por v\u00e1rios meses. Dois a tr\u00eas meses s\u00e3o suficientes para se convencer.<\/p>\n<p><strong> Efici\u00eancia <\/strong><br \/>\nO BODYLIFT s\u00f3 \u00e9 eficaz al\u00e9m de outras a\u00e7\u00f5es. N\u00e3o \u00e9 um tratamento de choque. Se, ao mesmo tempo, voc\u00ea comer uma superabund\u00e2ncia de gordura e a\u00e7\u00facar, o efeito do creme ser\u00e1 zero. Um creme de emagrecimento praticamente n\u00e3o tem efeito por si s\u00f3. Por outro lado, no contexto de um programa ZinaCal de emagrecimento e anticelulite, pode-se come\u00e7ar a ver os efeitos ap\u00f3s 15 dias.<br \/>\nOs tr\u00eas elementos complementares para a dieta criativa, exerc\u00edcio f\u00edsico e relaxamento, porque voc\u00ea deve saber que as gorduras ligadas ao estresse n\u00e3o s\u00e3o desprez\u00edveis.<\/p>\n<p>Este produto foi especialmente formulado para responder favoravelmente, sem o risco de intoler\u00e2ncia, a tratamentos destinados a melhorar a apar\u00eancia do BODYLIFT, hidratar, amaciar e proteger a pele contra a a\u00e7\u00e3o de \u00e1gua pesada e estilo de vida. Este produto \u00e9 baseado em ingredientes naturais de alta qualidade, tendo comprovado em cosm\u00e9ticos sua efic\u00e1cia e raz\u00e3o de ser.<\/p>\n<p>Creme de gel sem perfume contendo extratos de castanha e hera, bem como mucopolissacar\u00eddeos, que ajudam a retardar a forma\u00e7\u00e3o de edema local, removem a \u00e1gua e promovem a drenagem. O BODYLIFT tamb\u00e9m possui uma a\u00e7\u00e3o descongestionante e tonificante, que fluidifica as gorduras subcut\u00e2neas e participa da destocagem de gorduras na camada da pele. Recomendado no caso de celulite, sobrecarga gordurosa ou oleosa nos quadris, coxas, cintura e tornozelos.<\/p>\n<p><strong> Ingredientes: <\/strong><br \/>\nAqua, Squalane, Sorbitol, \u00c1cido este\u00e1rico, Propileno glicol, Aesculus Hippocastanum (castanha da \u00cdndia), extrato de sementes, \u00c1gua (e) extrato de Hedera Helix (Ivy), miristato de isopropil, metilparabeno, propilparabeno, \u00e1lcool cet\u00edlico, glicoaminoglicerato, trietanolamina Sorbato, Caramelo, Fragr\u00e2ncia<\/p>\n<p><strong> PRINCIPAIS INGREDIENTES <\/strong><\/p>\n<p><strong> Extrato de castanha da \u00cdndia <\/strong><br \/>\nAperta poros grandes, age sobre poros entupidos. Estimula a circula\u00e7\u00e3o sangu\u00ednea das camadas perif\u00e9ricas da pele. Anti-s\u00e9ptico e adstringente, calmante e descongestionante.<\/p>\n<p><strong> Mucopolissacar\u00eddeos <\/strong><br \/>\nAjuda a liberar \u00e1gua presa no tecido. combinado com ingredientes que facilitam a mobiliza\u00e7\u00e3o de gorduras, \u00e9 um produto usado para combater a celulite.<\/p>\n<h5>Por que escolher o Dr. SERRAR <sup>\u00ae<\/sup> BODYLIFT?<\/h5>\n<p>SerrarPharma BODYLIFT anti celulite e anti edema, s\u00e3o fabricados de acordo com os mais altos padr\u00f5es da ind\u00fastria farmac\u00eautica. Eles usam os benef\u00edcios naturais do extrato de castanha da \u00cdndia, mucopolissacar\u00eddeos e ingredientes avan\u00e7ados. Estimula a circula\u00e7\u00e3o sangu\u00ednea das camadas perif\u00e9ricas da pele, \u00e9 calmante e atua como descongestionante. Ajuda a liberar \u00e1gua presa no tecido, combinada com ingredientes que facilitam a mobiliza\u00e7\u00e3o de gorduras, \u00e9 um produto usado para combater a celulite.<\/p>\n<div class=\"productlist\">MAIS ALTA QUALIDADE Fabricado nos EUA.<br \/>\nInstala\u00e7\u00f5es certificadas pela FDA<br \/>\nAs Boas Pr\u00e1ticas de Fabrica\u00e7\u00e3o (BPF) s\u00e3o um conjunto de regulamenta\u00e7\u00f5es farmac\u00eauticas rigorosas que garantem que os suplementos alimentares sejam fabricados e controlados com um alto padr\u00e3o adequado para uso.<br \/>\nSem soja, sem gl\u00faten, com certifica\u00e7\u00e3o Kosher, sem latic\u00ednios, sem leite, nozes, amendoins, frutos do mar, soja. Tamb\u00e9m livre de fermento, cevada, arroz, s\u00f3dio e a\u00e7\u00facar.<br \/>\nEfici\u00eancia M\u00e1xima<br \/>\nTodas as fontes naturais<br \/>\nFeito com ingredientes hipoalerg\u00eanicos<\/div>\n<p><strong> Indica\u00e7\u00f5es <\/strong><br \/>\nCELULITE, Emagrecedor, Hidratante, EDEMA: O BODYLIFT estimula a circula\u00e7\u00e3o sangu\u00ednea das camadas perif\u00e9ricas da pele, \u00e9 calmante e atua como descongestionante. Ajuda a liberar \u00e1gua presa no tecido. combinado com ingredientes que facilitam a mobiliza\u00e7\u00e3o de gorduras, \u00e9 um produto usado para combater a celulite.<\/p>\n<p><strong> RECOMENDA\u00c7\u00c3O DE TESTE DE PATCH <\/strong><br \/>\nEste \u00e9 um BODYLIFT CONCENTRADO E PODEROSO que cont\u00e9m ingredientes ativos \u00e0 base de plantas que podem causar irrita\u00e7\u00e3o na pele ou erup\u00e7\u00f5es cut\u00e2neas para pessoas com alergias. \u00c9 IMPORTANTE que voc\u00ea execute um teste de corre\u00e7\u00e3o do produto * pelo menos 24-48 * horas antes da aplica\u00e7\u00e3o regular para garantir que o produto seja adequado para a sua pele.<\/p>\n<p><strong> Aplicativo <\/strong><br \/>\nPara aplica\u00e7\u00e3o no est\u00f4mago: massageie em movimentos circulares no sentido hor\u00e1rio, enquanto penetra no creme.<br \/>\nPara as pernas: suba do joelho at\u00e9 a parte superior da coxa, fazendo pequenos c\u00edrculos.<br \/>\nPara quadris e n\u00e1degas: coloque as m\u00e3os planas de cada lado da pelve e fa\u00e7a grandes movimentos circulares pressionando suavemente, depois mais e mais forte, subindo em dire\u00e7\u00e3o \u00e0 cintura.<br \/>\nPara os bra\u00e7os: massageie do cotovelo aos ombros, enfatizando a parte interna do bra\u00e7o.<\/p>\n<p><strong> ATEN\u00c7\u00c3O: <\/strong><br \/>\nPara que o creme seja o mais eficaz poss\u00edvel, \u00e9 recomend\u00e1vel esfoliar a pele regularmente, pois isso a liberta da sujeira pequena que obstrui os poros.<br \/>\nA aplica\u00e7\u00e3o do produto, seguida de atividade f\u00edsica, permite queimar gordura e evitar reabastecimento. Voc\u00ea tamb\u00e9m obter\u00e1 uma pele mais harmoniosa que recuperar\u00e1 toda a sua firmeza.<br \/>\nUma dieta saud\u00e1vel e equilibrada n\u00e3o deve ser negligenciada. Beba pelo menos 1,5 litros de \u00e1gua diariamente.<br \/>\nAplique o creme de emagrecimento e massageie ap\u00f3s um banho quente ou banho. Temperatura e hidrata\u00e7\u00e3o s\u00e3o dois elementos que promovem a penetra\u00e7\u00e3o transcut\u00e2nea.<br \/>\n\u00c9 melhor evitar aplic\u00e1-los na pele sens\u00edvel (atopia, alergias conhecidas a certos excipientes, etc.) e em qualquer pele danificada, seja uma cicatriz recente, queimadura solar, uma placa de psor\u00edase\u2026<br \/>\nVoc\u00ea pode melhorar o efeito do creme de emagrecimento adicionando algumas gotas de \u00f3leos essenciais drenantes \u00e0 \u00e1gua do banho. Insista tamb\u00e9m com o chuveiro nas partes envolvidas por jatos alternados de \u00e1gua quente e fria.<\/p>\n<p>O creme Dr. SERRAR<sup>\u00ae<\/sup> BODYLIFT \u00e9 uma marca poderosa, mas segura e testada. Trabalhamos com laborat\u00f3rios no Canad\u00e1 e nos EUA para desenvolver nossos produtos. Cada produto que lan\u00e7amos \u00e9 desenvolvido para ser o mais poderoso poss\u00edvel, a fim de oferecer o m\u00e1ximo efeito, mantendo-se dermatologicamente seguro para a sua pele.<\/p>\n<p><strong> Aviso: <\/strong><br \/>\nPare com a menor mudan\u00e7a ou rea\u00e7\u00e3o. Se necess\u00e1rio, consulte um profissional m\u00e9dico ou informa\u00e7\u00f5es de sa\u00fade em caso de rea\u00e7\u00e3o al\u00e9rgica. Toda a pele \u00e9 diferente e reage de maneira diferente ao mesmo cosm\u00e9tico. N\u00e3o fornecemos aconselhamento personalizado, n\u00e3o conhecemos a sua pele. Para qualquer conselho pessoal, especialmente se voc\u00ea estiver em tratamento m\u00e9dico: consulte seu m\u00e9dico ou dermatologista. Nunca mude um tratamento prescrito com base no que voc\u00ea l\u00ea na internet.<\/p>\n<p>&nbsp;<\/p>\n<p><span style=\"color: #005890;\"><strong><span class=\"VIiyi\" lang=\"pt\"><span class=\"JLqJ4b ChMk0b\" data-language-for-alternatives=\"pt\" data-language-to-translate-into=\"en\" data-phrase-index=\"1\">FEITO NO CANAD\u00c1 <span class=\"VIiyi\" lang=\"es\"> \u00a0\u00a0\u00a0\u00a0 <\/span>|<\/span> <span class=\"VIiyi\" lang=\"es\"> \u00a0\u00a0\u00a0\u00a0 <\/span><span class=\"JLqJ4b ChMk0b\" data-language-for-alternatives=\"pt\" data-language-to-translate-into=\"en\" data-phrase-index=\"2\">GMP CERTIFIED <span class=\"VIiyi\" lang=\"es\"> \u00a0\u00a0\u00a0\u00a0 <\/span>|<\/span> <span class=\"VIiyi\" lang=\"es\"> \u00a0\u00a0\u00a0\u00a0 <\/span><span class=\"JLqJ4b ChMk0b\" data-language-for-alternatives=\"pt\" data-language-to-translate-into=\"en\" data-phrase-index=\"3\">N\u00c3O OGM <span class=\"VIiyi\" lang=\"es\"> \u00a0\u00a0\u00a0\u00a0 <\/span>|<span class=\"VIiyi\" lang=\"es\"> \u00a0\u00a0\u00a0\u00a0 <\/span><\/span> <span class=\"JLqJ4b ChMk0b\" data-language-for-alternatives=\"pt\" data-language-to-translate-into=\"en\" data-phrase-index=\"4\">LABORAT\u00d3RIO CERTIFICADO ISO 17025<\/span><\/span><\/strong><\/span><\/p>\n","protected":false},"excerpt":{"rendered":"<p>Anti-celulite Melhora a m\u00e1 circula\u00e7\u00e3o sangu\u00ednea Acalma &#8211; descongestionamento Diminui a reten\u00e7\u00e3o de \u00e1gua Pernas leves Os produtos para cuidados com a pele Dr. SERRAR \u00ae s\u00e3o o seu melhor aliado. Um verdadeiro impulso se voc\u00ea decidir controlar o seu peso. \u00c9 uma marca cujos tratamentos anticelulite e casca de laranja s\u00e3o preparados de acordo [&hellip;]<\/p>\n","protected":false},"featured_media":8400,"template":"","meta":{"hide_page_title":"","_coblocks_attr":"","_coblocks_dimensions":"","_coblocks_responsive_height":"","_coblocks_accordion_ie_support":""},"product_cat":[21],"product_tag":[],"translation":{"provider":"WPGlobus","version":"3.0.1","language":"pt","enabled_languages":["en","es","fr","ar","pt","it"],"languages":{"en":{"title":true,"content":true,"excerpt":false},"es":{"title":false,"content":true,"excerpt":false},"fr":{"title":false,"content":true,"excerpt":false},"ar":{"title":false,"content":true,"excerpt":false},"pt":{"title":false,"content":true,"excerpt":false},"it":{"title":false,"content":true,"excerpt":false}}},"_links":{"self":[{"href":"https:\/\/www.serrarpharma.com\/pt\/wp-json\/wp\/v2\/product\/7701"}],"collection":[{"href":"https:\/\/www.serrarpharma.com\/pt\/wp-json\/wp\/v2\/product"}],"about":[{"href":"https:\/\/www.serrarpharma.com\/pt\/wp-json\/wp\/v2\/types\/product"}],"wp:featuredmedia":[{"embeddable":true,"href":"https:\/\/www.serrarpharma.com\/pt\/wp-json\/wp\/v2\/media\/8400"}],"wp:attachment":[{"href":"https:\/\/www.serrarpharma.com\/pt\/wp-json\/wp\/v2\/media?parent=7701"}],"wp:term":[{"taxonomy":"product_cat","embeddable":true,"href":"https:\/\/www.serrarpharma.com\/pt\/wp-json\/wp\/v2\/product_cat?post=7701"},{"taxonomy":"product_tag","embeddable":true,"href":"https:\/\/www.serrarpharma.com\/pt\/wp-json\/wp\/v2\/product_tag?post=7701"}],"curies":[{"name":"wp","href":"https:\/\/api.w.org\/{rel}","templated":true}]}}