{"id":7700,"date":"2020-06-05T02:35:57","date_gmt":"2020-06-05T02:35:57","guid":{"rendered":"https:\/\/www.serrarpharma.com\/?post_type=product&#038;p=7700"},"modified":"2025-02-01T23:16:12","modified_gmt":"2025-02-02T04:16:12","slug":"dr-serrar-eclat","status":"publish","type":"product","link":"https:\/\/www.serrarpharma.com\/pt\/product\/dr-serrar-eclat\/","title":{"rendered":"ECLAT Collagen"},"content":{"rendered":"<p><img loading=\"lazy\" class=\"alignnone wp-image-11371\" src=\"https:\/\/i0.wp.com\/www.serrarpharma.com\/wp-content\/uploads\/2021\/04\/Made-in-CA.png?resize=70%2C70&#038;ssl=1\" alt=\"\" width=\"70\" height=\"70\" srcset=\"https:\/\/i0.wp.com\/www.serrarpharma.com\/wp-content\/uploads\/2021\/04\/Made-in-CA.png?w=150&amp;ssl=1 150w, https:\/\/i0.wp.com\/www.serrarpharma.com\/wp-content\/uploads\/2021\/04\/Made-in-CA.png?resize=100%2C100&amp;ssl=1 100w\" sizes=\"(max-width: 70px) 100vw, 70px\" data-recalc-dims=\"1\" \/><img loading=\"lazy\" class=\"alignnone wp-image-11370\" src=\"https:\/\/i0.wp.com\/www.serrarpharma.com\/wp-content\/uploads\/2021\/04\/GMP.png?resize=70%2C70&#038;ssl=1\" alt=\"\" width=\"70\" height=\"70\" srcset=\"https:\/\/i0.wp.com\/www.serrarpharma.com\/wp-content\/uploads\/2021\/04\/GMP.png?w=150&amp;ssl=1 150w, https:\/\/i0.wp.com\/www.serrarpharma.com\/wp-content\/uploads\/2021\/04\/GMP.png?resize=100%2C100&amp;ssl=1 100w\" sizes=\"(max-width: 70px) 100vw, 70px\" data-recalc-dims=\"1\" \/><img loading=\"lazy\" class=\"alignnone wp-image-11369\" src=\"https:\/\/i0.wp.com\/www.serrarpharma.com\/wp-content\/uploads\/2021\/04\/Nongmo.png?resize=70%2C70&#038;ssl=1\" alt=\"\" width=\"70\" height=\"70\" srcset=\"https:\/\/i0.wp.com\/www.serrarpharma.com\/wp-content\/uploads\/2021\/04\/Nongmo.png?w=150&amp;ssl=1 150w, https:\/\/i0.wp.com\/www.serrarpharma.com\/wp-content\/uploads\/2021\/04\/Nongmo.png?resize=100%2C100&amp;ssl=1 100w\" sizes=\"(max-width: 70px) 100vw, 70px\" data-recalc-dims=\"1\" \/><img loading=\"lazy\" class=\"alignnone wp-image-11799\" src=\"https:\/\/i0.wp.com\/www.serrarpharma.com\/wp-content\/uploads\/2021\/04\/ISO-07.png?resize=70%2C70&#038;ssl=1\" alt=\"\" width=\"70\" height=\"70\" srcset=\"https:\/\/i0.wp.com\/www.serrarpharma.com\/wp-content\/uploads\/2021\/04\/ISO-07.png?resize=300%2C300&amp;ssl=1 300w, https:\/\/i0.wp.com\/www.serrarpharma.com\/wp-content\/uploads\/2021\/04\/ISO-07.png?resize=150%2C150&amp;ssl=1 150w, https:\/\/i0.wp.com\/www.serrarpharma.com\/wp-content\/uploads\/2021\/04\/ISO-07.png?resize=100%2C100&amp;ssl=1 100w, https:\/\/i0.wp.com\/www.serrarpharma.com\/wp-content\/uploads\/2021\/04\/ISO-07.png?w=418&amp;ssl=1 418w\" sizes=\"(max-width: 70px) 100vw, 70px\" data-recalc-dims=\"1\" \/><\/p>\n<p>&nbsp;<\/p>\n<p>\u00c0 base de col\u00e1geno<br \/>\nAnti-rugas<br \/>\nHidrata &#8211; nutre<br \/>\nProtege &#8211; Revitaliza<br \/>\nIlumina &#8211; Firmas<br \/>\nFeito com<br \/>\n<strong>Ingredientes hipoalerg\u00eanicos<\/strong><br \/>\nProjetado para todos os tipos de pele<\/p>\n<p>Dr. SERRAR<sup>\u00ae<\/sup> Skin Care \u00e9 uma marca cujos tratamentos antioxidantes e hidratantes s\u00e3o preparados de acordo com os par\u00e2metros de prote\u00e7\u00e3o contra o envelhecimento atmosf\u00e9rico. O \u00faltimo denota sinais vis\u00edveis de exposi\u00e7\u00e3o a uma variedade de agressores ambientais. Esses agressores incluem raios UV, radia\u00e7\u00e3o infravermelha (IRA) e polui\u00e7\u00e3o. Pesquisas mostram que a superexposi\u00e7\u00e3o a esses agressores pode levar ao envelhecimento vis\u00edvel da pele e que o uso de antioxidantes t\u00f3picos pode ajudar a prevenir esse efeito.<\/p>\n<p>Sob o efeito da idade e das condi\u00e7\u00f5es clim\u00e1ticas, a pele perde sua elasticidade e brilho. Para superar esses inconvenientes, oferecemos uma gama de produtos projetados para prevenir, desacelerar e corrigir os primeiros sinais de envelhecimento da pele.<\/p>\n<p>Os produtos do Dr. SERRAR<sup>\u00ae<\/sup>Skin Care s\u00e3o preparados a partir de elementos bioestimulantes e extratos de plantas que amolecem, nutrem e hidratam a pele, promovendo o suprimento sangu\u00edneo epid\u00e9rmico. Eles tonificam e regeneram a pele e contribuem para a sua sa\u00fade e bem-estar. Estes produtos s\u00e3o recomendados para todas as pessoas com 21 anos ou mais.<\/p>\n<p>O col\u00e1geno ECLAT ajuda a combater o envelhecimento da pele. Ajuda a defender a pele contra o estresse oxidativo e reduz as conseq\u00fc\u00eancias da exposi\u00e7\u00e3o \u00e0 pele. O creme de col\u00e1geno ECLAT \u00e9 um antioxidante antienvelhecimento, revitalizante e hidratante para ajudar a prevenir rugas e barreira protetora da pele.<\/p>\n<p>O col\u00e1geno ECLAT \u00e9 uma emuls\u00e3o cremosa, rosa p\u00e1lida, com um delicado perfume de flores, contendo col\u00e1geno, robano, elastina, alanto\u00edna. Essas subst\u00e2ncias naturais ajudam a pele a manter essas fun\u00e7\u00f5es generativas. Este maravilhoso creme para dia e noite protege e amacia, hidrata, nutre, revitaliza e previne o aparecimento de rugas. As ceramidas contidas neste creme servem como vetores de col\u00e1geno e elastina. Eles impedem a a\u00e7\u00e3o da elastase que destr\u00f3i essas mol\u00e9culas.<\/p>\n<p><strong>Col\u00e1geno:<\/strong><br \/>\nA origem grega da palavra col\u00e1geno, &#8220;kolla&#8221; significa cola.<br \/>\nDevido ao seu envolvimento direto no envelhecimento da pele, o col\u00e1geno tornou-se um ingrediente ativo de escolha na luta antienvelhecimento.<br \/>\nO col\u00e1geno \u00e9 a prote\u00edna mais abundante no corpo humano. Representa cerca de 6% do nosso peso total e cerca de 65% de todas as prote\u00ednas fibrosas do corpo. \u00c9 o constituinte essencial da derme. O col\u00e1geno \u00e9 composto de fibras produzidas por fibroblastos e est\u00e1 localizado principalmente no tecido conjuntivo. Tamb\u00e9m est\u00e1 presente nos ossos, cartilagens, ligamentos, tend\u00f5es, cabelos, onde atua como uma esp\u00e9cie de cola, garantindo a coes\u00e3o entre as c\u00e9lulas. Proporciona resist\u00eancia e elasticidade \u00e0 pele.<\/p>\n<p>O col\u00e1geno \u00e9 continuamente renovado ao longo da vida. Mas \u00e0 medida que envelhece, sua produ\u00e7\u00e3o se deteriora. O col\u00e1geno produzido \u00e9 de menor qualidade, perde espessura e resist\u00eancia, resultando em perda de elasticidade, t\u00f4nus \u200b\u200be firmeza dos tecidos. Estima-se que, a partir dos 30 anos, a perda seja de cerca de 1% ao ano. Para retardar os efeitos do envelhecimento, o col\u00e1geno criou um lugar para si mesmo em cosm\u00e9ticos.<br \/>\nO col\u00e1geno \u00e9 proporcionalmente envolvido no processo de envelhecimento da pele. Ela desempenha um papel importante na elasticidade e qualidade da derme. Nos cosm\u00e9ticos, \u00e9 usado por sua a\u00e7\u00e3o preventiva, regeneradora e hidratante antienvelhecimento.<\/p>\n<p>O col\u00e1geno d\u00e1 for\u00e7a \u00e0s estruturas d\u00e9rmicas enquanto as protege. Tamb\u00e9m est\u00e1 fortemente envolvido no processo de cicatriza\u00e7\u00e3o.<br \/>\nO col\u00e1geno melhora a qualidade da pele e preserva a juventude. Utilizado no cuidado de estimular a s\u00edntese natural de col\u00e1geno para melhorar a firmeza, o tom, a elasticidade da pele, todos esses marcadores determinantes na pele jovem ou madura.<\/p>\n<p>O COLLAGEN tem um efeito de aperto imediato, ajuda a manter a integridade estrutural dos tecidos e limita a perda de \u00e1gua, combatendo o ressecamento da pele e ajudando a manter a boa qualidade da pele.<\/p>\n<p><strong> INGREDIENTES: <\/strong><br \/>\nAqua, \u00c1cido Este\u00e1rico, Cera de Abelha, Esqualano, Fenoxietanol (E) Capril Glicol (E) Etilhexilglicerina (E) Hexileno Glicol, Propileno Glicol, Borato de S\u00f3dio, Glicerina, Elastina, Alanto\u00edna, Col\u00e1geno, Tocoferol, \u00d3leo de Prunus Amygdalus) Bht, Dmdm Hidanto\u00edna, \u00c1gua (E) Fosfolip\u00eddios (E) Esfingolip\u00eddios, Carb\u00f4mero, Oleato de Sorbitano, Trietanolamina, Fragr\u00e2ncia.<\/p>\n<p><strong> PRINCIPAIS INGREDIENTES <\/strong><\/p>\n<p><strong>Col\u00e1geno:<\/strong><br \/>\nMelhore a firmeza, a tonicidade e a elasticidade.<br \/>\nMelhore a qualidade da pele e preserve sua juventude.<br \/>\nA\u00e7\u00e3o preventiva antienvelhecimento e regeneradora e hidratante.<br \/>\nEnvolvido no processo de cura.<\/p>\n<p><strong>Elastina:<\/strong><br \/>\nFibra prot\u00e9ica que acompanha o col\u00e1geno no tecido conjuntivo. Ap\u00f3s o col\u00e1geno, a elastina \u00e9 uma das escleroprote\u00ednas fibrosas mais importantes do corpo. Sua estrutura em espiral confere \u00e0 pele sua elasticidade. Apoia, refor\u00e7a e completa a a\u00e7\u00e3o do col\u00e1geno.<\/p>\n<p><strong>Alanto\u00edna:<\/strong><br \/>\nCura e promove a prolifera\u00e7\u00e3o celular da pele. Elimina o tecido necr\u00f3tico. Agente reparador e restaurador do epit\u00e9lio. \u00c9 hidratante, suavizante, calmante e n\u00e3o irritante.<\/p>\n<p><strong>Ceramida:<\/strong><br \/>\nUtilizados como ve\u00edculo de col\u00e1geno e elastina, eles t\u00eam um poder hidratante muito forte das camadas epid\u00e9rmicas superiores e evitam a a\u00e7\u00e3o el\u00e1stica que destr\u00f3i essas duas mol\u00e9culas.<\/p>\n<p><strong>Robane: Squalane<\/strong><br \/>\nSubst\u00e2ncia do azeite que \u00e9 muito penetrante, restaura e garante flexibilidade e protege contra irrita\u00e7\u00f5es da pele.<\/p>\n<p>&nbsp;<\/p>\n<h5>Por que escolher o col\u00e1geno Dr. SERRAR<sup>\u00ae<\/sup> ECLAT Collagen?<\/h5>\n<p>O creme de col\u00e1geno Dr. SERRAR<sup>\u00ae<\/sup> ECLAT Collagen \u00e9 fabricado de acordo com os mais altos padr\u00f5es da ind\u00fastria farmac\u00eautica. Eles cont\u00eam col\u00e1geno avan\u00e7ado, elastina, alanto\u00edna e robano. essas subst\u00e2ncias naturais ajudam a pele a manter essas fun\u00e7\u00f5es geradoras. esta f\u00f3rmula avan\u00e7ada projetada para atingir os sinais mais comuns de envelhecimento, incluindo brilho, firmeza, linhas finas, rugas, manchas escuras e manchas de sol.<\/p>\n<div class=\"productlist\">ALTA QUALIDADE. LIVRE DE GL\u00daTEN. Feito no Canad\u00e1.<br \/>\nAs Boas Pr\u00e1ticas de Fabrica\u00e7\u00e3o (BPF) s\u00e3o um conjunto de regulamenta\u00e7\u00f5es farmac\u00eauticas rigorosas que garantem que os suplementos alimentares sejam fabricados e controlados com um alto padr\u00e3o adequado para uso.<br \/>\nSem Soja, Sem Gl\u00faten, Certificado Kosher, Sem Latic\u00ednios, Sem Leite, Nozes, Amendoins, Mariscos, Trigo e Soja. Tamb\u00e9m livre de fermento, cevada, arroz, s\u00f3dio e a\u00e7\u00facar.<br \/>\nEfici\u00eancia m\u00e1xima.<br \/>\nToda natural.<br \/>\nFeito com ingredientes hipoalerg\u00eanicos.<\/div>\n<p><strong> Indica\u00e7\u00f5es <\/strong><br \/>\nO processo de envelhecimento naturalmente diminui a umidade, o col\u00e1geno e os nutrientes cruciais da pele, deixando a pele seca, enrugada e manchada. Collag\u00e8ne, Elastine, Ceramide, cire d&#8217;abeille \u00e9 projetado com precis\u00e3o para revitalizar a pele envelhecida, fornecendo os principais nutrientes necess\u00e1rios para restaurar a pele \u00e0 sua apar\u00eancia jovem e bonita.<\/p>\n<p><strong> RECOMENDA\u00c7\u00c3O DE TESTE DE PATCH <\/strong><br \/>\nEste \u00e9 um creme facial CONCENTRADO E PODEROSO que cont\u00e9m ingredientes ativos \u00e0 base de plantas que podem causar irrita\u00e7\u00e3o na pele ou erup\u00e7\u00f5es cut\u00e2neas para pessoas com alergias. \u00c9 IMPORTANTE que voc\u00ea execute um teste de corre\u00e7\u00e3o do produto * pelo menos 24-48 * horas antes da aplica\u00e7\u00e3o regular para garantir que o produto seja adequado para a sua pele.<\/p>\n<p><strong> COMO USAR <\/strong><br \/>\nSe a f\u00f3rmula for compat\u00edvel com a sua pele, aplique duas vezes ao dia. Somente para uso externo.<br \/>\nCreme diurno e noturno, protege e amacia, hidrata, nutre, revitaliza a epiderme. Evita o aparecimento de rugas.<br \/>\nAp\u00f3s a limpeza e tonifica\u00e7\u00e3o da pele, no rosto, pesco\u00e7o e peito, ap\u00f3s o soro da vitamina C.<br \/>\n\u00c0 noite, complete seu tratamento com creme Derm.<br \/>\nEste kit Zina Vitamina C + RADIANCE + DERM: regenera anos de danos ambientais e deixa a pele saud\u00e1vel e jovem. Reduz visivelmente linhas finas e rugas, tornando sua pele mais robusta e luminosa.<\/p>\n<p>O creme Dr. SERRAR<sup>\u00ae<\/sup> ECLAT Collagen \u00e9 uma marca poderosa, mas segura e testada. Trabalhamos com laborat\u00f3rios no Canad\u00e1 e nos EUA para desenvolver nossos produtos. Cada produto que lan\u00e7amos \u00e9 desenvolvido para ser o mais poderoso poss\u00edvel, a fim de oferecer o m\u00e1ximo efeito, mantendo-se dermatologicamente seguro para a sua pele.<\/p>\n<p><strong> Aviso: <\/strong><br \/>\nPare com a menor mudan\u00e7a ou rea\u00e7\u00e3o. Se necess\u00e1rio, consulte um profissional m\u00e9dico ou informa\u00e7\u00f5es de sa\u00fade em caso de rea\u00e7\u00e3o al\u00e9rgica.<br \/>\nCada pele \u00e9 diferente e reage de maneira diferente ao mesmo cosm\u00e9tico. N\u00e3o fornecemos aconselhamento personalizado, n\u00e3o conhecemos a sua pele.<br \/>\nPara qualquer conselho pessoal, especialmente se voc\u00ea estiver em tratamento m\u00e9dico: consulte seu m\u00e9dico ou dermatologista.<br \/>\nNunca mude um tratamento prescrito com base no que voc\u00ea l\u00ea na internet.<\/p>\n<p>&nbsp;<\/p>\n<p><span style=\"color: #005890;\"><strong><span class=\"VIiyi\" lang=\"pt\"> <span class=\"JLqJ4b ChMk0b\" data-language-for-alternatives=\"pt\" data-language-to-translate-into=\"en\" data-phrase-index=\"1\">FEITO NO CANAD\u00c1 \u00a0\u00a0\u00a0\u00a0 |<\/span> <span class=\"JLqJ4b ChMk0b\" data-language-for-alternatives=\"pt\" data-language-to-translate-into=\"en\" data-phrase-index=\"0\">\u00a0\u00a0\u00a0\u00a0 <\/span><span class=\"JLqJ4b ChMk0b\" data-language-for-alternatives=\"pt\" data-language-to-translate-into=\"en\" data-phrase-index=\"2\">GMP CERTIFIED \u00a0\u00a0\u00a0\u00a0 |\u00a0\u00a0\u00a0\u00a0 <\/span> <span class=\"JLqJ4b ChMk0b\" data-language-for-alternatives=\"pt\" data-language-to-translate-into=\"en\" data-phrase-index=\"3\">N\u00c3O OGM \u00a0\u00a0\u00a0\u00a0 |\u00a0\u00a0\u00a0\u00a0 <\/span> <span class=\"JLqJ4b ChMk0b\" data-language-for-alternatives=\"pt\" data-language-to-translate-into=\"en\" data-phrase-index=\"4\">LABORAT\u00d3RIO CERTIFICADO ISO 17025<\/span><\/span><\/strong><\/span><\/p>\n","protected":false},"excerpt":{"rendered":"<p>&nbsp; \u00c0 base de col\u00e1geno Anti-rugas Hidrata &#8211; nutre Protege &#8211; Revitaliza Ilumina &#8211; Firmas Feito com Ingredientes hipoalerg\u00eanicos Projetado para todos os tipos de pele Dr. SERRAR\u00ae Skin Care \u00e9 uma marca cujos tratamentos antioxidantes e hidratantes s\u00e3o preparados de acordo com os par\u00e2metros de prote\u00e7\u00e3o contra o envelhecimento atmosf\u00e9rico. O \u00faltimo denota sinais [&hellip;]<\/p>\n","protected":false},"featured_media":8588,"template":"","meta":{"hide_page_title":"","_coblocks_attr":"","_coblocks_dimensions":"","_coblocks_responsive_height":"","_coblocks_accordion_ie_support":""},"product_cat":[22],"product_tag":[],"translation":{"provider":"WPGlobus","version":"3.0.1","language":"pt","enabled_languages":["en","es","fr","ar","pt","it"],"languages":{"en":{"title":true,"content":true,"excerpt":false},"es":{"title":false,"content":true,"excerpt":false},"fr":{"title":false,"content":true,"excerpt":false},"ar":{"title":false,"content":true,"excerpt":false},"pt":{"title":false,"content":true,"excerpt":false},"it":{"title":false,"content":true,"excerpt":false}}},"_links":{"self":[{"href":"https:\/\/www.serrarpharma.com\/pt\/wp-json\/wp\/v2\/product\/7700"}],"collection":[{"href":"https:\/\/www.serrarpharma.com\/pt\/wp-json\/wp\/v2\/product"}],"about":[{"href":"https:\/\/www.serrarpharma.com\/pt\/wp-json\/wp\/v2\/types\/product"}],"wp:featuredmedia":[{"embeddable":true,"href":"https:\/\/www.serrarpharma.com\/pt\/wp-json\/wp\/v2\/media\/8588"}],"wp:attachment":[{"href":"https:\/\/www.serrarpharma.com\/pt\/wp-json\/wp\/v2\/media?parent=7700"}],"wp:term":[{"taxonomy":"product_cat","embeddable":true,"href":"https:\/\/www.serrarpharma.com\/pt\/wp-json\/wp\/v2\/product_cat?post=7700"},{"taxonomy":"product_tag","embeddable":true,"href":"https:\/\/www.serrarpharma.com\/pt\/wp-json\/wp\/v2\/product_tag?post=7700"}],"curies":[{"name":"wp","href":"https:\/\/api.w.org\/{rel}","templated":true}]}}