{"id":7623,"date":"2020-06-04T17:58:13","date_gmt":"2020-06-04T21:58:13","guid":{"rendered":"https:\/\/www.serrarpharma.com\/?post_type=product&#038;p=7623"},"modified":"2024-08-21T22:08:51","modified_gmt":"2024-08-22T02:08:51","slug":"dr-serrar-vitamin-c-serum","status":"publish","type":"product","link":"https:\/\/www.serrarpharma.com\/pt\/product\/dr-serrar-vitamin-c-serum\/","title":{"rendered":"VITAMIN C SERUM"},"content":{"rendered":"<p><img loading=\"lazy\" class=\"alignnone wp-image-11896\" src=\"https:\/\/i0.wp.com\/www.serrarpharma.com\/wp-content\/uploads\/2021\/05\/Quality-Labels-US-09.png?resize=70%2C70&#038;ssl=1\" alt=\"\" width=\"70\" height=\"70\" data-recalc-dims=\"1\" \/><img loading=\"lazy\" class=\"alignnone wp-image-11370\" src=\"https:\/\/i0.wp.com\/www.serrarpharma.com\/wp-content\/uploads\/2021\/04\/GMP.png?resize=70%2C70&#038;ssl=1\" alt=\"\" width=\"70\" height=\"70\" srcset=\"https:\/\/i0.wp.com\/www.serrarpharma.com\/wp-content\/uploads\/2021\/04\/GMP.png?w=150&amp;ssl=1 150w, https:\/\/i0.wp.com\/www.serrarpharma.com\/wp-content\/uploads\/2021\/04\/GMP.png?resize=100%2C100&amp;ssl=1 100w\" sizes=\"(max-width: 70px) 100vw, 70px\" data-recalc-dims=\"1\" \/><img loading=\"lazy\" class=\"alignnone wp-image-11369\" src=\"https:\/\/i0.wp.com\/www.serrarpharma.com\/wp-content\/uploads\/2021\/04\/Nongmo.png?resize=70%2C70&#038;ssl=1\" alt=\"\" width=\"70\" height=\"70\" srcset=\"https:\/\/i0.wp.com\/www.serrarpharma.com\/wp-content\/uploads\/2021\/04\/Nongmo.png?w=150&amp;ssl=1 150w, https:\/\/i0.wp.com\/www.serrarpharma.com\/wp-content\/uploads\/2021\/04\/Nongmo.png?resize=100%2C100&amp;ssl=1 100w\" sizes=\"(max-width: 70px) 100vw, 70px\" data-recalc-dims=\"1\" \/><img loading=\"lazy\" class=\"alignnone wp-image-11799\" src=\"https:\/\/i0.wp.com\/www.serrarpharma.com\/wp-content\/uploads\/2021\/04\/ISO-07.png?resize=70%2C70&#038;ssl=1\" alt=\"\" width=\"70\" height=\"70\" srcset=\"https:\/\/i0.wp.com\/www.serrarpharma.com\/wp-content\/uploads\/2021\/04\/ISO-07.png?resize=300%2C300&amp;ssl=1 300w, https:\/\/i0.wp.com\/www.serrarpharma.com\/wp-content\/uploads\/2021\/04\/ISO-07.png?resize=150%2C150&amp;ssl=1 150w, https:\/\/i0.wp.com\/www.serrarpharma.com\/wp-content\/uploads\/2021\/04\/ISO-07.png?resize=100%2C100&amp;ssl=1 100w, https:\/\/i0.wp.com\/www.serrarpharma.com\/wp-content\/uploads\/2021\/04\/ISO-07.png?w=418&amp;ssl=1 418w\" sizes=\"(max-width: 70px) 100vw, 70px\" data-recalc-dims=\"1\" \/><\/p>\n<p><strong> ILUMINADO<br \/>\n20% VIT C<br \/>\nHIALURONATO DE S\u00d3DIO <\/strong><\/p>\n<p>Antioxidante muito poderoso<br \/>\nAnti-rugas<br \/>\nAnti-envelhecimento<br \/>\nIlumina &#8211; cura<br \/>\nFeito com<br \/>\n<strong> Ingredientes hipoalerg\u00eanicos <\/strong><br \/>\nProjetado para todos os tipos de pele<\/p>\n<p>Dr. SERRAR\u00ae Skin Care \u00e9 uma marca cujos tratamentos antioxidantes s\u00e3o preparados de acordo com par\u00e2metros para prote\u00e7\u00e3o contra o envelhecimento atmosf\u00e9rico. O \u00faltimo denota sinais vis\u00edveis de exposi\u00e7\u00e3o a uma variedade de agressores ambientais. Esses agressores incluem raios UV, radia\u00e7\u00e3o infravermelha (IRA) e polui\u00e7\u00e3o. Pesquisas mostram que a superexposi\u00e7\u00e3o a esses agressores pode levar ao envelhecimento vis\u00edvel da pele e que o uso de antioxidantes t\u00f3picos pode ajudar a prevenir esse efeito.<\/p>\n<p><strong> O que \u00e9 o soro de vitamina C? <\/strong><br \/>\nPesquisas cl\u00ednicas mostram que combina\u00e7\u00f5es espec\u00edficas de antioxidantes, quando projetadas de maneira eficaz, funcionam sinergicamente para oferecer melhores resultados do que esses mesmos antioxidantes usados \u200b\u200bseparadamente. A escolha da vitamina C E Ferulic para este soro \u00e0 base de vitamina C foi projetada para obter \u00f3timos resultados:<\/p>\n<div class=\"productlist\">Refor\u00e7a a prote\u00e7\u00e3o contra os raios UV para prevenir melhor os sinais vis\u00edveis de envelhecimento.<br \/>\nReduz a apar\u00eancia de danos causados \u200b\u200bpelo sol.<\/div>\n<p>VITAMIN C Serum, \u00e9 usado para clarear e renovar a pele. \u00c9 uma f\u00f3rmula poderosa para combater o tom de pele sem brilho e irregular e os sinais de envelhecimento com apenas 11 ingredientes. Sem perfume, sem silicone, apenas ingredientes ativos essenciais de excel\u00eancia em dermatologia.<\/p>\n<p><strong> Ingredientes: <\/strong> \u00e1gua destilada, \u00e1cido L-asc\u00f3rbico (vitamina C), etoxidiglicol, zemea propanodiol (derivado de milho), niacinamida (vitamina B3), filtro de fermento de raiz de leuconostoc \/ rabanete, Laureth-23, hialuronato de s\u00f3dio, d-alfa (vitamina E) tocoferol, dl-pantenol (pr\u00f3-vitamina B5), rosa damascena (\u00e1gua floral de rosas), glicerina kosher, \u00e1cido fer\u00falico, sorbato de pot\u00e1ssio.<\/p>\n<p><strong> PRINCIPAIS INGREDIENTES <\/strong><br \/>\n20% de \u00e1cido L-asc\u00f3rbico (vitamina C):<br \/>\nA vitamina C \u00e9 um antioxidante muito poderoso que n\u00e3o \u00e9 efetivamente absorvido pela pele devido \u00e0 sua estrutura. As caracter\u00edsticas da prepara\u00e7\u00e3o Dr. SERRAR\u00ae deste soro permitem que a vitamina C seja absorvida pela pele de maneira eficaz:<\/p>\n<div class=\"productlist\">1) \u00e1cido L-asc\u00f3rbico puro (vitamina C);<br \/>\n2) um pH \u00e1cido entre 2,0 e 3,5;<br \/>\n3) uma concentra\u00e7\u00e3o de 20% em uma f\u00f3rmula 100% hipoalerg\u00eanica.<\/div>\n<p>Essencial para o bom funcionamento do corpo, a vitamina C est\u00e1 presente na pele, onde ret\u00e9m uma certa categoria de radicais livres e combate os danos causados \u200b\u200bpelo estresse oxidativo. e ajuda a proteger contra o estresse oxidativo, proporcionando benef\u00edcios antienvelhecimento vis\u00edveis. \u00c9 tamb\u00e9m um trunfo para combater dist\u00farbios pigmentares, redensificar a matriz extracelular e combater a inflama\u00e7\u00e3o para acalmar a pele. No rosto, os efeitos desses ativos multitarefa s\u00e3o imediatos: linhas finas s\u00e3o reduzidas, a tez \u00e9 mais uniforme e o brilho \u00e9 dado uma segunda respira\u00e7\u00e3o.<\/p>\n<p><strong> Niacinamida (vitamina B3) <\/strong><br \/>\nUtilizada pela nossa pele, a niacinamida oferece v\u00e1rias a\u00e7\u00f5es:<\/p>\n<div class=\"productlist\">Melhoria da fun\u00e7\u00e3o de barreira da pele. Acelera\u00e7\u00e3o da diferencia\u00e7\u00e3o celular.<br \/>\nCura r\u00e1pida. Ajuda a reestruturar a epiderme.<br \/>\nEfeitos anti-inflamat\u00f3rios, limitam a irrita\u00e7\u00e3o.<br \/>\nPerda de \u00e1gua reduzida, efeito hidratante das diferentes camadas da pele, incluindo o estrato c\u00f3rneo.<br \/>\nAumenta as enzimas que criam ceramidas e serina para melhor coes\u00e3o celular.<br \/>\nLuta contra estados at\u00f3picos, contra a pele seca.<br \/>\nInibi\u00e7\u00e3o de citocinas inflamat\u00f3rias.<br \/>\nDiminui e regula a produ\u00e7\u00e3o de melanina (manchas marrons).<br \/>\nUma a\u00e7\u00e3o anti-envelhecimento e anti-inflamat\u00f3ria interessante, adequada para todos os tipos de pele e todas as idades (adultos).<br \/>\nVITAMINA C soro, portanto, de interesse para a pele com acne inflamat\u00f3ria, pele irritada, pele at\u00f3pica, pele que se torna sens\u00edvel, pele que reage mais do que antes, pele com poros vis\u00edveis, espinha emergente, ros\u00e1cea, pele sob tratamento irritante (retinol, retin\u00f3ides, contra acne).<\/div>\n<p><strong><br \/>\nHialuronato de s\u00f3dio <\/strong><br \/>\nHialuronato de s\u00f3dio \u00e9 o sal do \u00e1cido hialur\u00f4nico. \u00c9 um componente natural do tecido conjuntivo. Ele penetra facilmente na epiderme e \u00e9 capaz de absorver uma grande quantidade de \u00e1gua, at\u00e9 20 vezes o seu peso.<br \/>\nDescoberto na d\u00e9cada de 1930, o \u00e1cido hialur\u00f4nico \u00e9 abundante na derme da pele jovem, mas sua quantidade diminui com a idade: a pele aparece mais danificada, com rugas. O \u00e1cido hialur\u00f4nico \u00e9 uma mol\u00e9cula bastante grande que tem dificuldade em penetrar na pele e \u00e9 muito mais eficaz quando injetada. Em um cosm\u00e9tico, seu sal \u00e9 usado: o hialuronato de s\u00f3dio \u00e9 uma mol\u00e9cula muito menor, que penetra mais facilmente e pode se mover para as camadas profundas da pele. Este sal \u00e9 um poderoso umectante que atrai e ret\u00e9m \u00e1gua, tornando-o o produto hidratante preferido para a pele: ajuda a mant\u00ea-lo &#8220;\u00famido&#8221;. Como atrai e se liga \u00e0 \u00e1gua, causa um leve incha\u00e7o, o que reduz a apar\u00eancia de linhas finas e rugas, para dar \u00e0 pele uma apar\u00eancia mais jovem.<\/p>\n<p><strong> alfa-tocoferol a 1% <\/strong><br \/>\nEsta forma de vitamina E neutraliza os radicais livres e rep\u00f5e os lip\u00eddios na pele. Como foi comprovado, o alfa-tocoferol trabalha sinergicamente com a vitamina C, cada uma regenerando a outra. Acima de tudo, ajuda a acalmar a pele e proteg\u00ea-la dos efeitos nocivos da polui\u00e7\u00e3o. Consequ\u00eancias; menos sinais de fadiga no rosto.<\/p>\n<p>Suas fun\u00e7\u00f5es<br \/>\nAntioxidante: Inibe rea\u00e7\u00f5es favorecidas pelo oxig\u00eanio, evitando oxida\u00e7\u00e3o e ran\u00e7o<br \/>\nAgente de cuidado da pele: Mant\u00e9m a pele em boas condi\u00e7\u00f5es<\/p>\n<p><strong> Pr\u00f3-vitamina B5 <\/strong><br \/>\nO pantenol \u00e9 um \u00e1lcool amplamente utilizado em cosm\u00e9ticos. Pantenol melhora a hidrata\u00e7\u00e3o, reduz a coceira e a inflama\u00e7\u00e3o da pele. Acelera e melhora a cicatriza\u00e7\u00e3o de feridas epid\u00e9rmicas. \u00c9 frequentemente usado em produtos de tratamento de queimaduras solares. Quando o pantenol \u00e9 aplicado localmente, penetra nas camadas inferiores da pele, \u00e9 absorvido pelas c\u00e9lulas da pele e transformado em \u00e1cido pantot\u00eanico (mais comumente conhecido como vitamina B5). \u00c9 essa penetra\u00e7\u00e3o que permite a hidrata\u00e7\u00e3o essencial.<br \/>\n0,5% de \u00e1cido fer\u00falico<br \/>\nUm antioxidante \u00e0 base de plantas, o \u00e1cido fer\u00falico neutraliza os radicais livres e aumenta os benef\u00edcios antioxidantes das vitaminas C e E.<\/p>\n<h5>Por que escolher o Soro Dr. SERRAR\u00ae VITAMINA C?<\/h5>\n<p>O Dr. SERRAR\u00ae VITAMIN C SERUM \u00e9 fabricado de acordo com os mais altos padr\u00f5es da ind\u00fastria farmac\u00eautica. Eles cont\u00eam soro antioxidante avan\u00e7ado &#8211; um nutriente indispens\u00e1vel para a produ\u00e7\u00e3o de col\u00e1geno, a vitamina C combina sinergicamente com hialuronato de s\u00f3dio e vitamina E nesta f\u00f3rmula avan\u00e7ada projetada para atingir os sinais mais comuns de envelhecimento, incluindo brilho, firmeza, linhas finas, rugas, manchas escuras e sol pontos.<\/p>\n<div class=\"productlist\">ALTA QUALIDADE. LIVRE DE GL\u00daTEN. Produzido nos Estados Unidos.<br \/>\nInstala\u00e7\u00f5es certificadas pela FDA<br \/>\nAs Boas Pr\u00e1ticas de Fabrica\u00e7\u00e3o (BPF) s\u00e3o um conjunto de regulamenta\u00e7\u00f5es farmac\u00eauticas rigorosas que garantem que os suplementos alimentares sejam fabricados e controlados com um alto padr\u00e3o adequado para uso.<br \/>\nSem Soja, Sem Gl\u00faten, Certificado Kosher, Sem Latic\u00ednios, Sem Leite, Nozes, Amendoins, Mariscos, Trigo e Soja. Tamb\u00e9m livre de fermento, cevada, arroz, s\u00f3dio e a\u00e7\u00facar.<br \/>\nEfici\u00eancia M\u00e1xima<br \/>\nToda natural Origem<br \/>\nFeito com ingredientes hipoalerg\u00eanicos<\/div>\n<p>&nbsp;<\/p>\n<p>Indica\u00e7\u00f5es<br \/>\nO processo de envelhecimento naturalmente diminui a umidade, o col\u00e1geno e os nutrientes cruciais da pele, deixando a pele seca, enrugada e manchada. O soro da vitamina C foi projetado com precis\u00e3o para revitalizar a pele envelhecida, fornecendo os principais nutrientes necess\u00e1rios para restaurar a pele \u00e0 sua apar\u00eancia jovem e bonita.<\/p>\n<p><strong> RECOMENDA\u00c7\u00c3O PARA TESTE DE PATCHES <\/strong> &#8211; Este \u00e9 um soro facial CONCENTRADO E PODEROSO que cont\u00e9m ingredientes ativos \u00e0 base de plantas que podem causar irrita\u00e7\u00e3o na pele ou erup\u00e7\u00f5es cut\u00e2neas para pessoas com alergias. \u00c9 IMPORTANTE que voc\u00ea execute um teste de corre\u00e7\u00e3o do produto * pelo menos 24-48 * horas antes da aplica\u00e7\u00e3o regular para garantir que o produto seja adequado para a sua pele.<br \/>\nRecomendado independentemente da idade, cosm\u00e9ticos \u00e0 base de vitamina C n\u00e3o s\u00e3o recomendados em caso de pele sens\u00edvel ou ros\u00e1cea.<\/p>\n<p><strong> COMO USAR <\/strong><br \/>\nSe a f\u00f3rmula for compat\u00edvel com a sua pele, aplique 3-5 gotas uma vez ao dia, seguidas de hidratante. Somente para uso externo.<br \/>\nDe manh\u00e3, ap\u00f3s limpar e tonificar a pele, aplique 4-5 gotas no rosto, pesco\u00e7o e peito secos antes de qualquer outro produto para o cuidado da pele.<br \/>\nComplete o seu dia com creme ECLAT.<br \/>\nComplete o seu tratamento \u00e0 noite com creme DERM.<br \/>\nO kit (VITAMINA C SORO + ECLAT + DERM) regenera anos de danos ambientais e deixa a pele saud\u00e1vel e jovem. Reduz visivelmente linhas finas e rugas, tornando sua pele mais robusta e luminosa.<\/p>\n<p>O Dr. SERRAR\u00ae VITAMIN C SERUM \u00e9 uma marca poderosa, mas segura e testada. Trabalhamos com laborat\u00f3rios no Canad\u00e1 e nos EUA para desenvolver nossos produtos. Cada produto que lan\u00e7amos \u00e9 desenvolvido para ser o mais poderoso poss\u00edvel, a fim de oferecer o m\u00e1ximo efeito, mantendo-se dermatologicamente seguro para a sua pele.<\/p>\n<p><strong> Aviso: <\/strong><br \/>\nPare com a menor mudan\u00e7a ou rea\u00e7\u00e3o. Se necess\u00e1rio, consulte um profissional m\u00e9dico ou informa\u00e7\u00f5es de sa\u00fade em caso de rea\u00e7\u00e3o al\u00e9rgica.<br \/>\nCada pele \u00e9 diferente e reage de maneira diferente ao mesmo cosm\u00e9tico. N\u00e3o fornecemos aconselhamento personalizado, n\u00e3o conhecemos a sua pele.<br \/>\nPara qualquer conselho pessoal, especialmente se voc\u00ea estiver em tratamento m\u00e9dico: consulte seu m\u00e9dico ou dermatologista.<br \/>\nNunca mude um tratamento prescrito com base no que voc\u00ea l\u00ea na internet.<\/p>\n<p>&nbsp;<\/p>\n<p><span style=\"color: #005890;\"><strong><span class=\"VIiyi\" lang=\"pt\"><span class=\"JLqJ4b ChMk0b\" data-language-for-alternatives=\"pt\" data-language-to-translate-into=\"en\" data-phrase-index=\"1\">PRODUZIDO NOS ESTADOS UNIDOS \u00a0\u00a0\u00a0 |<\/span> <span class=\"JLqJ4b ChMk0b\" data-language-for-alternatives=\"pt\" data-language-to-translate-into=\"en\" data-phrase-index=\"0\">\u00a0\u00a0\u00a0\u00a0 <\/span><span class=\"JLqJ4b ChMk0b\" data-language-for-alternatives=\"pt\" data-language-to-translate-into=\"en\" data-phrase-index=\"2\">GMP CERTIFIED \u00a0\u00a0\u00a0\u00a0 |\u00a0\u00a0\u00a0\u00a0 <\/span> <span class=\"JLqJ4b ChMk0b\" data-language-for-alternatives=\"pt\" data-language-to-translate-into=\"en\" data-phrase-index=\"3\">N\u00c3O OGM \u00a0\u00a0\u00a0\u00a0 |\u00a0\u00a0\u00a0\u00a0 <\/span> <span class=\"JLqJ4b ChMk0b\" data-language-for-alternatives=\"pt\" data-language-to-translate-into=\"en\" data-phrase-index=\"4\">LABORAT\u00d3RIO CERTIFICADO ISO 17025<\/span><\/span><\/strong><\/span><\/p>\n","protected":false},"excerpt":{"rendered":"<p>ILUMINADO 20% VIT C HIALURONATO DE S\u00d3DIO Antioxidante muito poderoso Anti-rugas Anti-envelhecimento Ilumina &#8211; cura Feito com Ingredientes hipoalerg\u00eanicos Projetado para todos os tipos de pele Dr. SERRAR\u00ae Skin Care \u00e9 uma marca cujos tratamentos antioxidantes s\u00e3o preparados de acordo com par\u00e2metros para prote\u00e7\u00e3o contra o envelhecimento atmosf\u00e9rico. O \u00faltimo denota sinais vis\u00edveis de exposi\u00e7\u00e3o [&hellip;]<\/p>\n","protected":false},"featured_media":8833,"template":"","meta":{"hide_page_title":"","_coblocks_attr":"","_coblocks_dimensions":"","_coblocks_responsive_height":"","_coblocks_accordion_ie_support":""},"product_cat":[22],"product_tag":[],"translation":{"provider":"WPGlobus","version":"3.0.1","language":"pt","enabled_languages":["en","es","fr","ar","pt","it"],"languages":{"en":{"title":true,"content":true,"excerpt":false},"es":{"title":false,"content":true,"excerpt":false},"fr":{"title":false,"content":true,"excerpt":false},"ar":{"title":false,"content":true,"excerpt":false},"pt":{"title":false,"content":true,"excerpt":false},"it":{"title":false,"content":true,"excerpt":false}}},"_links":{"self":[{"href":"https:\/\/www.serrarpharma.com\/pt\/wp-json\/wp\/v2\/product\/7623"}],"collection":[{"href":"https:\/\/www.serrarpharma.com\/pt\/wp-json\/wp\/v2\/product"}],"about":[{"href":"https:\/\/www.serrarpharma.com\/pt\/wp-json\/wp\/v2\/types\/product"}],"wp:featuredmedia":[{"embeddable":true,"href":"https:\/\/www.serrarpharma.com\/pt\/wp-json\/wp\/v2\/media\/8833"}],"wp:attachment":[{"href":"https:\/\/www.serrarpharma.com\/pt\/wp-json\/wp\/v2\/media?parent=7623"}],"wp:term":[{"taxonomy":"product_cat","embeddable":true,"href":"https:\/\/www.serrarpharma.com\/pt\/wp-json\/wp\/v2\/product_cat?post=7623"},{"taxonomy":"product_tag","embeddable":true,"href":"https:\/\/www.serrarpharma.com\/pt\/wp-json\/wp\/v2\/product_tag?post=7623"}],"curies":[{"name":"wp","href":"https:\/\/api.w.org\/{rel}","templated":true}]}}