{"id":7618,"date":"2020-06-03T17:46:11","date_gmt":"2020-06-03T21:46:11","guid":{"rendered":"https:\/\/www.serrarpharma.com\/?post_type=product&#038;p=7618"},"modified":"2024-08-21T21:13:23","modified_gmt":"2024-08-22T01:13:23","slug":"collagen-pure","status":"publish","type":"product","link":"https:\/\/www.serrarpharma.com\/pt\/product\/collagen-pure\/","title":{"rendered":"Collagen Pure"},"content":{"rendered":"<p><img loading=\"lazy\" class=\"alignnone wp-image-11896\" src=\"https:\/\/i0.wp.com\/www.serrarpharma.com\/wp-content\/uploads\/2021\/05\/Quality-Labels-US-09.png?resize=70%2C70&#038;ssl=1\" alt=\"\" width=\"70\" height=\"70\" data-recalc-dims=\"1\" \/><img loading=\"lazy\" class=\"alignnone wp-image-11370\" src=\"https:\/\/i0.wp.com\/www.serrarpharma.com\/wp-content\/uploads\/2021\/04\/GMP.png?resize=70%2C70&#038;ssl=1\" alt=\"\" width=\"70\" height=\"70\" srcset=\"https:\/\/i0.wp.com\/www.serrarpharma.com\/wp-content\/uploads\/2021\/04\/GMP.png?w=150&amp;ssl=1 150w, https:\/\/i0.wp.com\/www.serrarpharma.com\/wp-content\/uploads\/2021\/04\/GMP.png?resize=100%2C100&amp;ssl=1 100w\" sizes=\"(max-width: 70px) 100vw, 70px\" data-recalc-dims=\"1\" \/><img loading=\"lazy\" class=\"alignnone wp-image-11369\" src=\"https:\/\/i0.wp.com\/www.serrarpharma.com\/wp-content\/uploads\/2021\/04\/Nongmo.png?resize=70%2C70&#038;ssl=1\" alt=\"\" width=\"70\" height=\"70\" srcset=\"https:\/\/i0.wp.com\/www.serrarpharma.com\/wp-content\/uploads\/2021\/04\/Nongmo.png?w=150&amp;ssl=1 150w, https:\/\/i0.wp.com\/www.serrarpharma.com\/wp-content\/uploads\/2021\/04\/Nongmo.png?resize=100%2C100&amp;ssl=1 100w\" sizes=\"(max-width: 70px) 100vw, 70px\" data-recalc-dims=\"1\" \/><img loading=\"lazy\" class=\"alignnone wp-image-11799\" src=\"https:\/\/i0.wp.com\/www.serrarpharma.com\/wp-content\/uploads\/2021\/04\/ISO-07.png?resize=70%2C70&#038;ssl=1\" alt=\"\" width=\"70\" height=\"70\" srcset=\"https:\/\/i0.wp.com\/www.serrarpharma.com\/wp-content\/uploads\/2021\/04\/ISO-07.png?resize=300%2C300&amp;ssl=1 300w, https:\/\/i0.wp.com\/www.serrarpharma.com\/wp-content\/uploads\/2021\/04\/ISO-07.png?resize=150%2C150&amp;ssl=1 150w, https:\/\/i0.wp.com\/www.serrarpharma.com\/wp-content\/uploads\/2021\/04\/ISO-07.png?resize=100%2C100&amp;ssl=1 100w, https:\/\/i0.wp.com\/www.serrarpharma.com\/wp-content\/uploads\/2021\/04\/ISO-07.png?w=418&amp;ssl=1 418w\" sizes=\"(max-width: 70px) 100vw, 70px\" data-recalc-dims=\"1\" \/><\/p>\n<p>Suporte de articula\u00e7\u00f5es<br \/>\nPele saud\u00e1vel<br \/>\nReduza as rugas<br \/>\nFornece tecido conjuntivo<br \/>\nAjuda a construir m\u00fasculos<br \/>\nQueimar gordura<\/p>\n<p><strong> O que \u00e9 col\u00e1geno: <\/strong><br \/>\nO col\u00e1geno \u00e9 como a cola que mant\u00e9m o corpo unido. \u00c9 a prote\u00edna mais abundante no corpo e pode ser encontrada no m\u00fasculo, pele, cartilagem, ossos e sangue apenas para citar alguns dos pap\u00e9is vitais que desempenha no corpo. Nos \u00faltimos anos, o col\u00e1geno come\u00e7ou a se tornar cada vez mais popular.<br \/>\n<strong><br \/>\nPor que col\u00e1geno: <\/strong><br \/>\nCollagen \u00e9 um complexo de col\u00e1geno de m\u00faltiplas mol\u00e9culas que oferece suporte para a sa\u00fade das articula\u00e7\u00f5es e para a pele saud\u00e1vel. O col\u00e1geno pode apoiar a elasticidade e a firmeza da pele, al\u00e9m de ajudar a reter a umidade. *<\/p>\n<div class=\"productlist\">Apoia a sa\u00fade das articula\u00e7\u00f5es<br \/>\nPromove elasticidade da pele<br \/>\nPode ajudar a diminuir a apar\u00eancia de linhas finas e rugas *<br \/>\nPotencial para fornecer suporte ao tecido conjuntivo *<br \/>\nAjuda a construir m\u00fasculos e queimar gordura<br \/>\nSuplemento natural<\/div>\n<p>&#8211;<br \/>\nO corpo produz naturalmente col\u00e1geno, mas \u00e0 medida que envelhecemos, come\u00e7amos a produzir cada vez menos. Isso pode resultar em sinais vis\u00edveis de envelhecimento &#8211; como rugas e flacidez da pele &#8211; e sinais invis\u00edveis de envelhecimento &#8211; como dores nas articula\u00e7\u00f5es. O col\u00e1geno pode ajudar a fornecer ao seu corpo os blocos de constru\u00e7\u00e3o necess\u00e1rios para manter essas e outras \u00e1reas da sa\u00fade. Tamb\u00e9m pode ajudar a apoiar m\u00fasculos magros saud\u00e1veis. Com sua ampla gama de benef\u00edcios e usos, o col\u00e1geno pode atrair clientes jovens e idosos!<\/p>\n<h5>Por que escolher o Dr. SERRAR<sup>\u00ae<\/sup> Collagen Pure?<\/h5>\n<p>O Dr. SERRAR<sup>\u00ae<\/sup> Collagen Pure \u00e9 fabricado de acordo com os mais altos padr\u00f5es da ind\u00fastria farmac\u00eautica. Eles cont\u00eam complexos de col\u00e1geno de m\u00faltiplas mol\u00e9culas: pept\u00eddeos de bovinos, de frango e de membrana de casca de ovo.<\/p>\n<div class=\"productlist\">ALTA QUALIDADE. LIVRE DE GL\u00daTEN. Produzido nos Estados Unidos.<br \/>\nInstala\u00e7\u00f5es certificadas pela FDA<br \/>\nAs Boas Pr\u00e1ticas de Fabrica\u00e7\u00e3o (BPF) s\u00e3o um conjunto de regulamentos farmac\u00eauticos rigorosos que garantem que os suplementos alimentares sejam fabricados e controlados com um alto padr\u00e3o adequado para uso.<br \/>\nSem Soja, Sem Gl\u00faten, Certificado Kosher, Sem Latic\u00ednios, Sem Leite, Nozes, Amendoins, Mariscos, Trigo e Soja. Tamb\u00e9m sem fermento, cevada, arroz, s\u00f3dio e a\u00e7\u00facar.<br \/>\nEfici\u00eancia M\u00e1xima<br \/>\nTodo natural<br \/>\nFeito com ingredientes hipoalerg\u00eanicos<\/div>\n<p><strong><br \/>\nInstru\u00e7\u00f5es de uso: <\/strong><br \/>\nComo suplemento diet\u00e9tico, tome uma (1) c\u00e1psula uma vez ao dia antes das refei\u00e7\u00f5es ou como indicado por um profissional de sa\u00fade.<br \/>\nArmazenar em local fresco e seco.<\/p>\n<p><strong> Outros ingredientes <\/strong><br \/>\nC\u00e1psulas de gelatina, estearato de magn\u00e9sio<\/p>\n<p><strong><br \/>\nInforma\u00e7\u00f5es importantes: <\/strong><br \/>\nSe voc\u00ea estiver tomando algum medicamento sob prescri\u00e7\u00e3o m\u00e9dica, tiver uma condi\u00e7\u00e3o m\u00e9dica ou tiver preocupa\u00e7\u00f5es espec\u00edficas sobre a adequa\u00e7\u00e3o de qualquer um de nossos produtos a esses produtos, sempre consulte seu m\u00e9dico ou farmac\u00eautico antes de tomar suplementos. Mulheres gr\u00e1vidas ou lactantes devem consultar um m\u00e9dico antes de tomar suplementos. N\u00e3o exceda a dose di\u00e1ria recomendada. Mantenha fora do alcance de crian\u00e7as. Suplementos n\u00e3o devem ser tomados como substitutos de uma dieta variada. Leia sempre o r\u00f3tulo antes de usar.<\/p>\n<p>A Serrar Pharma usa apenas ingredientes puros e naturais, de fontes confi\u00e1veis \u200b\u200bde GMP. Garantimos a qualidade n\u00e3o apenas de cada lote, mas de cada ingrediente desse lote, garantindo que voc\u00ea obtenha apenas o produto da mais alta qualidade. Existem muitos benef\u00edcios de suporte suplementar. Veja coment\u00e1rios.<br \/>\nSe voc\u00ea tiver alguma d\u00favida, entre em contato conosco. Obrigado.<\/p>\n<p>&nbsp;<\/p>\n<p><span style=\"color: #005890;\"><strong><span class=\"VIiyi\" lang=\"pt\"><span class=\"JLqJ4b ChMk0b\" data-language-for-alternatives=\"pt\" data-language-to-translate-into=\"en\" data-phrase-index=\"1\">PRODUZIDO NOS ESTADOS UNIDOS <span class=\"VIiyi\" lang=\"es\"> \u00a0\u00a0\u00a0\u00a0 <\/span>|<\/span> <span class=\"VIiyi\" lang=\"es\"> \u00a0\u00a0\u00a0\u00a0 <\/span><span class=\"JLqJ4b ChMk0b\" data-language-for-alternatives=\"pt\" data-language-to-translate-into=\"en\" data-phrase-index=\"2\">GMP CERTIFIED <span class=\"VIiyi\" lang=\"es\"> \u00a0\u00a0\u00a0\u00a0 <\/span>|<\/span> <span class=\"VIiyi\" lang=\"es\"> \u00a0\u00a0\u00a0\u00a0 <\/span><span class=\"JLqJ4b ChMk0b\" data-language-for-alternatives=\"pt\" data-language-to-translate-into=\"en\" data-phrase-index=\"3\">N\u00c3O OGM <span class=\"VIiyi\" lang=\"es\"> \u00a0\u00a0\u00a0\u00a0 <\/span>|<span class=\"VIiyi\" lang=\"es\"> \u00a0\u00a0\u00a0\u00a0 <\/span><\/span> <span class=\"JLqJ4b ChMk0b\" data-language-for-alternatives=\"pt\" data-language-to-translate-into=\"en\" data-phrase-index=\"4\">LABORAT\u00d3RIO CERTIFICADO ISO 17025<\/span><\/span><\/strong><\/span><\/p>\n","protected":false},"excerpt":{"rendered":"<p>Suporte de articula\u00e7\u00f5es Pele saud\u00e1vel Reduza as rugas Fornece tecido conjuntivo Ajuda a construir m\u00fasculos Queimar gordura O que \u00e9 col\u00e1geno: O col\u00e1geno \u00e9 como a cola que mant\u00e9m o corpo unido. \u00c9 a prote\u00edna mais abundante no corpo e pode ser encontrada no m\u00fasculo, pele, cartilagem, ossos e sangue apenas para citar alguns dos [&hellip;]<\/p>\n","protected":false},"featured_media":7917,"template":"","meta":{"hide_page_title":"","_coblocks_attr":"","_coblocks_dimensions":"","_coblocks_responsive_height":"","_coblocks_accordion_ie_support":""},"product_cat":[21],"product_tag":[],"translation":{"provider":"WPGlobus","version":"3.0.1","language":"pt","enabled_languages":["en","es","fr","ar","pt","it"],"languages":{"en":{"title":true,"content":true,"excerpt":false},"es":{"title":false,"content":true,"excerpt":false},"fr":{"title":true,"content":true,"excerpt":false},"ar":{"title":false,"content":true,"excerpt":false},"pt":{"title":false,"content":true,"excerpt":false},"it":{"title":false,"content":true,"excerpt":false}}},"_links":{"self":[{"href":"https:\/\/www.serrarpharma.com\/pt\/wp-json\/wp\/v2\/product\/7618"}],"collection":[{"href":"https:\/\/www.serrarpharma.com\/pt\/wp-json\/wp\/v2\/product"}],"about":[{"href":"https:\/\/www.serrarpharma.com\/pt\/wp-json\/wp\/v2\/types\/product"}],"wp:featuredmedia":[{"embeddable":true,"href":"https:\/\/www.serrarpharma.com\/pt\/wp-json\/wp\/v2\/media\/7917"}],"wp:attachment":[{"href":"https:\/\/www.serrarpharma.com\/pt\/wp-json\/wp\/v2\/media?parent=7618"}],"wp:term":[{"taxonomy":"product_cat","embeddable":true,"href":"https:\/\/www.serrarpharma.com\/pt\/wp-json\/wp\/v2\/product_cat?post=7618"},{"taxonomy":"product_tag","embeddable":true,"href":"https:\/\/www.serrarpharma.com\/pt\/wp-json\/wp\/v2\/product_tag?post=7618"}],"curies":[{"name":"wp","href":"https:\/\/api.w.org\/{rel}","templated":true}]}}