{"id":7405,"date":"2020-05-20T01:36:17","date_gmt":"2020-05-20T05:36:17","guid":{"rendered":"https:\/\/www.serrarpharma.com\/?post_type=product&#038;p=7405"},"modified":"2024-08-21T21:16:42","modified_gmt":"2024-08-22T01:16:42","slug":"zinaprobiotic","status":"publish","type":"product","link":"https:\/\/www.serrarpharma.com\/pt\/product\/zinaprobiotic\/","title":{"rendered":"ProBiotic"},"content":{"rendered":"<p><img loading=\"lazy\" class=\"alignnone wp-image-11371\" src=\"https:\/\/i0.wp.com\/www.serrarpharma.com\/wp-content\/uploads\/2021\/04\/Made-in-CA.png?resize=70%2C70&#038;ssl=1\" alt=\"\" width=\"70\" height=\"70\" srcset=\"https:\/\/i0.wp.com\/www.serrarpharma.com\/wp-content\/uploads\/2021\/04\/Made-in-CA.png?w=150&amp;ssl=1 150w, https:\/\/i0.wp.com\/www.serrarpharma.com\/wp-content\/uploads\/2021\/04\/Made-in-CA.png?resize=100%2C100&amp;ssl=1 100w\" sizes=\"(max-width: 70px) 100vw, 70px\" data-recalc-dims=\"1\" \/><img loading=\"lazy\" class=\"alignnone wp-image-11370\" src=\"https:\/\/i0.wp.com\/www.serrarpharma.com\/wp-content\/uploads\/2021\/04\/GMP.png?resize=70%2C70&#038;ssl=1\" alt=\"\" width=\"70\" height=\"70\" srcset=\"https:\/\/i0.wp.com\/www.serrarpharma.com\/wp-content\/uploads\/2021\/04\/GMP.png?w=150&amp;ssl=1 150w, https:\/\/i0.wp.com\/www.serrarpharma.com\/wp-content\/uploads\/2021\/04\/GMP.png?resize=100%2C100&amp;ssl=1 100w\" sizes=\"(max-width: 70px) 100vw, 70px\" data-recalc-dims=\"1\" \/><img loading=\"lazy\" class=\"alignnone wp-image-11369\" src=\"https:\/\/i0.wp.com\/www.serrarpharma.com\/wp-content\/uploads\/2021\/04\/Nongmo.png?resize=70%2C70&#038;ssl=1\" alt=\"\" width=\"70\" height=\"70\" srcset=\"https:\/\/i0.wp.com\/www.serrarpharma.com\/wp-content\/uploads\/2021\/04\/Nongmo.png?w=150&amp;ssl=1 150w, https:\/\/i0.wp.com\/www.serrarpharma.com\/wp-content\/uploads\/2021\/04\/Nongmo.png?resize=100%2C100&amp;ssl=1 100w\" sizes=\"(max-width: 70px) 100vw, 70px\" data-recalc-dims=\"1\" \/><img loading=\"lazy\" class=\"alignnone wp-image-11799\" src=\"https:\/\/i0.wp.com\/www.serrarpharma.com\/wp-content\/uploads\/2021\/04\/ISO-07.png?resize=70%2C70&#038;ssl=1\" alt=\"\" width=\"70\" height=\"70\" srcset=\"https:\/\/i0.wp.com\/www.serrarpharma.com\/wp-content\/uploads\/2021\/04\/ISO-07.png?resize=300%2C300&amp;ssl=1 300w, https:\/\/i0.wp.com\/www.serrarpharma.com\/wp-content\/uploads\/2021\/04\/ISO-07.png?resize=150%2C150&amp;ssl=1 150w, https:\/\/i0.wp.com\/www.serrarpharma.com\/wp-content\/uploads\/2021\/04\/ISO-07.png?resize=100%2C100&amp;ssl=1 100w, https:\/\/i0.wp.com\/www.serrarpharma.com\/wp-content\/uploads\/2021\/04\/ISO-07.png?w=418&amp;ssl=1 418w\" sizes=\"(max-width: 70px) 100vw, 70px\" data-recalc-dims=\"1\" \/><\/p>\n<p><strong> Benef\u00edcios para a sa\u00fade de Dr. SERRAR<sup>\u00ae<\/sup> ProBiotic For Life <\/strong><\/p>\n<div class=\"productlist\">Todos os ingredientes naturais<br \/>\nSuporte di\u00e1rio<br \/>\nDigest\u00e3o<br \/>\nIncha\u00e7o<br \/>\nDiarr\u00e9ia associada a antibi\u00f3ticos<br \/>\nObstipa\u00e7\u00e3o em idosos<br \/>\nViagens ao exterior<br \/>\nControle de Peso<br \/>\nSuporte imune<br \/>\nPerda de mem\u00f3ria<br \/>\nMau humor<br \/>\nBem estar<br \/>\nRugas com a idade<br \/>\nPele seca<br \/>\nProblemas no couro cabeludo<br \/>\nFotossensibilidade<\/div>\n<p>Os in\u00fameros dados cient\u00edficos favorecem os probi\u00f3ticos, principalmente pelas seguintes vantagens e usos principais:<br \/>\n<strong><br \/>\nAJUDE O SISTEMA DIGESTIVO: <\/strong><\/p>\n<div class=\"productlist\">Digest\u00e3o<br \/>\nIncha\u00e7o<br \/>\nDiarr\u00e9ia associada a antibi\u00f3ticos<br \/>\nObstipa\u00e7\u00e3o em idosos<br \/>\nViagens ao exterior<\/div>\n<p><strong><br \/>\nREDUZINDO A PROGRESS\u00c3O DE DOEN\u00c7AS DEGENERATIVAS <\/strong><\/p>\n<div class=\"productlist\">Doen\u00e7a de Alzheimer<br \/>\nDoen\u00e7a de Parkinson<br \/>\nEsclerose m\u00faltipla<br \/>\nDem\u00eancia<\/div>\n<p><strong><br \/>\nPREVEN\u00c7\u00c3O DE REA\u00c7\u00d5ES IMUNOL\u00d3GICAS <\/strong><\/p>\n<div class=\"productlist\">Alergia alimentar<br \/>\nEczema<\/div>\n<p><strong><br \/>\nPROTEJA O CORA\u00c7\u00c3O <\/strong><\/p>\n<div class=\"productlist\">Dislipidemia (colesterol no sangue)<br \/>\nPress\u00e3o alta<\/div>\n<p><strong><br \/>\nMELHORE O DESEMPENHO COGNITIVO <\/strong><\/p>\n<div class=\"productlist\">Perda de mem\u00f3ria<br \/>\nMau humor<\/div>\n<p><strong><br \/>\nREGULAR APETITE E MANTER PESO SAUD\u00c1VEL <\/strong><\/p>\n<div class=\"productlist\">Obesidade ou excesso de peso<br \/>\nDist\u00farbios alimentares<br \/>\nDiabetes tipo 2<\/div>\n<p><strong><br \/>\nPREVEN\u00c7\u00c3O DE DOEN\u00c7AS INFLAMAT\u00d3RIAS <\/strong><\/p>\n<div class=\"productlist\">Doen\u00e7a de Crohn<br \/>\nS\u00edndrome do intestino irrit\u00e1vel \/ intestino<\/div>\n<p><strong><br \/>\nAPOIANDO IMUNIDADE E PROTE\u00c7\u00c3O CONTRA INFEC\u00c7\u00d5ES <\/strong><\/p>\n<div class=\"productlist\">Infec\u00e7\u00f5es respirat\u00f3rias<br \/>\nInfec\u00e7\u00f5es do trato urin\u00e1rio<br \/>\nVaginose bacteriana<br \/>\nOtite (infec\u00e7\u00f5es de ouvido)<br \/>\nVacina\u00e7\u00e3o em idosos<\/div>\n<p><strong> REDUZA O ESTRESSE PSICOL\u00d3GICO <\/strong><\/p>\n<div class=\"productlist\">Ansiedade<br \/>\nDepress\u00e3o<br \/>\nDificuldade de concentra\u00e7\u00e3o<\/div>\n<p><strong><br \/>\nPREVEN\u00c7\u00c3O DE DEFICI\u00caNCIAS DE NUTRI\u00c7\u00c3O <\/strong><\/p>\n<div class=\"productlist\">Dist\u00farbios do espectro do autismo<br \/>\nIntoler\u00e2ncia alimentar<\/div>\n<p><strong><br \/>\nATRASO DO ENVELHECIMENTO DERMATOL\u00d3GICO <\/strong><\/p>\n<div class=\"productlist\">Rugas com a idade<br \/>\nPele seca<br \/>\nProblemas no couro cabeludo<br \/>\nFotossensibilidade<\/div>\n<p>&#8211;<\/p>\n<p>Escusado ser\u00e1 dizer que \u00e9 importante comer bem todos os dias com uma variedade de alimentos saud\u00e1veis \u200b\u200bal\u00e9m da suplementa\u00e7\u00e3o.<\/p>\n<p>&nbsp;<\/p>\n<h5>Por que escolher o Dr. SERRAR<sup>\u00ae<\/sup> Probiotic?<\/h5>\n<p>Os probi\u00f3ticos SerrarPharma s\u00e3o fabricados de acordo com os mais altos padr\u00f5es da ind\u00fastria farmac\u00eautica. Eles cont\u00eam complexos de m\u00faltiplas linhagens que refletem a composi\u00e7\u00e3o natural da flora probi\u00f3tica humana (Bifidobacteria e Lactobacilli).<\/p>\n<div class=\"productlist\">ALTA QUALIDADE. LIVRE DE GL\u00daTEN. Produzido nos Estados Unidos.<br \/>\nInstala\u00e7\u00f5es certificadas pela FDA<br \/>\nBoas Pr\u00e1ticas de Fabrica\u00e7\u00e3o (BPF) \u00e9 um conjunto de regulamentos farmac\u00eauticos rigorosos que garantem que os suplementos alimentares sejam fabricados e controlados com um alto padr\u00e3o adequado para uso.<br \/>\nSem soja, Sem gl\u00faten, Certificado Kosher, Sem latic\u00ednios, Vegetariano<br \/>\nLivre de leite, ovo, peixe, crust\u00e1ceo, frutos do mar, nozes, amendoins, trigo e soja. Tamb\u00e9m livre de fermento, gl\u00faten, cevada, arroz, s\u00f3dio e a\u00e7\u00facar.<br \/>\nEfici\u00eancia M\u00e1xima<br \/>\nToda natural Origem<\/div>\n<p><strong><br \/>\nInstru\u00e7\u00f5es de uso <\/strong><br \/>\nComo suplemento diet\u00e9tico, tome uma (1) c\u00e1psula uma vez ao dia antes das refei\u00e7\u00f5es ou como indicado por um profissional de sa\u00fade.<br \/>\nArmazenar em local fresco e seco.<br \/>\nMistura propriet\u00e1ria 50 bilh\u00f5es em UFCs: Bifidobacterium lactis (HA-194), Lactobacillus acidophilus (HA-122), Bifidobacterium longum (HA-135), Bifidobacterium bifidum, Lactobacillus casei, Lactobacillus plantarum (HA-119), Lactobacillus plantarum (HA-119), Lactobacillus plantarum (HA-119) ,, Lactobacillus rhamnosus (HA-111), Lactobacillus bulgaricus, Lactospore (bacillus coagulans).<\/p>\n<p><strong> Outros ingredientes <\/strong><br \/>\nFarinha De Arroz De Gr\u00e3o Longa. Celulose Vegetal. C\u00e1psula vegetariana SerrarPharma, LLC. Os produtos s\u00e3o fabricados com ingredientes da mais alta qualidade e fabricados de acordo com as Boas Pr\u00e1ticas de Fabrica\u00e7\u00e3o (cGMP) atuais.<\/p>\n<p>&#8211;<br \/>\n<strong> Informa\u00e7\u00f5es importantes: <\/strong><br \/>\nSe voc\u00ea estiver tomando algum medicamento sob prescri\u00e7\u00e3o m\u00e9dica, tiver uma condi\u00e7\u00e3o m\u00e9dica ou tiver preocupa\u00e7\u00f5es espec\u00edficas sobre a adequa\u00e7\u00e3o de qualquer um de nossos produtos a esses produtos, sempre consulte seu m\u00e9dico ou farmac\u00eautico antes de tomar suplementos. Mulheres gr\u00e1vidas ou lactantes devem consultar um m\u00e9dico antes de tomar suplementos. N\u00e3o exceda a dose di\u00e1ria recomendada. Mantenha fora do alcance de crian\u00e7as. Suplementos n\u00e3o devem ser tomados como substitutos de uma dieta variada. Leia sempre o r\u00f3tulo antes de usar<\/p>\n<p>A Serrar Pharma usa apenas ingredientes puros e naturais, de fontes confi\u00e1veis de GMP. Garantimos a qualidade n\u00e3o apenas de cada lote, mas de cada ingrediente desse lote, garantindo que voc\u00ea obtenha apenas o produto da mais alta qualidade. Existem muitos benef\u00edcios de suporte suplementar. Veja abaixo os coment\u00e1rios. Se voc\u00ea tiver alguma d\u00favida, entre em contato conosco em info@serrarpharma.com<\/p>\n<p>&nbsp;<\/p>\n<p><span style=\"color: #005890;\"><strong><span class=\"VIiyi\" lang=\"pt\"><span class=\"JLqJ4b ChMk0b\" data-language-for-alternatives=\"pt\" data-language-to-translate-into=\"en\" data-phrase-index=\"1\">FEITO NO CANAD\u00c1\u00a0\u00a0\u00a0\u00a0\u00a0 |<\/span> <span class=\"JLqJ4b ChMk0b\" data-language-for-alternatives=\"pt\" data-language-to-translate-into=\"en\" data-phrase-index=\"0\">\u00a0\u00a0\u00a0\u00a0\u00a0 <\/span><span class=\"JLqJ4b ChMk0b\" data-language-for-alternatives=\"pt\" data-language-to-translate-into=\"en\" data-phrase-index=\"2\">GMP CERTIFIED \u00a0\u00a0\u00a0\u00a0\u00a0 |<\/span> <span class=\"JLqJ4b ChMk0b\" data-language-for-alternatives=\"pt\" data-language-to-translate-into=\"en\" data-phrase-index=\"0\">\u00a0\u00a0\u00a0\u00a0\u00a0 <\/span><span class=\"JLqJ4b ChMk0b\" data-language-for-alternatives=\"pt\" data-language-to-translate-into=\"en\" data-phrase-index=\"3\">N\u00c3O OGM \u00a0\u00a0\u00a0\u00a0\u00a0 |\u00a0\u00a0\u00a0\u00a0\u00a0 <\/span> <span class=\"JLqJ4b ChMk0b\" data-language-for-alternatives=\"pt\" data-language-to-translate-into=\"en\" data-phrase-index=\"4\">LABORAT\u00d3RIO CERTIFICADO ISO 17025<\/span><\/span><\/strong><\/span><\/p>\n","protected":false},"excerpt":{"rendered":"<p>Benef\u00edcios para a sa\u00fade de Dr. SERRAR\u00ae ProBiotic For Life Todos os ingredientes naturais Suporte di\u00e1rio Digest\u00e3o Incha\u00e7o Diarr\u00e9ia associada a antibi\u00f3ticos Obstipa\u00e7\u00e3o em idosos Viagens ao exterior Controle de Peso Suporte imune Perda de mem\u00f3ria Mau humor Bem estar Rugas com a idade Pele seca Problemas no couro cabeludo Fotossensibilidade Os in\u00fameros dados cient\u00edficos [&hellip;]<\/p>\n","protected":false},"featured_media":10552,"template":"","meta":{"hide_page_title":"","_coblocks_attr":"","_coblocks_dimensions":"","_coblocks_responsive_height":"","_coblocks_accordion_ie_support":""},"product_cat":[21],"product_tag":[],"translation":{"provider":"WPGlobus","version":"3.0.1","language":"pt","enabled_languages":["en","es","fr","ar","pt","it"],"languages":{"en":{"title":true,"content":true,"excerpt":false},"es":{"title":false,"content":true,"excerpt":false},"fr":{"title":false,"content":true,"excerpt":false},"ar":{"title":false,"content":true,"excerpt":false},"pt":{"title":false,"content":true,"excerpt":false},"it":{"title":false,"content":true,"excerpt":false}}},"_links":{"self":[{"href":"https:\/\/www.serrarpharma.com\/pt\/wp-json\/wp\/v2\/product\/7405"}],"collection":[{"href":"https:\/\/www.serrarpharma.com\/pt\/wp-json\/wp\/v2\/product"}],"about":[{"href":"https:\/\/www.serrarpharma.com\/pt\/wp-json\/wp\/v2\/types\/product"}],"wp:featuredmedia":[{"embeddable":true,"href":"https:\/\/www.serrarpharma.com\/pt\/wp-json\/wp\/v2\/media\/10552"}],"wp:attachment":[{"href":"https:\/\/www.serrarpharma.com\/pt\/wp-json\/wp\/v2\/media?parent=7405"}],"wp:term":[{"taxonomy":"product_cat","embeddable":true,"href":"https:\/\/www.serrarpharma.com\/pt\/wp-json\/wp\/v2\/product_cat?post=7405"},{"taxonomy":"product_tag","embeddable":true,"href":"https:\/\/www.serrarpharma.com\/pt\/wp-json\/wp\/v2\/product_tag?post=7405"}],"curies":[{"name":"wp","href":"https:\/\/api.w.org\/{rel}","templated":true}]}}