{"id":7401,"date":"2020-05-20T01:14:02","date_gmt":"2020-05-20T05:14:02","guid":{"rendered":"https:\/\/www.serrarpharma.com\/?post_type=product&#038;p=7401"},"modified":"2024-08-21T21:17:55","modified_gmt":"2024-08-22T01:17:55","slug":"zinavitamin-d3","status":"publish","type":"product","link":"https:\/\/www.serrarpharma.com\/pt\/product\/zinavitamin-d3\/","title":{"rendered":"Vitamin D3"},"content":{"rendered":"<p><img loading=\"lazy\" class=\"alignnone wp-image-11896\" src=\"https:\/\/i0.wp.com\/www.serrarpharma.com\/wp-content\/uploads\/2021\/05\/Quality-Labels-US-09.png?resize=70%2C70&#038;ssl=1\" alt=\"\" width=\"70\" height=\"70\" data-recalc-dims=\"1\" \/><img loading=\"lazy\" class=\"alignnone wp-image-11370\" src=\"https:\/\/i0.wp.com\/www.serrarpharma.com\/wp-content\/uploads\/2021\/04\/GMP.png?resize=70%2C70&#038;ssl=1\" alt=\"\" width=\"70\" height=\"70\" srcset=\"https:\/\/i0.wp.com\/www.serrarpharma.com\/wp-content\/uploads\/2021\/04\/GMP.png?w=150&amp;ssl=1 150w, https:\/\/i0.wp.com\/www.serrarpharma.com\/wp-content\/uploads\/2021\/04\/GMP.png?resize=100%2C100&amp;ssl=1 100w\" sizes=\"(max-width: 70px) 100vw, 70px\" data-recalc-dims=\"1\" \/><img loading=\"lazy\" class=\"alignnone wp-image-11369\" src=\"https:\/\/i0.wp.com\/www.serrarpharma.com\/wp-content\/uploads\/2021\/04\/Nongmo.png?resize=70%2C70&#038;ssl=1\" alt=\"\" width=\"70\" height=\"70\" srcset=\"https:\/\/i0.wp.com\/www.serrarpharma.com\/wp-content\/uploads\/2021\/04\/Nongmo.png?w=150&amp;ssl=1 150w, https:\/\/i0.wp.com\/www.serrarpharma.com\/wp-content\/uploads\/2021\/04\/Nongmo.png?resize=100%2C100&amp;ssl=1 100w\" sizes=\"(max-width: 70px) 100vw, 70px\" data-recalc-dims=\"1\" \/><img loading=\"lazy\" class=\"alignnone wp-image-11799\" src=\"https:\/\/i0.wp.com\/www.serrarpharma.com\/wp-content\/uploads\/2021\/04\/ISO-07.png?resize=70%2C70&#038;ssl=1\" alt=\"\" width=\"70\" height=\"70\" srcset=\"https:\/\/i0.wp.com\/www.serrarpharma.com\/wp-content\/uploads\/2021\/04\/ISO-07.png?resize=300%2C300&amp;ssl=1 300w, https:\/\/i0.wp.com\/www.serrarpharma.com\/wp-content\/uploads\/2021\/04\/ISO-07.png?resize=150%2C150&amp;ssl=1 150w, https:\/\/i0.wp.com\/www.serrarpharma.com\/wp-content\/uploads\/2021\/04\/ISO-07.png?resize=100%2C100&amp;ssl=1 100w, https:\/\/i0.wp.com\/www.serrarpharma.com\/wp-content\/uploads\/2021\/04\/ISO-07.png?w=418&amp;ssl=1 418w\" sizes=\"(max-width: 70px) 100vw, 70px\" data-recalc-dims=\"1\" \/><\/p>\n<p>&nbsp;<\/p>\n<p>FORNECIMENTO DE 4 MESES<br \/>\n<strong> Benef\u00edcios para a sa\u00fade de Dr. SERRAR<sup>\u00ae<\/sup> Vitamin D3 <\/strong><\/p>\n<div class=\"productlist\">5000 UI<br \/>\nTodos os ingredientes naturais<br \/>\nDiariamente para Suporte<br \/>\nAbsor\u00e7\u00e3o de c\u00e1lcio<br \/>\nUm sistema imunol\u00f3gico saud\u00e1vel e forte<br \/>\nSa\u00fade pulmonar<br \/>\nRisco reduzido de gripe<br \/>\nEvite diab\u00e9ticos<br \/>\nAumenta a sa\u00fade do cora\u00e7\u00e3o<br \/>\nOssos e dentes mais fortes<br \/>\nFortalece os m\u00fasculos<br \/>\nProtege a mem\u00f3ria<br \/>\nMelhor humor e bem-estar<br \/>\nAumente naturalmente os n\u00edveis de energia<br \/>\nAnti-inflamat\u00f3rio<\/div>\n<p>&#8211;<br \/>\nDr. SERRAR<sup>\u00ae<\/sup> Vitamin D3 Vegetariano 5000 UI Absor\u00e7\u00e3o Alta<br \/>\n500 UI por gota<br \/>\n(4 meses de fornecimento)<br \/>\nGotas s\u00e3o uma gota di\u00e1ria f\u00e1cil de vitaminas com grandes benef\u00edcios!<\/p>\n<p><strong> PRINCIPAIS BENEF\u00cdCIOS <\/strong><\/p>\n<div class=\"productlist\">Promove fortalecimento saud\u00e1vel dos ossos e dentes<br \/>\nApoia imune<br \/>\nSuporte \u00e0 sa\u00fade do c\u00e9rebro e sistema nervoso<br \/>\nApoiar resposta inflamat\u00f3ria<br \/>\nSuporta fun\u00e7\u00e3o pulmonar<br \/>\nRegula os n\u00edveis de insulina<br \/>\nRegula\u00e7\u00e3o do Diabetes<br \/>\nApoio \u00e0 Sa\u00fade Cardiovascular<br \/>\nDiminuindo as chances de doen\u00e7as card\u00edacas<br \/>\nContribui para a fun\u00e7\u00e3o muscular normal<br \/>\nAbsor\u00e7\u00e3o \/ utiliza\u00e7\u00e3o normal de c\u00e1lcio e f\u00f3sforo<br \/>\nN\u00edveis normais de c\u00e1lcio no sangue<br \/>\nTem um papel no processo de divis\u00e3o celular<br \/>\nReduzindo o risco de esclerose m\u00faltipla<br \/>\nCombate a doen\u00e7as<br \/>\nCombate \u00e0 descompress\u00e3o<br \/>\nPerda de peso<\/div>\n<p>&#8211;<\/p>\n<p><strong> O que \u00e9 vitamina D3? <\/strong><br \/>\nA vitamina D \u00e0s vezes \u00e9 chamada de &#8220;vitamina do sol&#8221; porque \u00e9 produzida na pele em resposta \u00e0 luz solar (ultravioleta B: UVB). \u00c9 uma vitamina lipossol\u00favel em uma fam\u00edlia de compostos que inclui as vitaminas D-1, D-2 e D-3. Seria dif\u00edcil encontrar quantidades suficientes de vitamina D apenas com alimentos, j\u00e1 que a quantidade \u00e9 pequena na maioria dos alimentos, exceto em peixes gordurosos. Se seu corpo n\u00e3o recebe vitamina D suficiente, voc\u00ea corre o risco de desenvolver anormalidades \u00f3sseas, como ossos moles (osteomal\u00e1cia) ou ossos fr\u00e1geis (osteoporose).<\/p>\n<p><strong> Por que vitamina D3? <\/strong><br \/>\nDe acordo com um estudo recente, mais de 40% de toda a popula\u00e7\u00e3o tem defici\u00eancia de vitamina D. \u00c9s um deles? Como voc\u00ea saberia? Os sintomas comuns incluem:<\/p>\n<div class=\"productlist\">Mudan\u00e7as de humor<br \/>\nDepress\u00e3o<br \/>\nFalta de energia<br \/>\nCondi\u00e7\u00f5es cr\u00f4nicas da pele<br \/>\nOutras doen\u00e7as cr\u00f4nicas<\/div>\n<p><strong><br \/>\nSe voc\u00ea sofre de alguma dessas situa\u00e7\u00f5es, a resposta pode ser t\u00e3o simples quanto poucas gotas de vitamina D3 por dia. <\/strong><\/p>\n<p>&nbsp;<\/p>\n<h5>Por que escolher o Dr. SERRAR<sup>\u00ae<\/sup> Vitamin D3?<\/h5>\n<p>A SerrarPharma Vitamin D3 \u00e9 fabricada de acordo com os mais altos padr\u00f5es de qualidade da ind\u00fastria farmac\u00eautica. Eles cont\u00eam Vitamina D3 5000iu L\u00edquido Natural de Alta Absor\u00e7\u00e3o com Azeite cont\u00e9m o n\u00edvel mais alto de Vitamina D3 eficaz em saborosa dose di\u00e1ria. Nossa f\u00f3rmula foi projetada para ser simplesmente colocada sob a l\u00edngua para absor\u00e7\u00e3o m\u00e1xima. A vitamina D3 l\u00edquida \u00e9 absorvida com mais facilidade e ideal para pessoas com problemas digestivos.<\/p>\n<div class=\"productlist\">Uma garrafa de 4 meses de fornecimento. 210 doses di\u00e1rias. Muito bom gosto e vegetariano.<br \/>\nProduzido nos Estados Unidos. Azeite de oliva \u00e9 garantido puro e fabricado em instala\u00e7\u00f5es com certifica\u00e7\u00e3o GMP.<br \/>\nRecomendado pelos melhores dermatologistas e oncologistas. Apoie a desintoxica\u00e7\u00e3o, sistema imunol\u00f3gico ideal e melhore o sono. 80% dos americanos s\u00e3o deficientes em vitamina D3. A vitamina D3 \u00e9 sol\u00favel em gordura, \u00e9 o \u00f3leo natural melhor absorvido, como em nossa f\u00f3rmula exclusiva de azeite de oliva.<br \/>\nObtenha cabelos e pele saud\u00e1veis; obtenha energia e metabolismo ideais.<br \/>\nInstala\u00e7\u00f5es certificadas pela FDA<br \/>\nBoas pr\u00e1ticas de fabrica\u00e7\u00e3o (BPF) \u00e9 um conjunto de regulamentos farmac\u00eauticos rigorosos que garantem que os suplementos alimentares sejam fabricados e controlados com um alto padr\u00e3o adequado para uso.<br \/>\nSem soja, sem gl\u00faten, com certifica\u00e7\u00e3o Kosher, sem latic\u00ednios, vegetariana<br \/>\nLivre de leite, ovo, peixe, crust\u00e1ceo, marisco, nozes, amendoim, trigo e soja. Tamb\u00e9m livre de fermento, gl\u00faten, cevada, arroz, s\u00f3dio e a\u00e7\u00facar.<br \/>\nL\u00edquido de absor\u00e7\u00e3o r\u00e1pida<br \/>\nVIT D3 puro entregue em azeite de oliva extra virgem n\u00e3o-OGM<br \/>\nEfici\u00eancia m\u00e1xima<br \/>\nTudo de origem natural<\/div>\n<p><strong> Instru\u00e7\u00f5es de uso <\/strong><\/p>\n<div class=\"productlist\">Tome 10 gotas por dia. Nossa f\u00f3rmula de alta absor\u00e7\u00e3o foi projetada para ser simplesmente colocada sob a l\u00edngua para m\u00e1xima absor\u00e7\u00e3o.<br \/>\nN\u00e3o exceda a dose indicada.<br \/>\nUma garrafa de 4 meses de fornecimento. 210 doses di\u00e1rias. Produzido nos Estados Unidos. Azeite.<br \/>\nGarantido puro e fabricado em instala\u00e7\u00f5es com certifica\u00e7\u00e3o cGMP.<br \/>\nA vitamina D3 l\u00edquida \u00e9 absorvida com mais facilidade e ideal para pessoas com problemas digestivos<\/div>\n<p>&#8211;<br \/>\n<strong> Informa\u00e7\u00f5es importantes: <\/strong><br \/>\nSe voc\u00ea estiver tomando algum medicamento sob prescri\u00e7\u00e3o m\u00e9dica, tiver uma condi\u00e7\u00e3o m\u00e9dica ou tiver preocupa\u00e7\u00f5es espec\u00edficas sobre a adequa\u00e7\u00e3o de qualquer um de nossos produtos a esses produtos, sempre consulte seu m\u00e9dico ou farmac\u00eautico antes de tomar suplementos. Mulheres gr\u00e1vidas ou lactantes devem consultar um m\u00e9dico antes de tomar suplementos. N\u00e3o exceda a dose di\u00e1ria recomendada. Mantenha fora do alcance de crian\u00e7as. Suplementos n\u00e3o devem ser tomados como substitutos de uma dieta variada. Leia sempre o r\u00f3tulo antes de usar<\/p>\n<p>A Serrar Pharma usa apenas ingredientes puros e naturais, de fontes confi\u00e1veis de GMP. Garantimos a qualidade n\u00e3o apenas de cada lote, mas de cada ingrediente desse lote, garantindo que voc\u00ea obtenha apenas o produto da mais alta qualidade. Existem muitos benef\u00edcios de suporte suplementar. Veja abaixo os coment\u00e1rios. Se voc\u00ea tiver alguma d\u00favida, entre em contato conosco em info@serrarpharma.com<\/p>\n<\/div>\n<\/div>\n<p>&nbsp;<\/p>\n<p><span style=\"color: #005890;\"><strong><span class=\"VIiyi\" lang=\"pt\"><span class=\"JLqJ4b ChMk0b\" data-language-for-alternatives=\"pt\" data-language-to-translate-into=\"en\" data-phrase-index=\"1\">PRODUZIDO NOS ESTADOS UNIDOS <span class=\"VIiyi\" lang=\"es\"> \u00a0\u00a0\u00a0\u00a0 <\/span>|<\/span> <span class=\"VIiyi\" lang=\"es\"> \u00a0\u00a0\u00a0\u00a0 <\/span><span class=\"JLqJ4b ChMk0b\" data-language-for-alternatives=\"pt\" data-language-to-translate-into=\"en\" data-phrase-index=\"2\">GMP CERTIFIED <span class=\"VIiyi\" lang=\"es\"> \u00a0\u00a0\u00a0\u00a0 <\/span>|<\/span> <span class=\"VIiyi\" lang=\"es\"> \u00a0\u00a0\u00a0\u00a0 <\/span><span class=\"JLqJ4b ChMk0b\" data-language-for-alternatives=\"pt\" data-language-to-translate-into=\"en\" data-phrase-index=\"3\">N\u00c3O OGM <span class=\"VIiyi\" lang=\"es\"> \u00a0\u00a0\u00a0\u00a0 <\/span>|<span class=\"VIiyi\" lang=\"es\"> \u00a0\u00a0\u00a0\u00a0 <\/span><\/span> <span class=\"JLqJ4b ChMk0b\" data-language-for-alternatives=\"pt\" data-language-to-translate-into=\"en\" data-phrase-index=\"4\">LABORAT\u00d3RIO CERTIFICADO ISO 17025<\/span><\/span><\/strong><\/span><\/p>\n<div class=\"productlist\">\n<div class=\"productlist\">\n","protected":false},"excerpt":{"rendered":"<p>&nbsp; FORNECIMENTO DE 4 MESES Benef\u00edcios para a sa\u00fade de Dr. SERRAR\u00ae Vitamin D3 5000 UI Todos os ingredientes naturais Diariamente para Suporte Absor\u00e7\u00e3o de c\u00e1lcio Um sistema imunol\u00f3gico saud\u00e1vel e forte Sa\u00fade pulmonar Risco reduzido de gripe Evite diab\u00e9ticos Aumenta a sa\u00fade do cora\u00e7\u00e3o Ossos e dentes mais fortes Fortalece os m\u00fasculos Protege a [&hellip;]<\/p>\n","protected":false},"featured_media":7923,"template":"","meta":{"hide_page_title":"","_coblocks_attr":"","_coblocks_dimensions":"","_coblocks_responsive_height":"","_coblocks_accordion_ie_support":""},"product_cat":[21],"product_tag":[],"translation":{"provider":"WPGlobus","version":"3.0.1","language":"pt","enabled_languages":["en","es","fr","ar","pt","it"],"languages":{"en":{"title":true,"content":true,"excerpt":false},"es":{"title":false,"content":true,"excerpt":false},"fr":{"title":false,"content":true,"excerpt":false},"ar":{"title":false,"content":true,"excerpt":false},"pt":{"title":false,"content":true,"excerpt":false},"it":{"title":false,"content":true,"excerpt":false}}},"_links":{"self":[{"href":"https:\/\/www.serrarpharma.com\/pt\/wp-json\/wp\/v2\/product\/7401"}],"collection":[{"href":"https:\/\/www.serrarpharma.com\/pt\/wp-json\/wp\/v2\/product"}],"about":[{"href":"https:\/\/www.serrarpharma.com\/pt\/wp-json\/wp\/v2\/types\/product"}],"wp:featuredmedia":[{"embeddable":true,"href":"https:\/\/www.serrarpharma.com\/pt\/wp-json\/wp\/v2\/media\/7923"}],"wp:attachment":[{"href":"https:\/\/www.serrarpharma.com\/pt\/wp-json\/wp\/v2\/media?parent=7401"}],"wp:term":[{"taxonomy":"product_cat","embeddable":true,"href":"https:\/\/www.serrarpharma.com\/pt\/wp-json\/wp\/v2\/product_cat?post=7401"},{"taxonomy":"product_tag","embeddable":true,"href":"https:\/\/www.serrarpharma.com\/pt\/wp-json\/wp\/v2\/product_tag?post=7401"}],"curies":[{"name":"wp","href":"https:\/\/api.w.org\/{rel}","templated":true}]}}