{"id":5051,"date":"2020-05-08T16:52:07","date_gmt":"2020-05-08T20:52:07","guid":{"rendered":"https:\/\/www.serrarpharma.com\/?post_type=product&#038;p=5051"},"modified":"2024-08-21T21:35:25","modified_gmt":"2024-08-22T01:35:25","slug":"premium-package","status":"publish","type":"product","link":"https:\/\/www.serrarpharma.com\/pt\/product\/premium-package\/","title":{"rendered":"Premium Package"},"content":{"rendered":"<p><span style=\"color: #16659e;\"><strong>DETOX ATUALMENTE ESGOTADO &#8211; SER\u00c1 SUBSTITU\u00cdDO POR UM PROBI\u00d3TICO<\/strong><\/span><\/p>\n<p>O pacote Premium inclui ZinaSlim, ZinaBoost, ZinaDetox, ZinaBalance, e Programa Di\u00e1rio!<\/p>\n<p>Controle de peso saud\u00e1vel e obesidade.<br \/>\nReduz o desejo de a\u00e7\u00facar e lanches<br \/>\nSupressor de apetite<br \/>\nAumenta o seu metabolismo.<br \/>\nRemove a fadiga.<br \/>\nAumento de energia<br \/>\n<strong> Reduz o estresse e a ansiedade.<br \/>\nRegula os horm\u00f4nios.<br \/>\nReduz o armazenamento<br \/>\nde gordura no est\u00f4mago.<br \/>\nAjuda na sa\u00fade gastrointestinal.<br \/>\nDetox<\/strong><\/p>\n<p>INGREDIENTES PUROS E NATURAIS<\/p>\n<p>&nbsp;<\/p>\n<p><strong> Informa\u00e7\u00f5es importantes: <\/strong><br \/>\nSe voc\u00ea estiver tomando algum medicamento sob prescri\u00e7\u00e3o m\u00e9dica, tiver uma condi\u00e7\u00e3o m\u00e9dica ou tiver preocupa\u00e7\u00f5es espec\u00edficas sobre a adequa\u00e7\u00e3o de qualquer um de nossos produtos a esses produtos, sempre consulte seu m\u00e9dico ou farmac\u00eautico antes de tomar suplementos. Mulheres gr\u00e1vidas ou lactantes devem consultar um m\u00e9dico antes de tomar suplementos. N\u00e3o exceda a dose di\u00e1ria recomendada. Mantenha fora do alcance de crian\u00e7as. Suplementos n\u00e3o devem ser tomados como substitutos de uma dieta variada. Leia sempre o r\u00f3tulo antes de usar<\/p>\n<p>A Serrar Pharma usa apenas ingredientes puros e naturais, de fontes confi\u00e1veis de GMP. Garantimos a qualidade n\u00e3o apenas de cada lote, mas de cada ingrediente desse lote, garantindo que voc\u00ea obtenha apenas o produto da mais alta qualidade. Existem muitos benef\u00edcios de suporte suplementar. Veja abaixo os coment\u00e1rios. Se voc\u00ea tiver alguma d\u00favida, entre em contato conosco em info@serrarpharma.com<\/p>\n","protected":false},"excerpt":{"rendered":"<p>DETOX ATUALMENTE ESGOTADO &#8211; SER\u00c1 SUBSTITU\u00cdDO POR UM PROBI\u00d3TICO O pacote Premium inclui ZinaSlim, ZinaBoost, ZinaDetox, ZinaBalance, e Programa Di\u00e1rio! Controle de peso saud\u00e1vel e obesidade. Reduz o desejo de a\u00e7\u00facar e lanches Supressor de apetite Aumenta o seu metabolismo. Remove a fadiga. Aumento de energia Reduz o estresse e a ansiedade. Regula os horm\u00f4nios. [&hellip;]<\/p>\n","protected":false},"featured_media":8539,"template":"","meta":{"hide_page_title":"","_coblocks_attr":"","_coblocks_dimensions":"","_coblocks_responsive_height":"","_coblocks_accordion_ie_support":""},"product_cat":[21],"product_tag":[],"translation":{"provider":"WPGlobus","version":"3.0.1","language":"pt","enabled_languages":["en","es","fr","ar","pt","it"],"languages":{"en":{"title":true,"content":true,"excerpt":false},"es":{"title":false,"content":true,"excerpt":false},"fr":{"title":false,"content":true,"excerpt":false},"ar":{"title":false,"content":true,"excerpt":false},"pt":{"title":false,"content":true,"excerpt":false},"it":{"title":false,"content":true,"excerpt":false}}},"_links":{"self":[{"href":"https:\/\/www.serrarpharma.com\/pt\/wp-json\/wp\/v2\/product\/5051"}],"collection":[{"href":"https:\/\/www.serrarpharma.com\/pt\/wp-json\/wp\/v2\/product"}],"about":[{"href":"https:\/\/www.serrarpharma.com\/pt\/wp-json\/wp\/v2\/types\/product"}],"wp:featuredmedia":[{"embeddable":true,"href":"https:\/\/www.serrarpharma.com\/pt\/wp-json\/wp\/v2\/media\/8539"}],"wp:attachment":[{"href":"https:\/\/www.serrarpharma.com\/pt\/wp-json\/wp\/v2\/media?parent=5051"}],"wp:term":[{"taxonomy":"product_cat","embeddable":true,"href":"https:\/\/www.serrarpharma.com\/pt\/wp-json\/wp\/v2\/product_cat?post=5051"},{"taxonomy":"product_tag","embeddable":true,"href":"https:\/\/www.serrarpharma.com\/pt\/wp-json\/wp\/v2\/product_tag?post=5051"}],"curies":[{"name":"wp","href":"https:\/\/api.w.org\/{rel}","templated":true}]}}