{"id":5045,"date":"2020-05-08T16:35:53","date_gmt":"2020-05-08T16:35:53","guid":{"rendered":"https:\/\/www.serrarpharma.com\/?post_type=product&#038;p=5045"},"modified":"2024-08-21T21:39:11","modified_gmt":"2024-08-22T01:39:11","slug":"gold-package","status":"publish","type":"product","link":"https:\/\/www.serrarpharma.com\/pt\/product\/gold-package\/","title":{"rendered":"Gold Package"},"content":{"rendered":"<div class=\"module--translations-translatedtext js-module--translations-translatedtext\"><strong><span style=\"color: #16659e;\">DETOX ATUALMENTE ESGOTADO &#8211; SER\u00c1 SUBSTITU\u00cdDO POR UM PROBI\u00d3TICO<\/span><\/strong><\/div>\n<p>O pacote Gold inclui ZinaSlim, ZinaBoost, ZinaDetox, e Programa Di\u00e1rio!<\/p>\n<p>Controle de peso saud\u00e1vel e obesidade.<br \/>\nSupressor de apetite<br \/>\nSupressor de sabor doce.<br \/>\nAumenta o seu metabolismo.<br \/>\nRemove a fadiga.<br \/>\nAumento de energia<br \/>\n<strong> Oferece suporte \u00e0 sa\u00fade gastrointestinal.<br \/>\nDetox<\/strong><\/p>\n<p>INGREDIENTES PUROS E NATURAIS<\/p>\n<p>&nbsp;<\/p>\n<p><strong> Informa\u00e7\u00f5es importantes: <\/strong><br \/>\nSe voc\u00ea estiver tomando algum medicamento sob prescri\u00e7\u00e3o m\u00e9dica, tiver uma condi\u00e7\u00e3o m\u00e9dica ou tiver preocupa\u00e7\u00f5es espec\u00edficas sobre a adequa\u00e7\u00e3o de qualquer um de nossos produtos a esses produtos, sempre consulte seu m\u00e9dico ou farmac\u00eautico antes de tomar suplementos. Mulheres gr\u00e1vidas ou lactantes devem consultar um m\u00e9dico antes de tomar suplementos. N\u00e3o exceda a dose di\u00e1ria recomendada. Mantenha fora do alcance de crian\u00e7as. Suplementos n\u00e3o devem ser tomados como substitutos de uma dieta variada. Leia sempre o r\u00f3tulo antes de usar<\/p>\n<p>A Serrar Pharma usa apenas ingredientes puros e naturais, de fontes confi\u00e1veis de GMP. Garantimos a qualidade n\u00e3o apenas de cada lote, mas de cada ingrediente desse lote, garantindo que voc\u00ea obtenha apenas o produto da mais alta qualidade. Existem muitos benef\u00edcios de suporte suplementar. Veja abaixo os coment\u00e1rios. Se voc\u00ea tiver alguma d\u00favida, entre em contato conosco em info@serrarpharma.com<\/p>\n","protected":false},"excerpt":{"rendered":"<p>DETOX ATUALMENTE ESGOTADO &#8211; SER\u00c1 SUBSTITU\u00cdDO POR UM PROBI\u00d3TICO O pacote Gold inclui ZinaSlim, ZinaBoost, ZinaDetox, e Programa Di\u00e1rio! Controle de peso saud\u00e1vel e obesidade. Supressor de apetite Supressor de sabor doce. Aumenta o seu metabolismo. Remove a fadiga. Aumento de energia Oferece suporte \u00e0 sa\u00fade gastrointestinal. Detox INGREDIENTES PUROS E NATURAIS &nbsp; Informa\u00e7\u00f5es importantes: [&hellip;]<\/p>\n","protected":false},"featured_media":8537,"template":"","meta":{"hide_page_title":"","_coblocks_attr":"","_coblocks_dimensions":"","_coblocks_responsive_height":"","_coblocks_accordion_ie_support":""},"product_cat":[21],"product_tag":[],"translation":{"provider":"WPGlobus","version":"3.0.1","language":"pt","enabled_languages":["en","es","fr","ar","pt","it"],"languages":{"en":{"title":true,"content":true,"excerpt":false},"es":{"title":false,"content":true,"excerpt":false},"fr":{"title":false,"content":true,"excerpt":false},"ar":{"title":false,"content":true,"excerpt":false},"pt":{"title":false,"content":true,"excerpt":false},"it":{"title":false,"content":true,"excerpt":false}}},"_links":{"self":[{"href":"https:\/\/www.serrarpharma.com\/pt\/wp-json\/wp\/v2\/product\/5045"}],"collection":[{"href":"https:\/\/www.serrarpharma.com\/pt\/wp-json\/wp\/v2\/product"}],"about":[{"href":"https:\/\/www.serrarpharma.com\/pt\/wp-json\/wp\/v2\/types\/product"}],"wp:featuredmedia":[{"embeddable":true,"href":"https:\/\/www.serrarpharma.com\/pt\/wp-json\/wp\/v2\/media\/8537"}],"wp:attachment":[{"href":"https:\/\/www.serrarpharma.com\/pt\/wp-json\/wp\/v2\/media?parent=5045"}],"wp:term":[{"taxonomy":"product_cat","embeddable":true,"href":"https:\/\/www.serrarpharma.com\/pt\/wp-json\/wp\/v2\/product_cat?post=5045"},{"taxonomy":"product_tag","embeddable":true,"href":"https:\/\/www.serrarpharma.com\/pt\/wp-json\/wp\/v2\/product_tag?post=5045"}],"curies":[{"name":"wp","href":"https:\/\/api.w.org\/{rel}","templated":true}]}}