{"id":1879,"date":"2020-04-15T01:51:05","date_gmt":"2020-04-15T01:51:05","guid":{"rendered":"https:\/\/www.serrarpharma.com\/?post_type=product&#038;p=1879"},"modified":"2021-11-25T13:06:20","modified_gmt":"2021-11-25T18:06:20","slug":"zinaslim-advanced","status":"publish","type":"product","link":"https:\/\/www.serrarpharma.com\/pt\/product\/zinaslim-advanced\/","title":{"rendered":"ZinaSlim Advanced"},"content":{"rendered":"<p><img loading=\"lazy\" class=\"alignnone wp-image-11896\" src=\"https:\/\/i0.wp.com\/www.serrarpharma.com\/wp-content\/uploads\/2021\/05\/Quality-Labels-US-09.png?resize=70%2C70&#038;ssl=1\" alt=\"\" width=\"70\" height=\"70\" data-recalc-dims=\"1\" \/><img loading=\"lazy\" class=\"alignnone wp-image-11370\" src=\"https:\/\/i0.wp.com\/www.serrarpharma.com\/wp-content\/uploads\/2021\/04\/GMP.png?resize=70%2C70&#038;ssl=1\" alt=\"\" width=\"70\" height=\"70\" srcset=\"https:\/\/i0.wp.com\/www.serrarpharma.com\/wp-content\/uploads\/2021\/04\/GMP.png?w=150&amp;ssl=1 150w, https:\/\/i0.wp.com\/www.serrarpharma.com\/wp-content\/uploads\/2021\/04\/GMP.png?resize=100%2C100&amp;ssl=1 100w\" sizes=\"(max-width: 70px) 100vw, 70px\" data-recalc-dims=\"1\" \/><img loading=\"lazy\" class=\"alignnone wp-image-11369\" src=\"https:\/\/i0.wp.com\/www.serrarpharma.com\/wp-content\/uploads\/2021\/04\/Nongmo.png?resize=70%2C70&#038;ssl=1\" alt=\"\" width=\"70\" height=\"70\" srcset=\"https:\/\/i0.wp.com\/www.serrarpharma.com\/wp-content\/uploads\/2021\/04\/Nongmo.png?w=150&amp;ssl=1 150w, https:\/\/i0.wp.com\/www.serrarpharma.com\/wp-content\/uploads\/2021\/04\/Nongmo.png?resize=100%2C100&amp;ssl=1 100w\" sizes=\"(max-width: 70px) 100vw, 70px\" data-recalc-dims=\"1\" \/><img loading=\"lazy\" class=\"alignnone wp-image-11799\" src=\"https:\/\/i0.wp.com\/www.serrarpharma.com\/wp-content\/uploads\/2021\/04\/ISO-07.png?resize=70%2C70&#038;ssl=1\" alt=\"\" width=\"70\" height=\"70\" srcset=\"https:\/\/i0.wp.com\/www.serrarpharma.com\/wp-content\/uploads\/2021\/04\/ISO-07.png?resize=300%2C300&amp;ssl=1 300w, https:\/\/i0.wp.com\/www.serrarpharma.com\/wp-content\/uploads\/2021\/04\/ISO-07.png?resize=150%2C150&amp;ssl=1 150w, https:\/\/i0.wp.com\/www.serrarpharma.com\/wp-content\/uploads\/2021\/04\/ISO-07.png?resize=100%2C100&amp;ssl=1 100w, https:\/\/i0.wp.com\/www.serrarpharma.com\/wp-content\/uploads\/2021\/04\/ISO-07.png?w=418&amp;ssl=1 418w\" sizes=\"(max-width: 70px) 100vw, 70px\" data-recalc-dims=\"1\" \/><\/p>\n<p>Reduz o ganho de peso.<br \/>\nComplementa um estilo de vida inclui uma dieta de baixa caloria Para os participantes Com um peso saud\u00e1vel Programa de gest\u00e3o.<br \/>\nSupressor de apetite<\/p>\n<p>Reduz o ganho de peso<br \/>\n<strong>Reduz:<\/strong><\/p>\n<div class=\"productlist\">Teor de gordura e%<br \/>\nCintura e Quadril (IMC)<br \/>\nHipertens\u00e3o Arterial<br \/>\nAnsiedade e fadiga<\/div>\n<p><strong>Aumenta:<\/strong><\/p>\n<div class=\"productlist\">Sensa\u00e7\u00e3o de saciedade<br \/>\nPerda de gordura com exerc\u00edcios aer\u00f3bicos<\/div>\n<p><strong> Efeito hipoglic\u00eamico: <\/strong><\/p>\n<div class=\"productlist\">\n<p>Supressor de sabor doce<\/p>\n<p>Regulamento do n\u00edvel de a\u00e7\u00facar<\/p>\n<\/div>\n<p><strong><br \/>\nEFEITO NO BALAN\u00c7O L\u00cdPIDO E HORM\u00d4NIOS <\/strong><\/p>\n<p><strong> Reduz: <\/strong><\/p>\n<div class=\"productlist\">LDL<br \/>\nN\u00edvel de colesterol<br \/>\nAtividade de lipase pancre\u00e1tica<\/div>\n<p><strong> Aumenta: <\/strong><\/p>\n<div class=\"productlist\">N\u00edveis de testosterona totais, gratuitos, HDL, libido em homens<br \/>\nSerotonina (bem-estar e menos ansiedade)<\/div>\n<p>&nbsp;<\/p>\n<p>Esta f\u00f3rmula \u00fanica e exclusiva foi criada com cuidado pelo Dr. Serrar MD, PhD, ND para ajud\u00e1-lo a encontrar uma solu\u00e7\u00e3o segura e natural para perda de peso. \u00c9 \u00fatil para qualquer pessoa com dieta hipocal\u00f3rica em um programa de perda de peso.<\/p>\n<p>Este suplemento bot\u00e2nico natural cont\u00e9m subst\u00e2ncias naturais que controlam o apetite naturalmente e aumentam os n\u00edveis do horm\u00f4nio serotonina (uma subst\u00e2ncia qu\u00edmica no c\u00e9rebro que o faz feliz, relaxado, emocional e fisicamente). Esta f\u00f3rmula poderosa ajudar\u00e1 voc\u00ea a evitar comer demais e comer emocionalmente alimentos e lanches n\u00e3o saud\u00e1veis. Ajuda a melhorar seu humor e energia \u00e0 medida que o corpo se adapta a novos h\u00e1bitos alimentares saud\u00e1veis. Muitos pacientes notam uma mudan\u00e7a positiva: uma melhor apar\u00eancia de sua silhueta (ativa\u00e7\u00e3o do metabolismo: diminui\u00e7\u00e3o da gordura corporal) melhor humor, diminui\u00e7\u00e3o do colesterol, diminui\u00e7\u00e3o da press\u00e3o arterial e regulariza\u00e7\u00e3o do n\u00edvel de a\u00e7\u00facar ap\u00f3s os primeiros 30 dias . ZinaSlim coloca voc\u00ea no caminho certo para reduzir bastante o estresse e a fadiga e tornar-se mais feliz e saud\u00e1vel!<\/p>\n<p><strong> Dosagem: <\/strong><\/p>\n<p>10 gotas 3 vezes ao dia<\/p>\n<p>15 minutos antes do caf\u00e9 da manh\u00e3, almo\u00e7o e jantar<\/p>\n<p>N\u00e3o coma 15 minutos depois de tomar as gotas<\/p>\n<p><strong> Informa\u00e7\u00f5es importantes: <\/strong><br \/>\nSe voc\u00ea estiver tomando algum medicamento sob prescri\u00e7\u00e3o m\u00e9dica, tiver uma condi\u00e7\u00e3o m\u00e9dica ou tiver preocupa\u00e7\u00f5es espec\u00edficas sobre a adequa\u00e7\u00e3o de qualquer um de nossos produtos a esses produtos, sempre consulte seu m\u00e9dico ou farmac\u00eautico antes de tomar suplementos. Mulheres gr\u00e1vidas ou lactantes devem consultar um m\u00e9dico antes de tomar suplementos. N\u00e3o exceda a dose di\u00e1ria recomendada. Mantenha fora do alcance de crian\u00e7as. Suplementos n\u00e3o devem ser tomados como substitutos de uma dieta variada. Leia sempre o r\u00f3tulo antes de usar<\/p>\n<p>A Serrar Pharma usa apenas ingredientes puros e naturais, de fontes confi\u00e1veis de GMP. Garantimos a qualidade n\u00e3o apenas de cada lote, mas de cada ingrediente desse lote, garantindo que voc\u00ea obtenha apenas o produto da mais alta qualidade. Existem muitos benef\u00edcios de suporte suplementar. Veja abaixo os coment\u00e1rios. Se voc\u00ea tiver alguma d\u00favida, entre em contato conosco em info@serrarpharma.com<\/p>\n<p>&nbsp;<\/p>\n<p><span style=\"color: #005890;\"><strong><span class=\"VIiyi\" lang=\"pt\"><span class=\"JLqJ4b ChMk0b\" data-language-for-alternatives=\"pt\" data-language-to-translate-into=\"en\" data-phrase-index=\"1\">PRODUZIDO NOS ESTADOS UNIDOS <span class=\"VIiyi\" lang=\"es\"> \u00a0\u00a0\u00a0\u00a0 <\/span>|<\/span> <span class=\"VIiyi\" lang=\"es\"> \u00a0\u00a0\u00a0\u00a0 <\/span><span class=\"JLqJ4b ChMk0b\" data-language-for-alternatives=\"pt\" data-language-to-translate-into=\"en\" data-phrase-index=\"2\">GMP CERTIFIED <span class=\"VIiyi\" lang=\"es\"> \u00a0\u00a0\u00a0\u00a0 <\/span>|<\/span> <span class=\"VIiyi\" lang=\"es\"> \u00a0\u00a0\u00a0\u00a0 <\/span><span class=\"JLqJ4b ChMk0b\" data-language-for-alternatives=\"pt\" data-language-to-translate-into=\"en\" data-phrase-index=\"3\">N\u00c3O OGM <span class=\"VIiyi\" lang=\"es\"> \u00a0\u00a0\u00a0\u00a0 <\/span>|<span class=\"VIiyi\" lang=\"es\"> \u00a0\u00a0\u00a0\u00a0 <\/span><\/span> <span class=\"JLqJ4b ChMk0b\" data-language-for-alternatives=\"pt\" data-language-to-translate-into=\"en\" data-phrase-index=\"4\">LABORAT\u00d3RIO CERTIFICADO ISO 17025<\/span><\/span><\/strong><\/span><\/p>\n","protected":false},"excerpt":{"rendered":"<p>Reduz o ganho de peso. Complementa um estilo de vida inclui uma dieta de baixa caloria Para os participantes Com um peso saud\u00e1vel Programa de gest\u00e3o. Supressor de apetite Reduz o ganho de peso Reduz: Teor de gordura e% Cintura e Quadril (IMC) Hipertens\u00e3o Arterial Ansiedade e fadiga Aumenta: Sensa\u00e7\u00e3o de saciedade Perda de gordura [&hellip;]<\/p>\n","protected":false},"featured_media":7916,"template":"","meta":{"hide_page_title":"","_coblocks_attr":"","_coblocks_dimensions":"","_coblocks_responsive_height":"","_coblocks_accordion_ie_support":""},"product_cat":[21],"product_tag":[],"translation":{"provider":"WPGlobus","version":"3.0.1","language":"pt","enabled_languages":["en","es","fr","ar","pt","it"],"languages":{"en":{"title":true,"content":true,"excerpt":false},"es":{"title":false,"content":true,"excerpt":false},"fr":{"title":false,"content":true,"excerpt":false},"ar":{"title":false,"content":true,"excerpt":false},"pt":{"title":false,"content":true,"excerpt":false},"it":{"title":false,"content":true,"excerpt":false}}},"_links":{"self":[{"href":"https:\/\/www.serrarpharma.com\/pt\/wp-json\/wp\/v2\/product\/1879"}],"collection":[{"href":"https:\/\/www.serrarpharma.com\/pt\/wp-json\/wp\/v2\/product"}],"about":[{"href":"https:\/\/www.serrarpharma.com\/pt\/wp-json\/wp\/v2\/types\/product"}],"wp:featuredmedia":[{"embeddable":true,"href":"https:\/\/www.serrarpharma.com\/pt\/wp-json\/wp\/v2\/media\/7916"}],"wp:attachment":[{"href":"https:\/\/www.serrarpharma.com\/pt\/wp-json\/wp\/v2\/media?parent=1879"}],"wp:term":[{"taxonomy":"product_cat","embeddable":true,"href":"https:\/\/www.serrarpharma.com\/pt\/wp-json\/wp\/v2\/product_cat?post=1879"},{"taxonomy":"product_tag","embeddable":true,"href":"https:\/\/www.serrarpharma.com\/pt\/wp-json\/wp\/v2\/product_tag?post=1879"}],"curies":[{"name":"wp","href":"https:\/\/api.w.org\/{rel}","templated":true}]}}