{"id":11123,"date":"2021-04-05T19:09:15","date_gmt":"2021-04-05T23:09:15","guid":{"rendered":"https:\/\/www.serrarpharma.com\/?post_type=product&#038;p=11123"},"modified":"2025-02-01T23:16:13","modified_gmt":"2025-02-02T04:16:13","slug":"naturosleep","status":"publish","type":"product","link":"https:\/\/www.serrarpharma.com\/pt\/product\/naturosleep\/","title":{"rendered":"NaturoSleep"},"content":{"rendered":"<p><img loading=\"lazy\" class=\"alignnone wp-image-11371\" src=\"https:\/\/i0.wp.com\/www.serrarpharma.com\/wp-content\/uploads\/2021\/04\/Made-in-CA.png?resize=70%2C70&#038;ssl=1\" alt=\"\" width=\"70\" height=\"70\" srcset=\"https:\/\/i0.wp.com\/www.serrarpharma.com\/wp-content\/uploads\/2021\/04\/Made-in-CA.png?w=150&amp;ssl=1 150w, https:\/\/i0.wp.com\/www.serrarpharma.com\/wp-content\/uploads\/2021\/04\/Made-in-CA.png?resize=100%2C100&amp;ssl=1 100w\" sizes=\"(max-width: 70px) 100vw, 70px\" data-recalc-dims=\"1\" \/><img loading=\"lazy\" class=\"alignnone wp-image-11370\" src=\"https:\/\/i0.wp.com\/www.serrarpharma.com\/wp-content\/uploads\/2021\/04\/GMP.png?resize=70%2C70&#038;ssl=1\" alt=\"\" width=\"70\" height=\"70\" srcset=\"https:\/\/i0.wp.com\/www.serrarpharma.com\/wp-content\/uploads\/2021\/04\/GMP.png?w=150&amp;ssl=1 150w, https:\/\/i0.wp.com\/www.serrarpharma.com\/wp-content\/uploads\/2021\/04\/GMP.png?resize=100%2C100&amp;ssl=1 100w\" sizes=\"(max-width: 70px) 100vw, 70px\" data-recalc-dims=\"1\" \/><img loading=\"lazy\" class=\"alignnone wp-image-11369\" src=\"https:\/\/i0.wp.com\/www.serrarpharma.com\/wp-content\/uploads\/2021\/04\/Nongmo.png?resize=70%2C70&#038;ssl=1\" alt=\"\" width=\"70\" height=\"70\" srcset=\"https:\/\/i0.wp.com\/www.serrarpharma.com\/wp-content\/uploads\/2021\/04\/Nongmo.png?w=150&amp;ssl=1 150w, https:\/\/i0.wp.com\/www.serrarpharma.com\/wp-content\/uploads\/2021\/04\/Nongmo.png?resize=100%2C100&amp;ssl=1 100w\" sizes=\"(max-width: 70px) 100vw, 70px\" data-recalc-dims=\"1\" \/><img loading=\"lazy\" class=\"alignnone wp-image-11799\" src=\"https:\/\/i0.wp.com\/www.serrarpharma.com\/wp-content\/uploads\/2021\/04\/ISO-07.png?resize=70%2C70&#038;ssl=1\" alt=\"\" width=\"70\" height=\"70\" srcset=\"https:\/\/i0.wp.com\/www.serrarpharma.com\/wp-content\/uploads\/2021\/04\/ISO-07.png?resize=300%2C300&amp;ssl=1 300w, https:\/\/i0.wp.com\/www.serrarpharma.com\/wp-content\/uploads\/2021\/04\/ISO-07.png?resize=150%2C150&amp;ssl=1 150w, https:\/\/i0.wp.com\/www.serrarpharma.com\/wp-content\/uploads\/2021\/04\/ISO-07.png?resize=100%2C100&amp;ssl=1 100w, https:\/\/i0.wp.com\/www.serrarpharma.com\/wp-content\/uploads\/2021\/04\/ISO-07.png?w=418&amp;ssl=1 418w\" sizes=\"(max-width: 70px) 100vw, 70px\" data-recalc-dims=\"1\" \/><\/p>\n<p>A melatonina \u00e9 um horm\u00f4nio produzido e secretado pela gl\u00e2ndula pineal, uma gl\u00e2ndula em forma de pinha que mede menos de um cent\u00edmetro de comprimento, localizada nas profundezas do c\u00e9rebro.<\/p>\n<p>A fun\u00e7\u00e3o prim\u00e1ria da melatonina \u00e9 a manuten\u00e7\u00e3o de um ritmo circadiano saud\u00e1vel; em outras palavras, seu ciclo sono \/ vig\u00edlia. A luz interrompe a libera\u00e7\u00e3o de melatonina, que representa um problema de sa\u00fade para aqueles que viajam com frequ\u00eancia e sofrem de jet lag, ou para trabalhadores em turnos que carecem desse precioso horm\u00f4nio para obter seu sono profundo e cr\u00edtico para se manterem saud\u00e1veis. A produ\u00e7\u00e3o de melatonina tamb\u00e9m diminui com a idade, o que tamb\u00e9m pode contribuir para a ins\u00f4nia cr\u00f4nica em adultos.<\/p>\n<p>A melatonina \u00e9 segura, bem tolerada e uma alternativa sem efeitos colaterais \u00e0s p\u00edlulas para dormir que n\u00e3o levam \u00e0 depend\u00eancia e ao v\u00edcio. Pode reduzir o tempo necess\u00e1rio para adormecer, bem como melhorar a dura\u00e7\u00e3o e a qualidade do sono. A falta de sono afeta muitos aspectos da vida di\u00e1ria, incluindo agilidade mental, energia e resist\u00eancia. A falta de sono torna as pessoas mais suscet\u00edveis a acidentes e altera\u00e7\u00f5es de humor. A defici\u00eancia de melatonina tamb\u00e9m pode estar ligada a doen\u00e7as coron\u00e1rias e ao comprometimento da fun\u00e7\u00e3o imunol\u00f3gica.<\/p>\n<p>O l\u00edquido NaturoSleep do Dr. SERRAR <sup> \u00ae <\/sup> \u00e9 uma alternativa conveniente e de a\u00e7\u00e3o r\u00e1pida aos comprimidos e c\u00e1psulas. Tem um sabor natural de menta e a dose pode ser facilmente calibrada para atender \u00e0s necessidades terap\u00eauticas individuais.<\/p>\n<p><strong> Benef\u00edcios: <\/strong><br \/>\nAjuda a restaurar um ritmo circadiano saud\u00e1vel (ciclo sono \/ vig\u00edlia)<br \/>\nAjuda a aumentar o tempo total de sono<br \/>\nSabor natural de menta<br \/>\nN\u00e3o OGM<\/p>\n<p><strong> Informa\u00e7\u00f5es importantes: <\/strong><br \/>\nSe voc\u00ea est\u00e1 tomando qualquer medicamento com receita, tem uma condi\u00e7\u00e3o m\u00e9dica ou tem preocupa\u00e7\u00f5es espec\u00edficas sobre a adequa\u00e7\u00e3o de qualquer um de nossos produtos em rela\u00e7\u00e3o a estes, voc\u00ea deve sempre consultar seu m\u00e9dico ou farmac\u00eautico antes de tomar suplementos. Mulheres gr\u00e1vidas ou amamentando devem consultar um m\u00e9dico antes de tomar suplementos. N\u00e3o exceda a dose di\u00e1ria recomendada. Mantenha fora do alcance de crian\u00e7as. Os suplementos n\u00e3o devem ser tomados como substitutos de uma dieta variada. Sempre leia o r\u00f3tulo antes de usar<\/p>\n<p>Serrar Pharma usa apenas ingredientes puros e naturais, de fontes confi\u00e1veis \u200b\u200bde GMP. N\u00f3s garantimos a qualidade n\u00e3o apenas de cada lote, mas de cada ingrediente naquele lote, garantindo que voc\u00ea obtenha apenas o produto da mais alta qualidade. Existem muitos benef\u00edcios de suporte de suplemento. Veja abaixo os coment\u00e1rios. Se voc\u00ea tiver alguma d\u00favida, entre em contato conosco pelo e-mail info@serrarpharma.com<\/p>\n<p>&nbsp;<\/p>\n<p><strong><span style=\"color: #005890;\"><span class=\"VIiyi\" lang=\"pt\"><span class=\"JLqJ4b ChMk0b\" data-language-for-alternatives=\"pt\" data-language-to-translate-into=\"en\" data-phrase-index=\"0\">SA\u00daDE CANAD\u00c1 APROVADA\u00a0\u00a0\u00a0\u00a0\u00a0 |\u00a0\u00a0\u00a0\u00a0\u00a0 <\/span> <span class=\"JLqJ4b ChMk0b\" data-language-for-alternatives=\"pt\" data-language-to-translate-into=\"en\" data-phrase-index=\"1\">FEITO NO CANAD\u00c1\u00a0\u00a0\u00a0\u00a0\u00a0 |<\/span> <span class=\"JLqJ4b ChMk0b\" data-language-for-alternatives=\"pt\" data-language-to-translate-into=\"en\" data-phrase-index=\"0\">\u00a0\u00a0\u00a0\u00a0\u00a0 <\/span><span class=\"JLqJ4b ChMk0b\" data-language-for-alternatives=\"pt\" data-language-to-translate-into=\"en\" data-phrase-index=\"2\">GMP CERTIFIED \u00a0\u00a0\u00a0\u00a0\u00a0 |<\/span> <span class=\"JLqJ4b ChMk0b\" data-language-for-alternatives=\"pt\" data-language-to-translate-into=\"en\" data-phrase-index=\"0\">\u00a0\u00a0\u00a0\u00a0\u00a0 <\/span><span class=\"JLqJ4b ChMk0b\" data-language-for-alternatives=\"pt\" data-language-to-translate-into=\"en\" data-phrase-index=\"3\">N\u00c3O OGM \u00a0\u00a0\u00a0\u00a0\u00a0 |\u00a0\u00a0\u00a0\u00a0\u00a0 <\/span> <span class=\"JLqJ4b ChMk0b\" data-language-for-alternatives=\"pt\" data-language-to-translate-into=\"en\" data-phrase-index=\"4\">LABORAT\u00d3RIO CERTIFICADO ISO 17025<\/span><\/span><\/span><\/strong><\/p>\n","protected":false},"excerpt":{"rendered":"<p>A melatonina \u00e9 um horm\u00f4nio produzido e secretado pela gl\u00e2ndula pineal, uma gl\u00e2ndula em forma de pinha que mede menos de um cent\u00edmetro de comprimento, localizada nas profundezas do c\u00e9rebro. A fun\u00e7\u00e3o prim\u00e1ria da melatonina \u00e9 a manuten\u00e7\u00e3o de um ritmo circadiano saud\u00e1vel; em outras palavras, seu ciclo sono \/ vig\u00edlia. A luz interrompe a [&hellip;]<\/p>\n","protected":false},"featured_media":11303,"template":"","meta":{"hide_page_title":"","_coblocks_attr":"","_coblocks_dimensions":"","_coblocks_responsive_height":"","_coblocks_accordion_ie_support":""},"product_cat":[21],"product_tag":[],"translation":{"provider":"WPGlobus","version":"3.0.1","language":"pt","enabled_languages":["en","es","fr","ar","pt","it"],"languages":{"en":{"title":true,"content":true,"excerpt":false},"es":{"title":false,"content":true,"excerpt":false},"fr":{"title":false,"content":true,"excerpt":false},"ar":{"title":false,"content":true,"excerpt":false},"pt":{"title":false,"content":true,"excerpt":false},"it":{"title":false,"content":true,"excerpt":false}}},"_links":{"self":[{"href":"https:\/\/www.serrarpharma.com\/pt\/wp-json\/wp\/v2\/product\/11123"}],"collection":[{"href":"https:\/\/www.serrarpharma.com\/pt\/wp-json\/wp\/v2\/product"}],"about":[{"href":"https:\/\/www.serrarpharma.com\/pt\/wp-json\/wp\/v2\/types\/product"}],"wp:featuredmedia":[{"embeddable":true,"href":"https:\/\/www.serrarpharma.com\/pt\/wp-json\/wp\/v2\/media\/11303"}],"wp:attachment":[{"href":"https:\/\/www.serrarpharma.com\/pt\/wp-json\/wp\/v2\/media?parent=11123"}],"wp:term":[{"taxonomy":"product_cat","embeddable":true,"href":"https:\/\/www.serrarpharma.com\/pt\/wp-json\/wp\/v2\/product_cat?post=11123"},{"taxonomy":"product_tag","embeddable":true,"href":"https:\/\/www.serrarpharma.com\/pt\/wp-json\/wp\/v2\/product_tag?post=11123"}],"curies":[{"name":"wp","href":"https:\/\/api.w.org\/{rel}","templated":true}]}}