{"id":11120,"date":"2021-04-05T18:24:41","date_gmt":"2021-04-05T22:24:41","guid":{"rendered":"https:\/\/www.serrarpharma.com\/?post_type=product&#038;p=11120"},"modified":"2025-02-01T23:16:13","modified_gmt":"2025-02-02T04:16:13","slug":"zinaboost-capsule","status":"publish","type":"product","link":"https:\/\/www.serrarpharma.com\/pt\/product\/zinaboost-capsule\/","title":{"rendered":"ZinaBoost Capsule"},"content":{"rendered":"<p><img loading=\"lazy\" class=\"alignnone wp-image-11371\" src=\"https:\/\/i0.wp.com\/www.serrarpharma.com\/wp-content\/uploads\/2021\/04\/Made-in-CA.png?resize=70%2C70&#038;ssl=1\" alt=\"\" width=\"70\" height=\"70\" srcset=\"https:\/\/i0.wp.com\/www.serrarpharma.com\/wp-content\/uploads\/2021\/04\/Made-in-CA.png?w=150&amp;ssl=1 150w, https:\/\/i0.wp.com\/www.serrarpharma.com\/wp-content\/uploads\/2021\/04\/Made-in-CA.png?resize=100%2C100&amp;ssl=1 100w\" sizes=\"(max-width: 70px) 100vw, 70px\" data-recalc-dims=\"1\" \/><img loading=\"lazy\" class=\"alignnone wp-image-11370\" src=\"https:\/\/i0.wp.com\/www.serrarpharma.com\/wp-content\/uploads\/2021\/04\/GMP.png?resize=70%2C70&#038;ssl=1\" alt=\"\" width=\"70\" height=\"70\" srcset=\"https:\/\/i0.wp.com\/www.serrarpharma.com\/wp-content\/uploads\/2021\/04\/GMP.png?w=150&amp;ssl=1 150w, https:\/\/i0.wp.com\/www.serrarpharma.com\/wp-content\/uploads\/2021\/04\/GMP.png?resize=100%2C100&amp;ssl=1 100w\" sizes=\"(max-width: 70px) 100vw, 70px\" data-recalc-dims=\"1\" \/><img loading=\"lazy\" class=\"alignnone wp-image-11369\" src=\"https:\/\/i0.wp.com\/www.serrarpharma.com\/wp-content\/uploads\/2021\/04\/Nongmo.png?resize=70%2C70&#038;ssl=1\" alt=\"\" width=\"70\" height=\"70\" srcset=\"https:\/\/i0.wp.com\/www.serrarpharma.com\/wp-content\/uploads\/2021\/04\/Nongmo.png?w=150&amp;ssl=1 150w, https:\/\/i0.wp.com\/www.serrarpharma.com\/wp-content\/uploads\/2021\/04\/Nongmo.png?resize=100%2C100&amp;ssl=1 100w\" sizes=\"(max-width: 70px) 100vw, 70px\" data-recalc-dims=\"1\" \/><img loading=\"lazy\" class=\"alignnone wp-image-11799\" src=\"https:\/\/i0.wp.com\/www.serrarpharma.com\/wp-content\/uploads\/2021\/04\/ISO-07.png?resize=70%2C70&#038;ssl=1\" alt=\"\" width=\"70\" height=\"70\" srcset=\"https:\/\/i0.wp.com\/www.serrarpharma.com\/wp-content\/uploads\/2021\/04\/ISO-07.png?resize=300%2C300&amp;ssl=1 300w, https:\/\/i0.wp.com\/www.serrarpharma.com\/wp-content\/uploads\/2021\/04\/ISO-07.png?resize=150%2C150&amp;ssl=1 150w, https:\/\/i0.wp.com\/www.serrarpharma.com\/wp-content\/uploads\/2021\/04\/ISO-07.png?resize=100%2C100&amp;ssl=1 100w, https:\/\/i0.wp.com\/www.serrarpharma.com\/wp-content\/uploads\/2021\/04\/ISO-07.png?w=418&amp;ssl=1 418w\" sizes=\"(max-width: 70px) 100vw, 70px\" data-recalc-dims=\"1\" \/><\/p>\n<p><strong> Permite atividade f\u00edsica para qualquer pessoa com dieta hipocal\u00f3rica em um programa de perda de peso <\/strong><\/p>\n<div class=\"productlist\">Aumente o metabolismo dos nutrientes<br \/>\nAumentar energia<br \/>\nRemove a fadiga<br \/>\nSuprime o apetite e o desejo por a\u00e7\u00facar<br \/>\nEfeito hipoglic\u00eamico e Controla o a\u00e7\u00facar no sangue<br \/>\nAjuda a equilibrar gorduras e horm\u00f4nios<br \/>\nAjuda no bom funcionamento dos m\u00fasculos<br \/>\nAumenta as capacidades f\u00edsicas e o desempenho<\/div>\n<p>&#8211;<\/p>\n<p>O ZinaBoost do Dr. SERRAR\u00ae \u00e9 uma combina\u00e7\u00e3o bem equilibrada de nutrientes projetada para aumentar a energia e a resist\u00eancia. A f\u00f3rmula ZinaBoost do Dr. SERRAR\u00ae \u00e9 uma mistura multidimensional de nutrientes formulada para amplificar a energia e construir resist\u00eancia. Vamos revisar o baralho de ingredientes de nossa f\u00f3rmula desenvolvida por naturopatas.<\/p>\n<p><strong> Cont\u00e9m: <\/strong><br \/>\n\u1d05 \u2011 Ribose ajuda a restaurar os n\u00edveis de energia para acelerar o tempo de recupera\u00e7\u00e3o ap\u00f3s per\u00edodos de estresse e esfor\u00e7o.<\/p>\n<p>Astragalus (16% polissacar\u00eddeos) \u00e9 uma das ervas mais valorizadas no Oriente. \u00c9 especialmente maravilhoso para aumentar a energia e a resist\u00eancia, bem como para aumentar a resist\u00eancia do corpo. \u00c9 uma erva tonificante que ajuda a equilibrar os sistemas do corpo.<\/p>\n<p>Panax ginseng (20% ginsen\u00f3sidos) \u00e9 conhecido como o rei de todos os t\u00f4nicos energ\u00e9ticos. Estimula todo o corpo, ajudando a superar o estresse, a fadiga e a fraqueza.<br \/>\nO ginseng siberiano (0,8% eleutherosides) \u00e9 um dos melhores t\u00f4nicos energ\u00e9ticos. Estudos t\u00eam mostrado que pode aumentar drasticamente a resist\u00eancia, permitindo que aqueles que o usam trabalhem mais e mais arduamente e se recuperem da exaust\u00e3o mais rapidamente.<\/p>\n<p>A raiz de alca\u00e7uz (\u00e1cido glicirriz\u00ednico 10%) \u00e9 bem conhecida por sua capacidade de ajudar com o estresse e energia. Ele cont\u00e9m subst\u00e2ncias semelhantes aos horm\u00f4nios corticais adrenais do corpo, tornando-o ideal para quem sofre de insufici\u00eancia adrenal e exaust\u00e3o.<\/p>\n<p>Esses produtos promovem resist\u00eancia, ajudam a reduzir a fadiga, melhoram o desempenho f\u00edsico e mant\u00eam a capacidade do corpo de metabolizar nutrientes. Esta f\u00f3rmula \u00fanica e exclusiva foi cuidadosamente projetada para ajud\u00e1-lo a manter as capacidades do corpo para metabolizar nutrientes e aumentar suas capacidades f\u00edsicas durante o desempenho f\u00edsico (estresse f\u00edsico).<\/p>\n<p><strong> Dosagem: <\/strong><\/p>\n<p>Tome 1 c\u00e1psula uma vez ao dia ou conforme indicado pelo seu m\u00e9dico.<\/p>\n<p><strong> Informa\u00e7\u00f5es importantes: <\/strong><\/p>\n<p>N\u00e3o cont\u00e9m: gl\u00faten, soja, trigo, ovos, latic\u00ednios, fermento, frutas c\u00edtricas, conservantes, sabor ou cor artificial ou amido.<\/p>\n<p>Cuidados e advert\u00eancias: Consulte um m\u00e9dico antes de usar se estiver gr\u00e1vida ou amamentando; se estiver tomando medicamentos antidepressivos; se estiver a tomar anticoagulantes ou digoxina; se voc\u00ea tem algum tipo de infec\u00e7\u00e3o aguda; ou se voc\u00ea tem uma doen\u00e7a auto-imune. Consulte um m\u00e9dico se os sintomas persistirem ou piorarem.<\/p>\n<p>Contradica\u00e7\u00f5es: N\u00e3o use se voc\u00ea tem um dist\u00farbio hematol\u00f3gico; se voc\u00ea est\u00e1 tomando Warfarin; se tem alergias ou sofre de asma; ou se voc\u00ea tem alergia a abelhas ou produtos de abelhas.<\/p>\n<p>Rea\u00e7\u00f5es adversas conhecidas: Sabe-se que ocorre hipersensibilidade (por exemplo, alergia); nesse caso, interrompa o uso. Algumas pessoas podem sentir ins\u00f4nia, ansiedade ou dores de cabe\u00e7a; nesse caso, interrompa o uso.<\/p>\n<p>N\u00e3o use se o selo estiver quebrado. Mantenha fora do alcance de crian\u00e7as.<\/p>\n<p>Se voc\u00ea estiver tomando algum medicamento sob prescri\u00e7\u00e3o m\u00e9dica, tiver uma condi\u00e7\u00e3o m\u00e9dica ou tiver preocupa\u00e7\u00f5es espec\u00edficas sobre a adequa\u00e7\u00e3o de qualquer um de nossos produtos a esses produtos, sempre consulte seu m\u00e9dico ou farmac\u00eautico antes de tomar suplementos. Mulheres gr\u00e1vidas ou lactantes devem consultar um m\u00e9dico antes de tomar suplementos. N\u00e3o exceda a dose di\u00e1ria recomendada. Mantenha fora do alcance de crian\u00e7as. Suplementos n\u00e3o devem ser tomados como substitutos de uma dieta variada. Leia sempre o r\u00f3tulo antes de usar<\/p>\n<p>A Serrar Pharma usa apenas ingredientes puros e naturais, de fontes confi\u00e1veis de GMP. Garantimos a qualidade n\u00e3o apenas de cada lote, mas de cada ingrediente desse lote, garantindo que voc\u00ea obtenha apenas o produto da mais alta qualidade. Existem muitos benef\u00edcios de suporte suplementar. Veja abaixo os coment\u00e1rios. Se voc\u00ea tiver alguma d\u00favida, entre em contato conosco em info@serrarpharma.com<\/p>\n<p><strong><span style=\"color: #005890;\"><span class=\"VIiyi\" lang=\"pt\"><span class=\"JLqJ4b ChMk0b\" data-language-for-alternatives=\"pt\" data-language-to-translate-into=\"en\" data-phrase-index=\"1\">FEITO NO CANAD\u00c1 <span class=\"VIiyi\" lang=\"es\"> \u00a0\u00a0\u00a0\u00a0 <\/span>|<\/span> <span class=\"VIiyi\" lang=\"es\"> \u00a0\u00a0\u00a0\u00a0 <\/span><span class=\"JLqJ4b ChMk0b\" data-language-for-alternatives=\"pt\" data-language-to-translate-into=\"en\" data-phrase-index=\"2\">GMP CERTIFIED <span class=\"VIiyi\" lang=\"es\"> \u00a0\u00a0\u00a0\u00a0 <\/span>|<\/span> <span class=\"VIiyi\" lang=\"es\"> \u00a0\u00a0\u00a0\u00a0 <\/span><span class=\"JLqJ4b ChMk0b\" data-language-for-alternatives=\"pt\" data-language-to-translate-into=\"en\" data-phrase-index=\"3\">N\u00c3O OGM <span class=\"VIiyi\" lang=\"es\"> \u00a0\u00a0\u00a0\u00a0 <\/span>|<span class=\"VIiyi\" lang=\"es\"> \u00a0\u00a0\u00a0\u00a0 <\/span><\/span> <span class=\"JLqJ4b ChMk0b\" data-language-for-alternatives=\"pt\" data-language-to-translate-into=\"en\" data-phrase-index=\"4\">LABORAT\u00d3RIO CERTIFICADO ISO 17025<\/span><\/span><\/span><\/strong><\/p>\n","protected":false},"excerpt":{"rendered":"<p>Permite atividade f\u00edsica para qualquer pessoa com dieta hipocal\u00f3rica em um programa de perda de peso Aumente o metabolismo dos nutrientes Aumentar energia Remove a fadiga Suprime o apetite e o desejo por a\u00e7\u00facar Efeito hipoglic\u00eamico e Controla o a\u00e7\u00facar no sangue Ajuda a equilibrar gorduras e horm\u00f4nios Ajuda no bom funcionamento dos m\u00fasculos Aumenta [&hellip;]<\/p>\n","protected":false},"featured_media":11122,"template":"","meta":{"hide_page_title":"","_coblocks_attr":"","_coblocks_dimensions":"","_coblocks_responsive_height":"","_coblocks_accordion_ie_support":""},"product_cat":[21],"product_tag":[],"translation":{"provider":"WPGlobus","version":"3.0.1","language":"pt","enabled_languages":["en","es","fr","ar","pt","it"],"languages":{"en":{"title":true,"content":true,"excerpt":false},"es":{"title":false,"content":true,"excerpt":false},"fr":{"title":false,"content":true,"excerpt":false},"ar":{"title":false,"content":true,"excerpt":false},"pt":{"title":false,"content":true,"excerpt":false},"it":{"title":false,"content":true,"excerpt":false}}},"_links":{"self":[{"href":"https:\/\/www.serrarpharma.com\/pt\/wp-json\/wp\/v2\/product\/11120"}],"collection":[{"href":"https:\/\/www.serrarpharma.com\/pt\/wp-json\/wp\/v2\/product"}],"about":[{"href":"https:\/\/www.serrarpharma.com\/pt\/wp-json\/wp\/v2\/types\/product"}],"wp:featuredmedia":[{"embeddable":true,"href":"https:\/\/www.serrarpharma.com\/pt\/wp-json\/wp\/v2\/media\/11122"}],"wp:attachment":[{"href":"https:\/\/www.serrarpharma.com\/pt\/wp-json\/wp\/v2\/media?parent=11120"}],"wp:term":[{"taxonomy":"product_cat","embeddable":true,"href":"https:\/\/www.serrarpharma.com\/pt\/wp-json\/wp\/v2\/product_cat?post=11120"},{"taxonomy":"product_tag","embeddable":true,"href":"https:\/\/www.serrarpharma.com\/pt\/wp-json\/wp\/v2\/product_tag?post=11120"}],"curies":[{"name":"wp","href":"https:\/\/api.w.org\/{rel}","templated":true}]}}