{"id":10558,"date":"2021-02-10T20:57:03","date_gmt":"2021-02-11T01:57:03","guid":{"rendered":"https:\/\/www.serrarpharma.com\/?post_type=product&#038;p=10558"},"modified":"2025-02-01T23:16:12","modified_gmt":"2025-02-02T04:16:12","slug":"naturopause","status":"publish","type":"product","link":"https:\/\/www.serrarpharma.com\/pt\/product\/naturopause\/","title":{"rendered":"NaturoPause"},"content":{"rendered":"<p><img loading=\"lazy\" class=\"alignnone wp-image-11371\" src=\"https:\/\/i0.wp.com\/www.serrarpharma.com\/wp-content\/uploads\/2021\/04\/Made-in-CA.png?resize=70%2C70&#038;ssl=1\" alt=\"\" width=\"70\" height=\"70\" srcset=\"https:\/\/i0.wp.com\/www.serrarpharma.com\/wp-content\/uploads\/2021\/04\/Made-in-CA.png?w=150&amp;ssl=1 150w, https:\/\/i0.wp.com\/www.serrarpharma.com\/wp-content\/uploads\/2021\/04\/Made-in-CA.png?resize=100%2C100&amp;ssl=1 100w\" sizes=\"(max-width: 70px) 100vw, 70px\" data-recalc-dims=\"1\" \/><img loading=\"lazy\" class=\"alignnone wp-image-11370\" src=\"https:\/\/i0.wp.com\/www.serrarpharma.com\/wp-content\/uploads\/2021\/04\/GMP.png?resize=70%2C70&#038;ssl=1\" alt=\"\" width=\"70\" height=\"70\" srcset=\"https:\/\/i0.wp.com\/www.serrarpharma.com\/wp-content\/uploads\/2021\/04\/GMP.png?w=150&amp;ssl=1 150w, https:\/\/i0.wp.com\/www.serrarpharma.com\/wp-content\/uploads\/2021\/04\/GMP.png?resize=100%2C100&amp;ssl=1 100w\" sizes=\"(max-width: 70px) 100vw, 70px\" data-recalc-dims=\"1\" \/><img loading=\"lazy\" class=\"alignnone wp-image-11369\" src=\"https:\/\/i0.wp.com\/www.serrarpharma.com\/wp-content\/uploads\/2021\/04\/Nongmo.png?resize=70%2C70&#038;ssl=1\" alt=\"\" width=\"70\" height=\"70\" srcset=\"https:\/\/i0.wp.com\/www.serrarpharma.com\/wp-content\/uploads\/2021\/04\/Nongmo.png?w=150&amp;ssl=1 150w, https:\/\/i0.wp.com\/www.serrarpharma.com\/wp-content\/uploads\/2021\/04\/Nongmo.png?resize=100%2C100&amp;ssl=1 100w\" sizes=\"(max-width: 70px) 100vw, 70px\" data-recalc-dims=\"1\" \/><img loading=\"lazy\" class=\"alignnone wp-image-11799\" src=\"https:\/\/i0.wp.com\/www.serrarpharma.com\/wp-content\/uploads\/2021\/04\/ISO-07.png?resize=70%2C70&#038;ssl=1\" alt=\"\" width=\"70\" height=\"70\" srcset=\"https:\/\/i0.wp.com\/www.serrarpharma.com\/wp-content\/uploads\/2021\/04\/ISO-07.png?resize=300%2C300&amp;ssl=1 300w, https:\/\/i0.wp.com\/www.serrarpharma.com\/wp-content\/uploads\/2021\/04\/ISO-07.png?resize=150%2C150&amp;ssl=1 150w, https:\/\/i0.wp.com\/www.serrarpharma.com\/wp-content\/uploads\/2021\/04\/ISO-07.png?resize=100%2C100&amp;ssl=1 100w, https:\/\/i0.wp.com\/www.serrarpharma.com\/wp-content\/uploads\/2021\/04\/ISO-07.png?w=418&amp;ssl=1 418w\" sizes=\"(max-width: 70px) 100vw, 70px\" data-recalc-dims=\"1\" \/><\/p>\n<p>Vegetariano &#8211; 40 mg<br \/>\nExtrato de raiz de cohosh preto<br \/>\nReduz ondas de calor, suores noturnos e mudan\u00e7as de humor<br \/>\nReduz os sintomas da menopausa e s\u00edndrome pr\u00e9-menstrual<br \/>\nAjuda a aliviar os sintomas associados \u00e0 menopausa<br \/>\nAjuda a aliviar a dor associada \u00e0 menstrua\u00e7\u00e3o, dores musculares e articulares, condi\u00e7\u00f5es reum\u00e1tico e neuralgia<br \/>\nAjuda a aliviar a tens\u00e3o nervosa<\/p>\n<p><strong>Pr\u00e9-menopausa e menopausa:<\/strong><br \/>\nMais cedo ou mais tarde, todas as mulheres ter\u00e3o menopausa (ondas de calor, secura vaginal, baixa libido, altera\u00e7\u00f5es de humor, etc.). Para prevenir e reduzir essas manifesta\u00e7\u00f5es, sugerimos a ado\u00e7\u00e3o de v\u00e1rios bons h\u00e1bitos de vida:<br \/>\n&#8211; atividade f\u00edsica regular<br \/>\n&#8211; Parar de fumar<br \/>\n&#8211; manuten\u00e7\u00e3o de uma vida sexual ativa<br \/>\n&#8211; perda de peso<br \/>\n&#8211; redu\u00e7\u00e3o no consumo de \u00e1lcool<\/p>\n<p>As ondas de calor afetam 50-80% das mulheres na p\u00f3s-menopausa e s\u00e3o freq\u00fcentemente mencionadas como o principal inc\u00f4modo desse per\u00edodo de transi\u00e7\u00e3o. Os benef\u00edcios da terapia hormonal s\u00e3o prejudicados pelo aumento do risco de desenvolver c\u00e2ncer de mama, embolia venosa ou outros eventos cardiovasculares.<\/p>\n<p>Mudan\u00e7as no estilo de vida \u00e0s vezes n\u00e3o fornecem al\u00edvio suficiente para mulheres com sintomas graves de menopausa. Infelizmente, essas mulheres recorrem \u00e0 terapia hormonal para amenizar essas manifesta\u00e7\u00f5es, apesar dos grandes riscos desse tratamento.<\/p>\n<p>\u062a<\/p>\n<p>Na literatura cient\u00edfica, o uso do NaturoPause Dr. SERRAR\u00ae \u00e0 base de cohosh preto (actea racemosa, cimicifuga racemosa) \u00e9 reconhecido para o al\u00edvio dos sintomas da menopausa. A suave efic\u00e1cia dos extratos dessa planta, principalmente na redu\u00e7\u00e3o das ondas de calor, \u00e9 ainda objeto de certo consenso na comunidade m\u00e9dica.<\/p>\n<p>Sugere-se tomar um extrato padronizado contendo 40 mg de extrato de raiz de cohosh preto com estearato de magn\u00e9sio vegetal em uma c\u00e1psula vegetal n\u00e3o-OGM.<\/p>\n<p>Se voc\u00ea toma medicamentos regularmente, diga ao seu m\u00e9dico e farmac\u00eautico que planeja tomar produtos naturais, pois muitos deles podem interagir com os medicamentos (com ou sem receita). M\u00e9dicos, farmac\u00eauticos e naturopatas certificados podem ajudar as mulheres a experimentar melhor a menopausa.<\/p>\n<p><strong>Manual:<\/strong><br \/>\nAdultos: Tome 1 a 3 c\u00e1psulas por dia ou conforme indicado pelo seu m\u00e9dico.<\/p>\n<p><strong> Informa\u00e7\u00f5es importantes: <\/strong><br \/>\nSe voc\u00ea estiver tomando algum medicamento sob prescri\u00e7\u00e3o m\u00e9dica, tiver uma condi\u00e7\u00e3o m\u00e9dica ou tiver preocupa\u00e7\u00f5es espec\u00edficas sobre a adequa\u00e7\u00e3o de qualquer um de nossos produtos a esses produtos, sempre consulte seu m\u00e9dico ou farmac\u00eautico antes de tomar suplementos. Mulheres gr\u00e1vidas ou lactantes devem consultar um m\u00e9dico antes de tomar suplementos. N\u00e3o exceda a dose di\u00e1ria recomendada. Mantenha fora do alcance de crian\u00e7as. Suplementos n\u00e3o devem ser tomados como substitutos de uma dieta variada. Leia sempre o r\u00f3tulo antes de usar<\/p>\n<p>A Serrar Pharma usa apenas ingredientes puros e naturais, de fontes confi\u00e1veis de GMP. Garantimos a qualidade n\u00e3o apenas de cada lote, mas de cada ingrediente desse lote, garantindo que voc\u00ea obtenha apenas o produto da mais alta qualidade. Existem muitos benef\u00edcios de suporte suplementar. Veja abaixo os coment\u00e1rios. Se voc\u00ea tiver alguma d\u00favida, entre em contato conosco em info@serrarpharma.com<\/p>\n<p>&nbsp;<\/p>\n<p><span style=\"color: #005890;\"><strong><span class=\"VIiyi\" lang=\"pt\"><span class=\"JLqJ4b ChMk0b\" data-language-for-alternatives=\"pt\" data-language-to-translate-into=\"en\" data-phrase-index=\"1\">FEITO NO CANAD\u00c1\u00a0\u00a0\u00a0\u00a0\u00a0 |<\/span> <span class=\"JLqJ4b ChMk0b\" data-language-for-alternatives=\"pt\" data-language-to-translate-into=\"en\" data-phrase-index=\"1\">\u00a0\u00a0\u00a0\u00a0\u00a0 <\/span><span class=\"JLqJ4b ChMk0b\" data-language-for-alternatives=\"pt\" data-language-to-translate-into=\"en\" data-phrase-index=\"2\">GMP CERTIFIED\u00a0\u00a0\u00a0\u00a0\u00a0 |<\/span> <span class=\"JLqJ4b ChMk0b\" data-language-for-alternatives=\"pt\" data-language-to-translate-into=\"en\" data-phrase-index=\"1\">\u00a0\u00a0\u00a0\u00a0\u00a0 <\/span><span class=\"JLqJ4b ChMk0b\" data-language-for-alternatives=\"pt\" data-language-to-translate-into=\"en\" data-phrase-index=\"3\">N\u00c3O OGM \u00a0\u00a0\u00a0\u00a0\u00a0 |<\/span> <span class=\"JLqJ4b ChMk0b\" data-language-for-alternatives=\"pt\" data-language-to-translate-into=\"en\" data-phrase-index=\"1\">\u00a0\u00a0\u00a0\u00a0\u00a0 <\/span><span class=\"JLqJ4b ChMk0b\" data-language-for-alternatives=\"pt\" data-language-to-translate-into=\"en\" data-phrase-index=\"4\">LABORAT\u00d3RIO CERTIFICADO ISO 17025<\/span><\/span><\/strong><\/span><\/p>\n","protected":false},"excerpt":{"rendered":"<p>Vegetariano &#8211; 40 mg Extrato de raiz de cohosh preto Reduz ondas de calor, suores noturnos e mudan\u00e7as de humor Reduz os sintomas da menopausa e s\u00edndrome pr\u00e9-menstrual Ajuda a aliviar os sintomas associados \u00e0 menopausa Ajuda a aliviar a dor associada \u00e0 menstrua\u00e7\u00e3o, dores musculares e articulares, condi\u00e7\u00f5es reum\u00e1tico e neuralgia Ajuda a aliviar [&hellip;]<\/p>\n","protected":false},"featured_media":10554,"template":"","meta":{"hide_page_title":"","_coblocks_attr":"","_coblocks_dimensions":"","_coblocks_responsive_height":"","_coblocks_accordion_ie_support":""},"product_cat":[21],"product_tag":[],"translation":{"provider":"WPGlobus","version":"3.0.1","language":"pt","enabled_languages":["en","es","fr","ar","pt","it"],"languages":{"en":{"title":true,"content":true,"excerpt":false},"es":{"title":false,"content":true,"excerpt":false},"fr":{"title":false,"content":true,"excerpt":false},"ar":{"title":false,"content":true,"excerpt":false},"pt":{"title":false,"content":true,"excerpt":false},"it":{"title":false,"content":true,"excerpt":false}}},"_links":{"self":[{"href":"https:\/\/www.serrarpharma.com\/pt\/wp-json\/wp\/v2\/product\/10558"}],"collection":[{"href":"https:\/\/www.serrarpharma.com\/pt\/wp-json\/wp\/v2\/product"}],"about":[{"href":"https:\/\/www.serrarpharma.com\/pt\/wp-json\/wp\/v2\/types\/product"}],"wp:featuredmedia":[{"embeddable":true,"href":"https:\/\/www.serrarpharma.com\/pt\/wp-json\/wp\/v2\/media\/10554"}],"wp:attachment":[{"href":"https:\/\/www.serrarpharma.com\/pt\/wp-json\/wp\/v2\/media?parent=10558"}],"wp:term":[{"taxonomy":"product_cat","embeddable":true,"href":"https:\/\/www.serrarpharma.com\/pt\/wp-json\/wp\/v2\/product_cat?post=10558"},{"taxonomy":"product_tag","embeddable":true,"href":"https:\/\/www.serrarpharma.com\/pt\/wp-json\/wp\/v2\/product_tag?post=10558"}],"curies":[{"name":"wp","href":"https:\/\/api.w.org\/{rel}","templated":true}]}}