{"id":10556,"date":"2021-02-10T21:00:32","date_gmt":"2021-02-11T02:00:32","guid":{"rendered":"https:\/\/www.serrarpharma.com\/?post_type=product&#038;p=10556"},"modified":"2025-02-01T23:16:12","modified_gmt":"2025-02-02T04:16:12","slug":"naturovitamin","status":"publish","type":"product","link":"https:\/\/www.serrarpharma.com\/pt\/product\/naturovitamin\/","title":{"rendered":"NaturoVitamin"},"content":{"rendered":"<p><img loading=\"lazy\" class=\"alignnone wp-image-11371\" src=\"https:\/\/i0.wp.com\/www.serrarpharma.com\/wp-content\/uploads\/2021\/04\/Made-in-CA.png?resize=70%2C70&#038;ssl=1\" alt=\"\" width=\"70\" height=\"70\" srcset=\"https:\/\/i0.wp.com\/www.serrarpharma.com\/wp-content\/uploads\/2021\/04\/Made-in-CA.png?w=150&amp;ssl=1 150w, https:\/\/i0.wp.com\/www.serrarpharma.com\/wp-content\/uploads\/2021\/04\/Made-in-CA.png?resize=100%2C100&amp;ssl=1 100w\" sizes=\"(max-width: 70px) 100vw, 70px\" data-recalc-dims=\"1\" \/><img loading=\"lazy\" class=\"alignnone wp-image-11370\" src=\"https:\/\/i0.wp.com\/www.serrarpharma.com\/wp-content\/uploads\/2021\/04\/GMP.png?resize=70%2C70&#038;ssl=1\" alt=\"\" width=\"70\" height=\"70\" srcset=\"https:\/\/i0.wp.com\/www.serrarpharma.com\/wp-content\/uploads\/2021\/04\/GMP.png?w=150&amp;ssl=1 150w, https:\/\/i0.wp.com\/www.serrarpharma.com\/wp-content\/uploads\/2021\/04\/GMP.png?resize=100%2C100&amp;ssl=1 100w\" sizes=\"(max-width: 70px) 100vw, 70px\" data-recalc-dims=\"1\" \/><img loading=\"lazy\" class=\"alignnone wp-image-11369\" src=\"https:\/\/i0.wp.com\/www.serrarpharma.com\/wp-content\/uploads\/2021\/04\/Nongmo.png?resize=70%2C70&#038;ssl=1\" alt=\"\" width=\"70\" height=\"70\" srcset=\"https:\/\/i0.wp.com\/www.serrarpharma.com\/wp-content\/uploads\/2021\/04\/Nongmo.png?w=150&amp;ssl=1 150w, https:\/\/i0.wp.com\/www.serrarpharma.com\/wp-content\/uploads\/2021\/04\/Nongmo.png?resize=100%2C100&amp;ssl=1 100w\" sizes=\"(max-width: 70px) 100vw, 70px\" data-recalc-dims=\"1\" \/><img loading=\"lazy\" class=\"alignnone wp-image-11799\" src=\"https:\/\/i0.wp.com\/www.serrarpharma.com\/wp-content\/uploads\/2021\/04\/ISO-07.png?resize=70%2C70&#038;ssl=1\" alt=\"\" width=\"70\" height=\"70\" srcset=\"https:\/\/i0.wp.com\/www.serrarpharma.com\/wp-content\/uploads\/2021\/04\/ISO-07.png?resize=300%2C300&amp;ssl=1 300w, https:\/\/i0.wp.com\/www.serrarpharma.com\/wp-content\/uploads\/2021\/04\/ISO-07.png?resize=150%2C150&amp;ssl=1 150w, https:\/\/i0.wp.com\/www.serrarpharma.com\/wp-content\/uploads\/2021\/04\/ISO-07.png?resize=100%2C100&amp;ssl=1 100w, https:\/\/i0.wp.com\/www.serrarpharma.com\/wp-content\/uploads\/2021\/04\/ISO-07.png?w=418&amp;ssl=1 418w\" sizes=\"(max-width: 70px) 100vw, 70px\" data-recalc-dims=\"1\" \/><\/p>\n<p>&nbsp;<\/p>\n<p>K2 + D3 l\u00edquido &#8211; vegetariano<br \/>\nAlta absor\u00e7\u00e3o<br \/>\nVit K2 120 mcg D3 1.000 UI por dose<br \/>\nSuprimento de 4 meses<br \/>\nOssos e dentes saud\u00e1veis<br \/>\nFortalece o sistema imunol\u00f3gico<br \/>\nAbsor\u00e7\u00e3o e utiliza\u00e7\u00e3o de c\u00e1lcio e f\u00f3sforo<br \/>\nReduz o risco de desenvolver osteoporose<br \/>\nAumenta o n\u00edvel de energia &#8211; Antiinflamat\u00f3rio<\/p>\n<p><strong>NaturoVitamin K2 + D3 Liquid: <\/strong><br \/>\n\u00c9 uma formula\u00e7\u00e3o que combina 2 vitaminas: K e D, cujas fun\u00e7\u00f5es na sa\u00fade \u00f3ssea e cardiovascular s\u00e3o conhecidas. A vitamina K e a vitamina D ajudam a manter os ossos normais.<br \/>\nNosso suplemento alimentar l\u00edquido de vitamina K2 e vitamina D3 \u00e9 feito de ingredientes naturais e n\u00e3o \u00e9 derivado de produtos de origem animal.<\/p>\n<p><strong>Vitamina K2: <\/strong><br \/>\nA vitamina K2 contribui para a manuten\u00e7\u00e3o de ossos normais e coagula\u00e7\u00e3o do sangue.<\/p>\n<p><strong>Vitamina D3: <\/strong><br \/>\nA vitamina D contribui para os n\u00edveis normais de c\u00e1lcio, absor\u00e7\u00e3o e uso normal de c\u00e1lcio e f\u00f3sforo. Tamb\u00e9m contribui para o funcionamento normal dos ossos, dentes, m\u00fasculos e para o funcionamento normal do sistema imunol\u00f3gico. \u00c9 um suplemento ideal para a grande maioria das mulheres ap\u00f3s a menopausa, para idosos ou ap\u00f3s fraturas.<\/p>\n<p><strong>Dire\u00e7\u00f5es: <\/strong><br \/>\nAdultos: Tome 4 gotas diariamente ou conforme indicado pelo seu m\u00e9dico.<\/p>\n<p><strong> Informa\u00e7\u00f5es importantes: <\/strong><br \/>\nSe voc\u00ea estiver tomando algum medicamento sob prescri\u00e7\u00e3o m\u00e9dica, tiver uma condi\u00e7\u00e3o m\u00e9dica ou tiver preocupa\u00e7\u00f5es espec\u00edficas sobre a adequa\u00e7\u00e3o de qualquer um de nossos produtos a esses produtos, sempre consulte seu m\u00e9dico ou farmac\u00eautico antes de tomar suplementos. Mulheres gr\u00e1vidas ou lactantes devem consultar um m\u00e9dico antes de tomar suplementos. N\u00e3o exceda a dose di\u00e1ria recomendada. Mantenha fora do alcance de crian\u00e7as. Suplementos n\u00e3o devem ser tomados como substitutos de uma dieta variada. Leia sempre o r\u00f3tulo antes de usar<\/p>\n<p>A Serrar Pharma usa apenas ingredientes puros e naturais, de fontes confi\u00e1veis de GMP. Garantimos a qualidade n\u00e3o apenas de cada lote, mas de cada ingrediente desse lote, garantindo que voc\u00ea obtenha apenas o produto da mais alta qualidade. Existem muitos benef\u00edcios de suporte suplementar. Veja abaixo os coment\u00e1rios. Se voc\u00ea tiver alguma d\u00favida, entre em contato conosco em info@serrarpharma.com<\/p>\n<p>&nbsp;<\/p>\n<p><span style=\"color: #005890;\"><strong><span class=\"VIiyi\" lang=\"pt\"><span class=\"JLqJ4b ChMk0b\" data-language-for-alternatives=\"pt\" data-language-to-translate-into=\"en\" data-phrase-index=\"1\">FEITO NO CANAD\u00c1\u00a0\u00a0\u00a0\u00a0\u00a0 |<\/span> <span class=\"JLqJ4b ChMk0b\" data-language-for-alternatives=\"pt\" data-language-to-translate-into=\"en\" data-phrase-index=\"0\">\u00a0\u00a0\u00a0\u00a0\u00a0 <\/span><span class=\"JLqJ4b ChMk0b\" data-language-for-alternatives=\"pt\" data-language-to-translate-into=\"en\" data-phrase-index=\"2\">GMP CERTIFIED \u00a0\u00a0\u00a0\u00a0\u00a0 |<\/span> <span class=\"JLqJ4b ChMk0b\" data-language-for-alternatives=\"pt\" data-language-to-translate-into=\"en\" data-phrase-index=\"0\">\u00a0\u00a0\u00a0\u00a0\u00a0 <\/span><span class=\"JLqJ4b ChMk0b\" data-language-for-alternatives=\"pt\" data-language-to-translate-into=\"en\" data-phrase-index=\"3\">N\u00c3O OGM \u00a0\u00a0\u00a0\u00a0\u00a0 |\u00a0\u00a0\u00a0\u00a0\u00a0 <\/span> <span class=\"JLqJ4b ChMk0b\" data-language-for-alternatives=\"pt\" data-language-to-translate-into=\"en\" data-phrase-index=\"4\">LABORAT\u00d3RIO CERTIFICADO ISO 17025<\/span><\/span><\/strong><\/span><\/p>\n","protected":false},"excerpt":{"rendered":"<p>&nbsp; K2 + D3 l\u00edquido &#8211; vegetariano Alta absor\u00e7\u00e3o Vit K2 120 mcg D3 1.000 UI por dose Suprimento de 4 meses Ossos e dentes saud\u00e1veis Fortalece o sistema imunol\u00f3gico Absor\u00e7\u00e3o e utiliza\u00e7\u00e3o de c\u00e1lcio e f\u00f3sforo Reduz o risco de desenvolver osteoporose Aumenta o n\u00edvel de energia &#8211; Antiinflamat\u00f3rio NaturoVitamin K2 + D3 Liquid: [&hellip;]<\/p>\n","protected":false},"featured_media":10555,"template":"","meta":{"hide_page_title":"","_coblocks_attr":"","_coblocks_dimensions":"","_coblocks_responsive_height":"","_coblocks_accordion_ie_support":""},"product_cat":[21],"product_tag":[],"translation":{"provider":"WPGlobus","version":"3.0.1","language":"pt","enabled_languages":["en","es","fr","ar","pt","it"],"languages":{"en":{"title":true,"content":true,"excerpt":false},"es":{"title":false,"content":true,"excerpt":false},"fr":{"title":false,"content":true,"excerpt":false},"ar":{"title":false,"content":true,"excerpt":false},"pt":{"title":false,"content":true,"excerpt":false},"it":{"title":false,"content":true,"excerpt":false}}},"_links":{"self":[{"href":"https:\/\/www.serrarpharma.com\/pt\/wp-json\/wp\/v2\/product\/10556"}],"collection":[{"href":"https:\/\/www.serrarpharma.com\/pt\/wp-json\/wp\/v2\/product"}],"about":[{"href":"https:\/\/www.serrarpharma.com\/pt\/wp-json\/wp\/v2\/types\/product"}],"wp:featuredmedia":[{"embeddable":true,"href":"https:\/\/www.serrarpharma.com\/pt\/wp-json\/wp\/v2\/media\/10555"}],"wp:attachment":[{"href":"https:\/\/www.serrarpharma.com\/pt\/wp-json\/wp\/v2\/media?parent=10556"}],"wp:term":[{"taxonomy":"product_cat","embeddable":true,"href":"https:\/\/www.serrarpharma.com\/pt\/wp-json\/wp\/v2\/product_cat?post=10556"},{"taxonomy":"product_tag","embeddable":true,"href":"https:\/\/www.serrarpharma.com\/pt\/wp-json\/wp\/v2\/product_tag?post=10556"}],"curies":[{"name":"wp","href":"https:\/\/api.w.org\/{rel}","templated":true}]}}