{"id":892,"date":"2020-04-12T20:39:10","date_gmt":"2020-04-12T20:39:10","guid":{"rendered":"https:\/\/www.serrarpharma.com\/?page_id=892"},"modified":"2021-04-13T07:55:02","modified_gmt":"2021-04-13T11:55:02","slug":"contact","status":"publish","type":"page","link":"https:\/\/www.serrarpharma.com\/pt\/contact\/","title":{"rendered":"ContactPT"},"content":{"rendered":"\n<p class=\"has-text-align-center has-text-color contacttitle has-huge-font-size has-custom-font\" style=\"font-family:Open Sans;color:#63ade5\">CONTATE-NOS<\/p>\n\n\n\n<p class=\"has-text-align-center contactpar has-custom-font has-custom-lineheight\" style=\"font-family:Open Sans;line-height:1.5\">Entre em contato com nossa equipe se tiver alguma d\u00favida sobre o Programa Zinacal ou precisar de assist\u00eancia. Ligue para n\u00f3s ou envie uma mensagem e entraremos em contato com voc\u00ea imediatamente.<\/p>\n\n\n\n<p class=\"has-text-align-center has-text-color has-large-font-size has-custom-font\" style=\"font-family:Open Sans;color:#005e94\">(302) 200-2171<\/p>\n\n\n\n<p class=\"has-text-align-center has-custom-font\" style=\"font-family:Open Sans\">info@serrarpharma.com<\/p>\n\n\n\n<div class=\"wp-block-coblocks-row alignfull coblocks-row-31120544678 contactform\" data-columns=\"1\" data-layout=\"100\"><div class=\"contactform wp-block-coblocks-row__inner has-no-padding has-no-margin is-stacked-on-mobile has-medium-gutter\">\n<div class=\"wp-block-coblocks-column coblocks-column-31120545283\" style=\"width:100%\"><div class=\"wp-block-coblocks-column__inner has-no-padding has-no-margin\">\n<div class=\"wpcf7 no-js\" id=\"wpcf7-f5368-o1\" lang=\"en-US\" dir=\"ltr\">\n<div class=\"screen-reader-response\"><p role=\"status\" aria-live=\"polite\" aria-atomic=\"true\"><\/p> <ul><\/ul><\/div>\n<form action=\"\/pt\/wp-json\/wp\/v2\/pages\/892#wpcf7-f5368-o1\" method=\"post\" class=\"wpcf7-form init\" aria-label=\"Contact form\" novalidate=\"novalidate\" data-status=\"init\">\n<div style=\"display: none;\">\n<input type=\"hidden\" name=\"_wpcf7\" value=\"5368\" \/>\n<input type=\"hidden\" name=\"_wpcf7_version\" value=\"5.7.7\" \/>\n<input type=\"hidden\" name=\"_wpcf7_locale\" value=\"en_US\" \/>\n<input type=\"hidden\" name=\"_wpcf7_unit_tag\" value=\"wpcf7-f5368-o1\" \/>\n<input type=\"hidden\" name=\"_wpcf7_container_post\" value=\"0\" \/>\n<input type=\"hidden\" name=\"_wpcf7_posted_data_hash\" value=\"\" \/>\n<\/div>\n<p><label> Nome<br \/>\n<span class=\"wpcf7-form-control-wrap\" data-name=\"your-name\"><input size=\"40\" class=\"wpcf7-form-control wpcf7-text wpcf7-validates-as-required\" aria-required=\"true\" aria-invalid=\"false\" value=\"\" type=\"text\" name=\"your-name\" \/><\/span> <\/label>\n<\/p>\n<p><label> O email<br \/>\n<span class=\"wpcf7-form-control-wrap\" data-name=\"your-email\"><input size=\"40\" class=\"wpcf7-form-control wpcf7-text wpcf7-email wpcf7-validates-as-required wpcf7-validates-as-email\" aria-required=\"true\" aria-invalid=\"false\" value=\"\" type=\"email\" name=\"your-email\" \/><\/span> <\/label>\n<\/p>\n<p><label> Telefone<br \/>\n<span class=\"wpcf7-form-control-wrap\" data-name=\"tel-795\"><input size=\"40\" class=\"wpcf7-form-control wpcf7-text wpcf7-tel wpcf7-validates-as-tel\" aria-invalid=\"false\" value=\"\" type=\"tel\" name=\"tel-795\" \/><\/span> <\/label>\n<\/p>\n<p><label> Qual \u00e9 o melhor hor\u00e1rio para te encontrar?<br \/>\n<span class=\"wpcf7-form-control-wrap\" data-name=\"best-time\"><input size=\"40\" class=\"wpcf7-form-control wpcf7-text\" aria-invalid=\"false\" value=\"\" type=\"text\" name=\"best-time\" \/><\/span> <\/label>\n<\/p>\n<p><label> Em que podemos ajud\u00e1-lo?<br \/>\n<span class=\"wpcf7-form-control-wrap\" data-name=\"your-message\"><textarea cols=\"40\" rows=\"10\" class=\"wpcf7-form-control wpcf7-textarea\" aria-invalid=\"false\" name=\"your-message\"><\/textarea><\/span> <\/label>\n<\/p>\n<p><input class=\"wpcf7-form-control has-spinner wpcf7-submit\" type=\"submit\" value=\"Enviar\" \/>\n<\/p><div class=\"wpcf7-response-output\" aria-hidden=\"true\"><\/div>\n<\/form>\n<\/div>\n\n<\/div><\/div>\n<\/div><\/div>\n\n\n\n<div class=\"wp-container-4 wp-block-columns alignfull contactcolumns has-background\" style=\"background-color:#eff2f7\">\n<div class=\"wp-container-1 wp-block-column contactleftcolumn\">\n<p class=\"has-text-color has-custom-font\" style=\"font-family:Open Sans;font-size:28px;color:#63ade5\">SABER MAIS<\/p>\n\n\n\n<p class=\"has-text-color contactlinks has-custom-font\" style=\"font-family:Open Sans;color:#005e94\"><a href=\"https:\/\/www.serrarpharma.com\/pt\/meet-the-doctor\/\">Conhe\u00e7a o m\u00e9dico<\/a><br><a href=\"https:\/\/www.serrarpharma.com\/pt\/our-products\/\">Nossos Produtos<\/a><br><a href=\"https:\/\/www.serrarpharma.com\/pt\/testimonials\/\">Depoimentos<\/a><\/p>\n<\/div>\n\n\n\n<div class=\"wp-container-2 wp-block-column\">\n<p class=\"has-text-align-center has-text-color has-custom-font\" style=\"font-family:Open Sans;font-size:28px;color:#63ade5\">HORAS<\/p>\n\n\n\n<p class=\"has-text-align-center has-text-color contactmiddlecol has-custom-font\" style=\"font-family:Open Sans;color:#005e94\">Seg &#8211; Sex 10h &#8211; 18h<br>S\u00e1bado: 12h &#8211; 17h <br> Domingo: 12h &#8211; 17h<\/p>\n<\/div>\n\n\n\n<div class=\"wp-container-3 wp-block-column contactrightcolumn\">\n<p class=\"has-text-align-right has-text-color has-custom-font\" style=\"font-family:Open Sans;font-size:28px;color:#63ade5\">COMPRAR<\/p>\n\n\n\n<p class=\"has-text-align-right has-text-color contactlinks has-custom-font\" style=\"font-family:Open Sans;color:#005e94\"><a href=\"https:\/\/www.serrarpharma.com\/pt\/product\/zinaboost\/\">ZinaBoost<\/a><br><a href=\"https:\/\/www.serrarpharma.com\/product\/zinaslim-advanced\/\">ZinaSlim Advanced<\/a><br><a href=\"https:\/\/www.serrarpharma.com\/PT\/shop\/\">Mais Produtos<\/a><\/p>\n<\/div>\n<\/div>\n\n\n\n<div class=\"wp-container-11 wp-block-columns alignfull spfootblock\">\n<div class=\"wp-container-5 wp-block-column is-vertically-aligned-top\" style=\"flex-basis:49%\">\n<div class=\"wp-block-media-text is-stacked-on-mobile is-vertically-aligned-top footlogoblock\" style=\"grid-template-columns:28% auto\"><figure class=\"wp-block-media-text__media\"><img loading=\"lazy\" width=\"603\" height=\"811\" src=\"https:\/\/i0.wp.com\/www.serrarpharma.com\/wp-content\/uploads\/2020\/04\/2-sp-png.png?resize=603%2C811&#038;ssl=1\" alt=\"\" class=\"wp-image-394\" srcset=\"https:\/\/i0.wp.com\/www.serrarpharma.com\/wp-content\/uploads\/2020\/04\/2-sp-png.png?w=603&amp;ssl=1 603w, https:\/\/i0.wp.com\/www.serrarpharma.com\/wp-content\/uploads\/2020\/04\/2-sp-png.png?resize=223%2C300&amp;ssl=1 223w, https:\/\/i0.wp.com\/www.serrarpharma.com\/wp-content\/uploads\/2020\/04\/2-sp-png.png?resize=600%2C807&amp;ssl=1 600w\" sizes=\"(max-width: 603px) 100vw, 603px\" data-recalc-dims=\"1\" \/><\/figure><div class=\"wp-block-media-text__content\">\n<p style=\"color:#005e94;font-size:18px;font-family:Open Sans;line-height:1.5\" class=\"has-text-color has-custom-font has-custom-lineheight\">O SerrarPharma est\u00e1 focado em melhorar sua qualidade de vida. Somos apaixonados por ajudar voc\u00ea n\u00e3o apenas a gerenciar sua sa\u00fade, mas a prosperar usando nossos m\u00e9todos exclusivos e comprovados.<\/p>\n<\/div><\/div>\n<\/div>\n\n\n\n<div class=\"wp-container-9 wp-block-column footmiddlecol\" style=\"flex-basis:25%\">\n<p style=\"color:#005e94;font-size:18px;line-height:1\" class=\"has-text-color serrarmidfooter has-custom-lineheight\"><strong>SERRAR PHARMA LLC<\/strong><\/p>\n\n\n\n<p style=\"color:#005e94;font-family:Open Sans;line-height:1.4\" class=\"has-text-color footeraddress has-custom-font has-custom-lineheight\">4 Hunter Lane<br>Elmsford, NY 10523<br>USA<\/p>\n\n\n\n<p style=\"color:#005e94\" class=\"has-text-color has-medium-font-size footerphone\"><strong>(302) 200-2171<\/strong><\/p>\n\n\n\n<p style=\"color:#005e94;font-family:Open Sans\" class=\"has-text-color has-custom-font\">info@serrarpharma.com<\/p>\n\n\n\n<div class=\"wp-container-8 wp-block-columns footersm\">\n<div class=\"wp-container-6 wp-block-column\">\n<div class=\"wp-block-image mb-0 mt-0\"><figure class=\"aligncenter size-thumbnail\"><a href=\"https:\/\/www.instagram.com\/drserrar\/\" target=\"_blank\" rel=\"noopener noreferrer\"><img loading=\"lazy\" width=\"150\" height=\"150\" src=\"https:\/\/i0.wp.com\/www.serrarpharma.com\/wp-content\/uploads\/2021\/01\/SPWebInstaSymbol.png?resize=150%2C150&#038;ssl=1\" alt=\"\" class=\"wp-image-10264\" srcset=\"https:\/\/i0.wp.com\/www.serrarpharma.com\/wp-content\/uploads\/2021\/01\/SPWebInstaSymbol.png?resize=150%2C150&amp;ssl=1 150w, https:\/\/i0.wp.com\/www.serrarpharma.com\/wp-content\/uploads\/2021\/01\/SPWebInstaSymbol.png?resize=300%2C300&amp;ssl=1 300w, https:\/\/i0.wp.com\/www.serrarpharma.com\/wp-content\/uploads\/2021\/01\/SPWebInstaSymbol.png?resize=100%2C100&amp;ssl=1 100w, https:\/\/i0.wp.com\/www.serrarpharma.com\/wp-content\/uploads\/2021\/01\/SPWebInstaSymbol.png?w=362&amp;ssl=1 362w\" sizes=\"(max-width: 150px) 100vw, 150px\" data-recalc-dims=\"1\" \/><\/a><\/figure><\/div>\n\n\n\n<p><\/p>\n<\/div>\n\n\n\n<div class=\"wp-container-7 wp-block-column\">\n<div class=\"wp-block-image mb-0 mt-0\"><figure class=\"aligncenter size-thumbnail\"><a href=\"https:\/\/www.facebook.com\/DrSerrar-112763810583917\" target=\"_blank\" rel=\"noopener noreferrer\"><img loading=\"lazy\" width=\"150\" height=\"150\" src=\"https:\/\/i0.wp.com\/www.serrarpharma.com\/wp-content\/uploads\/2021\/01\/SPWebFBSymbol.png?resize=150%2C150&#038;ssl=1\" alt=\"\" class=\"wp-image-10265\" srcset=\"https:\/\/i0.wp.com\/www.serrarpharma.com\/wp-content\/uploads\/2021\/01\/SPWebFBSymbol.png?resize=150%2C150&amp;ssl=1 150w, https:\/\/i0.wp.com\/www.serrarpharma.com\/wp-content\/uploads\/2021\/01\/SPWebFBSymbol.png?resize=300%2C300&amp;ssl=1 300w, https:\/\/i0.wp.com\/www.serrarpharma.com\/wp-content\/uploads\/2021\/01\/SPWebFBSymbol.png?resize=100%2C100&amp;ssl=1 100w, https:\/\/i0.wp.com\/www.serrarpharma.com\/wp-content\/uploads\/2021\/01\/SPWebFBSymbol.png?w=362&amp;ssl=1 362w\" sizes=\"(max-width: 150px) 100vw, 150px\" data-recalc-dims=\"1\" \/><\/a><\/figure><\/div>\n\n\n\n<p><\/p>\n<\/div>\n<\/div>\n<\/div>\n\n\n\n<div class=\"wp-container-10 wp-block-column\" style=\"flex-basis:20%\">\n<p style=\"color:#005e94;font-size:18px;line-height:1\" class=\"has-text-color footerGS has-custom-lineheight\"><strong>INICIAR<\/strong><\/p>\n\n\n\n<p style=\"font-size:18px;line-height:1.5\" class=\"has-text-color has-secondary-color footerlinks has-custom-lineheight\"><a href=\"https:\/\/www.serrarpharma.com\/pt\/about\/\">SOBRE<\/a><br><a href=\"https:\/\/www.serrarpharma.com\/pt\/zinacal-program\/\">PROGRAMA ZINACAL <\/a><br><a href=\"https:\/\/www.serrarpharma.com\/pt\/testimonials\/\">TESTEMUNHOS<\/a> <br><a href=\"https:\/\/www.serrarpharma.com\/pt\/shop\/\">COMPRAR<\/a><br><a href=\"https:\/\/www.serrarpharma.com\/pt\/contact\/\">CONTATE-NOS<\/a> <\/p>\n<\/div>\n<\/div>\n","protected":false},"excerpt":{"rendered":"<p>CONTATE-NOS Entre em contato com nossa equipe se tiver alguma d\u00favida sobre o Programa Zinacal ou precisar de assist\u00eancia. Ligue para n\u00f3s ou envie uma mensagem e entraremos em contato com voc\u00ea imediatamente. (302) 200-2171 info@serrarpharma.com SABER MAIS Conhe\u00e7a o m\u00e9dicoNossos ProdutosDepoimentos HORAS Seg &#8211; Sex 10h &#8211; 18hS\u00e1bado: 12h &#8211; 17h Domingo: 12h &#8211; [&hellip;]<\/p>\n","protected":false},"author":1,"featured_media":0,"parent":0,"menu_order":0,"comment_status":"closed","ping_status":"closed","template":"","meta":{"hide_page_title":"","_coblocks_attr":"Open Sans,Open Sans","_coblocks_dimensions":"","_coblocks_responsive_height":"","_coblocks_accordion_ie_support":""},"translation":{"provider":"WPGlobus","version":"3.0.1","language":"pt","enabled_languages":["en","es","fr","ar","pt","it"],"languages":{"en":{"title":true,"content":true,"excerpt":false},"es":{"title":true,"content":true,"excerpt":false},"fr":{"title":false,"content":true,"excerpt":false},"ar":{"title":false,"content":true,"excerpt":false},"pt":{"title":true,"content":true,"excerpt":false},"it":{"title":false,"content":true,"excerpt":false}}},"_links":{"self":[{"href":"https:\/\/www.serrarpharma.com\/pt\/wp-json\/wp\/v2\/pages\/892"}],"collection":[{"href":"https:\/\/www.serrarpharma.com\/pt\/wp-json\/wp\/v2\/pages"}],"about":[{"href":"https:\/\/www.serrarpharma.com\/pt\/wp-json\/wp\/v2\/types\/page"}],"author":[{"embeddable":true,"href":"https:\/\/www.serrarpharma.com\/pt\/wp-json\/wp\/v2\/users\/1"}],"replies":[{"embeddable":true,"href":"https:\/\/www.serrarpharma.com\/pt\/wp-json\/wp\/v2\/comments?post=892"}],"version-history":[{"count":0,"href":"https:\/\/www.serrarpharma.com\/pt\/wp-json\/wp\/v2\/pages\/892\/revisions"}],"wp:attachment":[{"href":"https:\/\/www.serrarpharma.com\/pt\/wp-json\/wp\/v2\/media?parent=892"}],"curies":[{"name":"wp","href":"https:\/\/api.w.org\/{rel}","templated":true}]}}