{"id":795,"date":"2020-04-12T20:21:45","date_gmt":"2020-04-12T20:21:45","guid":{"rendered":"https:\/\/www.serrarpharma.com\/?page_id=795"},"modified":"2021-11-11T15:31:55","modified_gmt":"2021-11-11T20:31:55","slug":"meet-the-doctor","status":"publish","type":"page","link":"https:\/\/www.serrarpharma.com\/pt\/meet-the-doctor\/","title":{"rendered":"Meet The Doctor"},"content":{"rendered":"\n<div class=\"wp-block-media-text alignfull has-media-on-the-right is-stacked-on-mobile is-vertically-aligned-top meetdrsection\" style=\"grid-template-columns:auto 35%\"><figure class=\"wp-block-media-text__media\"><img loading=\"lazy\" width=\"660\" height=\"990\" src=\"https:\/\/i0.wp.com\/www.serrarpharma.com\/wp-content\/uploads\/2020\/09\/Dr-Serrara-Steth-min.png?resize=660%2C990&#038;ssl=1\" alt=\"\" class=\"wp-image-8379 size-full\" srcset=\"https:\/\/i0.wp.com\/www.serrarpharma.com\/wp-content\/uploads\/2020\/09\/Dr-Serrara-Steth-min.png?resize=683%2C1024&amp;ssl=1 683w, https:\/\/i0.wp.com\/www.serrarpharma.com\/wp-content\/uploads\/2020\/09\/Dr-Serrara-Steth-min.png?resize=200%2C300&amp;ssl=1 200w, https:\/\/i0.wp.com\/www.serrarpharma.com\/wp-content\/uploads\/2020\/09\/Dr-Serrara-Steth-min.png?resize=600%2C900&amp;ssl=1 600w, https:\/\/i0.wp.com\/www.serrarpharma.com\/wp-content\/uploads\/2020\/09\/Dr-Serrara-Steth-min.png?w=700&amp;ssl=1 700w\" sizes=\"(max-width: 660px) 100vw, 660px\" data-recalc-dims=\"1\" \/><\/figure><div class=\"wp-block-media-text__content\">\n<p class=\"has-text-color meethalima has-huge-font-size has-custom-font\" style=\"font-family:Open Sans;color:#63ade5\">CONHE\u00c7A O DOUTOR HALIMA SERRAR<\/p>\n\n\n\n<p class=\"has-text-color meetdrtag\" style=\"font-size:40px;color:#005e94\">M\u00e9dico, Naturopata e Fundador<\/p>\n\n\n\n<p class=\"has-custom-font has-custom-lineheight\" style=\"font-family:Open Sans;line-height:1.5\">O Dr. Halima Serrar \u00e9 doutorado em Medicina em Marrocos e doutorado em Farmacologia e Naturopata Certificado no Canad\u00e1. Ela \u00e9 a fundadora do programa de controle de peso ZinaCal e desenvolveu formula\u00e7\u00f5es e suplementos medicamente fabricado em uma instalacao registrada pepa FDA para ajudar homens, mulheres e crian\u00e7as a alcan\u00e7ar e e prevenir o aparecimento de doen\u00e7as cr\u00f4nicas. Ela \u00e9 apaixonada por ajudar outras pessoas a terem uma vida saud\u00e1vel, em forma, forte e energ\u00e9tica. Estes suplementos s\u00e3o livres de OGM. Fabricado em instala\u00e7\u00f5es com certifica\u00e7\u00e3o GMP nos Estados Unidos.<\/p>\n\n\n\n<p class=\"has-text-color meettoplinks has-custom-font\" style=\"font-family:Open Sans;color:#63ade5\"><a href=\"https:\/\/www.serrarpharma.com\/pt\/testimonials\/\">OU\u00c7A NOSSOS CLIENTES \u2192<\/a><\/p>\n\n\n\n<p class=\"has-text-color meettoplinks has-custom-font\" style=\"font-family:Open Sans;color:#63ade5\"><a href=\"https:\/\/www.serrarpharma.com\/pt\/shop\/\">VER PRODUTOS \u2192<\/a><\/p>\n<\/div><\/div>\n\n\n\n<figure class=\"wp-block-image alignfull size-large meetdrtopwave\"><img loading=\"lazy\" width=\"660\" height=\"102\" src=\"https:\/\/i0.wp.com\/www.serrarpharma.com\/wp-content\/uploads\/2020\/04\/White-Wave-Bottom-Transparent.png?resize=660%2C102&#038;ssl=1\" alt=\"\" class=\"wp-image-221\" srcset=\"https:\/\/i0.wp.com\/www.serrarpharma.com\/wp-content\/uploads\/2020\/04\/White-Wave-Bottom-Transparent.png?resize=1024%2C158&amp;ssl=1 1024w, https:\/\/i0.wp.com\/www.serrarpharma.com\/wp-content\/uploads\/2020\/04\/White-Wave-Bottom-Transparent.png?resize=300%2C46&amp;ssl=1 300w, https:\/\/i0.wp.com\/www.serrarpharma.com\/wp-content\/uploads\/2020\/04\/White-Wave-Bottom-Transparent.png?resize=768%2C118&amp;ssl=1 768w, https:\/\/i0.wp.com\/www.serrarpharma.com\/wp-content\/uploads\/2020\/04\/White-Wave-Bottom-Transparent.png?resize=1536%2C237&amp;ssl=1 1536w, https:\/\/i0.wp.com\/www.serrarpharma.com\/wp-content\/uploads\/2020\/04\/White-Wave-Bottom-Transparent.png?resize=2048%2C315&amp;ssl=1 2048w, https:\/\/i0.wp.com\/www.serrarpharma.com\/wp-content\/uploads\/2020\/04\/White-Wave-Bottom-Transparent.png?resize=600%2C92&amp;ssl=1 600w, https:\/\/i0.wp.com\/www.serrarpharma.com\/wp-content\/uploads\/2020\/04\/White-Wave-Bottom-Transparent.png?w=1320&amp;ssl=1 1320w, https:\/\/i0.wp.com\/www.serrarpharma.com\/wp-content\/uploads\/2020\/04\/White-Wave-Bottom-Transparent.png?w=1980&amp;ssl=1 1980w\" sizes=\"(max-width: 660px) 100vw, 660px\" data-recalc-dims=\"1\" \/><\/figure>\n\n\n\n<div class=\"wp-block-coblocks-row alignfull coblocks-row-311182055872 aboutbody\" data-columns=\"1\" data-layout=\"100\"><div class=\"aboutbody wp-block-coblocks-row__inner has-background has-padding has-medium-padding is-stacked-on-mobile has-medium-gutter\" style=\"background-color:#eff2f7\">\n<div class=\"wp-block-coblocks-column coblocks-column-31118212625\"><div class=\"wp-block-coblocks-column__inner has-background has-padding has-small-padding\" style=\"background-color:#eff2f7\">\n<p class=\"has-text-color has-custom-font has-custom-lineheight\" style=\"font-family:Open Sans;line-height:1.5;color:#005e94\">Este programa foi cuidadosamente desenvolvido pela Dra. Halima Serra MD (Marrocos), Ph.D, ND (Canad\u00e1), para equilibrar os horm\u00f4nios metab\u00f3licos, queimar gordura da barriga e oferecer resultados saud\u00e1veis de perda de peso.<\/p>\n\n\n\n<p class=\"has-custom-font has-custom-lineheight\" style=\"font-family:Open Sans;line-height:1.5\">Este programa tem sido muito eficaz para ajudar aqueles que tiveram dificuldade em perder peso no passado, incluindo aqueles com diabetes e colesterol. Press\u00e3o alta, dist\u00farbios autoimunes, artrite, fibromialgia, infertilidade, tumor da pr\u00f3stata, desequil\u00edbrios hormonais, SOP, problemas de tire\u00f3ide, hiperatividade do d\u00e9ficit de aten\u00e7\u00e3o em crian\u00e7as e enxaquecas.<\/p>\n<\/div><\/div>\n<\/div><\/div>\n\n\n\n<div class=\"wp-block-media-text alignfull is-stacked-on-mobile is-vertically-aligned-center is-image-fill waistsection has-background\" style=\"background-color:#eff2f7;grid-template-columns:42% auto\"><figure class=\"wp-block-media-text__media\" style=\"background-image:url(https:\/\/www.serrarpharma.com\/wp-content\/uploads\/2020\/04\/waist-min-1024x879.jpg);background-position:50% 50%\"><img loading=\"lazy\" width=\"660\" height=\"567\" src=\"https:\/\/i0.wp.com\/www.serrarpharma.com\/wp-content\/uploads\/2020\/04\/waist-min.jpg?resize=660%2C567&#038;ssl=1\" alt=\"\" class=\"wp-image-847 size-full\" srcset=\"https:\/\/i0.wp.com\/www.serrarpharma.com\/wp-content\/uploads\/2020\/04\/waist-min.jpg?resize=1024%2C879&amp;ssl=1 1024w, https:\/\/i0.wp.com\/www.serrarpharma.com\/wp-content\/uploads\/2020\/04\/waist-min.jpg?resize=300%2C258&amp;ssl=1 300w, https:\/\/i0.wp.com\/www.serrarpharma.com\/wp-content\/uploads\/2020\/04\/waist-min.jpg?resize=768%2C659&amp;ssl=1 768w, https:\/\/i0.wp.com\/www.serrarpharma.com\/wp-content\/uploads\/2020\/04\/waist-min.jpg?resize=1536%2C1318&amp;ssl=1 1536w, https:\/\/i0.wp.com\/www.serrarpharma.com\/wp-content\/uploads\/2020\/04\/waist-min.jpg?resize=600%2C515&amp;ssl=1 600w, https:\/\/i0.wp.com\/www.serrarpharma.com\/wp-content\/uploads\/2020\/04\/waist-min.jpg?w=1652&amp;ssl=1 1652w, https:\/\/i0.wp.com\/www.serrarpharma.com\/wp-content\/uploads\/2020\/04\/waist-min.jpg?w=1320&amp;ssl=1 1320w\" sizes=\"(max-width: 660px) 100vw, 660px\" data-recalc-dims=\"1\" \/><\/figure><div class=\"wp-block-media-text__content\">\n<p class=\"waistbody has-small-font-size has-custom-font has-custom-lineheight\" style=\"font-family:Open Sans;line-height:1.5\">A seguir, o programa ZinaCal, incluindo o nosso plano e suplemento de alimenta\u00e7\u00e3o saud\u00e1vel Zinacal, seu corpo mudar\u00e1 naturalmente do armazenamento de gordura para a queima de gordura dentro de 24 horas ap\u00f3s o in\u00edcio do programa ZinaCal. Ajudamos milhares de homens, mulheres e crian\u00e7as em todo o pa\u00eds a perder peso e ganhar liberdade em sua sa\u00fade. Nossos clientes veem \u00f3timos resultados com este programa; nunca se sentindo cansado, com fome ou privado, maneira mais f\u00e1cil e saud\u00e1vel de perder peso! *<\/p>\n\n\n\n<p class=\"has-text-color meetseetest has-custom-font\" style=\"font-family:Open Sans;font-size:18px;color:#63ade5\"><a href=\"https:\/\/www.serrarpharma.com\/pt\/testimonials\/\">VEJA DEPOIMENTOS \u2192<\/a><\/p>\n<\/div><\/div>\n\n\n\n<div class=\"wp-block-coblocks-row alignfull coblocks-row-31119409415 meetbottomspace\" data-columns=\"1\" data-layout=\"100\"><div class=\"meetbottomspace wp-block-coblocks-row__inner has-background has-padding has-medium-padding is-stacked-on-mobile has-medium-gutter\" style=\"background-color:#eff2f7\">\n<div class=\"wp-block-coblocks-column coblocks-column-311194013277\"><div class=\"wp-block-coblocks-column__inner\">\n<div style=\"height:75px\" aria-hidden=\"true\" class=\"wp-block-spacer\"><\/div>\n<\/div><\/div>\n<\/div><\/div>\n\n\n\n<div class=\"wp-container-1 wp-block-group Disclaimer\"><div class=\"wp-block-group__inner-container\">\n<p style=\"font-size:15px;font-family:Open Sans\" class=\"has-custom-font\">Disclaimer: With any diet or new nutritional regimen, each person will experience different results depending on a variety of individual and environmental factors. No results with this or any other diet can be guaranteed, and the testimonials found on this site represent only the experiences of those individuals, who volunteered their stories for our use. The use of these testimonials does not guarantee any similar results by other programs.<\/p>\n\n\n\n<p style=\"font-size:15px;font-family:Open Sans\" class=\"has-custom-font\">The Official ZinaCal Program Plan does not offer any medical advice nor pretend to do so. Our comments and dietary recommendations are all based on the research of Summaries of Evidence for Safety and Clinical Efficacy of Supplements ingredients of ZinaSlim, ZinaBoost, ZinaDetox &amp; ZinaBalance on Healthy Weight Management . Before beginning any diet or undertaking any nutritional regimen, please consult with a qualified health care professional familiar with your situation. Also, please note that the Food and Drug Administration (FDA) has not evaluated our supplement or any other products offered on this site that can diagnose, cure, treat or prevent any disease are being made here.<\/p>\n\n\n\n<p style=\"font-size:15px;font-family:Open Sans\" class=\"has-custom-font\">In any case, the information and advice offered on the Alternative website is not a substitute for a consultation or diagnosis formulated by a doctor or health professional, who alone are able to adequately assess your state of health.<\/p>\n<\/div><\/div>\n\n\n\n<div class=\"wp-container-8 wp-block-columns alignfull spfootblock\">\n<div class=\"wp-container-2 wp-block-column is-vertically-aligned-top\" style=\"flex-basis:49%\">\n<div class=\"wp-block-media-text is-stacked-on-mobile is-vertically-aligned-top footlogoblock\" style=\"grid-template-columns:28% auto\"><figure class=\"wp-block-media-text__media\"><img loading=\"lazy\" width=\"603\" height=\"811\" src=\"https:\/\/i0.wp.com\/www.serrarpharma.com\/wp-content\/uploads\/2020\/04\/2-sp-png.png?resize=603%2C811&#038;ssl=1\" alt=\"\" class=\"wp-image-394\" srcset=\"https:\/\/i0.wp.com\/www.serrarpharma.com\/wp-content\/uploads\/2020\/04\/2-sp-png.png?w=603&amp;ssl=1 603w, https:\/\/i0.wp.com\/www.serrarpharma.com\/wp-content\/uploads\/2020\/04\/2-sp-png.png?resize=223%2C300&amp;ssl=1 223w, https:\/\/i0.wp.com\/www.serrarpharma.com\/wp-content\/uploads\/2020\/04\/2-sp-png.png?resize=600%2C807&amp;ssl=1 600w\" sizes=\"(max-width: 603px) 100vw, 603px\" data-recalc-dims=\"1\" \/><\/figure><div class=\"wp-block-media-text__content\">\n<p style=\"color:#005e94;font-size:18px;font-family:Open Sans;line-height:1.5\" class=\"has-text-color has-custom-font has-custom-lineheight\">O SerrarPharma est\u00e1 focado em melhorar sua qualidade de vida. Somos apaixonados por ajudar voc\u00ea n\u00e3o apenas a gerenciar sua sa\u00fade, mas a prosperar usando nossos m\u00e9todos exclusivos e comprovados.<\/p>\n<\/div><\/div>\n<\/div>\n\n\n\n<div class=\"wp-container-6 wp-block-column footmiddlecol\" style=\"flex-basis:25%\">\n<p style=\"color:#005e94;font-size:18px;line-height:1\" class=\"has-text-color serrarmidfooter has-custom-lineheight\"><strong>SERRAR PHARMA LLC<\/strong><\/p>\n\n\n\n<p style=\"color:#005e94;font-family:Open Sans;line-height:1.4\" class=\"has-text-color footeraddress has-custom-font has-custom-lineheight\">4 Hunter Lane<br>Elmsford, NY 10523<br>USA<\/p>\n\n\n\n<p style=\"color:#005e94\" class=\"has-text-color has-medium-font-size footerphone\"><strong>(302) 200-2171<\/strong><\/p>\n\n\n\n<p style=\"color:#005e94;font-family:Open Sans\" class=\"has-text-color has-custom-font\">info@serrarpharma.com<\/p>\n\n\n\n<div class=\"wp-container-5 wp-block-columns footersm\">\n<div class=\"wp-container-3 wp-block-column\">\n<div class=\"wp-block-image mb-0 mt-0\"><figure class=\"aligncenter size-thumbnail\"><a href=\"https:\/\/www.instagram.com\/drserrar\/\" target=\"_blank\" rel=\"noopener noreferrer\"><img loading=\"lazy\" width=\"150\" height=\"150\" src=\"https:\/\/i0.wp.com\/www.serrarpharma.com\/wp-content\/uploads\/2021\/01\/SPWebInstaSymbol.png?resize=150%2C150&#038;ssl=1\" alt=\"\" class=\"wp-image-10264\" srcset=\"https:\/\/i0.wp.com\/www.serrarpharma.com\/wp-content\/uploads\/2021\/01\/SPWebInstaSymbol.png?resize=150%2C150&amp;ssl=1 150w, https:\/\/i0.wp.com\/www.serrarpharma.com\/wp-content\/uploads\/2021\/01\/SPWebInstaSymbol.png?resize=300%2C300&amp;ssl=1 300w, https:\/\/i0.wp.com\/www.serrarpharma.com\/wp-content\/uploads\/2021\/01\/SPWebInstaSymbol.png?resize=100%2C100&amp;ssl=1 100w, https:\/\/i0.wp.com\/www.serrarpharma.com\/wp-content\/uploads\/2021\/01\/SPWebInstaSymbol.png?w=362&amp;ssl=1 362w\" sizes=\"(max-width: 150px) 100vw, 150px\" data-recalc-dims=\"1\" \/><\/a><\/figure><\/div>\n\n\n\n<p><\/p>\n<\/div>\n\n\n\n<div class=\"wp-container-4 wp-block-column\">\n<div class=\"wp-block-image mb-0 mt-0\"><figure class=\"aligncenter size-thumbnail\"><a href=\"https:\/\/www.facebook.com\/DrSerrar-112763810583917\" target=\"_blank\" rel=\"noopener noreferrer\"><img loading=\"lazy\" width=\"150\" height=\"150\" src=\"https:\/\/i0.wp.com\/www.serrarpharma.com\/wp-content\/uploads\/2021\/01\/SPWebFBSymbol.png?resize=150%2C150&#038;ssl=1\" alt=\"\" class=\"wp-image-10265\" srcset=\"https:\/\/i0.wp.com\/www.serrarpharma.com\/wp-content\/uploads\/2021\/01\/SPWebFBSymbol.png?resize=150%2C150&amp;ssl=1 150w, https:\/\/i0.wp.com\/www.serrarpharma.com\/wp-content\/uploads\/2021\/01\/SPWebFBSymbol.png?resize=300%2C300&amp;ssl=1 300w, https:\/\/i0.wp.com\/www.serrarpharma.com\/wp-content\/uploads\/2021\/01\/SPWebFBSymbol.png?resize=100%2C100&amp;ssl=1 100w, https:\/\/i0.wp.com\/www.serrarpharma.com\/wp-content\/uploads\/2021\/01\/SPWebFBSymbol.png?w=362&amp;ssl=1 362w\" sizes=\"(max-width: 150px) 100vw, 150px\" data-recalc-dims=\"1\" \/><\/a><\/figure><\/div>\n\n\n\n<p><\/p>\n<\/div>\n<\/div>\n<\/div>\n\n\n\n<div class=\"wp-container-7 wp-block-column\" style=\"flex-basis:20%\">\n<p style=\"color:#005e94;font-size:18px;line-height:1\" class=\"has-text-color footerGS has-custom-lineheight\"><strong>INICIAR<\/strong><\/p>\n\n\n\n<p style=\"font-size:18px;line-height:1.5\" class=\"has-text-color has-secondary-color footerlinks has-custom-lineheight\"><a href=\"https:\/\/www.serrarpharma.com\/pt\/about\/\">SOBRE<\/a><br><a href=\"https:\/\/www.serrarpharma.com\/pt\/zinacal-program\/\">PROGRAMA ZINACAL <\/a><br><a href=\"https:\/\/www.serrarpharma.com\/pt\/testimonials\/\">TESTEMUNHOS<\/a> <br><a href=\"https:\/\/www.serrarpharma.com\/pt\/shop\/\">COMPRAR<\/a><br><a href=\"https:\/\/www.serrarpharma.com\/pt\/contact\/\">CONTATE-NOS<\/a> <\/p>\n<\/div>\n<\/div>\n\n\n\n<p><\/p>\n","protected":false},"excerpt":{"rendered":"<p>CONHE\u00c7A O DOUTOR HALIMA SERRAR M\u00e9dico, Naturopata e Fundador O Dr. Halima Serrar \u00e9 doutorado em Medicina em Marrocos e doutorado em Farmacologia e Naturopata Certificado no Canad\u00e1. Ela \u00e9 a fundadora do programa de controle de peso ZinaCal e desenvolveu formula\u00e7\u00f5es e suplementos medicamente fabricado em uma instalacao registrada pepa FDA para ajudar homens, [&hellip;]<\/p>\n","protected":false},"author":1,"featured_media":0,"parent":0,"menu_order":0,"comment_status":"closed","ping_status":"closed","template":"","meta":{"hide_page_title":"","_coblocks_attr":"Open Sans,Noto Serif,Open Sans","_coblocks_dimensions":"","_coblocks_responsive_height":"","_coblocks_accordion_ie_support":""},"translation":{"provider":"WPGlobus","version":"3.0.1","language":"pt","enabled_languages":["en","es","fr","ar","pt","it"],"languages":{"en":{"title":true,"content":true,"excerpt":false},"es":{"title":true,"content":true,"excerpt":false},"fr":{"title":true,"content":true,"excerpt":false},"ar":{"title":false,"content":true,"excerpt":false},"pt":{"title":false,"content":true,"excerpt":false},"it":{"title":false,"content":true,"excerpt":false}}},"_links":{"self":[{"href":"https:\/\/www.serrarpharma.com\/pt\/wp-json\/wp\/v2\/pages\/795"}],"collection":[{"href":"https:\/\/www.serrarpharma.com\/pt\/wp-json\/wp\/v2\/pages"}],"about":[{"href":"https:\/\/www.serrarpharma.com\/pt\/wp-json\/wp\/v2\/types\/page"}],"author":[{"embeddable":true,"href":"https:\/\/www.serrarpharma.com\/pt\/wp-json\/wp\/v2\/users\/1"}],"replies":[{"embeddable":true,"href":"https:\/\/www.serrarpharma.com\/pt\/wp-json\/wp\/v2\/comments?post=795"}],"version-history":[{"count":0,"href":"https:\/\/www.serrarpharma.com\/pt\/wp-json\/wp\/v2\/pages\/795\/revisions"}],"wp:attachment":[{"href":"https:\/\/www.serrarpharma.com\/pt\/wp-json\/wp\/v2\/media?parent=795"}],"curies":[{"name":"wp","href":"https:\/\/api.w.org\/{rel}","templated":true}]}}