{"id":12108,"date":"2022-02-22T18:13:31","date_gmt":"2022-02-22T23:13:31","guid":{"rendered":"https:\/\/www.serrarpharma.com\/?page_id=12108"},"modified":"2022-08-06T15:08:47","modified_gmt":"2022-08-06T19:08:47","slug":"esthetics","status":"publish","type":"page","link":"https:\/\/www.serrarpharma.com\/pt\/esthetics\/","title":{"rendered":"Esthetics"},"content":{"rendered":"\n<div style=\"height:25px\" aria-hidden=\"true\" class=\"wp-block-spacer\"><\/div>\n\n\n<div class=\"wp-block-image\">\n<figure class=\"aligncenter size-full is-resized\"><img loading=\"lazy\" src=\"https:\/\/i0.wp.com\/www.serrarpharma.com\/wp-content\/uploads\/2022\/02\/Academie-Dr.-SERRAR-Logo.png?resize=150%2C150&#038;ssl=1\" alt=\"\" class=\"wp-image-12015\" width=\"150\" height=\"150\" srcset=\"https:\/\/i0.wp.com\/www.serrarpharma.com\/wp-content\/uploads\/2022\/02\/Academie-Dr.-SERRAR-Logo.png?w=1080&amp;ssl=1 1080w, https:\/\/i0.wp.com\/www.serrarpharma.com\/wp-content\/uploads\/2022\/02\/Academie-Dr.-SERRAR-Logo.png?resize=300%2C300&amp;ssl=1 300w, https:\/\/i0.wp.com\/www.serrarpharma.com\/wp-content\/uploads\/2022\/02\/Academie-Dr.-SERRAR-Logo.png?resize=150%2C150&amp;ssl=1 150w, https:\/\/i0.wp.com\/www.serrarpharma.com\/wp-content\/uploads\/2022\/02\/Academie-Dr.-SERRAR-Logo.png?resize=768%2C768&amp;ssl=1 768w, https:\/\/i0.wp.com\/www.serrarpharma.com\/wp-content\/uploads\/2022\/02\/Academie-Dr.-SERRAR-Logo.png?resize=600%2C600&amp;ssl=1 600w, https:\/\/i0.wp.com\/www.serrarpharma.com\/wp-content\/uploads\/2022\/02\/Academie-Dr.-SERRAR-Logo.png?resize=100%2C100&amp;ssl=1 100w, https:\/\/i0.wp.com\/www.serrarpharma.com\/wp-content\/uploads\/2022\/02\/Academie-Dr.-SERRAR-Logo.png?resize=90%2C90&amp;ssl=1 90w, https:\/\/i0.wp.com\/www.serrarpharma.com\/wp-content\/uploads\/2022\/02\/Academie-Dr.-SERRAR-Logo.png?resize=60%2C60&amp;ssl=1 60w\" sizes=\"(max-width: 150px) 100vw, 150px\" data-recalc-dims=\"1\" \/><\/figure><\/div>\n\n\n<div style=\"height:10px\" aria-hidden=\"true\" class=\"wp-block-spacer\"><\/div>\n\n\n\n<p class=\"has-text-align-center coursetitle has-text-color has-huge-font-size\" style=\"color:#005e94\"><strong>EST\u00c9TICA B\u00c1SICA | PARTE 1<\/strong><\/p>\n\n\n\n<p class=\"has-text-align-center has-secondary-color has-text-color has-medium-font-size\">Certificado de Forma\u00e7\u00e3o | AF<\/p>\n\n\n\n<div style=\"height:35px\" aria-hidden=\"true\" class=\"wp-block-spacer\"><\/div>\n\n\n\n<p><\/p>\n\n\n\n<p class=\"has-text-align-center\">Os licenciados em Est\u00e9tica procuram uma certa autonomia e dedicam-se \u00e0 boa sa\u00fade das pessoas. Nossos graduados trabalham por conta pr\u00f3pria, em cl\u00ednicas especializadas ou em resorts, spas, navios de cruzeiro, complexos hoteleiros, etc.<\/p>\n\n\n\n<div style=\"height:35px\" aria-hidden=\"true\" class=\"wp-block-spacer\"><\/div>\n\n\n\n<p><\/p>\n\n\n\n<p class=\"has-text-align-center acablue has-text-color has-medium-font-size\" style=\"color:#005e94\"><strong>DURA\u00c7\u00c3O DO TREINAMENTO<\/strong><\/p>\n\n\n\n<p class=\"has-text-align-center\">1800 horas (24 meses)<\/p>\n\n\n\n<p><\/p>\n\n\n\n<p class=\"has-text-align-center acablue has-text-color has-medium-font-size\" style=\"color:#005e94\"><strong>HORAS<\/strong><\/p>\n\n\n\n<p class=\"has-text-align-center\">SEG &#8211; QUINTA (6 HORAS POR DIA)<\/p>\n\n\n\n<div class=\"wp-block-coblocks-row alignfull coblocks-row-122123829351\" data-columns=\"1\" data-layout=\"100\"><div class=\"wp-block-coblocks-row__inner has-background has-padding has-medium-padding has-no-margin is-stacked-on-mobile has-medium-gutter\" style=\"background-color:#e4effa\">\n<div class=\"wp-block-coblocks-column coblocks-column-122123836624 academy\" style=\"width:100%\"><div class=\"wp-block-coblocks-column__inner has-quaternary-background-color has-background has-padding has-no-margin\">\n<p class=\"has-text-align-center has-text-color has-large-font-size\" style=\"color:#005e94\"><strong><a href=\"https:\/\/www.serrarpharma.com\/wp-content\/uploads\/2022\/08\/4-Accre\u0301ditation-Esthe\u0301ticienne-APESEQ.png\">Credenciamento pela Associa\u00e7\u00e3o de Profissionais em Eletr\u00f3lise e Cuidados Est\u00e9ticos de Quebec (APESEQ) desde 1970 da Academia Dr. SERRAR\u00ae Forma\u00e7\u00e3o em Est\u00e9tica<\/a><\/strong><\/p>\n<\/div><\/div>\n<\/div><\/div>\n\n\n\n<p class=\"has-text-align-center has-secondary-color has-text-color has-medium-font-size\"><strong>MISS\u00c3O<\/strong><\/p>\n\n\n\n<p><\/p>\n\n\n\n<p>O nosso programa de forma\u00e7\u00e3o em est\u00e9tica aplicada da nossa Academia Dr. SERRAR\u00ae destina-se a quem deseja descobrir, compreender e implementar uma abordagem profissional e segura da est\u00e9tica para os seus clientes.<\/p>\n\n\n\n<p><\/p>\n\n\n\n<p>Para quem j\u00e1 seguiu um programa de forma\u00e7\u00e3o em est\u00e9tica, esta forma\u00e7\u00e3o \u00e9 complementar, pois permitir\u00e1 ir mais longe, direcionando-o para uma abordagem mais avan\u00e7ada e moderna da est\u00e9tica.<\/p>\n\n\n\n<p><\/p>\n\n\n\n<p>Para quem ainda n\u00e3o teve acesso \u00e0 forma\u00e7\u00e3o em est\u00e9tica, ou que n\u00e3o tem conhecimentos espec\u00edficos na mat\u00e9ria, n\u00e3o se preocupe. O conte\u00fado deste treinamento \u00e9 projetado para permitir que voc\u00ea assimile informa\u00e7\u00f5es e conhecimentos, seja qual for o seu n\u00edvel inicial.<\/p>\n\n\n\n<p><\/p>\n\n\n\n<p>Um esclarecimento importante antes de embarcar neste treinamento. O direito ao diagn\u00f3stico, bem como a no\u00e7\u00e3o de tratamento de patologias, de acordo com a legisla\u00e7\u00e3o, s\u00e3o reservados aos titulares de doutoramento em medicina. Os conselhos de sa\u00fade mencionados neste treinamento ser\u00e3o eventualmente adicionados \u00e0s t\u00e9cnicas alop\u00e1ticas ou homeop\u00e1ticas e medicamentos prescritos pelo m\u00e9dico. N\u00e3o \u00e9 de forma alguma um substituto ou descontinua\u00e7\u00e3o de tratamentos m\u00e9dicos em andamento sem o conselho do seu m\u00e9dico.<\/p>\n\n\n\n<p><\/p>\n\n\n\n<p>Se voc\u00ea decidir embarcar na profiss\u00e3o de esteticista, aconselhamos fortemente que voc\u00ea colabore com m\u00e9dicos e medicina alop\u00e1tica tradicional. De fato, uma colabora\u00e7\u00e3o pr\u00f3xima s\u00f3 pode ser lucrativa e ben\u00e9fica para a sa\u00fade e o bem-estar de seus futuros clientes.<\/p>\n\n\n\n<p><\/p>\n\n\n\n<p>Ao final de cada m\u00f3dulo, voc\u00ea receber\u00e1 um teste de 10 perguntas para validar seus conhecimentos.<\/p>\n\n\n\n<p><\/p>\n\n\n\n<p><\/p>\n\n\n\n<p><\/p>\n\n\n\n<p><\/p>\n\n\n\n<figure class=\"wp-block-image alignfull size-large\"><img loading=\"lazy\" width=\"660\" height=\"265\" src=\"https:\/\/i0.wp.com\/www.serrarpharma.com\/wp-content\/uploads\/2022\/02\/Est-wide-min1.jpg?resize=660%2C265&#038;ssl=1\" alt=\"\" class=\"wp-image-12109\" srcset=\"https:\/\/i0.wp.com\/www.serrarpharma.com\/wp-content\/uploads\/2022\/02\/Est-wide-min1.jpg?resize=2000%2C803&amp;ssl=1 2000w, https:\/\/i0.wp.com\/www.serrarpharma.com\/wp-content\/uploads\/2022\/02\/Est-wide-min1.jpg?resize=300%2C120&amp;ssl=1 300w, https:\/\/i0.wp.com\/www.serrarpharma.com\/wp-content\/uploads\/2022\/02\/Est-wide-min1.jpg?resize=768%2C308&amp;ssl=1 768w, https:\/\/i0.wp.com\/www.serrarpharma.com\/wp-content\/uploads\/2022\/02\/Est-wide-min1.jpg?resize=1536%2C616&amp;ssl=1 1536w, https:\/\/i0.wp.com\/www.serrarpharma.com\/wp-content\/uploads\/2022\/02\/Est-wide-min1.jpg?resize=2048%2C822&amp;ssl=1 2048w, https:\/\/i0.wp.com\/www.serrarpharma.com\/wp-content\/uploads\/2022\/02\/Est-wide-min1.jpg?resize=600%2C241&amp;ssl=1 600w, https:\/\/i0.wp.com\/www.serrarpharma.com\/wp-content\/uploads\/2022\/02\/Est-wide-min1.jpg?resize=190%2C76&amp;ssl=1 190w, https:\/\/i0.wp.com\/www.serrarpharma.com\/wp-content\/uploads\/2022\/02\/Est-wide-min1.jpg?resize=224%2C90&amp;ssl=1 224w, https:\/\/i0.wp.com\/www.serrarpharma.com\/wp-content\/uploads\/2022\/02\/Est-wide-min1.jpg?resize=149%2C60&amp;ssl=1 149w, https:\/\/i0.wp.com\/www.serrarpharma.com\/wp-content\/uploads\/2022\/02\/Est-wide-min1.jpg?w=1320&amp;ssl=1 1320w\" sizes=\"(max-width: 660px) 100vw, 660px\" data-recalc-dims=\"1\" \/><\/figure>\n\n\n\n<p class=\"has-text-align-center has-secondary-color has-text-color has-medium-font-size\"><strong>DESCRI\u00c7\u00c3O<\/strong><\/p>\n\n\n\n<p>Durante este curso de cuidados est\u00e9ticos, exploramos todos os aspectos deste campo at\u00e9 que o aluno esteja pronto para apresentar seu exame e iniciar esta atividade.<\/p>\n\n\n\n<p><\/p>\n\n\n\n<p>A est\u00e9tica \u00e9 certamente um setor do futuro, porque as mulheres est\u00e3o se tornando cada vez mais independentes financeiramente e tamb\u00e9m t\u00eam mais tempo para si mesmas. Se os homens preferem praticar esportes, as mulheres preferem cuidar de si mesmas. Al\u00e9m disso, a est\u00e9tica n\u00e3o \u00e9 mais reservada a uma determinada classe social, agora \u00e9 comum ver pessoas menos abastadas, principalmente estudantes, virem para tratamento.<\/p>\n\n\n\n<p><\/p>\n\n\n\n<p>A profiss\u00e3o de esteticista tamb\u00e9m \u00e9 muito mais sutil e complicada do que a ideia geralmente aceita. N\u00e3o se trata apenas de aplicar cremes ou massagear. \u00c9 um trabalho muito t\u00e9cnico que exige um bom conhecimento dos diferentes tipos de pele, produtos, aparelhos, gestos&#8230; Seguimos protocolos muito precisos e n\u00e3o fazemos nada!<\/p>\n\n\n\n<p><\/p>\n\n\n\n<p>O treinamento de cuidados est\u00e9ticos apresentado em nosso curso permitir\u00e1 que voc\u00ea se prepare para o exame. Este curso fornece treinamento te\u00f3rico sobre todos os t\u00f3picos necess\u00e1rios para passar no exame. Cabe a voc\u00ea estudar cuidadosamente os t\u00f3picos abordados no curso. Nosso objetivo \u00e9 que voc\u00ea passe no seu exame, para que possa ter a chance de exercer esta maravilhosa profiss\u00e3o de esteticista, permitindo assim que as mulheres encontrem trabalho por conta pr\u00f3pria, em uma cl\u00ednica especializada ou em centros de est\u00e9tica. resorts, spas, navios de cruzeiro, resorts, etc.<\/p>\n\n\n\n<p><\/p>\n\n\n\n<p>Neste curso, estudaremos anatomia, fisiologia, cosmetologia, fisioterapia, o estudo da pele e suas anomalias, o estudo do cabelo, cuidados faciais, cuidados com o corpo, cuidados com as unhas, cuidados com as m\u00e3os e cuidados com os p\u00e9s, al\u00e9m de diet\u00e9tica e higiene.<\/p>\n\n\n\n<p><\/p>\n\n\n\n<p>A aprova\u00e7\u00e3o no exame implica o acesso imediato \u00e0 profiss\u00e3o, desde que possua habilita\u00e7\u00e3o em gest\u00e3o.<\/p>\n\n\n\n<p><\/p>\n\n\n\n<p>Dr. Halima Serrar Ph,D., M.Sc, N.D.<\/p>\n\n\n\n<p>Pr\u00e9sident<\/p>\n\n\n\n<p>Academia Dr. SERRAR\u00ae<\/p>\n\n\n\n<div style=\"height:65px\" aria-hidden=\"true\" class=\"wp-block-spacer\"><\/div>\n\n\n\n<div class=\"wp-block-coblocks-row alignfull coblocks-row-12213653691\" data-columns=\"1\" data-layout=\"100\"><div class=\"wp-block-coblocks-row__inner has-primary-background-color has-background has-padding has-medium-padding has-no-margin is-stacked-on-mobile has-medium-gutter\">\n<div class=\"wp-block-coblocks-column coblocks-column-1221365599\" style=\"width:100%\"><div class=\"wp-block-coblocks-column__inner has-no-padding has-no-margin\"><\/div><\/div>\n<\/div><\/div>\n\n\n\n<div class=\"wp-container-4 wp-block-columns alignwide\">\n<div class=\"wp-container-1 wp-block-column\"><div class=\"wp-block-image\">\n<figure class=\"aligncenter size-medium\"><img loading=\"lazy\" width=\"300\" height=\"298\" src=\"https:\/\/i0.wp.com\/www.serrarpharma.com\/wp-content\/uploads\/2022\/02\/Naturopathy-Pic-min.png?resize=300%2C298&#038;ssl=1\" alt=\"\" class=\"wp-image-12018\" srcset=\"https:\/\/i0.wp.com\/www.serrarpharma.com\/wp-content\/uploads\/2022\/02\/Naturopathy-Pic-min.png?resize=300%2C298&amp;ssl=1 300w, https:\/\/i0.wp.com\/www.serrarpharma.com\/wp-content\/uploads\/2022\/02\/Naturopathy-Pic-min.png?resize=150%2C150&amp;ssl=1 150w, https:\/\/i0.wp.com\/www.serrarpharma.com\/wp-content\/uploads\/2022\/02\/Naturopathy-Pic-min.png?resize=768%2C762&amp;ssl=1 768w, https:\/\/i0.wp.com\/www.serrarpharma.com\/wp-content\/uploads\/2022\/02\/Naturopathy-Pic-min.png?resize=600%2C596&amp;ssl=1 600w, https:\/\/i0.wp.com\/www.serrarpharma.com\/wp-content\/uploads\/2022\/02\/Naturopathy-Pic-min.png?resize=100%2C100&amp;ssl=1 100w, https:\/\/i0.wp.com\/www.serrarpharma.com\/wp-content\/uploads\/2022\/02\/Naturopathy-Pic-min.png?resize=91%2C90&amp;ssl=1 91w, https:\/\/i0.wp.com\/www.serrarpharma.com\/wp-content\/uploads\/2022\/02\/Naturopathy-Pic-min.png?resize=60%2C60&amp;ssl=1 60w, https:\/\/i0.wp.com\/www.serrarpharma.com\/wp-content\/uploads\/2022\/02\/Naturopathy-Pic-min.png?w=1500&amp;ssl=1 1500w, https:\/\/i0.wp.com\/www.serrarpharma.com\/wp-content\/uploads\/2022\/02\/Naturopathy-Pic-min.png?w=1320&amp;ssl=1 1320w\" sizes=\"(max-width: 300px) 100vw, 300px\" data-recalc-dims=\"1\" \/><\/figure><\/div>\n\n\n<div style=\"height:10px\" aria-hidden=\"true\" class=\"wp-block-spacer\"><\/div>\n\n\n\n<p class=\"has-text-align-center has-text-color has-large-font-size\" style=\"color:#005e94\"><strong>Naturopatia<\/strong><\/p>\n\n\n\n<p class=\"has-text-align-center\">1800 hours of classroom and practical courses.<\/p>\n\n\n\n<p class=\"has-text-align-center has-secondary-color has-text-color\"><a href=\"https:\/\/www.serrarpharma.com\/pt\/naturopathy\/\">SABER MAIS<\/a><\/p>\n<\/div>\n\n\n\n<div class=\"wp-container-2 wp-block-column\">\n<figure class=\"wp-block-image size-full\"><img loading=\"lazy\" width=\"660\" height=\"642\" src=\"https:\/\/i0.wp.com\/www.serrarpharma.com\/wp-content\/uploads\/2022\/07\/Hypno-Pic-min.png?resize=660%2C642&#038;ssl=1\" alt=\"\" class=\"wp-image-12215\" srcset=\"https:\/\/i0.wp.com\/www.serrarpharma.com\/wp-content\/uploads\/2022\/07\/Hypno-Pic-min.png?w=1500&amp;ssl=1 1500w, https:\/\/i0.wp.com\/www.serrarpharma.com\/wp-content\/uploads\/2022\/07\/Hypno-Pic-min.png?resize=300%2C292&amp;ssl=1 300w, https:\/\/i0.wp.com\/www.serrarpharma.com\/wp-content\/uploads\/2022\/07\/Hypno-Pic-min.png?resize=768%2C748&amp;ssl=1 768w, https:\/\/i0.wp.com\/www.serrarpharma.com\/wp-content\/uploads\/2022\/07\/Hypno-Pic-min.png?resize=600%2C584&amp;ssl=1 600w, https:\/\/i0.wp.com\/www.serrarpharma.com\/wp-content\/uploads\/2022\/07\/Hypno-Pic-min.png?resize=92%2C90&amp;ssl=1 92w, https:\/\/i0.wp.com\/www.serrarpharma.com\/wp-content\/uploads\/2022\/07\/Hypno-Pic-min.png?resize=62%2C60&amp;ssl=1 62w, https:\/\/i0.wp.com\/www.serrarpharma.com\/wp-content\/uploads\/2022\/07\/Hypno-Pic-min.png?w=1320&amp;ssl=1 1320w\" sizes=\"(max-width: 660px) 100vw, 660px\" data-recalc-dims=\"1\" \/><\/figure>\n\n\n\n<div style=\"height:10px\" aria-hidden=\"true\" class=\"wp-block-spacer\"><\/div>\n\n\n\n<p class=\"has-text-align-center has-text-color has-large-font-size\" style=\"color:#005e94\"><strong>Naturopatia \/ Hipnose<\/strong><\/p>\n\n\n\n<p class=\"wp-elements-e7770f613807c742673d4e6da641e3a6 has-text-align-center has-link-color\">1800 horas de aulas presenciais e cursos pr\u00e1ticos.<\/p>\n\n\n\n<p class=\"has-text-align-center has-secondary-color has-text-color\"><a href=\"https:\/\/www.serrarpharma.com\/pt\/naturo-hypno\/\">SABER MAIS<\/a><\/p>\n<\/div>\n\n\n\n<div class=\"wp-container-3 wp-block-column\"><div class=\"wp-block-image\">\n<figure class=\"aligncenter size-full is-resized\"><img loading=\"lazy\" src=\"https:\/\/i0.wp.com\/www.serrarpharma.com\/wp-content\/uploads\/2022\/02\/Massage-Pic-min.png?resize=300%2C300&#038;ssl=1\" alt=\"\" class=\"wp-image-12017\" width=\"300\" height=\"300\" srcset=\"https:\/\/i0.wp.com\/www.serrarpharma.com\/wp-content\/uploads\/2022\/02\/Massage-Pic-min.png?resize=150%2C150&amp;ssl=1 150w, https:\/\/i0.wp.com\/www.serrarpharma.com\/wp-content\/uploads\/2022\/02\/Massage-Pic-min.png?resize=300%2C300&amp;ssl=1 300w, https:\/\/i0.wp.com\/www.serrarpharma.com\/wp-content\/uploads\/2022\/02\/Massage-Pic-min.png?resize=100%2C100&amp;ssl=1 100w, https:\/\/i0.wp.com\/www.serrarpharma.com\/wp-content\/uploads\/2022\/02\/Massage-Pic-min.png?resize=89%2C90&amp;ssl=1 89w, https:\/\/i0.wp.com\/www.serrarpharma.com\/wp-content\/uploads\/2022\/02\/Massage-Pic-min.png?resize=59%2C60&amp;ssl=1 59w, https:\/\/i0.wp.com\/www.serrarpharma.com\/wp-content\/uploads\/2022\/02\/Massage-Pic-min.png?zoom=2&amp;resize=300%2C300&amp;ssl=1 600w, https:\/\/i0.wp.com\/www.serrarpharma.com\/wp-content\/uploads\/2022\/02\/Massage-Pic-min.png?zoom=3&amp;resize=300%2C300&amp;ssl=1 900w\" sizes=\"(max-width: 300px) 100vw, 300px\" data-recalc-dims=\"1\" \/><\/figure><\/div>\n\n\n<div style=\"height:10px\" aria-hidden=\"true\" class=\"wp-block-spacer\"><\/div>\n\n\n\n<p class=\"has-text-align-center has-text-color has-large-font-size\" style=\"color:#005e94\"><strong>Massagem Terap\u00eautica<\/strong><\/p>\n\n\n\n<p class=\"has-text-align-center\">1800 horas de aulas presenciais e cursos pr\u00e1ticos.<\/p>\n\n\n\n<p class=\"has-text-align-center has-secondary-color has-text-color\"><a href=\"https:\/\/www.serrarpharma.com\/pt\/massage-therapy\/\">SABER MAIS<\/a><\/p>\n<\/div>\n<\/div>\n\n\n\n<div style=\"height:2px\" aria-hidden=\"true\" class=\"wp-block-spacer\"><\/div>\n","protected":false},"excerpt":{"rendered":"<p>EST\u00c9TICA B\u00c1SICA | PARTE 1 Certificado de Forma\u00e7\u00e3o | AF Os licenciados em Est\u00e9tica procuram uma certa autonomia e dedicam-se \u00e0 boa sa\u00fade das pessoas. Nossos graduados trabalham por conta pr\u00f3pria, em cl\u00ednicas especializadas ou em resorts, spas, navios de cruzeiro, complexos hoteleiros, etc. DURA\u00c7\u00c3O DO TREINAMENTO 1800 horas (24 meses) HORAS SEG &#8211; QUINTA [&hellip;]<\/p>\n","protected":false},"author":1,"featured_media":0,"parent":0,"menu_order":0,"comment_status":"closed","ping_status":"closed","template":"","meta":{"hide_page_title":"","_coblocks_attr":"","_coblocks_dimensions":"{\"coblocks-column-122123836624\":{\"padding\":{\"paddingBottom\":\"10%\",\"paddingBottomMobile\":null,\"paddingBottomTablet\":null,\"paddingLeft\":\"10%\",\"paddingLeftMobile\":null,\"paddingLeftTablet\":null,\"paddingRight\":\"10%\",\"paddingRightMobile\":null,\"paddingRightTablet\":null,\"paddingTop\":\"10%\",\"paddingTopMobile\":null,\"paddingTopTablet\":null}}}","_coblocks_responsive_height":"","_coblocks_accordion_ie_support":""},"translation":{"provider":"WPGlobus","version":"3.0.1","language":"pt","enabled_languages":["en","es","fr","ar","pt","it"],"languages":{"en":{"title":true,"content":true,"excerpt":false},"es":{"title":false,"content":true,"excerpt":false},"fr":{"title":false,"content":true,"excerpt":false},"ar":{"title":false,"content":true,"excerpt":false},"pt":{"title":false,"content":true,"excerpt":false},"it":{"title":false,"content":true,"excerpt":false}}},"_links":{"self":[{"href":"https:\/\/www.serrarpharma.com\/pt\/wp-json\/wp\/v2\/pages\/12108"}],"collection":[{"href":"https:\/\/www.serrarpharma.com\/pt\/wp-json\/wp\/v2\/pages"}],"about":[{"href":"https:\/\/www.serrarpharma.com\/pt\/wp-json\/wp\/v2\/types\/page"}],"author":[{"embeddable":true,"href":"https:\/\/www.serrarpharma.com\/pt\/wp-json\/wp\/v2\/users\/1"}],"replies":[{"embeddable":true,"href":"https:\/\/www.serrarpharma.com\/pt\/wp-json\/wp\/v2\/comments?post=12108"}],"version-history":[{"count":0,"href":"https:\/\/www.serrarpharma.com\/pt\/wp-json\/wp\/v2\/pages\/12108\/revisions"}],"wp:attachment":[{"href":"https:\/\/www.serrarpharma.com\/pt\/wp-json\/wp\/v2\/media?parent=12108"}],"curies":[{"name":"wp","href":"https:\/\/api.w.org\/{rel}","templated":true}]}}