{"id":12099,"date":"2022-02-22T13:44:35","date_gmt":"2022-02-22T18:44:35","guid":{"rendered":"https:\/\/www.serrarpharma.com\/?page_id=12099"},"modified":"2022-08-06T15:35:48","modified_gmt":"2022-08-06T19:35:48","slug":"naturopathy","status":"publish","type":"page","link":"https:\/\/www.serrarpharma.com\/pt\/naturopathy\/","title":{"rendered":"Naturopathy"},"content":{"rendered":"\n<div style=\"height:25px\" aria-hidden=\"true\" class=\"wp-block-spacer\"><\/div>\n\n\n<div class=\"wp-block-image\">\n<figure class=\"aligncenter size-full is-resized\"><img loading=\"lazy\" src=\"https:\/\/i0.wp.com\/www.serrarpharma.com\/wp-content\/uploads\/2022\/02\/Academie-Dr.-SERRAR-Logo.png?resize=150%2C150&#038;ssl=1\" alt=\"\" class=\"wp-image-12015\" width=\"150\" height=\"150\" srcset=\"https:\/\/i0.wp.com\/www.serrarpharma.com\/wp-content\/uploads\/2022\/02\/Academie-Dr.-SERRAR-Logo.png?w=1080&amp;ssl=1 1080w, https:\/\/i0.wp.com\/www.serrarpharma.com\/wp-content\/uploads\/2022\/02\/Academie-Dr.-SERRAR-Logo.png?resize=300%2C300&amp;ssl=1 300w, https:\/\/i0.wp.com\/www.serrarpharma.com\/wp-content\/uploads\/2022\/02\/Academie-Dr.-SERRAR-Logo.png?resize=150%2C150&amp;ssl=1 150w, https:\/\/i0.wp.com\/www.serrarpharma.com\/wp-content\/uploads\/2022\/02\/Academie-Dr.-SERRAR-Logo.png?resize=768%2C768&amp;ssl=1 768w, https:\/\/i0.wp.com\/www.serrarpharma.com\/wp-content\/uploads\/2022\/02\/Academie-Dr.-SERRAR-Logo.png?resize=600%2C600&amp;ssl=1 600w, https:\/\/i0.wp.com\/www.serrarpharma.com\/wp-content\/uploads\/2022\/02\/Academie-Dr.-SERRAR-Logo.png?resize=100%2C100&amp;ssl=1 100w, https:\/\/i0.wp.com\/www.serrarpharma.com\/wp-content\/uploads\/2022\/02\/Academie-Dr.-SERRAR-Logo.png?resize=90%2C90&amp;ssl=1 90w, https:\/\/i0.wp.com\/www.serrarpharma.com\/wp-content\/uploads\/2022\/02\/Academie-Dr.-SERRAR-Logo.png?resize=60%2C60&amp;ssl=1 60w\" sizes=\"(max-width: 150px) 100vw, 150px\" data-recalc-dims=\"1\" \/><\/figure><\/div>\n\n\n<div style=\"height:10px\" aria-hidden=\"true\" class=\"wp-block-spacer\"><\/div>\n\n\n\n<p class=\"has-text-align-center coursetitle has-text-color has-huge-font-size\" style=\"color:#005e94\"><strong>NATUROPATIA | PARTE 1<\/strong><\/p>\n\n\n\n<p class=\"has-text-align-center has-secondary-color has-text-color has-medium-font-size\">Certificado de Forma\u00e7\u00e3o | AF<\/p>\n\n\n\n<div style=\"height:35px\" aria-hidden=\"true\" class=\"wp-block-spacer\"><\/div>\n\n\n\n<p><\/p>\n\n\n\n<p class=\"has-text-align-center\">Os licenciados em NATUROPATIA procuram uma certa autonomia e dedicam-se \u00e0 boa sa\u00fade das pessoas. Nossos graduados trabalham por conta pr\u00f3pria, em cl\u00ednicas especializadas ou em resorts, spas, navios de cruzeiro, complexos hoteleiros, etc.<\/p>\n\n\n\n<div style=\"height:35px\" aria-hidden=\"true\" class=\"wp-block-spacer\"><\/div>\n\n\n\n<p><\/p>\n\n\n\n<p class=\"has-text-align-center acablue has-text-color has-medium-font-size\" style=\"color:#005e94\"><strong>DURA\u00c7\u00c3O DO TREINAMENTO<\/strong><\/p>\n\n\n\n<p class=\"has-text-align-center\">A forma\u00e7\u00e3o tem a dura\u00e7\u00e3o de 1800 horas (24 meses)<\/p>\n\n\n\n<p><\/p>\n\n\n\n<p class=\"has-text-align-center acablue has-text-color has-medium-font-size\" style=\"color:#005e94\"><strong>HORAS<\/strong><\/p>\n\n\n\n<p class=\"has-text-align-center\">SEG &#8211; QUINTA (6 HORAS POR DIA)<\/p>\n\n\n\n<div class=\"wp-block-coblocks-row alignfull coblocks-row-122123829351\" data-columns=\"1\" data-layout=\"100\"><div class=\"wp-block-coblocks-row__inner has-background has-padding has-medium-padding has-no-margin is-stacked-on-mobile has-medium-gutter\" style=\"background-color:#e4effa\">\n<div class=\"wp-block-coblocks-column coblocks-column-122123836624 academy\" style=\"width:100%\"><div class=\"wp-block-coblocks-column__inner has-quaternary-background-color has-background has-padding has-no-margin\">\n<p class=\"has-text-align-center has-text-color has-large-font-size\" style=\"color:#005e94\"><strong><a href=\"https:\/\/www.serrarpharma.com\/wp-content\/uploads\/2022\/08\/3-Accre\u0301ditation-Naturopathe-AMPQ.png\">Credenciamento pela Associa\u00e7\u00e3o de Naturopatas Profissionais de Quebec (ANPQ) desde 1971 da Academia Dr. SERRAR\u00ae Treinamento em Naturopatia<\/a><\/strong><\/p>\n<\/div><\/div>\n<\/div><\/div>\n\n\n\n<p class=\"has-text-align-center has-secondary-color has-text-color has-medium-font-size\"><strong>MISS\u00c3O<\/strong><\/p>\n\n\n\n<p><\/p>\n\n\n\n<p>Nosso Programa de Treinamento Naturop\u00e1tico Aplicado Dr. SERRAR\u00ae Academy \u00e9 para aqueles que desejam descobrir, entender e implementar uma abordagem hol\u00edstica da naturopatia. Esta vis\u00e3o v\u00ea o corpo como uma unidade que funciona atrav\u00e9s da conex\u00e3o mente\/corpo.<\/p>\n\n\n\n<p><\/p>\n\n\n\n<p>Para quem j\u00e1 seguiu um programa de treinamento naturop\u00e1tico mais cl\u00e1ssico, este treinamento \u00e9 complementar, pois permitir\u00e1 que voc\u00ea v\u00e1 mais longe, direcionando-o para uma abordagem mais hol\u00edstica desta disciplina.<\/p>\n\n\n\n<p><\/p>\n\n\n\n<p>Para quem ainda n\u00e3o teve acesso \u00e0 forma\u00e7\u00e3o naturop\u00e1tica, ou que n\u00e3o possui conhecimentos espec\u00edficos na mat\u00e9ria, n\u00e3o se preocupe. O conte\u00fado deste treinamento \u00e9 projetado para permitir que voc\u00ea assimile informa\u00e7\u00f5es e conhecimentos, seja qual for o seu n\u00edvel inicial.<\/p>\n\n\n\n<p><\/p>\n\n\n\n<p>Um esclarecimento importante antes de embarcar neste treinamento. O direito ao diagn\u00f3stico, bem como a no\u00e7\u00e3o de tratamento de patologias, de acordo com a legisla\u00e7\u00e3o, s\u00e3o reservados aos titulares de doutoramento em medicina. Os conselhos de sa\u00fade mencionados neste treinamento ser\u00e3o eventualmente adicionados \u00e0s t\u00e9cnicas alop\u00e1ticas ou homeop\u00e1ticas e medicamentos prescritos pelo m\u00e9dico. N\u00e3o \u00e9 de forma alguma um substituto ou descontinua\u00e7\u00e3o de tratamentos m\u00e9dicos em andamento sem o conselho do seu m\u00e9dico.<\/p>\n\n\n\n<p><\/p>\n\n\n\n<p>Se voc\u00ea decidir embarcar na profiss\u00e3o de naturopata, recomendamos fortemente que voc\u00ea colabore com m\u00e9dicos e medicina alop\u00e1tica tradicional. De fato, uma colabora\u00e7\u00e3o pr\u00f3xima s\u00f3 pode ser lucrativa e ben\u00e9fica para a sa\u00fade e o bem-estar de seus futuros clientes.<\/p>\n\n\n\n<p><\/p>\n\n\n\n<p>Ao final de cada m\u00f3dulo, voc\u00ea receber\u00e1 um teste de 10 perguntas para validar seus conhecimentos. Muitos casos cl\u00ednicos e situa\u00e7\u00f5es reais ser\u00e3o descritos, para familiariz\u00e1-lo com a vis\u00e3o hol\u00edstica da naturopatia e da sa\u00fade.<\/p>\n\n\n\n<figure class=\"wp-block-image alignfull size-large\"><img loading=\"lazy\" width=\"660\" height=\"265\" src=\"https:\/\/i0.wp.com\/www.serrarpharma.com\/wp-content\/uploads\/2022\/02\/Naturopathy-wide-min.jpg?resize=660%2C265&#038;ssl=1\" alt=\"\" class=\"wp-image-12105\" srcset=\"https:\/\/i0.wp.com\/www.serrarpharma.com\/wp-content\/uploads\/2022\/02\/Naturopathy-wide-min.jpg?resize=2000%2C803&amp;ssl=1 2000w, https:\/\/i0.wp.com\/www.serrarpharma.com\/wp-content\/uploads\/2022\/02\/Naturopathy-wide-min.jpg?resize=300%2C120&amp;ssl=1 300w, https:\/\/i0.wp.com\/www.serrarpharma.com\/wp-content\/uploads\/2022\/02\/Naturopathy-wide-min.jpg?resize=768%2C308&amp;ssl=1 768w, https:\/\/i0.wp.com\/www.serrarpharma.com\/wp-content\/uploads\/2022\/02\/Naturopathy-wide-min.jpg?resize=1536%2C616&amp;ssl=1 1536w, https:\/\/i0.wp.com\/www.serrarpharma.com\/wp-content\/uploads\/2022\/02\/Naturopathy-wide-min.jpg?resize=2048%2C822&amp;ssl=1 2048w, https:\/\/i0.wp.com\/www.serrarpharma.com\/wp-content\/uploads\/2022\/02\/Naturopathy-wide-min.jpg?resize=600%2C241&amp;ssl=1 600w, https:\/\/i0.wp.com\/www.serrarpharma.com\/wp-content\/uploads\/2022\/02\/Naturopathy-wide-min.jpg?w=1320&amp;ssl=1 1320w\" sizes=\"(max-width: 660px) 100vw, 660px\" data-recalc-dims=\"1\" \/><\/figure>\n\n\n\n<p class=\"has-text-align-center has-secondary-color has-text-color has-medium-font-size\"><strong>DESCRI\u00c7\u00c3O<\/strong><\/p>\n\n\n\n<p><\/p>\n\n\n\n<p>Durante este curso de Naturopatia, exploramos todos os aspectos deste campo at\u00e9 que o aluno esteja pronto para fazer seu exame e iniciar esta atividade.<\/p>\n\n\n\n<p><\/p>\n\n\n\n<p>A forma\u00e7\u00e3o em Naturopatia apresentada no nosso curso permitir-lhe-\u00e1 preparar-se para o exame. Este curso fornece-lhe forma\u00e7\u00e3o te\u00f3rica sobre todos os t\u00f3picos necess\u00e1rios para passar no exame. Cabe a ele estudar adequadamente os temas abordados no curso. Nosso objetivo \u00e9 que ele tenha a chance de exercer essa profiss\u00e3o maravilhosa que \u00e9 a de Naturopata. Permitindo assim que alguns encontrem trabalho por conta pr\u00f3pria, numa cl\u00ednica especializada.<\/p>\n\n\n\n<p><\/p>\n\n\n\n<p>Neste curso, estudaremos os cinco pilares os dez agentes de sa\u00fade utilizados pela naturopatia, a individualiza\u00e7\u00e3o naturop\u00e1tica, as rela\u00e7\u00f5es entre corpo, mente e emo\u00e7\u00f5es, a abordagem hol\u00edstica da naturopatia atrav\u00e9s da cl\u00ednica dos 7 sinais centrais, as causas e as chaves Naturopatia, Dieta , Exerc\u00edcio f\u00edsico, Respira\u00e7\u00e3o, Fito\/Aromaterapia, Gest\u00e3o psicoemocional e simb\u00f3lica, Hidrologia, T\u00e9cnicas de reflexos, t\u00e9cnicas energ\u00e9ticas, nutri\u00e7\u00e3o atrav\u00e9s da abordagem hol\u00edstica, avalia\u00e7\u00e3o hol\u00edstica, guia pr\u00e1tico de naturopatia, aconselhamento para se estabelecer como naturopata, materiais de marketing, prospec\u00e7\u00e3o de clientes\u2026.<\/p>\n\n\n\n<p><\/p>\n\n\n\n<p>A aprova\u00e7\u00e3o no exame implica o acesso imediato \u00e0 profiss\u00e3o, desde que possua habilita\u00e7\u00e3o em gest\u00e3o.<\/p>\n\n\n\n<p><\/p>\n\n\n\n<p>Dr. Halima Serrar Ph,D., M.Sc, N.D.<\/p>\n\n\n\n<p>Pr\u00e9sident<\/p>\n\n\n\n<p>Academia Dr. SERRAR\u00ae<\/p>\n\n\n\n<div style=\"height:65px\" aria-hidden=\"true\" class=\"wp-block-spacer\"><\/div>\n\n\n\n<div class=\"wp-block-coblocks-row alignfull coblocks-row-12213653691\" data-columns=\"1\" data-layout=\"100\"><div class=\"wp-block-coblocks-row__inner has-primary-background-color has-background has-padding has-medium-padding has-no-margin is-stacked-on-mobile has-medium-gutter\">\n<div class=\"wp-block-coblocks-column coblocks-column-1221365599\" style=\"width:100%\"><div class=\"wp-block-coblocks-column__inner has-no-padding has-no-margin\"><\/div><\/div>\n<\/div><\/div>\n\n\n\n<div class=\"wp-container-4 wp-block-columns alignwide\">\n<div class=\"wp-container-1 wp-block-column\"><div class=\"wp-block-image\">\n<figure class=\"aligncenter size-medium\"><img loading=\"lazy\" width=\"300\" height=\"292\" src=\"https:\/\/i0.wp.com\/www.serrarpharma.com\/wp-content\/uploads\/2022\/02\/Facial-Pic-min.png?resize=300%2C292&#038;ssl=1\" alt=\"\" class=\"wp-image-12019\" srcset=\"https:\/\/i0.wp.com\/www.serrarpharma.com\/wp-content\/uploads\/2022\/02\/Facial-Pic-min.png?resize=300%2C292&amp;ssl=1 300w, https:\/\/i0.wp.com\/www.serrarpharma.com\/wp-content\/uploads\/2022\/02\/Facial-Pic-min.png?resize=768%2C748&amp;ssl=1 768w, https:\/\/i0.wp.com\/www.serrarpharma.com\/wp-content\/uploads\/2022\/02\/Facial-Pic-min.png?resize=600%2C584&amp;ssl=1 600w, https:\/\/i0.wp.com\/www.serrarpharma.com\/wp-content\/uploads\/2022\/02\/Facial-Pic-min.png?resize=92%2C90&amp;ssl=1 92w, https:\/\/i0.wp.com\/www.serrarpharma.com\/wp-content\/uploads\/2022\/02\/Facial-Pic-min.png?resize=62%2C60&amp;ssl=1 62w, https:\/\/i0.wp.com\/www.serrarpharma.com\/wp-content\/uploads\/2022\/02\/Facial-Pic-min.png?w=1500&amp;ssl=1 1500w, https:\/\/i0.wp.com\/www.serrarpharma.com\/wp-content\/uploads\/2022\/02\/Facial-Pic-min.png?w=1320&amp;ssl=1 1320w\" sizes=\"(max-width: 300px) 100vw, 300px\" data-recalc-dims=\"1\" \/><\/figure><\/div>\n\n\n<div style=\"height:10px\" aria-hidden=\"true\" class=\"wp-block-spacer\"><\/div>\n\n\n\n<p class=\"has-text-align-center has-text-color has-large-font-size\" style=\"color:#005e94\"><strong>Est\u00e9tica<\/strong><\/p>\n\n\n\n<p class=\"has-text-align-center\">1800 hrs of classroom and practical lessons.<\/p>\n\n\n\n<p class=\"has-text-align-center has-secondary-color has-text-color\"><a href=\"https:\/\/www.serrarpharma.com\/pt\/esthetics\/\" data-type=\"URL\" data-id=\"https:\/\/www.serrarpharma.com\/pt\/esthetics\/\">SABER MAIS<\/a><\/p>\n<\/div>\n\n\n\n<div class=\"wp-container-2 wp-block-column\">\n<figure class=\"wp-block-image size-full\"><img loading=\"lazy\" width=\"660\" height=\"642\" src=\"https:\/\/i0.wp.com\/www.serrarpharma.com\/wp-content\/uploads\/2022\/07\/Hypno-Pic-min.png?resize=660%2C642&#038;ssl=1\" alt=\"\" class=\"wp-image-12215\" srcset=\"https:\/\/i0.wp.com\/www.serrarpharma.com\/wp-content\/uploads\/2022\/07\/Hypno-Pic-min.png?w=1500&amp;ssl=1 1500w, https:\/\/i0.wp.com\/www.serrarpharma.com\/wp-content\/uploads\/2022\/07\/Hypno-Pic-min.png?resize=300%2C292&amp;ssl=1 300w, https:\/\/i0.wp.com\/www.serrarpharma.com\/wp-content\/uploads\/2022\/07\/Hypno-Pic-min.png?resize=768%2C748&amp;ssl=1 768w, https:\/\/i0.wp.com\/www.serrarpharma.com\/wp-content\/uploads\/2022\/07\/Hypno-Pic-min.png?resize=600%2C584&amp;ssl=1 600w, https:\/\/i0.wp.com\/www.serrarpharma.com\/wp-content\/uploads\/2022\/07\/Hypno-Pic-min.png?resize=92%2C90&amp;ssl=1 92w, https:\/\/i0.wp.com\/www.serrarpharma.com\/wp-content\/uploads\/2022\/07\/Hypno-Pic-min.png?resize=62%2C60&amp;ssl=1 62w, https:\/\/i0.wp.com\/www.serrarpharma.com\/wp-content\/uploads\/2022\/07\/Hypno-Pic-min.png?w=1320&amp;ssl=1 1320w\" sizes=\"(max-width: 660px) 100vw, 660px\" data-recalc-dims=\"1\" \/><\/figure>\n\n\n\n<div style=\"height:10px\" aria-hidden=\"true\" class=\"wp-block-spacer\"><\/div>\n\n\n\n<p class=\"has-text-align-center has-text-color has-large-font-size\" style=\"color:#005e94\"><strong><a href=\"https:\/\/www.serrarpharma.com\/pt\/naturopathy\/\">Naturopa<\/a>tia \/ Hipnos<a href=\"https:\/\/www.serrarpharma.com\/pt\/naturopathy\/\">e<\/a><\/strong><\/p>\n\n\n\n<p class=\"wp-elements-e7770f613807c742673d4e6da641e3a6 has-text-align-center has-link-color\">1800 horas de aulas presenciais e cursos pr\u00e1ticos.<\/p>\n\n\n\n<p class=\"has-text-align-center has-secondary-color has-text-color\"><a href=\"https:\/\/www.serrarpharma.com\/pt\/naturo-hypno\/\">SABER MAIS<\/a><\/p>\n<\/div>\n\n\n\n<div class=\"wp-container-3 wp-block-column\"><div class=\"wp-block-image\">\n<figure class=\"aligncenter size-medium\"><img loading=\"lazy\" width=\"297\" height=\"300\" src=\"https:\/\/i0.wp.com\/www.serrarpharma.com\/wp-content\/uploads\/2022\/02\/Massage-Pic-min.png?resize=297%2C300&#038;ssl=1\" alt=\"\" class=\"wp-image-12017\" srcset=\"https:\/\/i0.wp.com\/www.serrarpharma.com\/wp-content\/uploads\/2022\/02\/Massage-Pic-min.png?resize=297%2C300&amp;ssl=1 297w, https:\/\/i0.wp.com\/www.serrarpharma.com\/wp-content\/uploads\/2022\/02\/Massage-Pic-min.png?resize=768%2C776&amp;ssl=1 768w, https:\/\/i0.wp.com\/www.serrarpharma.com\/wp-content\/uploads\/2022\/02\/Massage-Pic-min.png?resize=600%2C606&amp;ssl=1 600w, https:\/\/i0.wp.com\/www.serrarpharma.com\/wp-content\/uploads\/2022\/02\/Massage-Pic-min.png?resize=100%2C100&amp;ssl=1 100w, https:\/\/i0.wp.com\/www.serrarpharma.com\/wp-content\/uploads\/2022\/02\/Massage-Pic-min.png?resize=89%2C90&amp;ssl=1 89w, https:\/\/i0.wp.com\/www.serrarpharma.com\/wp-content\/uploads\/2022\/02\/Massage-Pic-min.png?resize=59%2C60&amp;ssl=1 59w, https:\/\/i0.wp.com\/www.serrarpharma.com\/wp-content\/uploads\/2022\/02\/Massage-Pic-min.png?w=1500&amp;ssl=1 1500w, https:\/\/i0.wp.com\/www.serrarpharma.com\/wp-content\/uploads\/2022\/02\/Massage-Pic-min.png?w=1320&amp;ssl=1 1320w\" sizes=\"(max-width: 297px) 100vw, 297px\" data-recalc-dims=\"1\" \/><\/figure><\/div>\n\n\n<div style=\"height:10px\" aria-hidden=\"true\" class=\"wp-block-spacer\"><\/div>\n\n\n\n<p class=\"has-text-align-center has-text-color has-large-font-size\" style=\"color:#005e94\"><strong>Massagem Terap\u00eautica<\/strong><\/p>\n\n\n\n<p class=\"has-text-align-center\">1800 horas de aulas presenciais e cursos pr\u00e1ticos.<\/p>\n\n\n\n<p class=\"has-text-align-center has-secondary-color has-text-color\"><a href=\"https:\/\/www.serrarpharma.com\/pt\/massage-therapy\/\" data-type=\"URL\" data-id=\"https:\/\/www.serrarpharma.com\/pt\/massage-therapy\/\">SABER MAIS<\/a><\/p>\n<\/div>\n<\/div>\n\n\n\n<div style=\"height:2px\" aria-hidden=\"true\" class=\"wp-block-spacer\"><\/div>\n","protected":false},"excerpt":{"rendered":"<p>NATUROPATIA | PARTE 1 Certificado de Forma\u00e7\u00e3o | AF Os licenciados em NATUROPATIA procuram uma certa autonomia e dedicam-se \u00e0 boa sa\u00fade das pessoas. Nossos graduados trabalham por conta pr\u00f3pria, em cl\u00ednicas especializadas ou em resorts, spas, navios de cruzeiro, complexos hoteleiros, etc. DURA\u00c7\u00c3O DO TREINAMENTO A forma\u00e7\u00e3o tem a dura\u00e7\u00e3o de 1800 horas (24 [&hellip;]<\/p>\n","protected":false},"author":1,"featured_media":0,"parent":0,"menu_order":0,"comment_status":"closed","ping_status":"closed","template":"","meta":{"hide_page_title":"","_coblocks_attr":"","_coblocks_dimensions":"{\"coblocks-column-122123836624\":{\"padding\":{\"paddingBottom\":\"10%\",\"paddingBottomMobile\":null,\"paddingBottomTablet\":null,\"paddingLeft\":\"10%\",\"paddingLeftMobile\":null,\"paddingLeftTablet\":null,\"paddingRight\":\"10%\",\"paddingRightMobile\":null,\"paddingRightTablet\":null,\"paddingTop\":\"10%\",\"paddingTopMobile\":null,\"paddingTopTablet\":null}}}","_coblocks_responsive_height":"","_coblocks_accordion_ie_support":""},"translation":{"provider":"WPGlobus","version":"3.0.1","language":"pt","enabled_languages":["en","es","fr","ar","pt","it"],"languages":{"en":{"title":true,"content":true,"excerpt":false},"es":{"title":false,"content":true,"excerpt":false},"fr":{"title":false,"content":true,"excerpt":false},"ar":{"title":false,"content":true,"excerpt":false},"pt":{"title":false,"content":true,"excerpt":false},"it":{"title":false,"content":true,"excerpt":false}}},"_links":{"self":[{"href":"https:\/\/www.serrarpharma.com\/pt\/wp-json\/wp\/v2\/pages\/12099"}],"collection":[{"href":"https:\/\/www.serrarpharma.com\/pt\/wp-json\/wp\/v2\/pages"}],"about":[{"href":"https:\/\/www.serrarpharma.com\/pt\/wp-json\/wp\/v2\/types\/page"}],"author":[{"embeddable":true,"href":"https:\/\/www.serrarpharma.com\/pt\/wp-json\/wp\/v2\/users\/1"}],"replies":[{"embeddable":true,"href":"https:\/\/www.serrarpharma.com\/pt\/wp-json\/wp\/v2\/comments?post=12099"}],"version-history":[{"count":0,"href":"https:\/\/www.serrarpharma.com\/pt\/wp-json\/wp\/v2\/pages\/12099\/revisions"}],"wp:attachment":[{"href":"https:\/\/www.serrarpharma.com\/pt\/wp-json\/wp\/v2\/media?parent=12099"}],"curies":[{"name":"wp","href":"https:\/\/api.w.org\/{rel}","templated":true}]}}