{"id":12069,"date":"2022-02-22T13:13:49","date_gmt":"2022-02-22T18:13:49","guid":{"rendered":"https:\/\/www.serrarpharma.com\/?page_id=12069"},"modified":"2022-08-06T15:23:08","modified_gmt":"2022-08-06T19:23:08","slug":"massage-therapy","status":"publish","type":"page","link":"https:\/\/www.serrarpharma.com\/pt\/massage-therapy\/","title":{"rendered":"Massage Therapy"},"content":{"rendered":"\n<div style=\"height:25px\" aria-hidden=\"true\" class=\"wp-block-spacer\"><\/div>\n\n\n<div class=\"wp-block-image\">\n<figure class=\"aligncenter size-full is-resized\"><img loading=\"lazy\" src=\"https:\/\/i0.wp.com\/www.serrarpharma.com\/wp-content\/uploads\/2022\/02\/Academie-Dr.-SERRAR-Logo.png?resize=150%2C150&#038;ssl=1\" alt=\"\" class=\"wp-image-12015\" width=\"150\" height=\"150\" srcset=\"https:\/\/i0.wp.com\/www.serrarpharma.com\/wp-content\/uploads\/2022\/02\/Academie-Dr.-SERRAR-Logo.png?w=1080&amp;ssl=1 1080w, https:\/\/i0.wp.com\/www.serrarpharma.com\/wp-content\/uploads\/2022\/02\/Academie-Dr.-SERRAR-Logo.png?resize=300%2C300&amp;ssl=1 300w, https:\/\/i0.wp.com\/www.serrarpharma.com\/wp-content\/uploads\/2022\/02\/Academie-Dr.-SERRAR-Logo.png?resize=150%2C150&amp;ssl=1 150w, https:\/\/i0.wp.com\/www.serrarpharma.com\/wp-content\/uploads\/2022\/02\/Academie-Dr.-SERRAR-Logo.png?resize=768%2C768&amp;ssl=1 768w, https:\/\/i0.wp.com\/www.serrarpharma.com\/wp-content\/uploads\/2022\/02\/Academie-Dr.-SERRAR-Logo.png?resize=600%2C600&amp;ssl=1 600w, https:\/\/i0.wp.com\/www.serrarpharma.com\/wp-content\/uploads\/2022\/02\/Academie-Dr.-SERRAR-Logo.png?resize=100%2C100&amp;ssl=1 100w, https:\/\/i0.wp.com\/www.serrarpharma.com\/wp-content\/uploads\/2022\/02\/Academie-Dr.-SERRAR-Logo.png?resize=90%2C90&amp;ssl=1 90w, https:\/\/i0.wp.com\/www.serrarpharma.com\/wp-content\/uploads\/2022\/02\/Academie-Dr.-SERRAR-Logo.png?resize=60%2C60&amp;ssl=1 60w\" sizes=\"(max-width: 150px) 100vw, 150px\" data-recalc-dims=\"1\" \/><\/figure><\/div>\n\n\n<div style=\"height:10px\" aria-hidden=\"true\" class=\"wp-block-spacer\"><\/div>\n\n\n\n<p class=\"has-text-align-center coursetitle has-text-color has-huge-font-size\" style=\"color:#005e94\"><strong>MASSOTERAPIA | PARTE 1<\/strong><\/p>\n\n\n\n<p class=\"has-text-align-center has-secondary-color has-text-color has-medium-font-size\">Certificado de Forma\u00e7\u00e3o | AF<\/p>\n\n\n\n<div style=\"height:35px\" aria-hidden=\"true\" class=\"wp-block-spacer\"><\/div>\n\n\n\n<p><\/p>\n\n\n\n<p class=\"has-text-align-center\">Os licenciados em massoterapia procuram uma certa autonomia e dedicam-se \u00e0 boa sa\u00fade das pessoas. O programa treina massoterapeutas em v\u00e1rias t\u00e9cnicas de massagem. Nossos graduados trabalham por conta pr\u00f3pria, em cl\u00ednicas especializadas ou em resorts, spas, navios de cruzeiro, complexos hoteleiros, etc.<\/p>\n\n\n\n<div style=\"height:35px\" aria-hidden=\"true\" class=\"wp-block-spacer\"><\/div>\n\n\n\n<p><\/p>\n\n\n\n<p class=\"has-text-align-center acablue has-text-color has-medium-font-size\" style=\"color:#005e94\"><strong>DURA\u00c7\u00c3O DO TREINAMENTO<\/strong><\/p>\n\n\n\n<p class=\"has-text-align-center\">1800 horas (24 meses)<\/p>\n\n\n\n<p><\/p>\n\n\n\n<p class=\"has-text-align-center acablue has-text-color has-medium-font-size\" style=\"color:#005e94\"><strong>HORAS<\/strong><\/p>\n\n\n\n<p class=\"has-text-align-center\">SEG &#8211; QUINTA (6 HORAS POR DIA)<\/p>\n\n\n\n<div class=\"wp-block-coblocks-row alignfull coblocks-row-122123829351\" data-columns=\"1\" data-layout=\"100\"><div class=\"wp-block-coblocks-row__inner has-background has-padding has-medium-padding has-no-margin is-stacked-on-mobile has-medium-gutter\" style=\"background-color:#e4effa\">\n<div class=\"wp-block-coblocks-column coblocks-column-122123836624 academy\" style=\"width:100%\"><div class=\"wp-block-coblocks-column__inner has-quaternary-background-color has-background has-padding has-no-margin\">\n<p class=\"has-text-align-center has-text-color has-large-font-size\" style=\"color:#005e94\"><strong><a href=\"https:\/\/www.serrarpharma.com\/wp-content\/uploads\/2022\/08\/6-Accre\u0301ditation-Massote\u0301rapeute-RMQ.png\">Credenciamento pelo grupo de Massoterapeutas de Quebec (RMQ) da Academia Dr. SERRAR\u00ae Treinamento em Massoterapia<\/a><\/strong><\/p>\n<\/div><\/div>\n<\/div><\/div>\n\n\n\n<p class=\"has-text-align-center has-secondary-color has-text-color has-medium-font-size\"><strong>MISS\u00c3O<\/strong><\/p>\n\n\n\n<p><\/p>\n\n\n\n<p>O nosso programa de forma\u00e7\u00e3o em massoterapia aplicada da nossa Academia Dr. SERRAR\u00ae destina-se a quem deseja descobrir, compreender e implementar uma abordagem hol\u00edstica da massoterapia. Esta vis\u00e3o v\u00ea o corpo como uma unidade que funciona atrav\u00e9s da conex\u00e3o mente\/corpo.<\/p>\n\n\n\n<p><\/p>\n\n\n\n<p>Para quem j\u00e1 seguiu um programa de forma\u00e7\u00e3o em massoterapia mais cl\u00e1ssico, esta forma\u00e7\u00e3o \u00e9 complementar, pois permitir\u00e1 ir mais longe, orientando-o para uma abordagem mais hol\u00edstica desta disciplina. Para quem ainda n\u00e3o teve acesso \u00e0 forma\u00e7\u00e3o em massoterapia, ou que n\u00e3o tem conhecimentos espec\u00edficos na mat\u00e9ria, n\u00e3o se preocupe. O conte\u00fado deste treinamento \u00e9 projetado para permitir que voc\u00ea assimile informa\u00e7\u00f5es e conhecimentos, seja qual for o seu n\u00edvel inicial.<\/p>\n\n\n\n<p><\/p>\n\n\n\n<p>O massoterapeuta \u00e9 capaz de realizar uma massagem de relaxamento e liberar tens\u00f5es e dores para o bem-estar de sua clientela. Ele pode praticar em um spa ou em uma cl\u00ednica e ser reconhecido por associa\u00e7\u00f5es profissionais. O maior segmento do curso \u00e9 dedicado \u00e0 pr\u00e1tica da massagem sueca internacional com \u00f3leos essenciais que permitem personalizar e otimizar o tratamento de relaxamento.<\/p>\n\n\n\n<p><\/p>\n\n\n\n<p>Atrav\u00e9s da nossa forma\u00e7\u00e3o em massagem de bem-estar, oferecemos-lhe apoio e diversos materiais educativos (textos, imagens, etc.) que lhe permitir\u00e3o aprofundar os movimentos b\u00e1sicos de v\u00e1rios tipos de massagem.<\/p>\n\n\n\n<p><\/p>\n\n\n\n<p>Depois de adquirir o seu certificado, voc\u00ea pode praticar por conta pr\u00f3pria ou trabalhar em um centro de bem-estar, spa, estabelecimento hoteleiro ou clube esportivo. Poder\u00e1 tamb\u00e9m utilizar os conhecimentos adquiridos sobre si e sobre os que o rodeiam, ou combinar a atividade de um massagista com outras especialidades: aromaterapia, medita\u00e7\u00e3o, litoterapia ou naturopatia por exemplo.<\/p>\n\n\n\n<p><\/p>\n\n\n\n<p>Durante este curso de Massoterapia, exploraremos todos os aspectos desta \u00e1rea juntos at\u00e9 que voc\u00ea esteja pronto para apresentar seu exame e embarcar nesta atividade.<\/p>\n\n\n\n<figure class=\"wp-block-image alignfull size-large\"><img loading=\"lazy\" width=\"660\" height=\"265\" src=\"https:\/\/i0.wp.com\/www.serrarpharma.com\/wp-content\/uploads\/2022\/02\/MASSAGE-WIDE-min.jpg?resize=660%2C265&#038;ssl=1\" alt=\"\" class=\"wp-image-12074\" srcset=\"https:\/\/i0.wp.com\/www.serrarpharma.com\/wp-content\/uploads\/2022\/02\/MASSAGE-WIDE-min.jpg?resize=2000%2C803&amp;ssl=1 2000w, https:\/\/i0.wp.com\/www.serrarpharma.com\/wp-content\/uploads\/2022\/02\/MASSAGE-WIDE-min.jpg?resize=300%2C120&amp;ssl=1 300w, https:\/\/i0.wp.com\/www.serrarpharma.com\/wp-content\/uploads\/2022\/02\/MASSAGE-WIDE-min.jpg?resize=768%2C308&amp;ssl=1 768w, https:\/\/i0.wp.com\/www.serrarpharma.com\/wp-content\/uploads\/2022\/02\/MASSAGE-WIDE-min.jpg?resize=1536%2C616&amp;ssl=1 1536w, https:\/\/i0.wp.com\/www.serrarpharma.com\/wp-content\/uploads\/2022\/02\/MASSAGE-WIDE-min.jpg?resize=2048%2C822&amp;ssl=1 2048w, https:\/\/i0.wp.com\/www.serrarpharma.com\/wp-content\/uploads\/2022\/02\/MASSAGE-WIDE-min.jpg?resize=600%2C241&amp;ssl=1 600w, https:\/\/i0.wp.com\/www.serrarpharma.com\/wp-content\/uploads\/2022\/02\/MASSAGE-WIDE-min.jpg?resize=190%2C76&amp;ssl=1 190w, https:\/\/i0.wp.com\/www.serrarpharma.com\/wp-content\/uploads\/2022\/02\/MASSAGE-WIDE-min.jpg?resize=224%2C90&amp;ssl=1 224w, https:\/\/i0.wp.com\/www.serrarpharma.com\/wp-content\/uploads\/2022\/02\/MASSAGE-WIDE-min.jpg?resize=149%2C60&amp;ssl=1 149w, https:\/\/i0.wp.com\/www.serrarpharma.com\/wp-content\/uploads\/2022\/02\/MASSAGE-WIDE-min.jpg?w=1320&amp;ssl=1 1320w\" sizes=\"(max-width: 660px) 100vw, 660px\" data-recalc-dims=\"1\" \/><\/figure>\n\n\n\n<p class=\"has-text-align-center has-secondary-color has-text-color has-medium-font-size\"><strong>DESCRI\u00c7\u00c3O<\/strong><\/p>\n\n\n\n<p><\/p>\n\n\n\n<p>Durante este curso de Massoterapia, exploramos todos os aspectos desta \u00e1rea at\u00e9 que o aluno esteja pronto para apresentar seu exame e embarcar nesta atividade.<\/p>\n\n\n\n<p><\/p>\n\n\n\n<p>O treinamento em massoterapia apresentado em nosso curso permitir\u00e1 que ele se prepare para o exame. Este curso fornece-lhes forma\u00e7\u00e3o te\u00f3rica sobre todas as mat\u00e9rias necess\u00e1rias para passar no exame. Cabe a ele estudar adequadamente os temas abordados no curso. Nosso objetivo \u00e9 que ele tenha a chance de exercer essa maravilhosa profiss\u00e3o de Massoterapeuta. Permitindo assim que alguns encontrem trabalho por conta pr\u00f3pria, numa cl\u00ednica especializada.<\/p>\n\n\n\n<p><\/p>\n\n\n\n<p>Neste curso, estudaremos anatomia, princ\u00edpios gerais de massagem, diferentes t\u00e9cnicas e tipos de massagem, drenagem linf\u00e1tica, massagem na cadeira, massagem com pedras quentes, ventosaterapia, Gua Sha, massagem hol\u00edstica marroquina, massagem sueca, padr\u00f5es de pr\u00e1tica padr\u00e3o para massoterapia , conselhos para se estabelecer como massoterapeuta, marke<\/p>\n\n\n\n<p><\/p>\n\n\n\n<p>A aprova\u00e7\u00e3o no exame implica o acesso imediato \u00e0 profiss\u00e3o, desde que possua uma qualifica\u00e7\u00e3o de gest\u00e3o.<\/p>\n\n\n\n<p><\/p>\n\n\n\n<p>A profiss\u00e3o de massoterapeuta n\u00e3o pode ser improvisada!<\/p>\n\n\n\n<p><\/p>\n\n\n\n<p>Dr. Halima Serrar Ph,D., M.Sc, N.D.<\/p>\n\n\n\n<p>President<\/p>\n\n\n\n<p>Dr. SERRAR\u00ae Academy<\/p>\n\n\n\n<div style=\"height:65px\" aria-hidden=\"true\" class=\"wp-block-spacer\"><\/div>\n\n\n\n<div class=\"wp-block-coblocks-row alignfull coblocks-row-12213653691\" data-columns=\"1\" data-layout=\"100\"><div class=\"wp-block-coblocks-row__inner has-primary-background-color has-background has-padding has-medium-padding has-no-margin is-stacked-on-mobile has-medium-gutter\">\n<div class=\"wp-block-coblocks-column coblocks-column-1221365599\" style=\"width:100%\"><div class=\"wp-block-coblocks-column__inner has-no-padding has-no-margin\"><\/div><\/div>\n<\/div><\/div>\n\n\n\n<div class=\"wp-container-4 wp-block-columns alignwide\">\n<div class=\"wp-container-1 wp-block-column\"><div class=\"wp-block-image\">\n<figure class=\"aligncenter size-medium\"><img loading=\"lazy\" width=\"300\" height=\"298\" src=\"https:\/\/i0.wp.com\/www.serrarpharma.com\/wp-content\/uploads\/2022\/02\/Naturopathy-Pic-min.png?resize=300%2C298&#038;ssl=1\" alt=\"\" class=\"wp-image-12018\" srcset=\"https:\/\/i0.wp.com\/www.serrarpharma.com\/wp-content\/uploads\/2022\/02\/Naturopathy-Pic-min.png?resize=300%2C298&amp;ssl=1 300w, https:\/\/i0.wp.com\/www.serrarpharma.com\/wp-content\/uploads\/2022\/02\/Naturopathy-Pic-min.png?resize=150%2C150&amp;ssl=1 150w, https:\/\/i0.wp.com\/www.serrarpharma.com\/wp-content\/uploads\/2022\/02\/Naturopathy-Pic-min.png?resize=768%2C762&amp;ssl=1 768w, https:\/\/i0.wp.com\/www.serrarpharma.com\/wp-content\/uploads\/2022\/02\/Naturopathy-Pic-min.png?resize=600%2C596&amp;ssl=1 600w, https:\/\/i0.wp.com\/www.serrarpharma.com\/wp-content\/uploads\/2022\/02\/Naturopathy-Pic-min.png?resize=100%2C100&amp;ssl=1 100w, https:\/\/i0.wp.com\/www.serrarpharma.com\/wp-content\/uploads\/2022\/02\/Naturopathy-Pic-min.png?resize=91%2C90&amp;ssl=1 91w, https:\/\/i0.wp.com\/www.serrarpharma.com\/wp-content\/uploads\/2022\/02\/Naturopathy-Pic-min.png?resize=60%2C60&amp;ssl=1 60w, https:\/\/i0.wp.com\/www.serrarpharma.com\/wp-content\/uploads\/2022\/02\/Naturopathy-Pic-min.png?w=1500&amp;ssl=1 1500w, https:\/\/i0.wp.com\/www.serrarpharma.com\/wp-content\/uploads\/2022\/02\/Naturopathy-Pic-min.png?w=1320&amp;ssl=1 1320w\" sizes=\"(max-width: 300px) 100vw, 300px\" data-recalc-dims=\"1\" \/><\/figure><\/div>\n\n\n<div style=\"height:10px\" aria-hidden=\"true\" class=\"wp-block-spacer\"><\/div>\n\n\n\n<p class=\"has-text-align-center has-text-color has-large-font-size\" style=\"color:#005e94\"><strong>Naturopatia<\/strong><\/p>\n\n\n\n<p class=\"has-text-align-center\">1800 horas de aulas presenciais e cursos pr\u00e1ticos.<\/p>\n\n\n\n<p class=\"has-text-align-center has-secondary-color has-text-color\"><a href=\"https:\/\/www.serrarpharma.com\/pt\/naturopathy\/\">SABER MAIS<\/a><\/p>\n<\/div>\n\n\n\n<div class=\"wp-container-2 wp-block-column\">\n<figure class=\"wp-block-image size-full\"><img loading=\"lazy\" width=\"660\" height=\"642\" src=\"https:\/\/i0.wp.com\/www.serrarpharma.com\/wp-content\/uploads\/2022\/07\/Hypno-Pic-min.png?resize=660%2C642&#038;ssl=1\" alt=\"\" class=\"wp-image-12215\" srcset=\"https:\/\/i0.wp.com\/www.serrarpharma.com\/wp-content\/uploads\/2022\/07\/Hypno-Pic-min.png?w=1500&amp;ssl=1 1500w, https:\/\/i0.wp.com\/www.serrarpharma.com\/wp-content\/uploads\/2022\/07\/Hypno-Pic-min.png?resize=300%2C292&amp;ssl=1 300w, https:\/\/i0.wp.com\/www.serrarpharma.com\/wp-content\/uploads\/2022\/07\/Hypno-Pic-min.png?resize=768%2C748&amp;ssl=1 768w, https:\/\/i0.wp.com\/www.serrarpharma.com\/wp-content\/uploads\/2022\/07\/Hypno-Pic-min.png?resize=600%2C584&amp;ssl=1 600w, https:\/\/i0.wp.com\/www.serrarpharma.com\/wp-content\/uploads\/2022\/07\/Hypno-Pic-min.png?resize=92%2C90&amp;ssl=1 92w, https:\/\/i0.wp.com\/www.serrarpharma.com\/wp-content\/uploads\/2022\/07\/Hypno-Pic-min.png?resize=62%2C60&amp;ssl=1 62w, https:\/\/i0.wp.com\/www.serrarpharma.com\/wp-content\/uploads\/2022\/07\/Hypno-Pic-min.png?w=1320&amp;ssl=1 1320w\" sizes=\"(max-width: 660px) 100vw, 660px\" data-recalc-dims=\"1\" \/><\/figure>\n\n\n\n<div style=\"height:10px\" aria-hidden=\"true\" class=\"wp-block-spacer\"><\/div>\n\n\n\n<p class=\"has-text-align-center has-text-color has-large-font-size\" style=\"color:#005e94\"><strong>Naturopatia \/ Hipnose<\/strong><\/p>\n\n\n\n<p class=\"wp-elements-e7770f613807c742673d4e6da641e3a6 has-text-align-center has-link-color\">1800 horas de aulas presenciais e cursos pr\u00e1ticos.<\/p>\n\n\n\n<p class=\"has-text-align-center has-secondary-color has-text-color\"><a href=\"https:\/\/www.serrarpharma.com\/pt\/naturo-hypno\/\">SABER MAIS<\/a><\/p>\n<\/div>\n\n\n\n<div class=\"wp-container-3 wp-block-column\"><div class=\"wp-block-image\">\n<figure class=\"aligncenter size-medium\"><img loading=\"lazy\" width=\"300\" height=\"292\" src=\"https:\/\/i0.wp.com\/www.serrarpharma.com\/wp-content\/uploads\/2022\/02\/Facial-Pic-min.png?resize=300%2C292&#038;ssl=1\" alt=\"\" class=\"wp-image-12019\" srcset=\"https:\/\/i0.wp.com\/www.serrarpharma.com\/wp-content\/uploads\/2022\/02\/Facial-Pic-min.png?resize=300%2C292&amp;ssl=1 300w, https:\/\/i0.wp.com\/www.serrarpharma.com\/wp-content\/uploads\/2022\/02\/Facial-Pic-min.png?resize=768%2C748&amp;ssl=1 768w, https:\/\/i0.wp.com\/www.serrarpharma.com\/wp-content\/uploads\/2022\/02\/Facial-Pic-min.png?resize=600%2C584&amp;ssl=1 600w, https:\/\/i0.wp.com\/www.serrarpharma.com\/wp-content\/uploads\/2022\/02\/Facial-Pic-min.png?resize=92%2C90&amp;ssl=1 92w, https:\/\/i0.wp.com\/www.serrarpharma.com\/wp-content\/uploads\/2022\/02\/Facial-Pic-min.png?resize=62%2C60&amp;ssl=1 62w, https:\/\/i0.wp.com\/www.serrarpharma.com\/wp-content\/uploads\/2022\/02\/Facial-Pic-min.png?w=1500&amp;ssl=1 1500w, https:\/\/i0.wp.com\/www.serrarpharma.com\/wp-content\/uploads\/2022\/02\/Facial-Pic-min.png?w=1320&amp;ssl=1 1320w\" sizes=\"(max-width: 300px) 100vw, 300px\" data-recalc-dims=\"1\" \/><\/figure><\/div>\n\n\n<div style=\"height:10px\" aria-hidden=\"true\" class=\"wp-block-spacer\"><\/div>\n\n\n\n<p class=\"has-text-align-center has-text-color has-large-font-size\" style=\"color:#005e94\"><strong>Est\u00e9tica<\/strong><\/p>\n\n\n\n<p class=\"has-text-align-center\">1800 horas de aulas e aulas pr\u00e1ticas.<\/p>\n\n\n\n<p class=\"has-text-align-center has-secondary-color has-text-color\"><a href=\"https:\/\/www.serrarpharma.com\/pt\/esthetics\/\">SABER MAIS<\/a><\/p>\n<\/div>\n<\/div>\n\n\n\n<div style=\"height:2px\" aria-hidden=\"true\" class=\"wp-block-spacer\"><\/div>\n","protected":false},"excerpt":{"rendered":"<p>MASSOTERAPIA | PARTE 1 Certificado de Forma\u00e7\u00e3o | AF Os licenciados em massoterapia procuram uma certa autonomia e dedicam-se \u00e0 boa sa\u00fade das pessoas. O programa treina massoterapeutas em v\u00e1rias t\u00e9cnicas de massagem. Nossos graduados trabalham por conta pr\u00f3pria, em cl\u00ednicas especializadas ou em resorts, spas, navios de cruzeiro, complexos hoteleiros, etc. DURA\u00c7\u00c3O DO TREINAMENTO [&hellip;]<\/p>\n","protected":false},"author":1,"featured_media":0,"parent":0,"menu_order":0,"comment_status":"closed","ping_status":"closed","template":"","meta":{"hide_page_title":"","_coblocks_attr":"","_coblocks_dimensions":"{\"coblocks-column-122123836624\":{\"padding\":{\"paddingBottom\":\"10%\",\"paddingBottomMobile\":null,\"paddingBottomTablet\":null,\"paddingLeft\":\"10%\",\"paddingLeftMobile\":null,\"paddingLeftTablet\":null,\"paddingRight\":\"10%\",\"paddingRightMobile\":null,\"paddingRightTablet\":null,\"paddingTop\":\"10%\",\"paddingTopMobile\":null,\"paddingTopTablet\":null}}}","_coblocks_responsive_height":"","_coblocks_accordion_ie_support":""},"translation":{"provider":"WPGlobus","version":"3.0.1","language":"pt","enabled_languages":["en","es","fr","ar","pt","it"],"languages":{"en":{"title":true,"content":true,"excerpt":false},"es":{"title":false,"content":true,"excerpt":false},"fr":{"title":false,"content":true,"excerpt":false},"ar":{"title":false,"content":true,"excerpt":false},"pt":{"title":false,"content":true,"excerpt":false},"it":{"title":false,"content":true,"excerpt":false}}},"_links":{"self":[{"href":"https:\/\/www.serrarpharma.com\/pt\/wp-json\/wp\/v2\/pages\/12069"}],"collection":[{"href":"https:\/\/www.serrarpharma.com\/pt\/wp-json\/wp\/v2\/pages"}],"about":[{"href":"https:\/\/www.serrarpharma.com\/pt\/wp-json\/wp\/v2\/types\/page"}],"author":[{"embeddable":true,"href":"https:\/\/www.serrarpharma.com\/pt\/wp-json\/wp\/v2\/users\/1"}],"replies":[{"embeddable":true,"href":"https:\/\/www.serrarpharma.com\/pt\/wp-json\/wp\/v2\/comments?post=12069"}],"version-history":[{"count":0,"href":"https:\/\/www.serrarpharma.com\/pt\/wp-json\/wp\/v2\/pages\/12069\/revisions"}],"wp:attachment":[{"href":"https:\/\/www.serrarpharma.com\/pt\/wp-json\/wp\/v2\/media?parent=12069"}],"curies":[{"name":"wp","href":"https:\/\/api.w.org\/{rel}","templated":true}]}}