{"id":8333,"date":"2020-09-20T21:51:23","date_gmt":"2020-09-20T21:51:23","guid":{"rendered":"https:\/\/www.serrarpharma.com\/?post_type=product&#038;p=8333"},"modified":"2024-08-21T22:19:47","modified_gmt":"2024-08-22T02:19:47","slug":"baby-cream","status":"publish","type":"product","link":"https:\/\/www.serrarpharma.com\/it\/product\/baby-cream\/","title":{"rendered":"BABY CREAM"},"content":{"rendered":"<p><img loading=\"lazy\" class=\"alignnone wp-image-11371\" src=\"https:\/\/i0.wp.com\/www.serrarpharma.com\/wp-content\/uploads\/2021\/04\/Made-in-CA.png?resize=70%2C70&#038;ssl=1\" alt=\"\" width=\"70\" height=\"70\" srcset=\"https:\/\/i0.wp.com\/www.serrarpharma.com\/wp-content\/uploads\/2021\/04\/Made-in-CA.png?w=150&amp;ssl=1 150w, https:\/\/i0.wp.com\/www.serrarpharma.com\/wp-content\/uploads\/2021\/04\/Made-in-CA.png?resize=100%2C100&amp;ssl=1 100w\" sizes=\"(max-width: 70px) 100vw, 70px\" data-recalc-dims=\"1\" \/><img loading=\"lazy\" class=\"alignnone wp-image-11370\" src=\"https:\/\/i0.wp.com\/www.serrarpharma.com\/wp-content\/uploads\/2021\/04\/GMP.png?resize=70%2C70&#038;ssl=1\" alt=\"\" width=\"70\" height=\"70\" srcset=\"https:\/\/i0.wp.com\/www.serrarpharma.com\/wp-content\/uploads\/2021\/04\/GMP.png?w=150&amp;ssl=1 150w, https:\/\/i0.wp.com\/www.serrarpharma.com\/wp-content\/uploads\/2021\/04\/GMP.png?resize=100%2C100&amp;ssl=1 100w\" sizes=\"(max-width: 70px) 100vw, 70px\" data-recalc-dims=\"1\" \/><img loading=\"lazy\" class=\"alignnone wp-image-11369\" src=\"https:\/\/i0.wp.com\/www.serrarpharma.com\/wp-content\/uploads\/2021\/04\/Nongmo.png?resize=70%2C70&#038;ssl=1\" alt=\"\" width=\"70\" height=\"70\" srcset=\"https:\/\/i0.wp.com\/www.serrarpharma.com\/wp-content\/uploads\/2021\/04\/Nongmo.png?w=150&amp;ssl=1 150w, https:\/\/i0.wp.com\/www.serrarpharma.com\/wp-content\/uploads\/2021\/04\/Nongmo.png?resize=100%2C100&amp;ssl=1 100w\" sizes=\"(max-width: 70px) 100vw, 70px\" data-recalc-dims=\"1\" \/><img loading=\"lazy\" class=\"alignnone wp-image-11799\" src=\"https:\/\/i0.wp.com\/www.serrarpharma.com\/wp-content\/uploads\/2021\/04\/ISO-07.png?resize=70%2C70&#038;ssl=1\" alt=\"\" width=\"70\" height=\"70\" srcset=\"https:\/\/i0.wp.com\/www.serrarpharma.com\/wp-content\/uploads\/2021\/04\/ISO-07.png?resize=300%2C300&amp;ssl=1 300w, https:\/\/i0.wp.com\/www.serrarpharma.com\/wp-content\/uploads\/2021\/04\/ISO-07.png?resize=150%2C150&amp;ssl=1 150w, https:\/\/i0.wp.com\/www.serrarpharma.com\/wp-content\/uploads\/2021\/04\/ISO-07.png?resize=100%2C100&amp;ssl=1 100w, https:\/\/i0.wp.com\/www.serrarpharma.com\/wp-content\/uploads\/2021\/04\/ISO-07.png?w=418&amp;ssl=1 418w\" sizes=\"(max-width: 70px) 100vw, 70px\" data-recalc-dims=\"1\" \/><\/p>\n<p><strong> A base di api <\/strong><br \/>\nIdratante<br \/>\nSmagliature<br \/>\nMani del giardiniere<br \/>\nInverno<br \/>\nVEGANO<br \/>\nSenza parabeni<br \/>\nSenza oli minerali<br \/>\nSenza profumo chimico<\/p>\n<p>Una tradizionale crema da notte in cera d&#8217;api e borace le cui origini risalgono a 100 anni fa. \u00c8 pi\u00f9 del 99% naturale, altamente emolliente. Contiene ingredienti a base di una densa emulsione di crema creata da una reazione di cera d&#8217;api e borace (ottenuta dalla roccia sedimentaria). Un burro dalla consistenza compatta che si scioglie a contatto con la pelle e si diffonde facilmente. Co-emulsionanti a base vegetale, olio di cocco biologico, glicerina e vitamina E sono combinati con un impressionante contenuto di olio naturale<br \/>\nSe hai bisogno di una crema idratante che prenda di mira la pelle secca o problematica, l&#8217;uso di canapa biologica spremuta a freddo e olio d&#8217;oliva ha i suoi benefici. Le propriet\u00e0 ricostituenti derivano dalla ritenzione degli acidi grassi essenziali e dal mantenimento del contenuto vitaminico.<br \/>\nForse una &#8220;crema barriera per neonati&#8221;, &#8220;crema mani del giardiniere&#8221;, &#8220;crema smagliature&#8221;, &#8220;crema tpe invernale&#8221; o un &#8220;balsamo per cuticole&#8221;. L&#8217;applicazione \u00e8 ampia e variegata, con un alto grado di soddisfazione del cliente. Nutriente e delicato sulla pelle sensibile, non unge. Questo prodotto pu\u00f2 essere utilizzato in diversi modi (talloni, piedi, gomiti o ginocchia ruvide).<\/p>\n<p><strong> Indicazioni: <\/strong><br \/>\nUtilizzare per tutto il corpo, in particolare per le zone ruvide e secche come talloni, piedi, gomiti e ginocchia. Essendo naturale, densa e di lunga durata, questa crema \u00e8 in grado di idratare le pelli pi\u00f9 secche. Massaggiare per stimolare la circolazione e far penetrare bene la crema. Questa crema pu\u00f2 essere utilizzata quotidianamente.<\/p>\n<p><strong> Avviso: <\/strong><br \/>\nFermati al minimo cambiamento o reazione. Se necessario, consultare un medico o informazioni sanitarie in caso di reazione allergica.<br \/>\nOgni pelle \u00e8 diversa e reagisce in modo diverso allo stesso cosmetico. Non forniamo consulenza personalizzata, non conosciamo la tua pelle.<br \/>\nPer qualsiasi consiglio personale, soprattutto se si \u00e8 sottoposti a cure mediche: consultare il proprio medico o dermatologo.<br \/>\nNon modificare mai un trattamento prescritto in base a ci\u00f2 che leggi su Internet.<\/p>\n<p>&nbsp;<\/p>\n<p><span style=\"color: #005890;\"><strong><span class=\"VIiyi\" lang=\"it\"><span class=\"JLqJ4b ChMk0b\" data-language-for-alternatives=\"it\" data-language-to-translate-into=\"en\" data-phrase-index=\"1\">PRODOTTO IN CANADA\u00a0\u00a0\u00a0 |<\/span> \u00a0\u00a0 <span class=\"JLqJ4b ChMk0b\" data-language-for-alternatives=\"it\" data-language-to-translate-into=\"en\" data-phrase-index=\"2\">CERTIFICATO GMP \u00a0\u00a0 |<\/span> \u00a0\u00a0 <span class=\"JLqJ4b ChMk0b\" data-language-for-alternatives=\"it\" data-language-to-translate-into=\"en\" data-phrase-index=\"3\">NON OGM \u00a0\u00a0 |<\/span> \u00a0\u00a0 <span class=\"JLqJ4b ChMk0b\" data-language-for-alternatives=\"it\" data-language-to-translate-into=\"en\" data-phrase-index=\"4\">LAB. CERTIFICATO ISO 17025<\/span><\/span><\/strong><\/span><\/p>\n","protected":false},"excerpt":{"rendered":"<p>A base di api Idratante Smagliature Mani del giardiniere Inverno VEGANO Senza parabeni Senza oli minerali Senza profumo chimico Una tradizionale crema da notte in cera d&#8217;api e borace le cui origini risalgono a 100 anni fa. \u00c8 pi\u00f9 del 99% naturale, altamente emolliente. Contiene ingredienti a base di una densa emulsione di crema creata [&hellip;]<\/p>\n","protected":false},"featured_media":9162,"template":"","meta":{"hide_page_title":"","_coblocks_attr":"","_coblocks_dimensions":"","_coblocks_responsive_height":"","_coblocks_accordion_ie_support":""},"product_cat":[24],"product_tag":[],"translation":{"provider":"WPGlobus","version":"3.0.1","language":"it","enabled_languages":["en","es","fr","ar","pt","it"],"languages":{"en":{"title":true,"content":true,"excerpt":false},"es":{"title":false,"content":true,"excerpt":false},"fr":{"title":true,"content":true,"excerpt":false},"ar":{"title":false,"content":true,"excerpt":false},"pt":{"title":false,"content":true,"excerpt":false},"it":{"title":false,"content":true,"excerpt":false}}},"_links":{"self":[{"href":"https:\/\/www.serrarpharma.com\/it\/wp-json\/wp\/v2\/product\/8333"}],"collection":[{"href":"https:\/\/www.serrarpharma.com\/it\/wp-json\/wp\/v2\/product"}],"about":[{"href":"https:\/\/www.serrarpharma.com\/it\/wp-json\/wp\/v2\/types\/product"}],"wp:featuredmedia":[{"embeddable":true,"href":"https:\/\/www.serrarpharma.com\/it\/wp-json\/wp\/v2\/media\/9162"}],"wp:attachment":[{"href":"https:\/\/www.serrarpharma.com\/it\/wp-json\/wp\/v2\/media?parent=8333"}],"wp:term":[{"taxonomy":"product_cat","embeddable":true,"href":"https:\/\/www.serrarpharma.com\/it\/wp-json\/wp\/v2\/product_cat?post=8333"},{"taxonomy":"product_tag","embeddable":true,"href":"https:\/\/www.serrarpharma.com\/it\/wp-json\/wp\/v2\/product_tag?post=8333"}],"curies":[{"name":"wp","href":"https:\/\/api.w.org\/{rel}","templated":true}]}}