{"id":8320,"date":"2020-09-20T21:17:58","date_gmt":"2020-09-21T01:17:58","guid":{"rendered":"https:\/\/www.serrarpharma.com\/?post_type=product&#038;p=8320"},"modified":"2024-08-21T22:36:40","modified_gmt":"2024-08-22T02:36:40","slug":"beau-regard-naturo-lashes","status":"publish","type":"product","link":"https:\/\/www.serrarpharma.com\/it\/product\/beau-regard-naturo-lashes\/","title":{"rendered":"BEAU REGARD NATURO-LASHES"},"content":{"rendered":"<p><img loading=\"lazy\" class=\"alignnone wp-image-11371\" src=\"https:\/\/i0.wp.com\/www.serrarpharma.com\/wp-content\/uploads\/2021\/04\/Made-in-CA.png?resize=70%2C70&#038;ssl=1\" alt=\"\" width=\"70\" height=\"70\" srcset=\"https:\/\/i0.wp.com\/www.serrarpharma.com\/wp-content\/uploads\/2021\/04\/Made-in-CA.png?w=150&amp;ssl=1 150w, https:\/\/i0.wp.com\/www.serrarpharma.com\/wp-content\/uploads\/2021\/04\/Made-in-CA.png?resize=100%2C100&amp;ssl=1 100w\" sizes=\"(max-width: 70px) 100vw, 70px\" data-recalc-dims=\"1\" \/><img loading=\"lazy\" class=\"alignnone wp-image-11370\" src=\"https:\/\/i0.wp.com\/www.serrarpharma.com\/wp-content\/uploads\/2021\/04\/GMP.png?resize=70%2C70&#038;ssl=1\" alt=\"\" width=\"70\" height=\"70\" srcset=\"https:\/\/i0.wp.com\/www.serrarpharma.com\/wp-content\/uploads\/2021\/04\/GMP.png?w=150&amp;ssl=1 150w, https:\/\/i0.wp.com\/www.serrarpharma.com\/wp-content\/uploads\/2021\/04\/GMP.png?resize=100%2C100&amp;ssl=1 100w\" sizes=\"(max-width: 70px) 100vw, 70px\" data-recalc-dims=\"1\" \/><img loading=\"lazy\" class=\"alignnone wp-image-11369\" src=\"https:\/\/i0.wp.com\/www.serrarpharma.com\/wp-content\/uploads\/2021\/04\/Nongmo.png?resize=70%2C70&#038;ssl=1\" alt=\"\" width=\"70\" height=\"70\" srcset=\"https:\/\/i0.wp.com\/www.serrarpharma.com\/wp-content\/uploads\/2021\/04\/Nongmo.png?w=150&amp;ssl=1 150w, https:\/\/i0.wp.com\/www.serrarpharma.com\/wp-content\/uploads\/2021\/04\/Nongmo.png?resize=100%2C100&amp;ssl=1 100w\" sizes=\"(max-width: 70px) 100vw, 70px\" data-recalc-dims=\"1\" \/><img loading=\"lazy\" class=\"alignnone wp-image-11799\" src=\"https:\/\/i0.wp.com\/www.serrarpharma.com\/wp-content\/uploads\/2021\/04\/ISO-07.png?resize=70%2C70&#038;ssl=1\" alt=\"\" width=\"70\" height=\"70\" srcset=\"https:\/\/i0.wp.com\/www.serrarpharma.com\/wp-content\/uploads\/2021\/04\/ISO-07.png?resize=300%2C300&amp;ssl=1 300w, https:\/\/i0.wp.com\/www.serrarpharma.com\/wp-content\/uploads\/2021\/04\/ISO-07.png?resize=150%2C150&amp;ssl=1 150w, https:\/\/i0.wp.com\/www.serrarpharma.com\/wp-content\/uploads\/2021\/04\/ISO-07.png?resize=100%2C100&amp;ssl=1 100w, https:\/\/i0.wp.com\/www.serrarpharma.com\/wp-content\/uploads\/2021\/04\/ISO-07.png?w=418&amp;ssl=1 418w\" sizes=\"(max-width: 70px) 100vw, 70px\" data-recalc-dims=\"1\" \/><\/p>\n<p>&nbsp;<\/p>\n<p>Nutre &#8211; Idrata<br \/>\nRafforza &#8211; Morbidezza<br \/>\nStimola la ricrescita<br \/>\nBrilla &#8211; Si addensa<\/p>\n<p>Il trucco e il tempo rendono le tue ciglia sottilissime, irregolari, fragili e perdono volume. Il miglior modo naturale per far crescere le tue ciglia: NATURO-LASHES BIO SERUM. \u00c8 una soluzione naturale ed efficace per ridare splendore alle tue ciglia e ai tuoi occhi. I risultati sono sorprendenti sulle tue ciglia. NATURO-LASHES BIO SERUM \u00e8 efficace nel nutrire e favorire la crescita delle ciglia. Ricco di omega 6 e 9, vitamine, minerali, proteine \u200b\u200be acidi grassi, il NATURO-LASHES BIO SERUM si prende cura delle tue ciglia e le idrata in profondit\u00e0. Li rafforza e li rende pi\u00f9 flessibili. Dona lucentezza alle ciglia, e soprattutto le rende pi\u00f9 dense e folte. La loro crescita \u00e8 accelerata e loro sono di pi\u00f9<\/p>\n<p>Indicazioni:<br \/>\nUtilizzato per ciglia indebolite, fragili e meno dense!<br \/>\nSubito dopo aver iniziato ad applicare NATURO-CILS BIO SERUM sulle tue ciglia, saranno pi\u00f9:<br \/>\n\u2022 fornito \u2022 lucido<br \/>\n\u2022 buio<br \/>\n\u2022 di spessore<br \/>\nBonus: poich\u00e9 le tue ciglia sono pi\u00f9 sane, crescono anche pi\u00f9 velocemente. Essendo pi\u00f9 resistenti, sono anche pi\u00f9 belle e pi\u00f9 lunghe. Un circolo virtuoso per le tue ciglia!<\/p>\n<p><strong> Indicazioni: <\/strong><br \/>\nL&#8217;olio di ricino \u00e8 usato puro. Per risultati visibili e rapidi, usa questo siero sulle ciglia 30 minuti prima di andare a letto, in modo da non sporcare il cuscino, con il suo pennello perfettamente adatto per l&#8217;applicazione diretta sulle ciglia. Applicare dalla radice alla punta. Al risveglio, rimuovi l&#8217;eccesso con uno struccante.<\/p>\n<p>NB: Attenzione per\u00f2 a non farlo entrare negli occhi, poich\u00e9 si tratta di un olio particolarmente viscoso e pu\u00f2 essere irritante. In questo caso risciacquare abbondantemente con acqua pulita.<\/p>\n<p><strong> Suggerimenti per l&#8217;uso: <\/strong><br \/>\nPianifica di completare una cura di almeno 4 settimane con un&#8217;applicazione giornaliera e di rinnovare la sua applicazione due o tre volte l&#8217;anno. L&#8217;intero segreto \u00e8 presente! Puoi anche aggiungere 2 gocce di olio di ricino al tuo normale tubo del mascara.<br \/>\nFai attenzione a non usarne di pi\u00f9 e scegli un tubetto di mascara gi\u00e0 ben avviato. Inoltre, non dimenticare di mescolare bene il prodotto prima di applicarlo sulle ciglia. In questo caso, lascia asciugare bene il mascara prima di continuare ad applicare il trucco per evitare di danneggiarlo.<\/p>\n<p><strong> Avviso: <\/strong><br \/>\nFermati al minimo cambiamento o reazione. Se necessario, consultare un medico o informazioni sanitarie in caso di reazione allergica.<br \/>\nOgni pelle \u00e8 diversa e reagisce in modo diverso allo stesso cosmetico. Non forniamo consulenza personalizzata, non conosciamo la tua pelle.<br \/>\nPer qualsiasi consiglio personale, soprattutto se si \u00e8 sottoposti a cure mediche: consultare il proprio medico o dermatologo.<br \/>\nNon modificare mai un trattamento prescritto in base a ci\u00f2 che leggi su Internet.<\/p>\n<p>&nbsp;<\/p>\n<p><span style=\"color: #005890;\"><strong><span class=\"VIiyi\" lang=\"it\"><span class=\"JLqJ4b ChMk0b\" data-language-for-alternatives=\"it\" data-language-to-translate-into=\"en\" data-phrase-index=\"1\">PRODOTTO IN CANADA <span class=\"VIiyi\" lang=\"es\"> \u00a0\u00a0\u00a0\u00a0 <\/span>|<\/span> <span class=\"VIiyi\" lang=\"es\"> \u00a0\u00a0\u00a0\u00a0 <\/span><span class=\"JLqJ4b ChMk0b\" data-language-for-alternatives=\"it\" data-language-to-translate-into=\"en\" data-phrase-index=\"2\">CERTIFICATO GMP <span class=\"VIiyi\" lang=\"es\"> \u00a0\u00a0\u00a0\u00a0 <\/span>|<\/span> <span class=\"VIiyi\" lang=\"es\"> \u00a0\u00a0\u00a0\u00a0 <\/span><span class=\"JLqJ4b ChMk0b\" data-language-for-alternatives=\"it\" data-language-to-translate-into=\"en\" data-phrase-index=\"3\">NON OGM <span class=\"VIiyi\" lang=\"es\"> \u00a0\u00a0\u00a0\u00a0 <\/span>|<\/span> <span class=\"VIiyi\" lang=\"es\"> \u00a0\u00a0\u00a0\u00a0 <\/span><span class=\"JLqJ4b ChMk0b\" data-language-for-alternatives=\"it\" data-language-to-translate-into=\"en\" data-phrase-index=\"4\">LAB. CERTIFICATO ISO 17025<\/span><\/span><\/strong><\/span><\/p>\n","protected":false},"excerpt":{"rendered":"<p>&nbsp; Nutre &#8211; Idrata Rafforza &#8211; Morbidezza Stimola la ricrescita Brilla &#8211; Si addensa Il trucco e il tempo rendono le tue ciglia sottilissime, irregolari, fragili e perdono volume. Il miglior modo naturale per far crescere le tue ciglia: NATURO-LASHES BIO SERUM. \u00c8 una soluzione naturale ed efficace per ridare splendore alle tue ciglia e [&hellip;]<\/p>\n","protected":false},"featured_media":8505,"template":"","meta":{"hide_page_title":"","_coblocks_attr":"","_coblocks_dimensions":"","_coblocks_responsive_height":"","_coblocks_accordion_ie_support":""},"product_cat":[23],"product_tag":[],"translation":{"provider":"WPGlobus","version":"3.0.1","language":"it","enabled_languages":["en","es","fr","ar","pt","it"],"languages":{"en":{"title":true,"content":true,"excerpt":false},"es":{"title":false,"content":true,"excerpt":false},"fr":{"title":true,"content":true,"excerpt":false},"ar":{"title":false,"content":true,"excerpt":false},"pt":{"title":false,"content":true,"excerpt":false},"it":{"title":false,"content":true,"excerpt":false}}},"_links":{"self":[{"href":"https:\/\/www.serrarpharma.com\/it\/wp-json\/wp\/v2\/product\/8320"}],"collection":[{"href":"https:\/\/www.serrarpharma.com\/it\/wp-json\/wp\/v2\/product"}],"about":[{"href":"https:\/\/www.serrarpharma.com\/it\/wp-json\/wp\/v2\/types\/product"}],"wp:featuredmedia":[{"embeddable":true,"href":"https:\/\/www.serrarpharma.com\/it\/wp-json\/wp\/v2\/media\/8505"}],"wp:attachment":[{"href":"https:\/\/www.serrarpharma.com\/it\/wp-json\/wp\/v2\/media?parent=8320"}],"wp:term":[{"taxonomy":"product_cat","embeddable":true,"href":"https:\/\/www.serrarpharma.com\/it\/wp-json\/wp\/v2\/product_cat?post=8320"},{"taxonomy":"product_tag","embeddable":true,"href":"https:\/\/www.serrarpharma.com\/it\/wp-json\/wp\/v2\/product_tag?post=8320"}],"curies":[{"name":"wp","href":"https:\/\/api.w.org\/{rel}","templated":true}]}}