{"id":8303,"date":"2020-09-30T16:01:21","date_gmt":"2020-09-30T16:01:21","guid":{"rendered":"https:\/\/www.serrarpharma.com\/?post_type=product&#038;p=8303"},"modified":"2024-08-21T20:21:31","modified_gmt":"2024-08-22T00:21:31","slug":"beau-regard-eye-serum-45","status":"publish","type":"product","link":"https:\/\/www.serrarpharma.com\/it\/product\/beau-regard-eye-serum-45\/","title":{"rendered":"BEAU REGARD EYE SERUM 45+"},"content":{"rendered":"<p><img loading=\"lazy\" class=\"alignnone wp-image-11371\" src=\"https:\/\/i0.wp.com\/www.serrarpharma.com\/wp-content\/uploads\/2021\/04\/Made-in-CA.png?resize=70%2C70&#038;ssl=1\" alt=\"\" width=\"70\" height=\"70\" srcset=\"https:\/\/i0.wp.com\/www.serrarpharma.com\/wp-content\/uploads\/2021\/04\/Made-in-CA.png?w=150&amp;ssl=1 150w, https:\/\/i0.wp.com\/www.serrarpharma.com\/wp-content\/uploads\/2021\/04\/Made-in-CA.png?resize=100%2C100&amp;ssl=1 100w\" sizes=\"(max-width: 70px) 100vw, 70px\" data-recalc-dims=\"1\" \/><img loading=\"lazy\" class=\"alignnone wp-image-11370\" src=\"https:\/\/i0.wp.com\/www.serrarpharma.com\/wp-content\/uploads\/2021\/04\/GMP.png?resize=70%2C70&#038;ssl=1\" alt=\"\" width=\"70\" height=\"70\" srcset=\"https:\/\/i0.wp.com\/www.serrarpharma.com\/wp-content\/uploads\/2021\/04\/GMP.png?w=150&amp;ssl=1 150w, https:\/\/i0.wp.com\/www.serrarpharma.com\/wp-content\/uploads\/2021\/04\/GMP.png?resize=100%2C100&amp;ssl=1 100w\" sizes=\"(max-width: 70px) 100vw, 70px\" data-recalc-dims=\"1\" \/><img loading=\"lazy\" class=\"alignnone wp-image-11369\" src=\"https:\/\/i0.wp.com\/www.serrarpharma.com\/wp-content\/uploads\/2021\/04\/Nongmo.png?resize=70%2C70&#038;ssl=1\" alt=\"\" width=\"70\" height=\"70\" srcset=\"https:\/\/i0.wp.com\/www.serrarpharma.com\/wp-content\/uploads\/2021\/04\/Nongmo.png?w=150&amp;ssl=1 150w, https:\/\/i0.wp.com\/www.serrarpharma.com\/wp-content\/uploads\/2021\/04\/Nongmo.png?resize=100%2C100&amp;ssl=1 100w\" sizes=\"(max-width: 70px) 100vw, 70px\" data-recalc-dims=\"1\" \/><img loading=\"lazy\" class=\"alignnone wp-image-11799\" src=\"https:\/\/i0.wp.com\/www.serrarpharma.com\/wp-content\/uploads\/2021\/04\/ISO-07.png?resize=70%2C70&#038;ssl=1\" alt=\"\" width=\"70\" height=\"70\" srcset=\"https:\/\/i0.wp.com\/www.serrarpharma.com\/wp-content\/uploads\/2021\/04\/ISO-07.png?resize=300%2C300&amp;ssl=1 300w, https:\/\/i0.wp.com\/www.serrarpharma.com\/wp-content\/uploads\/2021\/04\/ISO-07.png?resize=150%2C150&amp;ssl=1 150w, https:\/\/i0.wp.com\/www.serrarpharma.com\/wp-content\/uploads\/2021\/04\/ISO-07.png?resize=100%2C100&amp;ssl=1 100w, https:\/\/i0.wp.com\/www.serrarpharma.com\/wp-content\/uploads\/2021\/04\/ISO-07.png?w=418&amp;ssl=1 418w\" sizes=\"(max-width: 70px) 100vw, 70px\" data-recalc-dims=\"1\" \/><\/p>\n<p><strong> Siero per gli occhi <\/strong><br \/>\nAnti rughe profonde<br \/>\nAnti-occhiaie<br \/>\nAnti-gonfiore<br \/>\nAntiossidante<br \/>\nDitte &#8211; Tonalit\u00e0<br \/>\nLenisce &#8211; Rivitalizza<br \/>\nRiduce il grasso in eccesso<br \/>\nSotto il mento e il collo<\/p>\n<p>Gli occhi sono lo specchio della bellezza interiore di ciascuno. Eye Serum \u00e8 progettato per trattare e ridurre occhiaie, borse sotto gli occhi e segni del tempo. \u00c8 ricco di potenti attivi che incorporano anni di ricerca sulla pelle idratata, morbida ed elastica. Ogni ingrediente ha un punto di forza, motivo per cui combiniamo molti ingredienti in tutti i nostri prodotti per coprire un&#8217;ampia gamma di tipi di pelle e diversi cambiamenti di et\u00e0.<\/p>\n<p>Un liquido limpido e senza olio per gel per il viso o sieri per gli occhi. A questo siero sono stati aggiunti principi attivi specifici che riducono le occhiaie. Le propriet\u00e0 cosmetiche hanno PAL-GHK e PAL-GQPR che rafforzano la compattezza e il tono del contorno occhi. La crisina e l&#8217;N-idrossisuccinimmide favoriscono l&#8217;eliminazione dei pigmenti di origine sanguigna sotto gli occhi, responsabili dei colori delle occhiaie. Questo siero include anche peptidi generalmente utilizzati nei prodotti rassodanti per il viso. Abbiamo aumentato questi peptidi con l&#8217;idratazione (20+ anni), il Complesso per la riduzione delle rughe fini (35+ anni) e le rughe profonde (45+ anni). I tre sieri sono tutti molto utili per occhiaie e borse di tutte le et\u00e0.<\/p>\n<p><strong> Ingredienti chiave: <\/strong><br \/>\n\u2022 Crisina e N-idrossisuccinimmide: favoriscono l&#8217;eliminazione dei pigmenti di origine sanguigna * sotto gli occhi.<br \/>\n\u2022 PAL-GHK e PAL-GQPR: (combinazione di due peptidi palmitoilato): rafforzano la compattezza e il tono del contorno occhi.<br \/>\n\u2022 Estratto di Cetriolo: incluso per le sue propriet\u00e0 lenitive e rivitalizzanti, con capacit\u00e0 antinfiammatorie e rassodanti. Un astringente naturale e aiuta a stringere i pori. Contiene potassio, silicio e zolfo. Dona una sensazione lenitiva.<br \/>\n\u2022 Estratto di soia: gli isoflavoni di soia sono i pi\u00f9 potenti fitoestrogeni antiossidanti. Supporta elasticit\u00e0 e compattezza, aiutando a mantenere la pelle morbida e flessibile secondo necessit\u00e0, mentre ricostruisce il collagene danneggiato.<br \/>\n\u2022 Ignami selvatici: agiscono come un peptide naturale che imita il deidroepiandrosterone (DHEA) **.<br \/>\n\u2022 Guaran\u00e1 ***: utilizzato nei prodotti per la cura del corpo per le sue propriet\u00e0 tonificanti e astringenti, e nel trattamento della cellulite per le sue azioni lipolitiche e vasodilatatrici ****. Il suo utilizzo nel SIERO OCCHI ha lo scopo di ridurre il gonfiore intorno agli occhi e il grasso in eccesso sotto il mento e il collo.<br \/>\n\u2022 Estratto d&#8217;uva: ricco di flavonoidi, sostanze fitochimiche che hanno propriet\u00e0 antiossidanti come la vitamina C e la vitamina E. Si ritiene che gli antiossidanti prevengano e controllino molte malattie proteggendo le cellule dai danni di molecole di ossigeno instabili chiamate radicali liberi.<br \/>\n\u2022 T\u00e8 verde giapponese: segnalato per combattere i danni eccessivi del sole e l&#8217;ambiente. Principalmente, questa antica pianta asiatica ha la capacit\u00e0 di impedire ai radicali liberi di danneggiare ulteriormente la struttura cellulare.<br \/>\n\u2022 Fungo selvatico: un astringente naturale che migliora la compattezza e la compattezza della pelle riducendo la comparsa dei pori.<br \/>\n\u2022 ACB Bio-Chelate 5 PF: minerali oceanici contenenti alte concentrazioni di selenio, magnesio, rame, zinco, calcio, germanio destinati a sostituire questi minerali necessari impoveriti dall&#8217;esposizione ambientale quotidiana.<\/p>\n<p>* I pigmenti del sangue sono responsabili dei colori del cerchio scuro.<br \/>\n** Essendo uno degli elementi costitutivi del corpo, il miglioramento dei livelli di DHEA \u00e8 stato correlato a un migliore senso di benessere, riduzione del grasso corporeo e miglioramento del tono e dell&#8217;umidit\u00e0 della pelle, sebbene molti lo associno alla menopausa. \u00c8 un potente farmaco antinfiammatorio che aiuta ad accelerare la rigenerazione dei tessuti, portando alla normalizzazione della pelle danneggiata.<br \/>\n*** Il guaran\u00e1 \u00e8 un arbusto rampicante originario dell&#8217;Amazzonia (e in particolare delle regioni di Manaus e Parintins). Nella lussureggiante Amazzonia brasiliana dove \u00e8 originario, spesso cresce fino a 40 piedi di altezza. A parte la sua popolarit\u00e0 in una bevanda, l&#8217;attivit\u00e0 terapeutica del Guaran\u00e1 e il suo uso come stimolante provengono dagli alcaloidi xantinici (caffeina, teofillina, teobromina) dove la caffeina da sola ha dimostrato di facilitare la perdita di grasso e ridurre la perdita di grasso. stanco.<br \/>\n**** Vasodilatatore: apertura dei capillari nella pelle in risposta a temperature elevate o stimolazione, aumentando cos\u00ec il flusso sanguigno alla superficie del corpo.<\/p>\n<p><strong> Indicazioni: <\/strong><br \/>\nPrendi una piccola quantit\u00e0 dalla punta delle dita. Quindi, liscia l&#8217;arcata sopracciliare, sotto l&#8217;occhio e dall&#8217;angolo interno a quello esterno. Per ottimizzare i risultati, applicare la crema ECLAT * di giorno e la crema DERM * di notte (* Dr SERRAR\u00ae).<\/p>\n<p><strong> Avviso: <\/strong><br \/>\nFermati al minimo cambiamento o reazione. Se necessario, consultare un medico o informazioni sanitarie in caso di reazione allergica.<br \/>\nOgni pelle \u00e8 diversa e reagisce in modo diverso allo stesso cosmetico. Non forniamo consulenza personalizzata, non conosciamo la tua pelle.<br \/>\nPer qualsiasi consiglio personale, soprattutto se si \u00e8 sottoposti a cure mediche: consultare il proprio medico o dermatologo.<br \/>\nNon modificare mai un trattamento prescritto in base a ci\u00f2 che leggi su Internet.<\/p>\n<p>&nbsp;<\/p>\n<p><span style=\"color: #005890;\"><strong><span class=\"VIiyi\" lang=\"it\"><span class=\"JLqJ4b ChMk0b\" data-language-for-alternatives=\"it\" data-language-to-translate-into=\"en\" data-phrase-index=\"1\">PRODOTTO IN CANADA\u00a0\u00a0\u00a0 |<\/span> \u00a0\u00a0 <span class=\"JLqJ4b ChMk0b\" data-language-for-alternatives=\"it\" data-language-to-translate-into=\"en\" data-phrase-index=\"2\">CERTIFICATO GMP \u00a0\u00a0 |<\/span> \u00a0\u00a0 <span class=\"JLqJ4b ChMk0b\" data-language-for-alternatives=\"it\" data-language-to-translate-into=\"en\" data-phrase-index=\"3\">NON OGM \u00a0\u00a0 |<\/span> \u00a0\u00a0 <span class=\"JLqJ4b ChMk0b\" data-language-for-alternatives=\"it\" data-language-to-translate-into=\"en\" data-phrase-index=\"4\">LAB. CERTIFICATO ISO 17025<\/span><\/span><\/strong><\/span><\/p>\n","protected":false},"excerpt":{"rendered":"<p>Siero per gli occhi Anti rughe profonde Anti-occhiaie Anti-gonfiore Antiossidante Ditte &#8211; Tonalit\u00e0 Lenisce &#8211; Rivitalizza Riduce il grasso in eccesso Sotto il mento e il collo Gli occhi sono lo specchio della bellezza interiore di ciascuno. Eye Serum \u00e8 progettato per trattare e ridurre occhiaie, borse sotto gli occhi e segni del tempo. \u00c8 [&hellip;]<\/p>\n","protected":false},"featured_media":8470,"template":"","meta":{"hide_page_title":"","_coblocks_attr":"","_coblocks_dimensions":"","_coblocks_responsive_height":"","_coblocks_accordion_ie_support":""},"product_cat":[23],"product_tag":[],"translation":{"provider":"WPGlobus","version":"3.0.1","language":"it","enabled_languages":["en","es","fr","ar","pt","it"],"languages":{"en":{"title":true,"content":true,"excerpt":false},"es":{"title":false,"content":true,"excerpt":false},"fr":{"title":false,"content":true,"excerpt":false},"ar":{"title":false,"content":true,"excerpt":false},"pt":{"title":false,"content":true,"excerpt":false},"it":{"title":false,"content":true,"excerpt":false}}},"_links":{"self":[{"href":"https:\/\/www.serrarpharma.com\/it\/wp-json\/wp\/v2\/product\/8303"}],"collection":[{"href":"https:\/\/www.serrarpharma.com\/it\/wp-json\/wp\/v2\/product"}],"about":[{"href":"https:\/\/www.serrarpharma.com\/it\/wp-json\/wp\/v2\/types\/product"}],"wp:featuredmedia":[{"embeddable":true,"href":"https:\/\/www.serrarpharma.com\/it\/wp-json\/wp\/v2\/media\/8470"}],"wp:attachment":[{"href":"https:\/\/www.serrarpharma.com\/it\/wp-json\/wp\/v2\/media?parent=8303"}],"wp:term":[{"taxonomy":"product_cat","embeddable":true,"href":"https:\/\/www.serrarpharma.com\/it\/wp-json\/wp\/v2\/product_cat?post=8303"},{"taxonomy":"product_tag","embeddable":true,"href":"https:\/\/www.serrarpharma.com\/it\/wp-json\/wp\/v2\/product_tag?post=8303"}],"curies":[{"name":"wp","href":"https:\/\/api.w.org\/{rel}","templated":true}]}}