{"id":8300,"date":"2020-09-20T18:15:41","date_gmt":"2020-09-20T22:15:41","guid":{"rendered":"https:\/\/www.serrarpharma.com\/?post_type=product&#038;p=8300"},"modified":"2024-08-21T22:46:33","modified_gmt":"2024-08-22T02:46:33","slug":"sublime-night-cream","status":"publish","type":"product","link":"https:\/\/www.serrarpharma.com\/it\/product\/sublime-night-cream\/","title":{"rendered":"SUBLIME NIGHT CREAM"},"content":{"rendered":"<p><strong><img loading=\"lazy\" class=\"alignnone wp-image-11371\" src=\"https:\/\/i0.wp.com\/www.serrarpharma.com\/wp-content\/uploads\/2021\/04\/Made-in-CA.png?resize=70%2C70&#038;ssl=1\" alt=\"\" width=\"70\" height=\"70\" srcset=\"https:\/\/i0.wp.com\/www.serrarpharma.com\/wp-content\/uploads\/2021\/04\/Made-in-CA.png?w=150&amp;ssl=1 150w, https:\/\/i0.wp.com\/www.serrarpharma.com\/wp-content\/uploads\/2021\/04\/Made-in-CA.png?resize=100%2C100&amp;ssl=1 100w\" sizes=\"(max-width: 70px) 100vw, 70px\" data-recalc-dims=\"1\" \/><img loading=\"lazy\" class=\"alignnone wp-image-11370\" src=\"https:\/\/i0.wp.com\/www.serrarpharma.com\/wp-content\/uploads\/2021\/04\/GMP.png?resize=70%2C70&#038;ssl=1\" alt=\"\" width=\"70\" height=\"70\" srcset=\"https:\/\/i0.wp.com\/www.serrarpharma.com\/wp-content\/uploads\/2021\/04\/GMP.png?w=150&amp;ssl=1 150w, https:\/\/i0.wp.com\/www.serrarpharma.com\/wp-content\/uploads\/2021\/04\/GMP.png?resize=100%2C100&amp;ssl=1 100w\" sizes=\"(max-width: 70px) 100vw, 70px\" data-recalc-dims=\"1\" \/><img loading=\"lazy\" class=\"alignnone wp-image-11369\" src=\"https:\/\/i0.wp.com\/www.serrarpharma.com\/wp-content\/uploads\/2021\/04\/Nongmo.png?resize=70%2C70&#038;ssl=1\" alt=\"\" width=\"70\" height=\"70\" srcset=\"https:\/\/i0.wp.com\/www.serrarpharma.com\/wp-content\/uploads\/2021\/04\/Nongmo.png?w=150&amp;ssl=1 150w, https:\/\/i0.wp.com\/www.serrarpharma.com\/wp-content\/uploads\/2021\/04\/Nongmo.png?resize=100%2C100&amp;ssl=1 100w\" sizes=\"(max-width: 70px) 100vw, 70px\" data-recalc-dims=\"1\" \/><img loading=\"lazy\" class=\"alignnone wp-image-11799\" src=\"https:\/\/i0.wp.com\/www.serrarpharma.com\/wp-content\/uploads\/2021\/04\/ISO-07.png?resize=70%2C70&#038;ssl=1\" alt=\"\" width=\"70\" height=\"70\" srcset=\"https:\/\/i0.wp.com\/www.serrarpharma.com\/wp-content\/uploads\/2021\/04\/ISO-07.png?resize=300%2C300&amp;ssl=1 300w, https:\/\/i0.wp.com\/www.serrarpharma.com\/wp-content\/uploads\/2021\/04\/ISO-07.png?resize=150%2C150&amp;ssl=1 150w, https:\/\/i0.wp.com\/www.serrarpharma.com\/wp-content\/uploads\/2021\/04\/ISO-07.png?resize=100%2C100&amp;ssl=1 100w, https:\/\/i0.wp.com\/www.serrarpharma.com\/wp-content\/uploads\/2021\/04\/ISO-07.png?w=418&amp;ssl=1 418w\" sizes=\"(max-width: 70px) 100vw, 70px\" data-recalc-dims=\"1\" \/><\/strong><\/p>\n<p>&nbsp;<\/p>\n<p><strong>Et\u00e0 45+<br \/>\nPeptide DHEA<br \/>\nEffetto <\/strong><br \/>\nLinee profonde<br \/>\nIdrata<br \/>\nImprese<br \/>\nAntiossidante<br \/>\nStringe i pori<br \/>\nPelle giovane<br \/>\nAnti et\u00e0<\/p>\n<p>C&#8217;\u00e8 l&#8217;inclusione di altri 3 ingredienti: estratto di soia, igname selvatico e guaran\u00e0. Questa crema giorno e notte \u00e8 progettata per le pelli pi\u00f9 mature. Ogni ingrediente ha un punto di forza. Ecco perch\u00e9 combiniamo molti ingredienti in tutti i nostri complessi per coprire una vasta gamma di tipi di pelle e diversi cambiamenti.<\/p>\n<p>Crema da notte dalla sensazione leggermente pi\u00f9 densa e dalle propriet\u00e0 pi\u00f9 idratanti. Avendo una qualit\u00e0 eccezionale, include oli pi\u00f9 naturali e un colore pi\u00f9 chiaro grazie all&#8217;uso di jojoba estratto senza solventi. Con l&#8217;ulteriore vantaggio di Olive Squalane, molto apprezzato per le sue propriet\u00e0 idratanti. La nostra crema da notte altamente emolliente \u00e8 pensata per la pelle che richiede naturalmente pi\u00f9 oli senza lasciare una sensazione di unto. Questa crema \u00e8 perfetta per climi secchi e aridi o anche per il caldo ventilato in inverno.<\/p>\n<p><strong> Ingredienti chiave: <\/strong><br \/>\n\u25cf Estratto di soia: gli isoflavoni di soia sono i pi\u00f9 potenti fitoestrogeni antiossidanti; sostenere l&#8217;elasticit\u00e0 e la compattezza, aiutando a mantenere la pelle morbida e flessibile secondo necessit\u00e0, ricostruendo il collagene danneggiato.<br \/>\n\u25cf Ignami selvatici: agiscono come un peptide naturale che imita il deidroepiandrosterone (DHEA) ** nella pelle.<br \/>\n\u25cf Guaran\u00e1: utilizzato nei prodotti per la cura del corpo per le sue propriet\u00e0 tonificanti e astringenti e nel trattamento della cellulite per le sue azioni lipolitiche e vasodilatatrici *. Il suo utilizzo ha lo scopo di ridurre il grasso in eccesso sotto il mento e il collo.<br \/>\n\u25cf Estratto d&#8217;uva: ricco di flavonoidi, sostanze fitochimiche che hanno propriet\u00e0 antiossidanti come la vitamina C e la vitamina E. Si ritiene che gli antiossidanti prevengano e controllino molte malattie proteggendo le cellule dai danni di molecole di ossigeno instabili chiamate radicali libere.<br \/>\n\u25cf T\u00e8 verde giapponese: noto per combattere i danni eccessivi del sole e l&#8217;ambiente. Principalmente, questa antica pianta asiatica ha la capacit\u00e0 di impedire ai radicali liberi di danneggiare ulteriormente la struttura cellulare.<br \/>\n\u25cf Fungo selvatico: un astringente naturale che migliora la compattezza e la compattezza della pelle riducendo la comparsa dei pori.<br \/>\n\u25cf Estratto di Cetriolo: incluso per le sue propriet\u00e0 lenitive e rivitalizzanti, con capacit\u00e0 antinfiammatorie e rassodanti. Un astringente naturale che aiuta a stringere i pori. Contiene potassio, silicio e zolfo. Dona una sensazione lenitiva.<br \/>\n\u2022 ACB Bio-Chelate 5 PF: minerali oceanici contenenti alte concentrazioni di selenio, magnesio, rame, zinco, calcio, germanio destinati a sostituire questi minerali necessari impoveriti dall&#8217;esposizione ambientale quotidiana.<\/p>\n<p><strong> Indicazioni: <\/strong><br \/>\nApplicare su viso, collo e d\u00e9collet\u00e9 dopo aver deterso e tonificato la pelle con FRESH TONER *. Per ottimizzare i risultati, applicare VITAMIN C SERUM BIO * prima della crema giorno SUBLIME * durante il giorno e completare il trattamento di notte con la crema notte SUBLIME * (* Dr SERRAR\u00ae BIO).<br \/>\nATTENZIONE: evitare il contatto con occhi e bocca. In caso di irritazione, interrompere l&#8217;uso. Tenere fuori dalla portata dei bambini.<\/p>\n<p><strong> Avviso: <\/strong><br \/>\nFermati al minimo cambiamento o reazione. Se necessario, consultare un medico o informazioni sanitarie in caso di reazione allergica.<br \/>\nOgni pelle \u00e8 diversa e reagisce in modo diverso allo stesso cosmetico. Non forniamo consulenza personalizzata, non conosciamo la tua pelle.<br \/>\nPer qualsiasi consiglio personale, soprattutto se si \u00e8 sottoposti a cure mediche: consultare il proprio medico o dermatologo.<br \/>\nNon modificare mai un trattamento prescritto in base a ci\u00f2 che leggi su Internet.<\/p>\n<p>&nbsp;<\/p>\n<p><span style=\"color: #005890;\"><strong><span class=\"VIiyi\" lang=\"it\"><span class=\"JLqJ4b ChMk0b\" data-language-for-alternatives=\"it\" data-language-to-translate-into=\"en\" data-phrase-index=\"1\">PRODOTTO IN CANADA <span class=\"VIiyi\" lang=\"es\"> \u00a0\u00a0\u00a0\u00a0 <\/span>|<\/span> <span class=\"VIiyi\" lang=\"es\"> \u00a0\u00a0\u00a0\u00a0 <\/span><span class=\"JLqJ4b ChMk0b\" data-language-for-alternatives=\"it\" data-language-to-translate-into=\"en\" data-phrase-index=\"2\">CERTIFICATO GMP <span class=\"VIiyi\" lang=\"es\"> \u00a0\u00a0\u00a0\u00a0 <\/span>|<\/span> <span class=\"VIiyi\" lang=\"es\"> \u00a0\u00a0\u00a0\u00a0 <\/span><span class=\"JLqJ4b ChMk0b\" data-language-for-alternatives=\"it\" data-language-to-translate-into=\"en\" data-phrase-index=\"3\">NON OGM <span class=\"VIiyi\" lang=\"es\"> \u00a0\u00a0\u00a0\u00a0 <\/span>|<\/span> <span class=\"VIiyi\" lang=\"es\"> \u00a0\u00a0\u00a0\u00a0 <\/span><span class=\"JLqJ4b ChMk0b\" data-language-for-alternatives=\"it\" data-language-to-translate-into=\"en\" data-phrase-index=\"4\">LAB. CERTIFICATO ISO 17025<\/span><\/span><\/strong><\/span><\/p>\n","protected":false},"excerpt":{"rendered":"<p>&nbsp; Et\u00e0 45+ Peptide DHEA Effetto Linee profonde Idrata Imprese Antiossidante Stringe i pori Pelle giovane Anti et\u00e0 C&#8217;\u00e8 l&#8217;inclusione di altri 3 ingredienti: estratto di soia, igname selvatico e guaran\u00e0. Questa crema giorno e notte \u00e8 progettata per le pelli pi\u00f9 mature. Ogni ingrediente ha un punto di forza. Ecco perch\u00e9 combiniamo molti ingredienti [&hellip;]<\/p>\n","protected":false},"featured_media":8477,"template":"","meta":{"hide_page_title":"","_coblocks_attr":"","_coblocks_dimensions":"","_coblocks_responsive_height":"","_coblocks_accordion_ie_support":""},"product_cat":[23],"product_tag":[],"translation":{"provider":"WPGlobus","version":"3.0.1","language":"it","enabled_languages":["en","es","fr","ar","pt","it"],"languages":{"en":{"title":true,"content":true,"excerpt":false},"es":{"title":false,"content":true,"excerpt":false},"fr":{"title":true,"content":true,"excerpt":false},"ar":{"title":false,"content":true,"excerpt":false},"pt":{"title":false,"content":true,"excerpt":false},"it":{"title":false,"content":true,"excerpt":false}}},"_links":{"self":[{"href":"https:\/\/www.serrarpharma.com\/it\/wp-json\/wp\/v2\/product\/8300"}],"collection":[{"href":"https:\/\/www.serrarpharma.com\/it\/wp-json\/wp\/v2\/product"}],"about":[{"href":"https:\/\/www.serrarpharma.com\/it\/wp-json\/wp\/v2\/types\/product"}],"wp:featuredmedia":[{"embeddable":true,"href":"https:\/\/www.serrarpharma.com\/it\/wp-json\/wp\/v2\/media\/8477"}],"wp:attachment":[{"href":"https:\/\/www.serrarpharma.com\/it\/wp-json\/wp\/v2\/media?parent=8300"}],"wp:term":[{"taxonomy":"product_cat","embeddable":true,"href":"https:\/\/www.serrarpharma.com\/it\/wp-json\/wp\/v2\/product_cat?post=8300"},{"taxonomy":"product_tag","embeddable":true,"href":"https:\/\/www.serrarpharma.com\/it\/wp-json\/wp\/v2\/product_tag?post=8300"}],"curies":[{"name":"wp","href":"https:\/\/api.w.org\/{rel}","templated":true}]}}