{"id":8291,"date":"2020-09-20T18:09:04","date_gmt":"2020-09-20T18:09:04","guid":{"rendered":"https:\/\/www.serrarpharma.com\/?post_type=product&#038;p=8291"},"modified":"2024-08-21T22:47:39","modified_gmt":"2024-08-22T02:47:39","slug":"radiant-day-cream","status":"publish","type":"product","link":"https:\/\/www.serrarpharma.com\/it\/product\/radiant-day-cream\/","title":{"rendered":"RADIANT DAY CREAM"},"content":{"rendered":"<p><img loading=\"lazy\" class=\"alignnone wp-image-11371\" src=\"https:\/\/i0.wp.com\/www.serrarpharma.com\/wp-content\/uploads\/2021\/04\/Made-in-CA.png?resize=70%2C70&#038;ssl=1\" alt=\"\" width=\"70\" height=\"70\" srcset=\"https:\/\/i0.wp.com\/www.serrarpharma.com\/wp-content\/uploads\/2021\/04\/Made-in-CA.png?w=150&amp;ssl=1 150w, https:\/\/i0.wp.com\/www.serrarpharma.com\/wp-content\/uploads\/2021\/04\/Made-in-CA.png?resize=100%2C100&amp;ssl=1 100w\" sizes=\"(max-width: 70px) 100vw, 70px\" data-recalc-dims=\"1\" \/><img loading=\"lazy\" class=\"alignnone wp-image-11370\" src=\"https:\/\/i0.wp.com\/www.serrarpharma.com\/wp-content\/uploads\/2021\/04\/GMP.png?resize=70%2C70&#038;ssl=1\" alt=\"\" width=\"70\" height=\"70\" srcset=\"https:\/\/i0.wp.com\/www.serrarpharma.com\/wp-content\/uploads\/2021\/04\/GMP.png?w=150&amp;ssl=1 150w, https:\/\/i0.wp.com\/www.serrarpharma.com\/wp-content\/uploads\/2021\/04\/GMP.png?resize=100%2C100&amp;ssl=1 100w\" sizes=\"(max-width: 70px) 100vw, 70px\" data-recalc-dims=\"1\" \/><img loading=\"lazy\" class=\"alignnone wp-image-11369\" src=\"https:\/\/i0.wp.com\/www.serrarpharma.com\/wp-content\/uploads\/2021\/04\/Nongmo.png?resize=70%2C70&#038;ssl=1\" alt=\"\" width=\"70\" height=\"70\" srcset=\"https:\/\/i0.wp.com\/www.serrarpharma.com\/wp-content\/uploads\/2021\/04\/Nongmo.png?w=150&amp;ssl=1 150w, https:\/\/i0.wp.com\/www.serrarpharma.com\/wp-content\/uploads\/2021\/04\/Nongmo.png?resize=100%2C100&amp;ssl=1 100w\" sizes=\"(max-width: 70px) 100vw, 70px\" data-recalc-dims=\"1\" \/><img loading=\"lazy\" class=\"alignnone wp-image-11799\" src=\"https:\/\/i0.wp.com\/www.serrarpharma.com\/wp-content\/uploads\/2021\/04\/ISO-07.png?resize=70%2C70&#038;ssl=1\" alt=\"\" width=\"70\" height=\"70\" srcset=\"https:\/\/i0.wp.com\/www.serrarpharma.com\/wp-content\/uploads\/2021\/04\/ISO-07.png?resize=300%2C300&amp;ssl=1 300w, https:\/\/i0.wp.com\/www.serrarpharma.com\/wp-content\/uploads\/2021\/04\/ISO-07.png?resize=150%2C150&amp;ssl=1 150w, https:\/\/i0.wp.com\/www.serrarpharma.com\/wp-content\/uploads\/2021\/04\/ISO-07.png?resize=100%2C100&amp;ssl=1 100w, https:\/\/i0.wp.com\/www.serrarpharma.com\/wp-content\/uploads\/2021\/04\/ISO-07.png?w=418&amp;ssl=1 418w\" sizes=\"(max-width: 70px) 100vw, 70px\" data-recalc-dims=\"1\" \/><\/p>\n<p><strong> Et\u00e0 35+<br \/>\nPalmitoyl<br \/>\nRetinoico acido<br \/>\nEffetto <\/strong><br \/>\nLinee sottili<br \/>\nIdrata<br \/>\nImprese<br \/>\nAntiossidante<br \/>\nStringe i pori<br \/>\nPelle giovane<br \/>\nAnti et\u00e0<\/p>\n<p>Uno degli ingredienti chiave del nostro complesso \u00e8 il palmitoil pentapeptide-3. Il pentapeptide-3 e il suo effetto botox imitano le encefaline e quindi lavorano verso l&#8217;eterna giovinezza. Aggiungi a quel palmitoil-oligopeptide, una molecola che pu\u00f2 imitare l&#8217;attivit\u00e0 dell&#8217;acido retinoico, e ritroverai la pelle del tuo bambino.<br \/>\nThe Fine Lines Wrinkle Complex combina altri fantastici ingredienti che sono estremamente efficaci sul viso. Ciascuno complimenta i lipopeptidi, aiutando in altri cambiamenti nella pelle con l&#8217;et\u00e0.<\/p>\n<p><strong> Ingredienti chiave: <\/strong><br \/>\n\u2022 Estratto d&#8217;uva: ricco di flavonoidi, sostanze fitochimiche che hanno propriet\u00e0 antiossidanti come la vitamina C e la vitamina E. Si ritiene che gli antiossidanti prevengano e controllino molte malattie proteggendo le cellule dai danni di molecole di ossigeno instabili chiamate radicali liberi.<br \/>\n\u2022 T\u00e8 verde giapponese: noto per combattere i danni eccessivi del sole e l&#8217;ambiente. Principalmente, questa antica pianta asiatica ha la capacit\u00e0 di impedire ai radicali liberi di danneggiare ulteriormente la struttura cellulare.<br \/>\n\u2022 Funghi selvatici: un astringente naturale che migliora la compattezza e la compattezza della pelle, poich\u00e9 diminuisce la comparsa dei pori.<br \/>\n\u2022 Cetriolo: \u00e8 un astringente naturale e aiuta a restringere i pori. Contiene potassio, silicio e zolfo. Dona una sensazione lenitiva. Comunemente utilizzato nei prodotti per la cura della pelle come antinfiammatorio, un eccellente ingrediente lenitivo e condizionante per la pelle.<br \/>\n\u2022 Proteina dei piselli: contiene proteine \u200b\u200be amminoacidi facilmente assorbibili dalla pelle (anche potassio, silicio e zolfo). \u00c8 un complesso idratante che offre una combinazione di propriet\u00e0 di riequilibrio dell&#8217;umidit\u00e0 e filmogeno che fornisce una sensazione lenitiva.<\/p>\n<p>Indicazioni per la crema da giorno:<br \/>\nCrema da giorno che include una moltitudine di principi attivi: oli di jojoba, avocado, burro di karit\u00e9, glicerina vegetale, vitamina E.<\/p>\n<p>Studio clinico:<br \/>\nRisultati del test: uno studio in Francia ha utilizzato la profilometria (analisi dell&#8217;immagine della pelle) per misurare uno degli ingredienti principali del nostro complesso Seaplex Fine Line.<br \/>\nIn questo studio, hanno registrato e osservato la densit\u00e0, la profondit\u00e0 e il volume delle rughe intorno agli occhi, che comporta il trattamento dell&#8217;area e il monitoraggio dei cambiamenti nel tempo. Nel primo studio in doppio cieco, a doppia faccia, 49 donne hanno applicato una crema lipopeptidica o un placebo due volte al giorno. Nello studio attivo controllato, 16 donne hanno confrontato gli effetti di creme cosmetiche contenenti il \u200b\u200blipopeptide attivo o retinolo 700 ppm sulla pelle fotoinvecchiata. Questo studio ha utilizzato anche un disegno in doppio cieco e includeva valutazioni profilometriche, ecografiche e cliniche dopo due e quattro mesi di trattamento.<br \/>\nIn entrambi gli studi, i risultati dello studio erano statisticamente significativi, sostenendo che il trattamento con lipopeptidi consente:<br \/>\nRiduzione del 50% della profondit\u00e0 delle rughe. Riduzione del 68% della densit\u00e0 delle rughe. Riduzione del 24% del volume delle rughe.<br \/>\nI lipopeptidi sono stati anche collegati a una maggiore densit\u00e0 e spessore delle fibre di elastina e una migliore regolarit\u00e0 del collagene EV, entrambi essenziali per una pelle liscia ed elastica.<br \/>\nA differenza del retinolo o della vitamina C, che possono indurre irritazione e iper reattivit\u00e0 cutanea, i lipopeptidi aiutano a stimolare la matrice cellulare che porta alla sintesi di collagene I e IV, fibronectina e glicosaminoglicani portando alla riduzione delle rughe e alla guarigione delle ferite.<\/p>\n<p><strong> Indicazioni: <\/strong><br \/>\nApplicare su viso, collo e d\u00e9collet\u00e9 dopo aver deterso e tonificato la pelle con FRESH TONER *. Per ottimizzare i risultati, applicare VITAMIN C SERUM BIO * prima della crema giorno RADIANT * durante il giorno e completare il trattamento di notte con crema notte RADIANT * (* Dr SERRAR\u00ae BIO).<br \/>\nATTENZIONE: evitare il contatto con occhi e bocca. In caso di irritazione, interrompere l&#8217;uso. Tenere fuori dalla portata dei bambini.<\/p>\n<p><strong> Avviso: <\/strong><br \/>\nFermati al minimo cambiamento o reazione. Se necessario, consultare un medico o informazioni sanitarie in caso di reazione allergica.<br \/>\nOgni pelle \u00e8 diversa e reagisce in modo diverso allo stesso cosmetico. Non forniamo consulenza personalizzata, non conosciamo la tua pelle.<br \/>\nPer qualsiasi consiglio personale, soprattutto se si \u00e8 sottoposti a cure mediche: consultare il proprio medico o dermatologo.<br \/>\nNon modificare mai un trattamento prescritto in base a ci\u00f2 che leggi su Internet.<\/p>\n<p>&nbsp;<\/p>\n<p><span style=\"color: #005890;\"><strong><span class=\"VIiyi\" lang=\"it\"><span class=\"JLqJ4b ChMk0b\" data-language-for-alternatives=\"it\" data-language-to-translate-into=\"en\" data-phrase-index=\"1\">PRODOTTO IN CANADA <span class=\"VIiyi\" lang=\"es\"> \u00a0\u00a0\u00a0\u00a0 <\/span>|<\/span> <span class=\"VIiyi\" lang=\"es\"> \u00a0\u00a0\u00a0\u00a0 <\/span><span class=\"JLqJ4b ChMk0b\" data-language-for-alternatives=\"it\" data-language-to-translate-into=\"en\" data-phrase-index=\"2\">CERTIFICATO GMP <span class=\"VIiyi\" lang=\"es\"> \u00a0\u00a0\u00a0\u00a0 <\/span>|<\/span> <span class=\"VIiyi\" lang=\"es\"> \u00a0\u00a0\u00a0\u00a0 <\/span><span class=\"JLqJ4b ChMk0b\" data-language-for-alternatives=\"it\" data-language-to-translate-into=\"en\" data-phrase-index=\"3\">NON OGM <span class=\"VIiyi\" lang=\"es\"> \u00a0\u00a0\u00a0\u00a0 <\/span>|<\/span> <span class=\"VIiyi\" lang=\"es\"> \u00a0\u00a0\u00a0\u00a0 <\/span><span class=\"JLqJ4b ChMk0b\" data-language-for-alternatives=\"it\" data-language-to-translate-into=\"en\" data-phrase-index=\"4\">LAB. CERTIFICATO ISO 17025<\/span><\/span><\/strong><\/span><\/p>\n","protected":false},"excerpt":{"rendered":"<p>Et\u00e0 35+ Palmitoyl Retinoico acido Effetto Linee sottili Idrata Imprese Antiossidante Stringe i pori Pelle giovane Anti et\u00e0 Uno degli ingredienti chiave del nostro complesso \u00e8 il palmitoil pentapeptide-3. Il pentapeptide-3 e il suo effetto botox imitano le encefaline e quindi lavorano verso l&#8217;eterna giovinezza. Aggiungi a quel palmitoil-oligopeptide, una molecola che pu\u00f2 imitare l&#8217;attivit\u00e0 [&hellip;]<\/p>\n","protected":false},"featured_media":8476,"template":"","meta":{"hide_page_title":"","_coblocks_attr":"","_coblocks_dimensions":"","_coblocks_responsive_height":"","_coblocks_accordion_ie_support":""},"product_cat":[23],"product_tag":[],"translation":{"provider":"WPGlobus","version":"3.0.1","language":"it","enabled_languages":["en","es","fr","ar","pt","it"],"languages":{"en":{"title":true,"content":true,"excerpt":false},"es":{"title":false,"content":true,"excerpt":false},"fr":{"title":true,"content":true,"excerpt":false},"ar":{"title":false,"content":true,"excerpt":false},"pt":{"title":false,"content":true,"excerpt":false},"it":{"title":false,"content":true,"excerpt":false}}},"_links":{"self":[{"href":"https:\/\/www.serrarpharma.com\/it\/wp-json\/wp\/v2\/product\/8291"}],"collection":[{"href":"https:\/\/www.serrarpharma.com\/it\/wp-json\/wp\/v2\/product"}],"about":[{"href":"https:\/\/www.serrarpharma.com\/it\/wp-json\/wp\/v2\/types\/product"}],"wp:featuredmedia":[{"embeddable":true,"href":"https:\/\/www.serrarpharma.com\/it\/wp-json\/wp\/v2\/media\/8476"}],"wp:attachment":[{"href":"https:\/\/www.serrarpharma.com\/it\/wp-json\/wp\/v2\/media?parent=8291"}],"wp:term":[{"taxonomy":"product_cat","embeddable":true,"href":"https:\/\/www.serrarpharma.com\/it\/wp-json\/wp\/v2\/product_cat?post=8291"},{"taxonomy":"product_tag","embeddable":true,"href":"https:\/\/www.serrarpharma.com\/it\/wp-json\/wp\/v2\/product_tag?post=8291"}],"curies":[{"name":"wp","href":"https:\/\/api.w.org\/{rel}","templated":true}]}}