{"id":7805,"date":"2020-06-13T00:44:44","date_gmt":"2020-06-13T04:44:44","guid":{"rendered":"https:\/\/www.serrarpharma.com\/?post_type=product&#038;p=7805"},"modified":"2024-08-21T21:48:13","modified_gmt":"2024-08-22T01:48:13","slug":"phyto-clean-dr-serrar","status":"publish","type":"product","link":"https:\/\/www.serrarpharma.com\/it\/product\/phyto-clean-dr-serrar\/","title":{"rendered":"CLEANSER"},"content":{"rendered":"<p><img loading=\"lazy\" class=\"alignnone wp-image-11371\" src=\"https:\/\/i0.wp.com\/www.serrarpharma.com\/wp-content\/uploads\/2021\/04\/Made-in-CA.png?resize=70%2C70&#038;ssl=1\" alt=\"\" width=\"70\" height=\"70\" srcset=\"https:\/\/i0.wp.com\/www.serrarpharma.com\/wp-content\/uploads\/2021\/04\/Made-in-CA.png?w=150&amp;ssl=1 150w, https:\/\/i0.wp.com\/www.serrarpharma.com\/wp-content\/uploads\/2021\/04\/Made-in-CA.png?resize=100%2C100&amp;ssl=1 100w\" sizes=\"(max-width: 70px) 100vw, 70px\" data-recalc-dims=\"1\" \/><img loading=\"lazy\" class=\"alignnone wp-image-11370\" src=\"https:\/\/i0.wp.com\/www.serrarpharma.com\/wp-content\/uploads\/2021\/04\/GMP.png?resize=70%2C70&#038;ssl=1\" alt=\"\" width=\"70\" height=\"70\" srcset=\"https:\/\/i0.wp.com\/www.serrarpharma.com\/wp-content\/uploads\/2021\/04\/GMP.png?w=150&amp;ssl=1 150w, https:\/\/i0.wp.com\/www.serrarpharma.com\/wp-content\/uploads\/2021\/04\/GMP.png?resize=100%2C100&amp;ssl=1 100w\" sizes=\"(max-width: 70px) 100vw, 70px\" data-recalc-dims=\"1\" \/><img loading=\"lazy\" class=\"alignnone wp-image-11369\" src=\"https:\/\/i0.wp.com\/www.serrarpharma.com\/wp-content\/uploads\/2021\/04\/Nongmo.png?resize=70%2C70&#038;ssl=1\" alt=\"\" width=\"70\" height=\"70\" srcset=\"https:\/\/i0.wp.com\/www.serrarpharma.com\/wp-content\/uploads\/2021\/04\/Nongmo.png?w=150&amp;ssl=1 150w, https:\/\/i0.wp.com\/www.serrarpharma.com\/wp-content\/uploads\/2021\/04\/Nongmo.png?resize=100%2C100&amp;ssl=1 100w\" sizes=\"(max-width: 70px) 100vw, 70px\" data-recalc-dims=\"1\" \/><img loading=\"lazy\" class=\"alignnone wp-image-11799\" src=\"https:\/\/i0.wp.com\/www.serrarpharma.com\/wp-content\/uploads\/2021\/04\/ISO-07.png?resize=70%2C70&#038;ssl=1\" alt=\"\" width=\"70\" height=\"70\" srcset=\"https:\/\/i0.wp.com\/www.serrarpharma.com\/wp-content\/uploads\/2021\/04\/ISO-07.png?resize=300%2C300&amp;ssl=1 300w, https:\/\/i0.wp.com\/www.serrarpharma.com\/wp-content\/uploads\/2021\/04\/ISO-07.png?resize=150%2C150&amp;ssl=1 150w, https:\/\/i0.wp.com\/www.serrarpharma.com\/wp-content\/uploads\/2021\/04\/ISO-07.png?resize=100%2C100&amp;ssl=1 100w, https:\/\/i0.wp.com\/www.serrarpharma.com\/wp-content\/uploads\/2021\/04\/ISO-07.png?w=418&amp;ssl=1 418w\" sizes=\"(max-width: 70px) 100vw, 70px\" data-recalc-dims=\"1\" \/><\/p>\n<p>&nbsp;<\/p>\n<p>Deterge &#8211; Purifica<br \/>\nIdrata &#8211; Ammorbidisce<br \/>\nIllumina &#8211; Rinfresca<br \/>\nPrepara la pelle<br \/>\nper ulteriori trattamenti<br \/>\nRallenta<br \/>\ni segni dell&#8217;invecchiamento<br \/>\nFatto con<br \/>\n<strong> Ingredienti ipoallergenici <\/strong><br \/>\nProgettato per tutti i tipi di pelle<\/p>\n<p>Ricco di benefici antiet\u00e0<br \/>\nAntinfiammatorio<br \/>\nSenza glutine<br \/>\nProgettato per tutti i tipi di pelle<\/p>\n<p>Dr. SERRAR <sup> \u00ae <\/sup> PHYTO CLEAN Velours Cleansing Milk (struccante) \u00e8 la cura essenziale per pulire il viso e mantenere la pelle chiara e luminosa. \u00c8 ideale per tutti i tipi di pelle; anche la pelle sensibile. Efficace per una pulizia delicata e profonda dell&#8217;epidermide. Elimina trucco e impurit\u00e0 su viso, occhi (rimuove il mascara), palpebre, labbra e collo con la stessa efficacia di un trattamento termale. Deterge in un batter d&#8217;occhio preservando l&#8217;equilibrio idrolipidico della pelle. La sua formula a base di robane; la sostanza dell&#8217;olio di oliva \u00e8 molto penetrante, questo ingrediente ripristina, fornisce flessibilit\u00e0 e protegge dall&#8217;irritazione della pelle. PHYTO CLEAN contiene altri ingredienti dalle riconosciute propriet\u00e0 lenitive; glicole propilenico, amercol e silicone che permettono l&#8217;idratazione della pelle e lascia un&#8217;immediata sensazione di freschezza.<\/p>\n<p>PHYTO CLEAN Rispetta il pH fisiologico della pelle. La sua base neutra lascia la pelle elastica e permeabile e la prepara efficacemente a ricevere altri trattamenti.<br \/>\n\u00c8 un eccezionale trattamento naturale che aiuta a rallentare i segni del tempo della pelle con i suoi benefici antiet\u00e0, antinfiammatori e tonificanti. Gli ingredienti hanno propriet\u00e0 antiossidanti e idratanti che aiutano a proteggere la pelle dall&#8217;invecchiamento cutaneo.<\/p>\n<p>PHYTO CLEAN non contiene parabeni, prodotti petroliferi, oli minerali, alcol o fragranze artificiali. Prodotto non testato su animali (certificato umano). Tutti gli ingredienti da agricoltura biologica.<\/p>\n<p><strong> Istruzioni per l&#8217;uso: <\/strong><br \/>\nViene utilizzato al mattino in preparazione a cure idratanti e protettive, come detergente e struccante. Agitare prima dell&#8217;uso. Versare una piccola quantit\u00e0 di latte detergente sulle mani e massaggiare delicatamente viso e collo con i polpastrelli con movimenti circolari.<br \/>\nRisciacquare con acqua tiepida, asciugare con un panno umido. Lascia sulla pelle una piacevole sensazione di morbidezza, elasticit\u00e0 e freschezza. Rimuove anche il trucco waterproof senza sforzo e si risciacqua facilmente.<br \/>\n&amp; nbsp;<\/p>\n<h5>Perch\u00e9 scegliere Dr. SERRAR <sup> \u00ae <\/sup> PHYTO CLEAN?<\/h5>\n<p>Dr. SERRAR\u00ae PHYTO CLEAN \u00e8 prodotto secondo i pi\u00f9 alti standard dell&#8217;industria farmaceutica. La crema contiene formula base avanzata robanets; la sostanza dell&#8217;olio di oliva \u00e8 molto penetrante, questo ingrediente ripristina, fornisce flessibilit\u00e0 e protegge dalle irritazioni cutanee. Altri ingredienti con riconosciute propriet\u00e0 lenitive; glicole propilenico, amercol e silicone che permettono l&#8217;idratazione della pelle e lasciano un&#8217;immediata sensazione di freschezza.<br \/>\npH Rispetta la pelle fisiologica. La sua base neutra lascia la pelle elastica e permeabile e la prepara efficacemente a ricevere altri trattamenti. \u00c8 un eccezionale trattamento naturale che aiuta a rallentare i segni del tempo della pelle con i suoi benefici antiet\u00e0, antiossidanti, antinfiammatori e tonificanti. PHYTO CLEAN non contiene parabeni, prodotti petroliferi, oli minerali, alcol o fragranze artificiali. Prodotto non testato su animali (certificato umano).<br \/>\n&amp; nbsp;<\/p>\n<div class=\"productlist\">LA PI\u00d9 ALTA QUALIT\u00c0. SENZA GLUTINE. Prodotto in Canada.<br \/>\nLe buone pratiche di fabbricazione (GMP) sono un insieme di rigide normative farmaceutiche che garantiscono che gli integratori alimentari siano prodotti e controllati secondo uno standard elevato idoneo all&#8217;uso.<br \/>\nSenza soia, senza glutine, certificato Kosher, senza latticini, senza latte, frutta a guscio, arachidi, crostacei, grano e soia. Inoltre privo di lievito, orzo, riso, sodio e zucchero.<br \/>\nMassima efficienza.<br \/>\nTutto naturale Sourced.<br \/>\nRealizzato con ingredienti ipoallergenici.<br \/>\n* Ingredienti da agricoltura biologica<\/div>\n<p>&amp; nbsp;<\/p>\n<p><strong> RACCOMANDAZIONE DEL TEST DI PATCH <\/strong><br \/>\nQuesta \u00e8 una crema pulita CONCENTRATA e POTENTE contenente ingredienti vegetali attivi che possono causare irritazioni alla pelle o eruzioni cutanee per chi soffre di allergie. \u00c8 IMPORTANTE eseguire un patch test del prodotto * almeno 24-48 * ore prima dell&#8217;applicazione regolare per assicurarsi che il prodotto si adatti bene alla propria pelle.<\/p>\n<p><strong> Applicazione <\/strong><br \/>\nSe la formula \u00e8 compatibile con la tua pelle applicala ogni settimana. Solo per uso esterno.<br \/>\nPHYTO CLEAN viene utilizzato al mattino in preparazione a cure idratanti e protettive, come detergente e struccante. Agitare prima dell&#8217;uso. Versare una piccola quantit\u00e0 di latte detergente sulle mani e massaggiare delicatamente viso e collo con i polpastrelli con movimenti circolari.<br \/>\nRisciacquare con acqua tiepida, asciugare con un panno umido. Lascia sulla pelle una piacevole sensazione di morbidezza, elasticit\u00e0 e freschezza. Rimuove anche il trucco waterproof senza sforzo e si risciacqua facilmente.<\/p>\n<p>Dopo PHYTO CLEAN utilizzare PHYTO TONIC. Il kit Dr. SERRAR <sup> \u00ae <\/sup>: PHYTO (CLEAN + SCRUB + MASK + TONIC) + Vitamina C + ECLAT + DERM, rigenera anni di danni ambientali e lascia la tua pelle sana e giovane. Riduce visibilmente le linee sottili e le rughe, rendendo la pelle pi\u00f9 robusta e luminosa. Progettato per tutti i tipi di pelle.<\/p>\n<p>La crema Dr. SERRAR <sup> \u00ae <\/sup> PHYTO CLEAN \u00e8 un marchio potente ma sicuro e testato. Collaboriamo con laboratori in Canada e negli Stati Uniti per sviluppare i nostri prodotti. Ogni prodotto che lanciamo \u00e8 sviluppato per essere il pi\u00f9 potente possibile, al fine di offrire il massimo effetto pur rimanendo dermatologicamente sicuro per la tua pelle.<\/p>\n<p><strong> Avviso: <\/strong><br \/>\nFermati al minimo cambiamento o reazione. Se necessario, consultare un medico o informazioni sanitarie in caso di reazione allergica. Ogni pelle \u00e8 diversa e reagisce in modo diverso allo stesso cosmetico. Non forniamo consulenza personalizzata, non conosciamo la tua pelle.<br \/>\nPer qualsiasi consiglio personale, soprattutto se si \u00e8 sottoposti a cure mediche: consultare il proprio medico o dermatologo. Non modificare mai un trattamento prescritto in base a ci\u00f2 che leggi su Internet.<\/p>\n<p>&nbsp;<\/p>\n<p><span style=\"color: #005890;\"><strong><span class=\"VIiyi\" lang=\"it\"><span class=\"JLqJ4b ChMk0b\" data-language-for-alternatives=\"it\" data-language-to-translate-into=\"en\" data-phrase-index=\"1\">PRODOTTO IN CANADA\u00a0\u00a0\u00a0 |<\/span> \u00a0\u00a0 <span class=\"JLqJ4b ChMk0b\" data-language-for-alternatives=\"it\" data-language-to-translate-into=\"en\" data-phrase-index=\"2\">CERTIFICATO GMP \u00a0\u00a0 |<\/span> \u00a0\u00a0 <span class=\"JLqJ4b ChMk0b\" data-language-for-alternatives=\"it\" data-language-to-translate-into=\"en\" data-phrase-index=\"3\">NON OGM \u00a0\u00a0 |<\/span> \u00a0\u00a0 <span class=\"JLqJ4b ChMk0b\" data-language-for-alternatives=\"it\" data-language-to-translate-into=\"en\" data-phrase-index=\"4\">LAB. CERTIFICATO ISO 17025<\/span><\/span><\/strong><\/span><\/p>\n","protected":false},"excerpt":{"rendered":"<p>&nbsp; Deterge &#8211; Purifica Idrata &#8211; Ammorbidisce Illumina &#8211; Rinfresca Prepara la pelle per ulteriori trattamenti Rallenta i segni dell&#8217;invecchiamento Fatto con Ingredienti ipoallergenici Progettato per tutti i tipi di pelle Ricco di benefici antiet\u00e0 Antinfiammatorio Senza glutine Progettato per tutti i tipi di pelle Dr. SERRAR \u00ae PHYTO CLEAN Velours Cleansing Milk (struccante) \u00e8 [&hellip;]<\/p>\n","protected":false},"featured_media":8789,"template":"","meta":{"hide_page_title":"","_coblocks_attr":"","_coblocks_dimensions":"","_coblocks_responsive_height":"","_coblocks_accordion_ie_support":""},"product_cat":[22],"product_tag":[],"translation":{"provider":"WPGlobus","version":"3.0.1","language":"it","enabled_languages":["en","es","fr","ar","pt","it"],"languages":{"en":{"title":true,"content":true,"excerpt":false},"es":{"title":false,"content":true,"excerpt":false},"fr":{"title":true,"content":true,"excerpt":false},"ar":{"title":false,"content":true,"excerpt":false},"pt":{"title":false,"content":true,"excerpt":false},"it":{"title":false,"content":true,"excerpt":false}}},"_links":{"self":[{"href":"https:\/\/www.serrarpharma.com\/it\/wp-json\/wp\/v2\/product\/7805"}],"collection":[{"href":"https:\/\/www.serrarpharma.com\/it\/wp-json\/wp\/v2\/product"}],"about":[{"href":"https:\/\/www.serrarpharma.com\/it\/wp-json\/wp\/v2\/types\/product"}],"wp:featuredmedia":[{"embeddable":true,"href":"https:\/\/www.serrarpharma.com\/it\/wp-json\/wp\/v2\/media\/8789"}],"wp:attachment":[{"href":"https:\/\/www.serrarpharma.com\/it\/wp-json\/wp\/v2\/media?parent=7805"}],"wp:term":[{"taxonomy":"product_cat","embeddable":true,"href":"https:\/\/www.serrarpharma.com\/it\/wp-json\/wp\/v2\/product_cat?post=7805"},{"taxonomy":"product_tag","embeddable":true,"href":"https:\/\/www.serrarpharma.com\/it\/wp-json\/wp\/v2\/product_tag?post=7805"}],"curies":[{"name":"wp","href":"https:\/\/api.w.org\/{rel}","templated":true}]}}