{"id":7804,"date":"2020-06-13T00:46:56","date_gmt":"2020-06-13T00:46:56","guid":{"rendered":"https:\/\/www.serrarpharma.com\/?post_type=product&#038;p=7804"},"modified":"2025-02-01T23:16:12","modified_gmt":"2025-02-02T04:16:12","slug":"phyto-mask-dr-serrar","status":"publish","type":"product","link":"https:\/\/www.serrarpharma.com\/it\/product\/phyto-mask-dr-serrar\/","title":{"rendered":"MASK"},"content":{"rendered":"<p><img loading=\"lazy\" class=\"alignnone wp-image-11371\" src=\"https:\/\/i0.wp.com\/www.serrarpharma.com\/wp-content\/uploads\/2021\/04\/Made-in-CA.png?resize=70%2C70&#038;ssl=1\" alt=\"\" width=\"70\" height=\"70\" srcset=\"https:\/\/i0.wp.com\/www.serrarpharma.com\/wp-content\/uploads\/2021\/04\/Made-in-CA.png?w=150&amp;ssl=1 150w, https:\/\/i0.wp.com\/www.serrarpharma.com\/wp-content\/uploads\/2021\/04\/Made-in-CA.png?resize=100%2C100&amp;ssl=1 100w\" sizes=\"(max-width: 70px) 100vw, 70px\" data-recalc-dims=\"1\" \/><img loading=\"lazy\" class=\"alignnone wp-image-11370\" src=\"https:\/\/i0.wp.com\/www.serrarpharma.com\/wp-content\/uploads\/2021\/04\/GMP.png?resize=70%2C70&#038;ssl=1\" alt=\"\" width=\"70\" height=\"70\" srcset=\"https:\/\/i0.wp.com\/www.serrarpharma.com\/wp-content\/uploads\/2021\/04\/GMP.png?w=150&amp;ssl=1 150w, https:\/\/i0.wp.com\/www.serrarpharma.com\/wp-content\/uploads\/2021\/04\/GMP.png?resize=100%2C100&amp;ssl=1 100w\" sizes=\"(max-width: 70px) 100vw, 70px\" data-recalc-dims=\"1\" \/><img loading=\"lazy\" class=\"alignnone wp-image-11369\" src=\"https:\/\/i0.wp.com\/www.serrarpharma.com\/wp-content\/uploads\/2021\/04\/Nongmo.png?resize=70%2C70&#038;ssl=1\" alt=\"\" width=\"70\" height=\"70\" srcset=\"https:\/\/i0.wp.com\/www.serrarpharma.com\/wp-content\/uploads\/2021\/04\/Nongmo.png?w=150&amp;ssl=1 150w, https:\/\/i0.wp.com\/www.serrarpharma.com\/wp-content\/uploads\/2021\/04\/Nongmo.png?resize=100%2C100&amp;ssl=1 100w\" sizes=\"(max-width: 70px) 100vw, 70px\" data-recalc-dims=\"1\" \/><img loading=\"lazy\" class=\"alignnone wp-image-11799\" src=\"https:\/\/i0.wp.com\/www.serrarpharma.com\/wp-content\/uploads\/2021\/04\/ISO-07.png?resize=70%2C70&#038;ssl=1\" alt=\"\" width=\"70\" height=\"70\" srcset=\"https:\/\/i0.wp.com\/www.serrarpharma.com\/wp-content\/uploads\/2021\/04\/ISO-07.png?resize=300%2C300&amp;ssl=1 300w, https:\/\/i0.wp.com\/www.serrarpharma.com\/wp-content\/uploads\/2021\/04\/ISO-07.png?resize=150%2C150&amp;ssl=1 150w, https:\/\/i0.wp.com\/www.serrarpharma.com\/wp-content\/uploads\/2021\/04\/ISO-07.png?resize=100%2C100&amp;ssl=1 100w, https:\/\/i0.wp.com\/www.serrarpharma.com\/wp-content\/uploads\/2021\/04\/ISO-07.png?w=418&amp;ssl=1 418w\" sizes=\"(max-width: 70px) 100vw, 70px\" data-recalc-dims=\"1\" \/><\/p>\n<p>&nbsp;<\/p>\n<p>Riparazioni &#8211; Guarisce<br \/>\nIdrata<br \/>\nAntiossidante<br \/>\nAntisettico &#8211; Ossigenato<br \/>\nAnti-Rossore &#8211; Lenisce<br \/>\nSchiarisce &#8211; Rassoda<br \/>\nMorbidezza &#8211; Comfort per la pelle<br \/>\nD\u00e0 una giovane apparenza<br \/>\nFatto con<br \/>\n<strong> Ingredienti ipoallergenici <\/strong><br \/>\nProgettato per tutti i tipi di pelle<\/p>\n<p>Stimola la circolazione dell&#8217;epidermide<br \/>\nOssigenazione della pelle<br \/>\nAntisettico non irritante<br \/>\nProgettato per tutti i tipi di pelle<\/p>\n<p>La maschera cosmetica \u00e8 un rituale creato migliaia di anni fa. L&#8217;antico Egitto e la sua leggendaria Cleopatra amavano questo tipo di cure. Questo rituale ha attraversato i secoli attraversando l&#8217;antica Grecia che ha dato il nome di cosmetici tradotti in greco antico da Kosmos che significa fronte e ornamento.<\/p>\n<p>La maschera di bellezza \u00e8 un trattamento rituale che aiuta a mantenere la pelle fornendole tutti gli elementi e i principi attivi di cui ha bisogno per l&#8217;equilibrio cutaneo e ritardando i segni del tempo.<\/p>\n<p>La pelle diversa richiede un trattamento confortevole, nutriente e lenitivo.<br \/>\nDr. SERRAR <sup> \u00ae <\/sup> PHYTO-REV MASK \u00e8 il trattamento idratante che riequilibrer\u00e0 tutti i tipi di pelle normale, secca, mista ed extra sensibile. . L&#8217;idratazione \u00e8 il punto comune per tutti i tipi di pelle. Le cellule e le ghiandole sottocutanee non sono in grado di creare acqua. Questa idratazione sar\u00e0 la chiave per mantenere un equilibrio del film idrolipidico.<br \/>\nQuesto trattamento specifico pu\u00f2 compensare un degrado della pelle, come rughe, perdita di compattezza, occhiaie, brufoli, secchezza.<\/p>\n<p>Pelle secca, ad esempio mancanza di acqua e lipidi. Per questo bisogner\u00e0 optare per PHYTO-REV MASK, una maschera ricca di idratazione e nutrimento con principi attivi che sapranno ripristinare questa mancanza d&#8217;acqua e donare flessibilit\u00e0 e comfort alla pelle.<br \/>\nAl contrario, la pelle grassa produrr\u00e0 una quantit\u00e0 eccessiva di sebo, una sostanza grassa che protegger\u00e0 la barriera epidermica. Tuttavia, dovresti sapere che questa sovrapproduzione \u00e8 in parte dovuta a una rottura delle ghiandole sebacee, ma anche a una possibile disidratazione. Se la pelle sente uno squilibrio e una mancanza d&#8217;acqua, pu\u00f2 solo restituire il sebo per proteggersi. Una sovrapproduzione di sebo ostruir\u00e0 i pori e causer\u00e0 macchie e punti neri, ma non risolver\u00e0 il problema della mancanza d&#8217;acqua.<br \/>\nInoltre PHYTO-REV MASK \u00e8 arricchita con ingredienti dalle diverse propriet\u00e0 antiossidanti, anti arrossamenti, lenitive e calmanti. Quindi \u00e8 perfetto per pelli reattive e sensibili.<\/p>\n<p><strong> INGREDIENTI CHIAVE <\/strong><br \/>\nAllantoina:<br \/>\nGuarigione, favorisce la proliferazione cellulare della pelle. Elimina il tessuto necrotico. agente riparatore e ripristinante per l&#8217;epitelio. non irritante, \u00e8 idratante, emolliente e calmante.<\/p>\n<p>Estratto di finocchio:<br \/>\nRegola l&#8217;umidit\u00e0 della pelle e allevia l&#8217;irritazione.<\/p>\n<p>Estratto di vischio e melissa:<br \/>\nPropriet\u00e0 antisettica.<\/p>\n<p>Estratto di luppolo:<br \/>\nRicco di estrogeni vegetali che aiutano a rassodare la pelle. tonico stimolante e antisettico.<\/p>\n<p>Estratto di Achillea:<br \/>\nStimola la circolazione sanguigna nell&#8217;epidermide e l&#8217;ossigenazione della pelle.<\/p>\n<p>L&#8217;uso di PHYTO MASK offre pi\u00f9 comfort e risultati sorprendenti per una pelle perfetta e luminosa.<\/p>\n<p><strong> Perch\u00e9 scegliere Dr. SERRAR <sup> \u00ae <\/sup> PHYTO MASK? <\/strong><br \/>\nDr. SERRAR <sup> \u00ae <\/sup> PHYTO MASK \u00e8 prodotta secondo i pi\u00f9 alti standard dell&#8217;industria farmaceutica. La crema contiene estratto di finocchio avanzato, Houblon, Linguee, Achill\u00e9e, Camomilla in combinazione con Allantoina. Queste sostanze naturali aiutano la pelle a mantenere queste funzioni generative. Questa MASCHERA libera la pelle dalle impurit\u00e0 e dalle cellule morte, le dona un aspetto giovane e sano e la prepara a ricevere gli elementi attivi dei prodotti trattanti.<br \/>\nPHYTO MASK \u00e8 un agente curativo, riparatore e restitutivo dell&#8217;epitelio. favorisce la proliferazione cellulare della pelle, elimina il tessuto necrotico. \u00c8 idratante, ammorbidente e calmante, regola l&#8217;umidit\u00e0 della pelle e allevia le irritazioni. Ricco di estrogeni vegetali, aiuta a rassodare la pelle. Stimola la circolazione del sangue nell&#8217;epidermide e l&#8217;ossigenazione della pelle. Possiede propriet\u00e0 antisettiche non irritanti. Progettato per tutti i tipi di pelle.<br \/>\n&amp; nbsp;<\/p>\n<div class=\"productlist\">QUALIT\u00c0 MASSIMA. SENZA GLUTINE. Prodotto in Canada.<br \/>\nLe buone pratiche di fabbricazione (GMP) sono un insieme di rigide normative farmaceutiche che garantiscono che gli integratori alimentari siano prodotti e controllati secondo uno standard elevato idoneo all&#8217;uso.<br \/>\nSenza soia, senza glutine, certificato Kosher, senza latticini, senza latte, frutta a guscio, arachidi, crostacei, grano e soia. Inoltre privo di lievito, orzo, riso, sodio e zucchero.<br \/>\nMassima efficienza.<br \/>\nTutto naturale Sourced.<br \/>\nRealizzato con ingredienti ipoallergenici.<\/div>\n<p>&amp; nbsp;<\/p>\n<p><strong> RACCOMANDAZIONE DEL TEST DI PATCH <\/strong><br \/>\nQuesta \u00e8 una crema maschera CONCENTRATA e POTENTE contenente ingredienti vegetali attivi che possono causare irritazioni cutanee o sfoghi per chi soffre di allergie. \u00c8 IMPORTANTE eseguire un patch test del prodotto * almeno 24-48 * ore prima dell&#8217;applicazione regolare per assicurarsi che il prodotto si adatti bene alla propria pelle.<\/p>\n<p><strong> Istruzioni per l&#8217;uso <\/strong><br \/>\nSe la formula \u00e8 compatibile con la tua pelle applicala ogni settimana. Solo per uso esterno.<br \/>\nL&#8217;uso di PHYTO MASK porta pi\u00f9 comfort e risultati sorprendenti per una pelle perfetta e luminosa.Questa MASCHERA libera la pelle da impurit\u00e0 e cellule morte, le dona un aspetto giovane e sano e la prepara a ricevere gli elementi attivi dei prodotti di trattamento.<br \/>\nApplicare uno strato abbondante di Phyto Repair su viso, petto o collo, evitando la zona degli occhi e delle labbra. Lascia riposare la maschera per 10-15 minuti. Risciacquare con acqua fredda se lo si desidera. Utilizzare 2-3 volte a settimana o secondo necessit\u00e0.<\/p>\n<p>Usa PHYTO MASK dopo l&#8217;esfoliazione con PHYTO SCRUB +. PHYTO TONIC<br \/>\nDopo la PHYTO MASK utilizzare Dr. SERRAR\u00ae Vitamin C + ECLAT (giorno) + DERM (notte).<br \/>\nIl kit Dr. SERRAR <sup> \u00ae <\/sup>: PHYTO (CLEAN + SCRUB + MASK + TONIC) + Vitamina C + ECLAT + DERM, rigenera anni di danni ambientali e lascia la tua pelle sana e giovane. Riduce visibilmente le linee sottili e le rughe, rendendo la pelle pi\u00f9 robusta e luminosa. Progettato per tutti i tipi di pelle<\/p>\n<p>La crema PHYTO MASK Dr. SERRAR <sup> \u00ae <\/sup> \u00e8 un marchio potente ma sicuro e testato. Collaboriamo con laboratori in Canada e negli Stati Uniti per sviluppare i nostri prodotti. Ogni prodotto che lanciamo \u00e8 sviluppato per essere il pi\u00f9 potente possibile, al fine di offrire il massimo effetto pur rimanendo dermatologicamente sicuro per la tua pelle.<\/p>\n<p><strong> Avviso: <\/strong><br \/>\nFermati al minimo cambiamento o reazione. Se necessario, consultare un medico o informazioni sanitarie in caso di reazione allergica.<br \/>\nOgni pelle \u00e8 diversa e reagisce in modo diverso allo stesso cosmetico. Non forniamo consulenza personalizzata, non conosciamo la tua pelle.<br \/>\nPer qualsiasi consiglio personale, soprattutto se si \u00e8 sottoposti a cure mediche: consultare il proprio medico o dermatologo.<br \/>\nNon modificare mai un trattamento prescritto in base a ci\u00f2 che leggi su Internet.<\/p>\n<p>&nbsp;<\/p>\n<p><span style=\"color: #005890;\"><strong><span class=\"VIiyi\" lang=\"it\"><span class=\"JLqJ4b ChMk0b\" data-language-for-alternatives=\"it\" data-language-to-translate-into=\"en\" data-phrase-index=\"1\">PRODOTTO IN CANADA\u00a0\u00a0\u00a0 |<\/span> \u00a0\u00a0 <span class=\"JLqJ4b ChMk0b\" data-language-for-alternatives=\"it\" data-language-to-translate-into=\"en\" data-phrase-index=\"2\">CERTIFICATO GMP \u00a0\u00a0 |<\/span> \u00a0\u00a0 <span class=\"JLqJ4b ChMk0b\" data-language-for-alternatives=\"it\" data-language-to-translate-into=\"en\" data-phrase-index=\"3\">NON OGM \u00a0\u00a0 |<\/span> \u00a0\u00a0 <span class=\"JLqJ4b ChMk0b\" data-language-for-alternatives=\"it\" data-language-to-translate-into=\"en\" data-phrase-index=\"4\">LAB. CERTIFICATO ISO 17025<\/span><\/span><\/strong><\/span><\/p>\n","protected":false},"excerpt":{"rendered":"<p>&nbsp; Riparazioni &#8211; Guarisce Idrata Antiossidante Antisettico &#8211; Ossigenato Anti-Rossore &#8211; Lenisce Schiarisce &#8211; Rassoda Morbidezza &#8211; Comfort per la pelle D\u00e0 una giovane apparenza Fatto con Ingredienti ipoallergenici Progettato per tutti i tipi di pelle Stimola la circolazione dell&#8217;epidermide Ossigenazione della pelle Antisettico non irritante Progettato per tutti i tipi di pelle La maschera [&hellip;]<\/p>\n","protected":false},"featured_media":8489,"template":"","meta":{"hide_page_title":"","_coblocks_attr":"","_coblocks_dimensions":"","_coblocks_responsive_height":"","_coblocks_accordion_ie_support":""},"product_cat":[22],"product_tag":[],"translation":{"provider":"WPGlobus","version":"3.0.1","language":"it","enabled_languages":["en","es","fr","ar","pt","it"],"languages":{"en":{"title":true,"content":true,"excerpt":false},"es":{"title":false,"content":true,"excerpt":false},"fr":{"title":true,"content":true,"excerpt":false},"ar":{"title":false,"content":true,"excerpt":false},"pt":{"title":false,"content":true,"excerpt":false},"it":{"title":false,"content":true,"excerpt":false}}},"_links":{"self":[{"href":"https:\/\/www.serrarpharma.com\/it\/wp-json\/wp\/v2\/product\/7804"}],"collection":[{"href":"https:\/\/www.serrarpharma.com\/it\/wp-json\/wp\/v2\/product"}],"about":[{"href":"https:\/\/www.serrarpharma.com\/it\/wp-json\/wp\/v2\/types\/product"}],"wp:featuredmedia":[{"embeddable":true,"href":"https:\/\/www.serrarpharma.com\/it\/wp-json\/wp\/v2\/media\/8489"}],"wp:attachment":[{"href":"https:\/\/www.serrarpharma.com\/it\/wp-json\/wp\/v2\/media?parent=7804"}],"wp:term":[{"taxonomy":"product_cat","embeddable":true,"href":"https:\/\/www.serrarpharma.com\/it\/wp-json\/wp\/v2\/product_cat?post=7804"},{"taxonomy":"product_tag","embeddable":true,"href":"https:\/\/www.serrarpharma.com\/it\/wp-json\/wp\/v2\/product_tag?post=7804"}],"curies":[{"name":"wp","href":"https:\/\/api.w.org\/{rel}","templated":true}]}}