{"id":7801,"date":"2020-06-07T14:56:28","date_gmt":"2020-06-07T14:56:28","guid":{"rendered":"https:\/\/www.serrarpharma.com\/?post_type=product&#038;p=7801"},"modified":"2024-08-21T22:01:59","modified_gmt":"2024-08-22T02:01:59","slug":"phyto-scrub-dr-serrar","status":"publish","type":"product","link":"https:\/\/www.serrarpharma.com\/it\/product\/phyto-scrub-dr-serrar\/","title":{"rendered":"SCRUB"},"content":{"rendered":"<p><img loading=\"lazy\" class=\"alignnone wp-image-11371\" src=\"https:\/\/i0.wp.com\/www.serrarpharma.com\/wp-content\/uploads\/2021\/04\/Made-in-CA.png?resize=70%2C70&#038;ssl=1\" alt=\"\" width=\"70\" height=\"70\" srcset=\"https:\/\/i0.wp.com\/www.serrarpharma.com\/wp-content\/uploads\/2021\/04\/Made-in-CA.png?w=150&amp;ssl=1 150w, https:\/\/i0.wp.com\/www.serrarpharma.com\/wp-content\/uploads\/2021\/04\/Made-in-CA.png?resize=100%2C100&amp;ssl=1 100w\" sizes=\"(max-width: 70px) 100vw, 70px\" data-recalc-dims=\"1\" \/><img loading=\"lazy\" class=\"alignnone wp-image-11370\" src=\"https:\/\/i0.wp.com\/www.serrarpharma.com\/wp-content\/uploads\/2021\/04\/GMP.png?resize=70%2C70&#038;ssl=1\" alt=\"\" width=\"70\" height=\"70\" srcset=\"https:\/\/i0.wp.com\/www.serrarpharma.com\/wp-content\/uploads\/2021\/04\/GMP.png?w=150&amp;ssl=1 150w, https:\/\/i0.wp.com\/www.serrarpharma.com\/wp-content\/uploads\/2021\/04\/GMP.png?resize=100%2C100&amp;ssl=1 100w\" sizes=\"(max-width: 70px) 100vw, 70px\" data-recalc-dims=\"1\" \/><img loading=\"lazy\" class=\"alignnone wp-image-11369\" src=\"https:\/\/i0.wp.com\/www.serrarpharma.com\/wp-content\/uploads\/2021\/04\/Nongmo.png?resize=70%2C70&#038;ssl=1\" alt=\"\" width=\"70\" height=\"70\" srcset=\"https:\/\/i0.wp.com\/www.serrarpharma.com\/wp-content\/uploads\/2021\/04\/Nongmo.png?w=150&amp;ssl=1 150w, https:\/\/i0.wp.com\/www.serrarpharma.com\/wp-content\/uploads\/2021\/04\/Nongmo.png?resize=100%2C100&amp;ssl=1 100w\" sizes=\"(max-width: 70px) 100vw, 70px\" data-recalc-dims=\"1\" \/><img loading=\"lazy\" class=\"alignnone wp-image-11799\" src=\"https:\/\/i0.wp.com\/www.serrarpharma.com\/wp-content\/uploads\/2021\/04\/ISO-07.png?resize=70%2C70&#038;ssl=1\" alt=\"\" width=\"70\" height=\"70\" srcset=\"https:\/\/i0.wp.com\/www.serrarpharma.com\/wp-content\/uploads\/2021\/04\/ISO-07.png?resize=300%2C300&amp;ssl=1 300w, https:\/\/i0.wp.com\/www.serrarpharma.com\/wp-content\/uploads\/2021\/04\/ISO-07.png?resize=150%2C150&amp;ssl=1 150w, https:\/\/i0.wp.com\/www.serrarpharma.com\/wp-content\/uploads\/2021\/04\/ISO-07.png?resize=100%2C100&amp;ssl=1 100w, https:\/\/i0.wp.com\/www.serrarpharma.com\/wp-content\/uploads\/2021\/04\/ISO-07.png?w=418&amp;ssl=1 418w\" sizes=\"(max-width: 70px) 100vw, 70px\" data-recalc-dims=\"1\" \/><\/p>\n<p>&nbsp;<\/p>\n<p>Nutre &#8211; Lenisce<br \/>\nAntiossidante<br \/>\nRimuove le impurit\u00e0<br \/>\nCellule morte dalla pelle<br \/>\nStringe i pori<br \/>\nProlunga l&#8217;abbronzatura<br \/>\nFatto con<br \/>\n<strong> Ingredienti ipoallergenici <\/strong><br \/>\nProgettato per tutti i tipi di pelle<\/p>\n<p>Riduce la comparsa di linee sottili e rughe<br \/>\nGli antiossidanti prevengono l&#8217;invecchiamento della pelle<br \/>\nProtegge dalle aggressioni esterne quotidiane<br \/>\nPelle meglio ossigenata, radiosa e luminosa<br \/>\nIdrata le pelli pi\u00f9 sensibili<br \/>\nNutriente e lenitivo<br \/>\nAstringente rassoda i pori<br \/>\nRilassa i muscoli del viso<br \/>\nPelle pi\u00f9 morbida con un tocco vellutato<br \/>\nProgettato per tutti i tipi di pelle<\/p>\n<p><strong> Perch\u00e9 scegliere uno scrub: <\/strong><br \/>\n\u00c8 importante esfoliare regolarmente la pelle. Se prolungare l&#8217;abbronzatura o migliorare l&#8217;efficacia delle cure. L&#8217;esfoliazione fa parte di una routine di bellezza ideale e di una pelle bella e morbida.<\/p>\n<p><strong> Che cos&#8217;\u00e8 uno scrub? <\/strong><br \/>\nL&#8217;esfoliazione consiste nell&#8217;eliminare le cellule morte accumulate sulla tua epidermide, la superficie della tua pelle. Se non vengono rimossi e lo strato di cellule morte diventa troppo spesso, ci\u00f2 pu\u00f2 avere diverse conseguenze sull&#8217;epidermide:<br \/>\n&amp; nbsp;<\/p>\n<div class=\"productlist\">Pelle pi\u00f9 spenta che manca di luminosit\u00e0<br \/>\nPelle meno ossigenata, come devitalizzata<br \/>\nPelle pi\u00f9 ruvida al tatto<br \/>\nPelle secca<br \/>\nPeli incarniti, dovuti alle ghiandole pilosebacee, alla radice del pelo, che si intasano pi\u00f9 facilmente<\/div>\n<p>&amp; nbsp;<br \/>\nI pori ostruiti e i brufoli sul viso si verificano perch\u00e9 la pelle \u00e8 congestionata. Anche se la natura spesso fa le cose per bene e la pelle del tuo corpo rallenta la maggior parte del tempo, a volte ha bisogno di una piccola spinta per essere completamente pulita, disintossicata e nutrita.<\/p>\n<p>Dr. SERRAR <sup> \u00ae <\/sup> PHYTO SCRUB \u00e8 un&#8217;esfoliazione meccanica. \u00c8 composto da diversi principi attivi naturali e biologici, per una cura efficace che rispetta la tua salute e l&#8217;ambiente.<br \/>\nComposto da granuli di diatomee PHYTO SCRUB ha potere abrasivo sulla pelle, contiene microgranuli naturali finissimi, che gli permetteranno di essere rispettoso della pelle pur essendo efficace. Sono morbidi e piacevoli da usare: rimuoveranno le cellule morte senza aggredire la tua pelle. Grazie al massaggio, i grani del PHYTO SCRUB permettono alla pelle di liberarsi di cellule morte e impurit\u00e0.<\/p>\n<p>Dopo aver usato PHYTO SCRUB la tua pelle sar\u00e0 pi\u00f9 sana, pi\u00f9 morbida. Esfoliando regolarmente la pelle del tuo viso, contribuirai al naturale rinnovamento cellulare eliminando parte dello strato corneo composto da cellule morte. In questo modo, la tua pelle \u00e8 meglio ossigenata, si rinnova meglio e pi\u00f9 velocemente, il che la rende pi\u00f9 radiosa e luminosa.<\/p>\n<p>Un altro vantaggio: lo strato protettivo della tua pelle essendo raffinato, e quindi meno impermeabile, le cure che gli dai possono penetrare meglio e pi\u00f9 in profondit\u00e0. PHYTO SCRUB riduce inoltre la comparsa di rughe e linee sottili e rende la pelle pi\u00f9 morbida con un tocco vellutato.<\/p>\n<p>Gli oli vegetali sono essenziali in PHYTO SCRUB perch\u00e9 subito dopo l&#8217;esfoliazione aiutano a ristrutturare e nutrire la pelle. si consiglia di lasciare lo scrub sulla pelle da 3 a 4 minuti dopo un leggero massaggio, per beneficiare delle propriet\u00e0 nutrienti e lenitive degli oli vegetali: questo \u00e8 il gesto ideale per riequilibrare l&#8217;idratazione dell&#8217;epidermide pi\u00f9 sensibile.<\/p>\n<p>PHYTO SCRUB non solo esfolia la pelle, ma le dar\u00e0 una vera cura. Utilizza principi attivi che migliorano le condizioni della pelle, circolatori, astringenti (azione che restringe i pori), antiossidanti (previene l&#8217;invecchiamento cutaneo e protegge dalle aggressioni esterne quotidiane) o anche rilassanti, per aiutare i muscoli del viso ad alleviare se stessi.<\/p>\n<p>&amp; nbsp;<\/p>\n<h5>Perch\u00e9 scegliere Dr. SERRAR <sup> \u00ae <\/sup> PHYTO SCRUB?<\/h5>\n<p>Dr. SERRAR\u00ae PHYTO SCRUB \u00e8 prodotto secondo i pi\u00f9 alti standard dell&#8217;industria farmaceutica. Sia esfoliante che trattante, la crema contiene microgranuli di diatomea avanzati, estratto di cetriolo, olio di sesamo, olio di mandorle dolci e allantoina. Queste sostanze naturali aiutano la pelle a mantenere queste funzioni generative. Attraverso una leggera carteggiatura, questa crema libera la pelle da impurit\u00e0 e cellule morte, le dona un aspetto giovane e sano e la prepara a ricevere gli elementi attivi dei prodotti trattanti. Progettato per tutti i tipi di pelle. Per viso, collo, piedi e corpo.<br \/>\n&amp; nbsp;<\/p>\n<div class=\"productlist\">QUALIT\u00c0 MASSIMA. SENZA GLUTINE. Prodotto in Canada.<br \/>\nLe buone pratiche di fabbricazione (GMP) sono un insieme di rigide normative farmaceutiche che garantiscono che gli integratori alimentari siano prodotti e controllati secondo uno standard elevato idoneo all&#8217;uso.<br \/>\nSenza soia, senza glutine, certificato Kosher, senza latticini, senza latte, frutta a guscio, arachidi, crostacei, grano e soia. Inoltre privo di lievito, orzo, riso, sodio e zucchero.<br \/>\nMassima efficienza.<br \/>\nTutto naturale Sourced.<br \/>\nRealizzato con ingredienti ipoallergenici.<\/div>\n<p>&amp; nbsp;<br \/>\n<strong> RACCOMANDAZIONE DEL TEST DI PATCH <\/strong><br \/>\nQuesta \u00e8 una crema scrub CONCENTRATA e POTENTE contenente ingredienti vegetali attivi che possono causare irritazioni alla pelle o eruzioni cutanee per chi soffre di allergie. \u00c8 IMPORTANTE eseguire un patch test del prodotto * almeno 24-48 * ore prima dell&#8217;applicazione regolare per assicurarsi che il prodotto si adatti bene alla propria pelle.<\/p>\n<p><strong> Istruzioni per l&#8217;uso <\/strong><br \/>\nSe la formula \u00e8 compatibile con la tua pelle, applicala una volta alla settimana. Solo per uso esterno.<br \/>\nPer viso, collo, piedi e corpo.<br \/>\nDopo l&#8217;esfoliazione utilizzare il Dr. SERRAR <sup> \u00ae <\/sup> PHYTO TONIC + Vitamin C + ECLAT (day) + DERM (night) ..<br \/>\nIl kit Dr. SERRAR <sup> \u00ae <\/sup>: PHYTO (CLEAN + SCRUB + MASK + TONIC) + Vitamina C + ECLAT + DERM, rigenera anni di danni ambientali e lascia la tua pelle sana e giovane. Riduce visibilmente le linee sottili e le rughe, rendendo la pelle pi\u00f9 robusta e luminosa. Progettato per tutti i tipi di pelle.<br \/>\nLa crema Dr. SERRAR\u00ae PHYTO SCRUB \u00e8 un marchio potente ma sicuro e testato. Collaboriamo con laboratori in Canada e negli Stati Uniti per sviluppare i nostri prodotti. Ogni prodotto che lanciamo \u00e8 sviluppato per essere il pi\u00f9 potente possibile, al fine di offrire il massimo effetto pur rimanendo dermatologicamente sicuro per la tua pelle.<\/p>\n<p><strong> Avviso: <\/strong><br \/>\nFermati al minimo cambiamento o reazione. Se necessario, consultare un medico o informazioni sanitarie in caso di reazioni allergiche.<br \/>\nOgni pelle \u00e8 diversa e reagisce in modo diverso allo stesso cosmetico. Non forniamo consulenza personalizzata, non conosciamo la tua pelle.<br \/>\nPer qualsiasi consiglio personale, soprattutto se si \u00e8 sottoposti a cure mediche: consultare il proprio medico o dermatologo.<br \/>\nNon modificare mai un trattamento prescritto in base a ci\u00f2 che leggi su Internet.<\/p>\n<p>&nbsp;<\/p>\n<p><span style=\"color: #005890;\"><strong><span class=\"VIiyi\" lang=\"it\"><span class=\"JLqJ4b ChMk0b\" data-language-for-alternatives=\"it\" data-language-to-translate-into=\"en\" data-phrase-index=\"1\">PRODOTTO IN CANADA\u00a0\u00a0\u00a0 |<\/span> \u00a0\u00a0 <span class=\"JLqJ4b ChMk0b\" data-language-for-alternatives=\"it\" data-language-to-translate-into=\"en\" data-phrase-index=\"2\">CERTIFICATO GMP \u00a0\u00a0 |<\/span> \u00a0\u00a0 <span class=\"JLqJ4b ChMk0b\" data-language-for-alternatives=\"it\" data-language-to-translate-into=\"en\" data-phrase-index=\"3\">NON OGM \u00a0\u00a0 |<\/span> \u00a0\u00a0 <span class=\"JLqJ4b ChMk0b\" data-language-for-alternatives=\"it\" data-language-to-translate-into=\"en\" data-phrase-index=\"4\">LAB. CERTIFICATO ISO 17025<\/span><\/span><\/strong><\/span><\/p>\n","protected":false},"excerpt":{"rendered":"<p>&nbsp; Nutre &#8211; Lenisce Antiossidante Rimuove le impurit\u00e0 Cellule morte dalla pelle Stringe i pori Prolunga l&#8217;abbronzatura Fatto con Ingredienti ipoallergenici Progettato per tutti i tipi di pelle Riduce la comparsa di linee sottili e rughe Gli antiossidanti prevengono l&#8217;invecchiamento della pelle Protegge dalle aggressioni esterne quotidiane Pelle meglio ossigenata, radiosa e luminosa Idrata le [&hellip;]<\/p>\n","protected":false},"featured_media":8488,"template":"","meta":{"hide_page_title":"","_coblocks_attr":"","_coblocks_dimensions":"","_coblocks_responsive_height":"","_coblocks_accordion_ie_support":""},"product_cat":[22],"product_tag":[],"translation":{"provider":"WPGlobus","version":"3.0.1","language":"it","enabled_languages":["en","es","fr","ar","pt","it"],"languages":{"en":{"title":true,"content":true,"excerpt":false},"es":{"title":false,"content":true,"excerpt":false},"fr":{"title":true,"content":true,"excerpt":false},"ar":{"title":false,"content":true,"excerpt":false},"pt":{"title":false,"content":true,"excerpt":false},"it":{"title":false,"content":true,"excerpt":false}}},"_links":{"self":[{"href":"https:\/\/www.serrarpharma.com\/it\/wp-json\/wp\/v2\/product\/7801"}],"collection":[{"href":"https:\/\/www.serrarpharma.com\/it\/wp-json\/wp\/v2\/product"}],"about":[{"href":"https:\/\/www.serrarpharma.com\/it\/wp-json\/wp\/v2\/types\/product"}],"wp:featuredmedia":[{"embeddable":true,"href":"https:\/\/www.serrarpharma.com\/it\/wp-json\/wp\/v2\/media\/8488"}],"wp:attachment":[{"href":"https:\/\/www.serrarpharma.com\/it\/wp-json\/wp\/v2\/media?parent=7801"}],"wp:term":[{"taxonomy":"product_cat","embeddable":true,"href":"https:\/\/www.serrarpharma.com\/it\/wp-json\/wp\/v2\/product_cat?post=7801"},{"taxonomy":"product_tag","embeddable":true,"href":"https:\/\/www.serrarpharma.com\/it\/wp-json\/wp\/v2\/product_tag?post=7801"}],"curies":[{"name":"wp","href":"https:\/\/api.w.org\/{rel}","templated":true}]}}