{"id":7718,"date":"2020-06-05T03:09:52","date_gmt":"2020-06-05T03:09:52","guid":{"rendered":"https:\/\/www.serrarpharma.com\/?post_type=product&#038;p=7718"},"modified":"2024-08-21T22:05:33","modified_gmt":"2024-08-22T02:05:33","slug":"dr-serrar-derm","status":"publish","type":"product","link":"https:\/\/www.serrarpharma.com\/it\/product\/dr-serrar-derm\/","title":{"rendered":"DERM Ergothioneine"},"content":{"rendered":"<p><img loading=\"lazy\" class=\"alignnone wp-image-11896\" src=\"https:\/\/i0.wp.com\/www.serrarpharma.com\/wp-content\/uploads\/2021\/05\/Quality-Labels-US-09.png?resize=70%2C70&#038;ssl=1\" alt=\"\" width=\"70\" height=\"70\" data-recalc-dims=\"1\" \/><img loading=\"lazy\" class=\"alignnone wp-image-11370\" src=\"https:\/\/i0.wp.com\/www.serrarpharma.com\/wp-content\/uploads\/2021\/04\/GMP.png?resize=70%2C70&#038;ssl=1\" alt=\"\" width=\"70\" height=\"70\" srcset=\"https:\/\/i0.wp.com\/www.serrarpharma.com\/wp-content\/uploads\/2021\/04\/GMP.png?w=150&amp;ssl=1 150w, https:\/\/i0.wp.com\/www.serrarpharma.com\/wp-content\/uploads\/2021\/04\/GMP.png?resize=100%2C100&amp;ssl=1 100w\" sizes=\"(max-width: 70px) 100vw, 70px\" data-recalc-dims=\"1\" \/><img loading=\"lazy\" class=\"alignnone wp-image-11369\" src=\"https:\/\/i0.wp.com\/www.serrarpharma.com\/wp-content\/uploads\/2021\/04\/Nongmo.png?resize=70%2C70&#038;ssl=1\" alt=\"\" width=\"70\" height=\"70\" srcset=\"https:\/\/i0.wp.com\/www.serrarpharma.com\/wp-content\/uploads\/2021\/04\/Nongmo.png?w=150&amp;ssl=1 150w, https:\/\/i0.wp.com\/www.serrarpharma.com\/wp-content\/uploads\/2021\/04\/Nongmo.png?resize=100%2C100&amp;ssl=1 100w\" sizes=\"(max-width: 70px) 100vw, 70px\" data-recalc-dims=\"1\" \/><img loading=\"lazy\" class=\"alignnone wp-image-11799\" src=\"https:\/\/i0.wp.com\/www.serrarpharma.com\/wp-content\/uploads\/2021\/04\/ISO-07.png?resize=70%2C70&#038;ssl=1\" alt=\"\" width=\"70\" height=\"70\" srcset=\"https:\/\/i0.wp.com\/www.serrarpharma.com\/wp-content\/uploads\/2021\/04\/ISO-07.png?resize=300%2C300&amp;ssl=1 300w, https:\/\/i0.wp.com\/www.serrarpharma.com\/wp-content\/uploads\/2021\/04\/ISO-07.png?resize=150%2C150&amp;ssl=1 150w, https:\/\/i0.wp.com\/www.serrarpharma.com\/wp-content\/uploads\/2021\/04\/ISO-07.png?resize=100%2C100&amp;ssl=1 100w, https:\/\/i0.wp.com\/www.serrarpharma.com\/wp-content\/uploads\/2021\/04\/ISO-07.png?w=418&amp;ssl=1 418w\" sizes=\"(max-width: 70px) 100vw, 70px\" data-recalc-dims=\"1\" \/><\/p>\n<p><strong> A base di ergotioneina <\/strong><br \/>\nAmmorbidisce &#8211; Idrata<br \/>\nIllumina &#8211; rassoda<br \/>\nAntiossidante<br \/>\nAnti rughe<br \/>\nCombatte i segni dell&#8217;invecchiamento:<br \/>\n(Linee sottili, rughe, macchie marroni)<br \/>\nFatto con<br \/>\n<strong> Ingredienti ipoallergenici <\/strong><br \/>\nProgettato per tutti i tipi di pelle<\/p>\n<p>Dr. SERRAR <sup> \u00ae <\/sup> Skin Care \u00e8 un marchio i cui trattamenti antiossidanti sono preparati secondo parametri di protezione dall&#8217;invecchiamento atmosferico. Quest&#8217;ultimo denota segni visibili di esposizione a una variet\u00e0 di aggressori ambientali. Questi aggressori includono i raggi UV, i raggi infrarossi (IRA) e l&#8217;inquinamento.<\/p>\n<p>Inoltre, sotto l&#8217;effetto dell&#8217;et\u00e0 e delle condizioni climatiche, la pelle perde la sua elasticit\u00e0 e la sua luminosit\u00e0. Per superare questi inconvenienti, offriamo antiossidanti antiet\u00e0 Dr serrar Skin Care, una gamma di prodotti studiati per prevenire, rallentare e correggere i primi segni dell&#8217;invecchiamento cutaneo. I prodotti per la pelle matura sono preparati con elementi biostimolanti ed estratti vegetali che ammorbidiscono, nutrono e idratano la pelle favorendo l&#8217;afflusso di sangue all&#8217;epidermide. Tonificano e rigenerano la pelle e contribuiscono alla sua salute e al suo benessere. Questi prodotti sono consigliati a tutte le persone dai 21 anni in su.<\/p>\n<p>Tuttavia, altri fattori favoriscono l&#8217;invecchiamento precoce della pelle, inclusi l&#8217;ambiente, uno stile di vita povero, la disidratazione e una lunga esposizione al sole. Prima dei 30 anni i segni del tempo non sono ancora visibili: ci mettiamo quindi in prevenzione con la crema Dr. SERRAR <sup> \u00ae <\/sup> Skin Care \u00c9CLAT al mattino e DERM alla sera.<\/p>\n<p>\u00c8 a partire dai 30 anni che iniziano a prendere forma le linee sottili e di espressione: carnagione spenta, mancanza di compattezza, pelle meno liscia. Questi segni che chiamiamo invecchiamento cutaneo sono causati da un eccesso di stress ossidativo. La pelle, predisposta ad accumulare danni, diventa quindi il primo specchio dell&#8217;et\u00e0. Questi lievi segni dell&#8217;invecchiamento sono tuttavia reversibili e possono essere curati rapidamente.<\/p>\n<p>Non appena compaiono le prime rughe, l&#8217;applicazione di una crema antiossidante antiet\u00e0 DERM aiuta a combattere l&#8217;invecchiamento cutaneo: a fermare il tempo.<br \/>\nLa crema antiet\u00e0 DERM aiuta a combattere i segni del tempo con ingredienti top di gamma per risultati sorprendenti. Con l&#8217;avanzare dell&#8217;et\u00e0 ci si secca e soprattutto le donne. Ecco perch\u00e9 \u00e8 cos\u00ec importante dare alla nostra pelle l&#8217;idratazione di cui ha bisogno per rimanere soda e carnosa.<\/p>\n<p>La nostra crema antiet\u00e0 DERM a marchio privato idrata e trattiene l&#8217;umidit\u00e0 per ridurre i segni dell&#8217;invecchiamento per un aspetto fresco e giovanile:<br \/>\n&amp; nbsp;<\/p>\n<div class=\"productlist\">Riduce la comparsa di linee sottili e rughe<br \/>\nIdrata e idrata<br \/>\nAmmorbidisce e lenisce la secchezza<br \/>\nBlocca l&#8217;umidit\u00e0<\/div>\n<p>&amp; nbsp;<br \/>\n<strong> INGREDIENTI CHIAVE <\/strong><br \/>\nUtilizziamo ingredienti di prima qualit\u00e0 per offrire ai clienti un prodotto di alta qualit\u00e0 che adoreranno. La nostra crema antiet\u00e0 a marchio privato \u00e8 stata formulata con alcuni degli ingredienti antiet\u00e0 pi\u00f9 popolari del settore per garantire l&#8217;efficacia:<\/p>\n<p>Ergotioneina: protegge la pelle dai danni al DNA<br \/>\nEstratto di foglie di t\u00e8 verde &#8211; contiene antiossidanti antiet\u00e0<br \/>\nOlio di jojoba: idrata, protegge e leviga le linee sottili<br \/>\nGlyceryl Stearate &#8211; aiuta a prevenire la perdita di umidit\u00e0<br \/>\nProteine \u200b\u200bdel grano idrolizzate: aiutano la pelle a trattenere l&#8217;umidit\u00e0<\/p>\n<p><strong> Che cos&#8217;\u00e8 l&#8217;ergotioneina o l&#8217;ergotioneina? <\/strong><br \/>\nL&#8217;ergotioneina \u00e8 un amminoacido con un gruppo tiolo \/ tione. Di solito \u00e8 sintetizzato da alcuni funghi e batteri. Si trova anche in molte noci, legumi, foglie verdi, funghi e frutti di mare. Si trova nei funghi in concentrazioni pi\u00f9 elevate rispetto a qualsiasi altra fonte. \u00c8 anche un metabolita del glutatione. Di solito \u00e8 un solido cristallino bianco, ma si presenta anche sotto forma di una soluzione insapore e incolore.<\/p>\n<p><strong> Utilizzo e vantaggi: <\/strong><br \/>\nGrazie alla sua specialit\u00e0 strutturale di atomo di zolfo, \u00e8 un antiossidante stabile e potente. Non solo previene l&#8217;ossidazione, ma anche l&#8217;eliminazione dei radicali liberi, in particolare i radicali -OH.<\/p>\n<p>Ruolo dell&#8217;ergotioneina:<\/p>\n<div class=\"productlist\">Protegge la pelle dai danni al DNA<br \/>\nAntiossidante stabile e potente.<br \/>\nPreviene la degenerazione della pelle da fattori climatici come inquinamento, raggi UV nocivi, esposizione a fumi chimici, ecc.<br \/>\nAiuta a trattenere il serbatoio dell&#8217;acqua per la pelle pi\u00f9 a lungo, prevenendo l&#8217;invecchiamento prematuro della pelle. In questo modo \u00e8 possibile evitare la comparsa di linee sottili, rughe o cedimenti.<br \/>\nStabilizza la formulazione della crema DERM. Previene gli effetti nocivi dell&#8217;ossigeno sul prodotto come scolorimento, separazione, ecc.<\/div>\n<p>&amp; nbsp;<\/p>\n<h5>Perch\u00e9 scegliere l&#8217;antiossidante antiet\u00e0 Dr. SERRAR <sup> \u00ae <\/sup> DERM Ergothioneine?<\/h5>\n<p>Dr. SERRAR <sup> \u00ae <\/sup> DERM Ergotioneina antiossidanti anti-et\u00e0 sono prodotti secondo i pi\u00f9 alti standard dell&#8217;industria farmaceutica. Contengono ingredienti antiossidanti avanzati Ergotioneina, olio di jojoba, estratto di foglie di t\u00e8 verde, gliceril stearato, proteine \u200b\u200bdel grano idrolizzate in questa formula avanzata progettata per proteggere la pelle dai danni al DNA. Contiene antiossidanti antiet\u00e0, aiuta a prevenire la perdita di umidit\u00e0, aiuta la pelle a trattenere l&#8217;umidit\u00e0, idrata e protegge e leviga le linee sottili tra cui luminosit\u00e0, compattezza, rughe, macchie scure e macchie solari.<br \/>\n&amp; nbsp;<\/p>\n<div class=\"productlist\">MASSIMA QUALIT\u00c0 Made in USA.<br \/>\nStrutture certificate dalla FDA<br \/>\nLe buone pratiche di fabbricazione (GMP) sono un insieme di rigide normative farmaceutiche che garantiscono che gli integratori alimentari siano prodotti e controllati secondo uno standard elevato idoneo all&#8217;uso.<br \/>\nSenza soia, senza glutine, certificato Kosher, senza latticini, senza latte, frutta a guscio, arachidi, crostacei, soia. Inoltre privo di lievito, orzo, riso, sodio e zucchero.<br \/>\nMassima efficienza<br \/>\nTutto naturale Sourced<br \/>\nRealizzato con ingredienti ipoallergenici<\/div>\n<p>&amp; nbsp;<br \/>\n<strong> Indicazioni <\/strong><br \/>\nIl processo di invecchiamento riduce naturalmente l&#8217;umidit\u00e0, il collagene e le sostanze nutritive fondamentali per la pelle, lasciando la pelle secca, rugosa e impura. La crema DERM Ergothioneine \u00e8 progettata con precisione per rivitalizzare la pelle che invecchia, fornendo i nutrienti chiave necessari per riportare la pelle al suo aspetto bello e giovane.<\/p>\n<p><strong> RACCOMANDAZIONE DEL TEST DI PATCH <\/strong><br \/>\nQuesta \u00e8 una crema viso CONCENTRATA e POTENTE contenente ingredienti vegetali attivi che possono causare irritazioni alla pelle o sfoghi per chi soffre di allergie. \u00c8 IMPORTANTE eseguire un patch test del prodotto * almeno 24-48 * ore prima dell&#8217;applicazione regolare per assicurarsi che il prodotto si adatti bene alla propria pelle.<\/p>\n<p><strong> Applicazione <\/strong><br \/>\nSe la formula \u00e8 compatibile con la tua pelle, applica due volte al giorno. Solo per uso esterno.<br \/>\nMattina e sera, dopo aver deterso e tonificato la pelle e applicato il siero alla VITAMINA C. Applicare su viso, collo ..<\/p>\n<p>Questo kit (VITAMIN C SERUM + DERM Ergothioneine cream) Rigenera anni di danni ambientali e lascia la tua pelle sana e giovane. Riduce visibilmente le linee sottili e le rughe, rendendo la pelle pi\u00f9 robusta e luminosa.<\/p>\n<p>Dr. SERRAR <sup> \u00ae <\/sup> DERM Ergothioneine anti-aging antiossidant cream \u00e8 un marchio potente ma sicuro e testato. Collaboriamo con laboratori in Canada e negli Stati Uniti per sviluppare i nostri prodotti. Ogni prodotto che lanciamo \u00e8 sviluppato per essere il pi\u00f9 potente possibile, al fine di offrire il massimo effetto pur rimanendo dermatologicamente sicuro per la tua pelle.<\/p>\n<p><strong> Avviso: <\/strong><br \/>\nFermati al minimo cambiamento o reazione. Se necessario, consultare un medico o informazioni sanitarie in caso di reazione allergica.<br \/>\nOgni pelle \u00e8 diversa e reagisce in modo diverso allo stesso cosmetico. Non forniamo consulenza personalizzata, non conosciamo la tua pelle.<br \/>\nPer qualsiasi consiglio personale, soprattutto se si \u00e8 sottoposti a cure mediche: consultare il proprio medico o dermatologo.<br \/>\nNon modificare mai un trattamento prescritto in base a ci\u00f2 che leggi su Internet.<\/p>\n<p>&nbsp;<\/p>\n<p><span style=\"color: #005890;\"><strong><span class=\"VIiyi\" lang=\"it\"><span class=\"JLqJ4b ChMk0b\" data-language-for-alternatives=\"it\" data-language-to-translate-into=\"en\" data-phrase-index=\"1\">FABBRICATO NEGLI USA \u00a0\u00a0 |<\/span> \u00a0\u00a0 <span class=\"JLqJ4b ChMk0b\" data-language-for-alternatives=\"it\" data-language-to-translate-into=\"en\" data-phrase-index=\"2\">CERTIFICATO GMP \u00a0\u00a0 |<\/span> \u00a0\u00a0 <span class=\"JLqJ4b ChMk0b\" data-language-for-alternatives=\"it\" data-language-to-translate-into=\"en\" data-phrase-index=\"3\">NON OGM \u00a0\u00a0 |<\/span> \u00a0\u00a0 <span class=\"JLqJ4b ChMk0b\" data-language-for-alternatives=\"it\" data-language-to-translate-into=\"en\" data-phrase-index=\"4\">LAB. CERTIFICATO ISO 17025<\/span><\/span><\/strong><\/span><\/p>\n","protected":false},"excerpt":{"rendered":"<p>A base di ergotioneina Ammorbidisce &#8211; Idrata Illumina &#8211; rassoda Antiossidante Anti rughe Combatte i segni dell&#8217;invecchiamento: (Linee sottili, rughe, macchie marroni) Fatto con Ingredienti ipoallergenici Progettato per tutti i tipi di pelle Dr. SERRAR \u00ae Skin Care \u00e8 un marchio i cui trattamenti antiossidanti sono preparati secondo parametri di protezione dall&#8217;invecchiamento atmosferico. Quest&#8217;ultimo denota [&hellip;]<\/p>\n","protected":false},"featured_media":8589,"template":"","meta":{"hide_page_title":"","_coblocks_attr":"","_coblocks_dimensions":"","_coblocks_responsive_height":"","_coblocks_accordion_ie_support":""},"product_cat":[22],"product_tag":[],"translation":{"provider":"WPGlobus","version":"3.0.1","language":"it","enabled_languages":["en","es","fr","ar","pt","it"],"languages":{"en":{"title":true,"content":true,"excerpt":false},"es":{"title":false,"content":true,"excerpt":false},"fr":{"title":false,"content":true,"excerpt":false},"ar":{"title":false,"content":true,"excerpt":false},"pt":{"title":false,"content":true,"excerpt":false},"it":{"title":false,"content":true,"excerpt":false}}},"_links":{"self":[{"href":"https:\/\/www.serrarpharma.com\/it\/wp-json\/wp\/v2\/product\/7718"}],"collection":[{"href":"https:\/\/www.serrarpharma.com\/it\/wp-json\/wp\/v2\/product"}],"about":[{"href":"https:\/\/www.serrarpharma.com\/it\/wp-json\/wp\/v2\/types\/product"}],"wp:featuredmedia":[{"embeddable":true,"href":"https:\/\/www.serrarpharma.com\/it\/wp-json\/wp\/v2\/media\/8589"}],"wp:attachment":[{"href":"https:\/\/www.serrarpharma.com\/it\/wp-json\/wp\/v2\/media?parent=7718"}],"wp:term":[{"taxonomy":"product_cat","embeddable":true,"href":"https:\/\/www.serrarpharma.com\/it\/wp-json\/wp\/v2\/product_cat?post=7718"},{"taxonomy":"product_tag","embeddable":true,"href":"https:\/\/www.serrarpharma.com\/it\/wp-json\/wp\/v2\/product_tag?post=7718"}],"curies":[{"name":"wp","href":"https:\/\/api.w.org\/{rel}","templated":true}]}}