{"id":7701,"date":"2020-06-05T01:12:05","date_gmt":"2020-06-05T05:12:05","guid":{"rendered":"https:\/\/www.serrarpharma.com\/?post_type=product&#038;p=7701"},"modified":"2024-08-21T21:11:17","modified_gmt":"2024-08-22T01:11:17","slug":"dr-serrar-bodylift","status":"publish","type":"product","link":"https:\/\/www.serrarpharma.com\/it\/product\/dr-serrar-bodylift\/","title":{"rendered":"BODYLIFT"},"content":{"rendered":"<p><img loading=\"lazy\" class=\"alignnone wp-image-11371\" src=\"https:\/\/i0.wp.com\/www.serrarpharma.com\/wp-content\/uploads\/2021\/04\/Made-in-CA.png?resize=70%2C70&#038;ssl=1\" alt=\"\" width=\"70\" height=\"70\" srcset=\"https:\/\/i0.wp.com\/www.serrarpharma.com\/wp-content\/uploads\/2021\/04\/Made-in-CA.png?w=150&amp;ssl=1 150w, https:\/\/i0.wp.com\/www.serrarpharma.com\/wp-content\/uploads\/2021\/04\/Made-in-CA.png?resize=100%2C100&amp;ssl=1 100w\" sizes=\"(max-width: 70px) 100vw, 70px\" data-recalc-dims=\"1\" \/><img loading=\"lazy\" class=\"alignnone wp-image-11370\" src=\"https:\/\/i0.wp.com\/www.serrarpharma.com\/wp-content\/uploads\/2021\/04\/GMP.png?resize=70%2C70&#038;ssl=1\" alt=\"\" width=\"70\" height=\"70\" srcset=\"https:\/\/i0.wp.com\/www.serrarpharma.com\/wp-content\/uploads\/2021\/04\/GMP.png?w=150&amp;ssl=1 150w, https:\/\/i0.wp.com\/www.serrarpharma.com\/wp-content\/uploads\/2021\/04\/GMP.png?resize=100%2C100&amp;ssl=1 100w\" sizes=\"(max-width: 70px) 100vw, 70px\" data-recalc-dims=\"1\" \/><img loading=\"lazy\" class=\"alignnone wp-image-11369\" src=\"https:\/\/i0.wp.com\/www.serrarpharma.com\/wp-content\/uploads\/2021\/04\/Nongmo.png?resize=70%2C70&#038;ssl=1\" alt=\"\" width=\"70\" height=\"70\" srcset=\"https:\/\/i0.wp.com\/www.serrarpharma.com\/wp-content\/uploads\/2021\/04\/Nongmo.png?w=150&amp;ssl=1 150w, https:\/\/i0.wp.com\/www.serrarpharma.com\/wp-content\/uploads\/2021\/04\/Nongmo.png?resize=100%2C100&amp;ssl=1 100w\" sizes=\"(max-width: 70px) 100vw, 70px\" data-recalc-dims=\"1\" \/><img loading=\"lazy\" class=\"alignnone wp-image-11799\" src=\"https:\/\/i0.wp.com\/www.serrarpharma.com\/wp-content\/uploads\/2021\/04\/ISO-07.png?resize=70%2C70&#038;ssl=1\" alt=\"\" width=\"70\" height=\"70\" srcset=\"https:\/\/i0.wp.com\/www.serrarpharma.com\/wp-content\/uploads\/2021\/04\/ISO-07.png?resize=300%2C300&amp;ssl=1 300w, https:\/\/i0.wp.com\/www.serrarpharma.com\/wp-content\/uploads\/2021\/04\/ISO-07.png?resize=150%2C150&amp;ssl=1 150w, https:\/\/i0.wp.com\/www.serrarpharma.com\/wp-content\/uploads\/2021\/04\/ISO-07.png?resize=100%2C100&amp;ssl=1 100w, https:\/\/i0.wp.com\/www.serrarpharma.com\/wp-content\/uploads\/2021\/04\/ISO-07.png?w=418&amp;ssl=1 418w\" sizes=\"(max-width: 70px) 100vw, 70px\" data-recalc-dims=\"1\" \/><\/p>\n<p>Anticellulite<br \/>\nMigliora la cattiva circolazione sanguigna<br \/>\nLenisce &#8211; Decongestionante<br \/>\nDiminuisce la ritenzione idrica<br \/>\nGambe leggere<\/p>\n<p>I prodotti per la cura della pelle Dr. SERRAR <sup> \u00ae <\/sup> sono i tuoi migliori alleati. Una vera spinta se decidi di prendere il controllo del tuo peso. \u00c8 un marchio i cui trattamenti anticellulite e anti buccia d&#8217;arancia sono preparati secondo parametri di protezione contro l&#8217;accumulo di grasso e il rilassamento cutaneo.<br \/>\nPer sbarazzarsi dei chili in pi\u00f9, non esiste una soluzione rapida. Devi seguire il programma ZinaCal: mangiare sano, fare esercizio e dormire a sufficienza. Ma chi dice chili in pi\u00f9 dice anche cellulite, capitoni, buccia d&#8217;arancia &#8230; Un pasto sano e l&#8217;attivit\u00e0 fisica non bastano per combattere questa piaga, nota a tutte le donne, siano esse magre o tonde. Per eliminare questi grumi di grasso che si formano sotto la pelle, abbiamo sviluppato due tipi di crema, a seconda della tua intenzione e del tuo problema.<\/p>\n<p>In caso di tessuto adiposo troppo spesso con pelle cascante, scegli una crema liporiducente BODYSLIM che impedir\u00e0 al grasso di depositarsi nel tessuto adiposo o lo ridurr\u00e0.<br \/>\nPer la cellulite, caratterizzata da un aspetto a buccia d&#8217;arancia sulle zone femminili (pancia, fianchi, cosce, pancia, glutei e talvolta all&#8217;interno delle braccia), scegli una crema anti-acqua o drenante BODYLIFT. Perch\u00e9 la cellulite \u00e8 sempre accompagnata da ritenzione idrica e cattiva circolazione.<\/p>\n<p>Per le pelli che hanno perso la loro elasticit\u00e0, con buccia arancione, cattiva circolazione e tessuto molle, scegli una crema BODYSLIM rassodante e drenante BODYLIFT.<\/p>\n<p>SCELTA DI CREMA SNELLENTE<br \/>\nLe creme snellenti BODYSLIM &amp; BODYLIFT servono soprattutto a scolpire il corpo rassodandolo. Inoltre levigano le fossette, la buccia d&#8217;arancia e riducono il grasso.<\/p>\n<p>La crema BODYLIFT spesso agisce sulla \u201critenzione idrica\u201d che si riscontra in alcune celluliti. Quindi ci sono donne che ne sono pi\u00f9 soddisfatte di altre: quelle che hanno problemi venosi, gambe pesanti, hanno nei calzoni una quota di acqua che pu\u00f2 essere migliorata con BODYLIFT e con i massaggi.<br \/>\nPer ottenere un buon risultato, si consiglia di applicare la crema sotto forma di leggeri massaggi circolari sulla parte del corpo che si vuole rimodellare. Che si tratti di cosce, glutei, fianchi o pancia, \u00e8 importante eseguire questi movimenti circolari dal basso verso l&#8217;alto. Il massaggio stimola la circolazione sanguigna e aiuta a cancellare l&#8217;aspetto a buccia d&#8217;arancia. Il drenaggio dei rifiuti tossici \u00e8 quindi pi\u00f9 facile e veloce. Inoltre, quando si massaggia, si crea un piccolo dispendio fisico, che aiuta ad ammorbidire le fibre di collagene ed elastina. Gli effetti della crema BODYLIFT vengono quindi ottimizzati.<\/p>\n<p>L&#8217;uso quotidiano della crema BODYLIFT per un minimo di un mese consentir\u00e0 di osservare un risultato positivo. Per un risultato maggiore garantito, \u00e8 necessario applicarlo mattina e sera per diversi mesi. Due o tre mesi sono sufficienti per essere convinti.<\/p>\n<p><strong> Efficienza <\/strong><br \/>\nBODYLIFT \u00e8 efficace solo in aggiunta ad altre azioni. Non \u00e8 un trattamento shock. Se, allo stesso tempo, mangi una sovrabbondanza di grassi e zuccheri, l&#8217;effetto della crema sar\u00e0 nullo. Una crema dimagrante non ha praticamente alcun effetto da sola. D&#8217;altra parte, nell&#8217;ambito di un programma dimagrante e anticellulite ZinaCal, si possono iniziare a vedere gli effetti dopo 15 giorni.<br \/>\nI tre elementi complementari alla dieta cremosa, esercizio fisico e rilassamento, perch\u00e9 sappiate che i grassi legati allo stress non sono trascurabili.<\/p>\n<p>Questo prodotto \u00e8 stato appositamente formulato per rispondere favorevolmente, senza rischio di intolleranze, a trattamenti volti a migliorare l&#8217;aspetto di BODYLIFT, per idratare, ammorbidire e proteggere la pelle dall&#8217;azione dell&#8217;acqua pesante e per lo stile di vita. Questo prodotto si basa su ingredienti naturali di altissima qualit\u00e0 che hanno dimostrato nei cosmetici la loro efficacia e ragione d&#8217;essere.<\/p>\n<p>Gel crema inodore contenente estratti di ippocastano ed edera oltre a mucopolisaccaridi, che aiutano a rallentare la formazione di edemi locali, rimuovere l&#8217;acqua e favorire il drenaggio. BODYLIFT svolge inoltre un&#8217;azione decongestionante e tonificante, fluidifica i grassi sottocutanei e partecipa alla destocking dei grassi a livello dello strato cutaneo. Consigliato in caso di cellulite, sovraccarico di grasso o oleoso a fianchi, cosce, vita e caviglie.<\/p>\n<p><strong> Ingredienti: <\/strong><br \/>\nAcqua, squalano, sorbitolo, acido stearico, glicole propilenico, estratto di semi di Aesculus Hippocastanum (ippocastano), estratto di acqua (e) edera helix (edera), miristato di isopropile, metilparabene, propilparabene, alcol cetilico, glicaminoglicolassio, trietanato di potassio Sorbato, Caramello, Fragranza<\/p>\n<p><strong> INGREDIENTI CHIAVE <\/strong><\/p>\n<p><strong> Estratto di ippocastano <\/strong><br \/>\nStringe i pori dilatati, agisce sui pori ostruiti. Stimola la circolazione sanguigna degli strati periferici della pelle. Antisettico e astringente, calmante e decongestionante.<\/p>\n<p><strong> Mucopolisaccaridi <\/strong><br \/>\nAiuta a rilasciare l&#8217;acqua intrappolata nei tessuti. combinato con ingredienti che facilitano la mobilizzazione dei grassi, \u00e8 un prodotto che viene utilizzato per combattere la cellulite.<br \/>\n&amp; nbsp;<\/p>\n<h5>Perch\u00e9 scegliere Dr. SERRAR <sup> \u00ae <\/sup> BODYLIFT?<\/h5>\n<p>SerrarPharma BODYLIFT anticellulite e anti edema, sono prodotti secondo i pi\u00f9 alti standard dell&#8217;industria farmaceutica. Usano i benefici naturali dell&#8217;estratto di ippocastano, dei mucopolisaccaridi e degli ingredienti avanzati. Stimola la circolazione sanguigna degli strati periferici della pelle, \u00e8 calmante e agisce come un decongestionante. Aiuta a liberare l&#8217;acqua intrappolata nei tessuti, combinato con ingredienti che facilitano la mobilizzazione dei grassi, \u00e8 un prodotto che viene utilizzato per combattere la cellulite.<br \/>\n&amp; nbsp;<\/p>\n<div class=\"productlist\">MASSIMA QUALIT\u00c0 Made in USA.<br \/>\nStrutture certificate dalla FDA<br \/>\nLe buone pratiche di fabbricazione (GMP) sono un insieme di rigide normative farmaceutiche che garantiscono che gli integratori alimentari siano prodotti e controllati secondo uno standard elevato idoneo all&#8217;uso.<br \/>\nSenza soia, senza glutine, certificato Kosher, senza latticini, senza latte, frutta a guscio, arachidi, crostacei, soia. Inoltre privo di lievito, orzo, riso, sodio e zucchero.<br \/>\nMassima efficienza<br \/>\nTutte le fonti naturali<br \/>\nRealizzato con ingredienti ipoallergenici<\/div>\n<p>&amp; nbsp;<br \/>\n<strong> Indicazioni <\/strong><br \/>\nCELLULITE, SNELLENTE, IDRATANTE, EDEMA: BODYLIFT stimola la circolazione sanguigna degli strati periferici della pelle, \u00e8 calmante e agisce come decongestionante. Aiuta a rilasciare l&#8217;acqua intrappolata nei tessuti. combinato con ingredienti che facilitano la mobilizzazione dei grassi, \u00e8 un prodotto che viene utilizzato per combattere la cellulite.<\/p>\n<p><strong> RACCOMANDAZIONE DEL TEST DI PATCH <\/strong><br \/>\nSi tratta di un LUMINANTE PER IL CORPO CONCENTRATO e POTENTE contenente ingredienti attivi a base vegetale che possono causare irritazioni alla pelle o eruzioni cutanee per chi soffre di allergie. \u00c8 IMPORTANTE eseguire un patch test del prodotto * almeno 24-48 * ore prima dell&#8217;applicazione regolare per assicurarsi che il prodotto si adatti bene alla propria pelle.<\/p>\n<p><strong> Applicazione <\/strong><br \/>\nPer l&#8217;applicazione sulla pancia: massaggiare con movimenti circolari in senso orario, mentre penetra la crema.<br \/>\nPer le gambe: salire dal ginocchio alla sommit\u00e0 della coscia, facendo piccoli cerchi.<br \/>\nPer fianchi e glutei: appoggia le mani su ciascun lato del bacino e fai ampi movimenti circolari premendo delicatamente, poi sempre pi\u00f9 forte, salendo verso la vita.<br \/>\nPer le braccia: massaggiare dal gomito alle spalle, enfatizzando l&#8217;interno del braccio.<\/p>\n<p><strong> NOTA BENE: <\/strong><br \/>\nAffinch\u00e9 la crema sia il pi\u00f9 efficace possibile, si consiglia di esfoliare regolarmente la pelle in quanto ci\u00f2 la libera dal piccolo sporco che ostruir\u00e0 i pori.<br \/>\nL&#8217;applicazione del prodotto, seguita dall&#8217;attivit\u00e0 fisica, permette di bruciare i grassi ed evitare il rifornimento. Otterrai inoltre una pelle pi\u00f9 armoniosa che avr\u00e0 ritrovato tutta la sua compattezza.<br \/>\nUna dieta sana ed equilibrata non dovrebbe essere trascurata. Bere almeno 1,5 litri di acqua al giorno.<br \/>\nApplicare la crema snellente e massaggiare dopo una doccia o un bagno caldo. La temperatura e l&#8217;idratazione sono due elementi che favoriscono la penetrazione transcutanea.<br \/>\n\u00c8 meglio evitare di applicarli su pelle sensibile (atopia, allergie note a determinati eccipienti, ecc.) E su qualsiasi pelle danneggiata, sia che si tratti di una cicatrice recente, di una scottatura solare, di una placca di psoriasi &#8230;<br \/>\nPuoi potenziare l&#8217;effetto della crema snellente aggiungendo all&#8217;acqua del bagno qualche goccia di oli essenziali drenanti. Insistere anche con il soffione sulle parti interessate alternando getti di acqua calda e fredda.<\/p>\n<p>La crema Dr. SERRAR <sup> \u00ae <\/sup> BODYLIFT \u00e8 un marchio potente ma sicuro e testato. Collaboriamo con laboratori in Canada e negli Stati Uniti per sviluppare i nostri prodotti. Ogni prodotto che lanciamo \u00e8 sviluppato per essere il pi\u00f9 potente possibile, al fine di offrire il massimo effetto pur rimanendo dermatologicamente sicuro per la tua pelle.<\/p>\n<p><strong> Avviso: <\/strong><br \/>\nFermati al minimo cambiamento o reazione. Se necessario, consultare un medico o informazioni sanitarie in caso di reazione allergica. Tutta la pelle \u00e8 diversa e reagisce in modo diverso allo stesso cosmetico. Non forniamo consulenza personalizzata, non conosciamo la tua pelle. Per qualsiasi consiglio personale, soprattutto se si \u00e8 sottoposti a cure mediche: consultare il proprio medico o dermatologo. Non modificare mai un trattamento prescritto in base a ci\u00f2 che leggi su Internet.<\/p>\n<p>&nbsp;<\/p>\n<p><span style=\"color: #005890;\"><strong><span class=\"VIiyi\" lang=\"it\"><span class=\"JLqJ4b ChMk0b\" data-language-for-alternatives=\"it\" data-language-to-translate-into=\"en\" data-phrase-index=\"1\">PRODOTTO IN CANADA <span class=\"VIiyi\" lang=\"es\"> \u00a0\u00a0\u00a0\u00a0 <\/span>|<\/span> <span class=\"VIiyi\" lang=\"es\"> \u00a0\u00a0\u00a0\u00a0 <\/span><span class=\"JLqJ4b ChMk0b\" data-language-for-alternatives=\"it\" data-language-to-translate-into=\"en\" data-phrase-index=\"2\">CERTIFICATO GMP <span class=\"VIiyi\" lang=\"es\"> \u00a0\u00a0\u00a0\u00a0 <\/span>|<\/span> <span class=\"VIiyi\" lang=\"es\"> \u00a0\u00a0\u00a0\u00a0 <\/span><span class=\"JLqJ4b ChMk0b\" data-language-for-alternatives=\"it\" data-language-to-translate-into=\"en\" data-phrase-index=\"3\">NON OGM <span class=\"VIiyi\" lang=\"es\"> \u00a0\u00a0\u00a0\u00a0 <\/span>|<\/span> <span class=\"VIiyi\" lang=\"es\"> \u00a0\u00a0\u00a0\u00a0 <\/span><span class=\"JLqJ4b ChMk0b\" data-language-for-alternatives=\"it\" data-language-to-translate-into=\"en\" data-phrase-index=\"4\">LAB. CERTIFICATO ISO 17025<\/span><\/span><\/strong><\/span><\/p>\n","protected":false},"excerpt":{"rendered":"<p>Anticellulite Migliora la cattiva circolazione sanguigna Lenisce &#8211; Decongestionante Diminuisce la ritenzione idrica Gambe leggere I prodotti per la cura della pelle Dr. SERRAR \u00ae sono i tuoi migliori alleati. Una vera spinta se decidi di prendere il controllo del tuo peso. \u00c8 un marchio i cui trattamenti anticellulite e anti buccia d&#8217;arancia sono preparati [&hellip;]<\/p>\n","protected":false},"featured_media":8400,"template":"","meta":{"hide_page_title":"","_coblocks_attr":"","_coblocks_dimensions":"","_coblocks_responsive_height":"","_coblocks_accordion_ie_support":""},"product_cat":[21],"product_tag":[],"translation":{"provider":"WPGlobus","version":"3.0.1","language":"it","enabled_languages":["en","es","fr","ar","pt","it"],"languages":{"en":{"title":true,"content":true,"excerpt":false},"es":{"title":false,"content":true,"excerpt":false},"fr":{"title":false,"content":true,"excerpt":false},"ar":{"title":false,"content":true,"excerpt":false},"pt":{"title":false,"content":true,"excerpt":false},"it":{"title":false,"content":true,"excerpt":false}}},"_links":{"self":[{"href":"https:\/\/www.serrarpharma.com\/it\/wp-json\/wp\/v2\/product\/7701"}],"collection":[{"href":"https:\/\/www.serrarpharma.com\/it\/wp-json\/wp\/v2\/product"}],"about":[{"href":"https:\/\/www.serrarpharma.com\/it\/wp-json\/wp\/v2\/types\/product"}],"wp:featuredmedia":[{"embeddable":true,"href":"https:\/\/www.serrarpharma.com\/it\/wp-json\/wp\/v2\/media\/8400"}],"wp:attachment":[{"href":"https:\/\/www.serrarpharma.com\/it\/wp-json\/wp\/v2\/media?parent=7701"}],"wp:term":[{"taxonomy":"product_cat","embeddable":true,"href":"https:\/\/www.serrarpharma.com\/it\/wp-json\/wp\/v2\/product_cat?post=7701"},{"taxonomy":"product_tag","embeddable":true,"href":"https:\/\/www.serrarpharma.com\/it\/wp-json\/wp\/v2\/product_tag?post=7701"}],"curies":[{"name":"wp","href":"https:\/\/api.w.org\/{rel}","templated":true}]}}