{"id":7700,"date":"2020-06-05T02:35:57","date_gmt":"2020-06-05T02:35:57","guid":{"rendered":"https:\/\/www.serrarpharma.com\/?post_type=product&#038;p=7700"},"modified":"2025-02-01T23:16:12","modified_gmt":"2025-02-02T04:16:12","slug":"dr-serrar-eclat","status":"publish","type":"product","link":"https:\/\/www.serrarpharma.com\/it\/product\/dr-serrar-eclat\/","title":{"rendered":"ECLAT Collagen"},"content":{"rendered":"<p><img loading=\"lazy\" class=\"alignnone wp-image-11371\" src=\"https:\/\/i0.wp.com\/www.serrarpharma.com\/wp-content\/uploads\/2021\/04\/Made-in-CA.png?resize=70%2C70&#038;ssl=1\" alt=\"\" width=\"70\" height=\"70\" srcset=\"https:\/\/i0.wp.com\/www.serrarpharma.com\/wp-content\/uploads\/2021\/04\/Made-in-CA.png?w=150&amp;ssl=1 150w, https:\/\/i0.wp.com\/www.serrarpharma.com\/wp-content\/uploads\/2021\/04\/Made-in-CA.png?resize=100%2C100&amp;ssl=1 100w\" sizes=\"(max-width: 70px) 100vw, 70px\" data-recalc-dims=\"1\" \/><img loading=\"lazy\" class=\"alignnone wp-image-11370\" src=\"https:\/\/i0.wp.com\/www.serrarpharma.com\/wp-content\/uploads\/2021\/04\/GMP.png?resize=70%2C70&#038;ssl=1\" alt=\"\" width=\"70\" height=\"70\" srcset=\"https:\/\/i0.wp.com\/www.serrarpharma.com\/wp-content\/uploads\/2021\/04\/GMP.png?w=150&amp;ssl=1 150w, https:\/\/i0.wp.com\/www.serrarpharma.com\/wp-content\/uploads\/2021\/04\/GMP.png?resize=100%2C100&amp;ssl=1 100w\" sizes=\"(max-width: 70px) 100vw, 70px\" data-recalc-dims=\"1\" \/><img loading=\"lazy\" class=\"alignnone wp-image-11369\" src=\"https:\/\/i0.wp.com\/www.serrarpharma.com\/wp-content\/uploads\/2021\/04\/Nongmo.png?resize=70%2C70&#038;ssl=1\" alt=\"\" width=\"70\" height=\"70\" srcset=\"https:\/\/i0.wp.com\/www.serrarpharma.com\/wp-content\/uploads\/2021\/04\/Nongmo.png?w=150&amp;ssl=1 150w, https:\/\/i0.wp.com\/www.serrarpharma.com\/wp-content\/uploads\/2021\/04\/Nongmo.png?resize=100%2C100&amp;ssl=1 100w\" sizes=\"(max-width: 70px) 100vw, 70px\" data-recalc-dims=\"1\" \/><img loading=\"lazy\" class=\"alignnone wp-image-11799\" src=\"https:\/\/i0.wp.com\/www.serrarpharma.com\/wp-content\/uploads\/2021\/04\/ISO-07.png?resize=70%2C70&#038;ssl=1\" alt=\"\" width=\"70\" height=\"70\" srcset=\"https:\/\/i0.wp.com\/www.serrarpharma.com\/wp-content\/uploads\/2021\/04\/ISO-07.png?resize=300%2C300&amp;ssl=1 300w, https:\/\/i0.wp.com\/www.serrarpharma.com\/wp-content\/uploads\/2021\/04\/ISO-07.png?resize=150%2C150&amp;ssl=1 150w, https:\/\/i0.wp.com\/www.serrarpharma.com\/wp-content\/uploads\/2021\/04\/ISO-07.png?resize=100%2C100&amp;ssl=1 100w, https:\/\/i0.wp.com\/www.serrarpharma.com\/wp-content\/uploads\/2021\/04\/ISO-07.png?w=418&amp;ssl=1 418w\" sizes=\"(max-width: 70px) 100vw, 70px\" data-recalc-dims=\"1\" \/><\/p>\n<p>&nbsp;<\/p>\n<p><strong>A base di collagene <\/strong><br \/>\nAnti rughe<br \/>\nIdrata &#8211; Nutre<br \/>\nProtegge &#8211; Rivitalizza<br \/>\nIllumina &#8211; rassoda<br \/>\nFatto con<br \/>\n<strong> Ingredienti ipoallergenici <\/strong><br \/>\nProgettato per tutti i tipi di pelle<\/p>\n<p>Dr. SERRAR <sup> \u00ae <\/sup> Skin Care \u00e8 un marchio i cui trattamenti antiossidanti e idratanti sono preparati secondo parametri di protezione dall&#8217;invecchiamento atmosferico. Quest&#8217;ultimo denota segni visibili di esposizione a una variet\u00e0 di aggressori ambientali. Questi aggressori includono i raggi UV, i raggi infrarossi (IRA) e l&#8217;inquinamento. La ricerca mostra che la sovraesposizione a questi aggressori pu\u00f2 portare a un invecchiamento visibile della pelle e che l&#8217;uso di antiossidanti topici pu\u00f2 aiutare a prevenire questo effetto.<\/p>\n<p>Sotto l&#8217;effetto dell&#8217;et\u00e0 e delle condizioni climatiche, la pelle perde la sua elasticit\u00e0 e la sua luminosit\u00e0. Per ovviare a questi inconvenienti, offriamo una gamma di prodotti pensati per prevenire, rallentare e correggere i primi segni dell&#8217;invecchiamento cutaneo.<\/p>\n<p>I prodotti del Dr. SERRAR <sup> \u00ae <\/sup> Skin Care sono preparati con elementi biostimolanti ed estratti vegetali che ammorbidiscono, nutrono e idratano la pelle favorendo l&#8217;afflusso di sangue all&#8217;epidermide. Tonificano e rigenerano la pelle e contribuiscono alla sua salute e al suo benessere. Questi prodotti sono consigliati a tutte le persone dai 21 anni in su.<\/p>\n<p>ECLAT Collagen ti aiuta a combattere l&#8217;invecchiamento della pelle. Aiuta a difendere la pelle dallo stress ossidativo ea ridurre le conseguenze dell&#8217;esposizione cutanea, ECLAT Collagen Cream \u00e8 un antiossidante antiet\u00e0, rivitalizzante e idratante per aiutarti a prevenire le rughe e la barriera protettiva cutanea.<\/p>\n<p>ECLAT Collagen \u00e8 un&#8217;emulsione cremosa rosa pallido con un delicato profumo di fiori, contenente collagene, robane, elastina, allantoina, queste sostanze naturali aiutano la pelle a mantenere queste funzioni generative. Questa meravigliosa crema giorno e notte protegge e ammorbidisce, idrata, nutre, rivitalizza e previene la comparsa delle rughe. Le ceramidi contenute in questa crema servono come vettori per il collagene e l&#8217;elastina. Impediscono l&#8217;azione dell&#8217;elastasi che distrugge queste molecole.<\/p>\n<p><strong> Collagene: <\/strong><br \/>\nL&#8217;origine greca della parola collagene, &#8220;kolla&#8221; significa colla.<br \/>\nGrazie al suo coinvolgimento diretto nell&#8217;invecchiamento della pelle, il collagene \u00e8 diventato un ingrediente attivo d&#8217;elezione nella lotta antiet\u00e0.<\/p>\n<p>Il collagene \u00e8 la proteina pi\u00f9 abbondante nel corpo umano. Rappresenta circa il 6% del nostro peso totale e circa il 65% di tutte le proteine \u200b\u200bfibrose del corpo. \u00c8 il costituente essenziale del derma. Il collagene \u00e8 composto da fibre realizzate dai fibroblasti e si trova principalmente nel tessuto connettivo. \u00c8 presente anche nelle ossa, cartilagine, legamenti, tendini, capelli, dove agisce come una sorta di collante, garantendo la coesione tra le cellule. Fornisce resistenza ed elasticit\u00e0 alla pelle.<\/p>\n<p>Il collagene si rinnova continuamente per tutta la vita. Ma con l&#8217;invecchiamento, la sua produzione si deteriora. Il collagene prodotto \u00e8 di qualit\u00e0 inferiore, perde spessore e resistenza, con conseguente perdita di elasticit\u00e0, tono e compattezza dei tessuti. Si stima che dall&#8217;et\u00e0 di 30 anni la perdita si aggiri intorno all&#8217;1% all&#8217;anno. Per rallentare gli effetti dell&#8217;invecchiamento, il collagene si \u00e8 fatto un posto nei cosmetici.<\/p>\n<p>Il collagene \u00e8 proporzionalmente coinvolto nel processo di invecchiamento della pelle. Svolge un ruolo importante nell&#8217;elasticit\u00e0 e nella qualit\u00e0 del derma. In cosmetica trova impiego per la sua azione antiet\u00e0 preventiva, rigenerante, idratante.<\/p>\n<p>Il collagene d\u00e0 forza alle strutture dermiche proteggendole. \u00c8 anche fortemente coinvolto nel processo di guarigione.<\/p>\n<p>Il collagene migliora la qualit\u00e0 della pelle e preserva la sua giovinezza. Usato nella cura per stimolare la sintesi naturale del collagene per migliorare compattezza, tono, elasticit\u00e0 della pelle, tutti questi marcatori determinanti nella pelle giovane o matura.<\/p>\n<p>Il COLLAGENE ha un effetto tensore immediato, aiuta a mantenere l&#8217;integrit\u00e0 strutturale dei tessuti e limita la perdita d&#8217;acqua, combattendo cos\u00ec la secchezza cutanea e contribuendo a mantenere una buona qualit\u00e0 della pelle.<\/p>\n<p><strong> INGREDIENTI: <\/strong><br \/>\nAcqua, acido stearico, cera d&#8217;api, squalano, fenossietanolo (e) glicole capryl (e) etilesilglicerina (ed) glicole esilenico, glicole propilenico, borato di sodio, glicerina, elastina, allantoina, collagene, tocoferolo, olio di prunus amygdalus (Almontdalus dolce) Bht, Dmdm Hydantoin, Acqua (E) Fosfolipidi (E) Sfingolipidi, Carbomer, Sorbitano Oleato, Trietanolammina, Fragranza.<\/p>\n<p><strong> INGREDIENTI CHIAVE <\/strong><\/p>\n<p><strong> Collagene: <\/strong><br \/>\nMigliora la compattezza, la tonicit\u00e0 e l&#8217;elasticit\u00e0.<br \/>\nMigliora la qualit\u00e0 della pelle e preserva la sua giovinezza.<br \/>\nAzione preventiva antiet\u00e0, rigenerante e idratante.<br \/>\nCoinvolto nel processo di guarigione.<\/p>\n<p><strong> Elastina: <\/strong><br \/>\nFibra proteica che accompagna il collagene nel tessuto connettivo. Dopo il collagene, l&#8217;elastina \u00e8 una delle scleroproteine \u200b\u200bfibrose pi\u00f9 importanti del corpo. La sua struttura a spirale dona alla pelle la sua elasticit\u00e0. Supporta, rinforza e completa l&#8217;azione del collagene.<\/p>\n<p><strong> Allantoina: <\/strong><br \/>\nCura e favorisce la proliferazione cellulare della pelle. Elimina il tessuto necrotico. Agente riparatore e restitutivo dell&#8217;epitelio. \u00c8 idratante, ammorbidente, calmante e non irritante.<\/p>\n<p><strong> Ceramide: <\/strong><br \/>\nUtilizzati come veicolo del collagene e dell&#8217;elastina, hanno un fortissimo potere idratante degli strati epidermici superiori e prevengono l&#8217;azione elastica che distrugge queste due molecole.<\/p>\n<p><strong> Robane: squalane <\/strong><br \/>\nSostanza dell&#8217;olio di oliva molto penetrante, che ripristina e garantisce flessibilit\u00e0 e protegge dalle irritazioni cutanee.<\/p>\n<p>&amp; nbsp;<\/p>\n<h5>Perch\u00e9 scegliere Dr. SERRAR <sup> \u00ae <\/sup> ECLAT Collagen?<\/h5>\n<p>La crema al collagene Dr. SERRAR <sup> \u00ae <\/sup> ECLAT \u00e8 prodotta secondo i pi\u00f9 alti standard dell&#8217;industria farmaceutica. Contengono collagene avanzato, elastina, allantoina, roban. queste sostanze naturali aiutano la pelle a mantenere queste funzioni generative. questa formula avanzata progettata per combattere i segni pi\u00f9 comuni dell&#8217;invecchiamento tra cui luminosit\u00e0, compattezza, linee sottili, rughe, macchie scure e macchie solari.<\/p>\n<div class=\"productlist\">QUALIT\u00c0 MASSIMA. SENZA GLUTINE. Prodotto in Canada.<br \/>\nLe buone pratiche di fabbricazione (GMP) sono un insieme di rigide normative farmaceutiche che garantiscono che gli integratori alimentari siano prodotti e controllati secondo uno standard elevato idoneo all&#8217;uso.<br \/>\nSenza soia, senza glutine, certificato Kosher, senza latticini, senza latte, frutta a guscio, arachidi, crostacei, grano e soia. Inoltre privo di lievito, orzo, riso, sodio e zucchero.<br \/>\nMassima efficienza.<br \/>\nTutto naturale Sourced.<br \/>\nRealizzato con ingredienti ipoallergenici.<\/div>\n<p>&amp; nbsp;<\/p>\n<p><strong> Indicazioni <\/strong><br \/>\nIl processo di invecchiamento riduce naturalmente l&#8217;umidit\u00e0, il collagene e le sostanze nutritive fondamentali per la pelle, lasciando la pelle secca, rugosa e impura. Collag\u00e8ne, Elastine, Ceramide, cire d\u2019abeille sono progettati con precisione per rivitalizzare la pelle che invecchia, fornendo i nutrienti chiave necessari per riportare la pelle al suo aspetto bello e giovane.<\/p>\n<p><strong> RACCOMANDAZIONE DEL TEST DI PATCH <\/strong><br \/>\nQuesta \u00e8 una crema viso CONCENTRATA e POTENTE contenente ingredienti vegetali attivi che possono causare irritazioni alla pelle o sfoghi per chi soffre di allergie. \u00c8 IMPORTANTE eseguire un patch test del prodotto * almeno 24-48 * ore prima dell&#8217;applicazione regolare per assicurarsi che il prodotto si adatti bene alla propria pelle.<\/p>\n<p><strong> COME USARE <\/strong><br \/>\nSe la formula \u00e8 compatibile con la tua pelle, applica due volte al giorno. Solo per uso esterno.<br \/>\nCrema giorno e notte, protegge e ammorbidisce, idrata, nutre, rivitalizza l&#8217;epidermide. Previene la comparsa delle rughe.<br \/>\nDopo aver pulito e tonificato la pelle, su viso, collo e petto dopo il siero alla vitamina C.<br \/>\nAlla sera completa il tuo trattamento con Derm Cream.<br \/>\nQuesto kit Zina Vitamin C + RADIANCE + DERM: rigenera anni di danni ambientali e lascia la tua pelle sana e giovane. Riduce visibilmente le linee sottili e le rughe, rendendo la pelle pi\u00f9 robusta e luminosa.<br \/>\nDr. SERRAR <sup> \u00ae <\/sup> ECLAT Collagen Cream \u00e8 un marchio potente ma sicuro e testato. Collaboriamo con laboratori in Canada e negli Stati Uniti per sviluppare i nostri prodotti. Ogni prodotto che lanciamo \u00e8 sviluppato per essere il pi\u00f9 potente possibile, al fine di offrire il massimo effetto pur rimanendo dermatologicamente sicuro per la tua pelle.<\/p>\n<p><strong> Avviso: <\/strong><br \/>\nFermati al minimo cambiamento o reazione. Se necessario, consultare un medico o informazioni sanitarie in caso di reazione allergica.<br \/>\nOgni pelle \u00e8 diversa e reagisce in modo diverso allo stesso cosmetico. Non forniamo consulenza personalizzata, non conosciamo la tua pelle.<br \/>\nPer qualsiasi consiglio personale, soprattutto se si \u00e8 sottoposti a cure mediche: consultare il proprio medico o dermatologo.<br \/>\nNon modificare mai un trattamento prescritto in base a ci\u00f2 che leggi su Internet.<\/p>\n<p>&nbsp;<\/p>\n<p><span style=\"color: #005890;\"><strong><span class=\"VIiyi\" lang=\"it\"><span class=\"JLqJ4b ChMk0b\" data-language-for-alternatives=\"it\" data-language-to-translate-into=\"en\" data-phrase-index=\"1\">PRODOTTO IN CANADA\u00a0\u00a0\u00a0 |<\/span> \u00a0\u00a0 <span class=\"JLqJ4b ChMk0b\" data-language-for-alternatives=\"it\" data-language-to-translate-into=\"en\" data-phrase-index=\"2\">CERTIFICATO GMP \u00a0\u00a0 |<\/span> \u00a0\u00a0 <span class=\"JLqJ4b ChMk0b\" data-language-for-alternatives=\"it\" data-language-to-translate-into=\"en\" data-phrase-index=\"3\">NON OGM \u00a0\u00a0 |<\/span> \u00a0\u00a0 <span class=\"JLqJ4b ChMk0b\" data-language-for-alternatives=\"it\" data-language-to-translate-into=\"en\" data-phrase-index=\"4\">LAB. CERTIFICATO ISO 17025<\/span><\/span><\/strong><\/span><\/p>\n","protected":false},"excerpt":{"rendered":"<p>&nbsp; A base di collagene Anti rughe Idrata &#8211; Nutre Protegge &#8211; Rivitalizza Illumina &#8211; rassoda Fatto con Ingredienti ipoallergenici Progettato per tutti i tipi di pelle Dr. SERRAR \u00ae Skin Care \u00e8 un marchio i cui trattamenti antiossidanti e idratanti sono preparati secondo parametri di protezione dall&#8217;invecchiamento atmosferico. Quest&#8217;ultimo denota segni visibili di esposizione [&hellip;]<\/p>\n","protected":false},"featured_media":8588,"template":"","meta":{"hide_page_title":"","_coblocks_attr":"","_coblocks_dimensions":"","_coblocks_responsive_height":"","_coblocks_accordion_ie_support":""},"product_cat":[22],"product_tag":[],"translation":{"provider":"WPGlobus","version":"3.0.1","language":"it","enabled_languages":["en","es","fr","ar","pt","it"],"languages":{"en":{"title":true,"content":true,"excerpt":false},"es":{"title":false,"content":true,"excerpt":false},"fr":{"title":false,"content":true,"excerpt":false},"ar":{"title":false,"content":true,"excerpt":false},"pt":{"title":false,"content":true,"excerpt":false},"it":{"title":false,"content":true,"excerpt":false}}},"_links":{"self":[{"href":"https:\/\/www.serrarpharma.com\/it\/wp-json\/wp\/v2\/product\/7700"}],"collection":[{"href":"https:\/\/www.serrarpharma.com\/it\/wp-json\/wp\/v2\/product"}],"about":[{"href":"https:\/\/www.serrarpharma.com\/it\/wp-json\/wp\/v2\/types\/product"}],"wp:featuredmedia":[{"embeddable":true,"href":"https:\/\/www.serrarpharma.com\/it\/wp-json\/wp\/v2\/media\/8588"}],"wp:attachment":[{"href":"https:\/\/www.serrarpharma.com\/it\/wp-json\/wp\/v2\/media?parent=7700"}],"wp:term":[{"taxonomy":"product_cat","embeddable":true,"href":"https:\/\/www.serrarpharma.com\/it\/wp-json\/wp\/v2\/product_cat?post=7700"},{"taxonomy":"product_tag","embeddable":true,"href":"https:\/\/www.serrarpharma.com\/it\/wp-json\/wp\/v2\/product_tag?post=7700"}],"curies":[{"name":"wp","href":"https:\/\/api.w.org\/{rel}","templated":true}]}}