{"id":7623,"date":"2020-06-04T17:58:13","date_gmt":"2020-06-04T21:58:13","guid":{"rendered":"https:\/\/www.serrarpharma.com\/?post_type=product&#038;p=7623"},"modified":"2024-08-21T22:08:51","modified_gmt":"2024-08-22T02:08:51","slug":"dr-serrar-vitamin-c-serum","status":"publish","type":"product","link":"https:\/\/www.serrarpharma.com\/it\/product\/dr-serrar-vitamin-c-serum\/","title":{"rendered":"VITAMIN C SERUM"},"content":{"rendered":"<p><img loading=\"lazy\" class=\"alignnone wp-image-11896\" src=\"https:\/\/i0.wp.com\/www.serrarpharma.com\/wp-content\/uploads\/2021\/05\/Quality-Labels-US-09.png?resize=70%2C70&#038;ssl=1\" alt=\"\" width=\"70\" height=\"70\" data-recalc-dims=\"1\" \/><img loading=\"lazy\" class=\"alignnone wp-image-11370\" src=\"https:\/\/i0.wp.com\/www.serrarpharma.com\/wp-content\/uploads\/2021\/04\/GMP.png?resize=70%2C70&#038;ssl=1\" alt=\"\" width=\"70\" height=\"70\" srcset=\"https:\/\/i0.wp.com\/www.serrarpharma.com\/wp-content\/uploads\/2021\/04\/GMP.png?w=150&amp;ssl=1 150w, https:\/\/i0.wp.com\/www.serrarpharma.com\/wp-content\/uploads\/2021\/04\/GMP.png?resize=100%2C100&amp;ssl=1 100w\" sizes=\"(max-width: 70px) 100vw, 70px\" data-recalc-dims=\"1\" \/><img loading=\"lazy\" class=\"alignnone wp-image-11369\" src=\"https:\/\/i0.wp.com\/www.serrarpharma.com\/wp-content\/uploads\/2021\/04\/Nongmo.png?resize=70%2C70&#038;ssl=1\" alt=\"\" width=\"70\" height=\"70\" srcset=\"https:\/\/i0.wp.com\/www.serrarpharma.com\/wp-content\/uploads\/2021\/04\/Nongmo.png?w=150&amp;ssl=1 150w, https:\/\/i0.wp.com\/www.serrarpharma.com\/wp-content\/uploads\/2021\/04\/Nongmo.png?resize=100%2C100&amp;ssl=1 100w\" sizes=\"(max-width: 70px) 100vw, 70px\" data-recalc-dims=\"1\" \/><img loading=\"lazy\" class=\"alignnone wp-image-11799\" src=\"https:\/\/i0.wp.com\/www.serrarpharma.com\/wp-content\/uploads\/2021\/04\/ISO-07.png?resize=70%2C70&#038;ssl=1\" alt=\"\" width=\"70\" height=\"70\" srcset=\"https:\/\/i0.wp.com\/www.serrarpharma.com\/wp-content\/uploads\/2021\/04\/ISO-07.png?resize=300%2C300&amp;ssl=1 300w, https:\/\/i0.wp.com\/www.serrarpharma.com\/wp-content\/uploads\/2021\/04\/ISO-07.png?resize=150%2C150&amp;ssl=1 150w, https:\/\/i0.wp.com\/www.serrarpharma.com\/wp-content\/uploads\/2021\/04\/ISO-07.png?resize=100%2C100&amp;ssl=1 100w, https:\/\/i0.wp.com\/www.serrarpharma.com\/wp-content\/uploads\/2021\/04\/ISO-07.png?w=418&amp;ssl=1 418w\" sizes=\"(max-width: 70px) 100vw, 70px\" data-recalc-dims=\"1\" \/><\/p>\n<p><strong> LUMINOSO<br \/>\n20% VIT C<br \/>\nIALURONATO DI SODIO <\/strong><\/p>\n<p>Antiossidante molto potente<br \/>\nAnti rughe<br \/>\nAnti et\u00e0<br \/>\nIllumina &#8211; Guarisce<br \/>\nFatto con<br \/>\n<strong> Ingredienti ipoallergenici <\/strong><br \/>\nProgettato per tutti i tipi di pelle<\/p>\n<p>Dr. SERRAR\u00ae Skin Care \u00e8 un marchio i cui trattamenti antiossidanti sono preparati secondo parametri di protezione dall&#8217;invecchiamento atmosferico. Quest&#8217;ultimo denota segni visibili di esposizione a una variet\u00e0 di aggressori ambientali. Questi aggressori includono i raggi UV, i raggi infrarossi (IRA) e l&#8217;inquinamento. La ricerca mostra che la sovraesposizione a questi aggressori pu\u00f2 portare a un invecchiamento visibile della pelle e che l&#8217;uso di antiossidanti topici pu\u00f2 aiutare a prevenire questo effetto.<\/p>\n<p><strong> Che cos&#8217;\u00e8 la VITAMINA C Serum? <\/strong><br \/>\nLa ricerca clinica mostra che combinazioni specifiche di antiossidanti, se progettate in modo efficace, lavorano in sinergia per fornire risultati migliori rispetto a questi stessi antiossidanti usati separatamente. La scelta di Vitamin C E Ferulic per questo siero a base di vitamina C \u00e8 studiata per avere risultati ottimali:<br \/>\n&amp; nbsp;<\/p>\n<div class=\"productlist\">Rafforza la protezione dai raggi UV per prevenire meglio i segni visibili dell&#8217;invecchiamento.<br \/>\nRiduce l&#8217;aspetto dei danni del sole.<\/div>\n<p>&amp; nbsp;<br \/>\nVITAMINA C Serum, viene utilizzato per schiarire e rinnovare la pelle. \u00c8 una formula potente per combattere il tono della pelle spento e irregolare e i segni dell&#8217;invecchiamento con soli 11 ingredienti. Senza profumo, senza silicone, solo principi attivi essenziali di eccellenza in dermatologia.<\/p>\n<p><strong> Ingredienti: <\/strong> acqua distillata, acido L-ascorbico (vitamina C), etossidiglicole, zemea propandiolo (derivato dal mais), niacinamide (vitamina B3), leuconostoc \/ filtro di fermentazione della radice di ravanello, Laureth-23, ialuronato di sodio, d-Alpha (Vitamina E) Tocoferolo, dl-Pantenolo (Pro-Vitamina B5), Rosa Damascena (Acqua Floreale di Rosa), Glicerina Kosher, Acido Ferulico, Sorbato di Potassio.<\/p>\n<p><strong> INGREDIENTI CHIAVE <\/strong><br \/>\n20% di acido L-ascorbico (vitamina C):<br \/>\nLa vitamina C \u00e8 un antiossidante molto potente che non viene assorbito efficacemente dalla pelle a causa della sua struttura. Le caratteristiche della preparazione Dr.SERRAR\u00ae di questo siero consentono alla vitamina C di essere assorbita efficacemente dalla pelle:<br \/>\n&amp; nbsp;<\/p>\n<div class=\"productlist\">1) acido L-ascorbico puro (vitamina C);<br \/>\n2) un pH acido compreso tra 2,0 e 3,5;<br \/>\n3) una concentrazione del 20% in una formula ipoallergenica al 100%.<\/div>\n<p>&amp; nbsp;<br \/>\nEssenziale per il corretto funzionamento dell&#8217;organismo, la vitamina C \u00e8 presente nella pelle dove, intrappolando una certa categoria di radicali liberi, contrasta i danni causati dallo stress ossidativo. e aiuta a proteggere dallo stress ossidativo fornendo benefici antiet\u00e0 visibili. \u00c8 anche un vantaggio per combattere i disturbi della pigmentazione, ridensificare la matrice extracellulare e combattere le infiammazioni per lenire la pelle. Sul viso gli effetti di questo attivo multitasking sono immediati: le rughe si attenuano, l&#8217;incarnato \u00e8 pi\u00f9 uniforme e la luminosit\u00e0 riceve un secondo respiro.<\/p>\n<p><strong> Niacinamide (vitamina B3) <\/strong><br \/>\nUtilizzata dalla nostra pelle, la Niacinamide offre diverse azioni:<\/p>\n<div class=\"productlist\">Miglioramento della funzione barriera della pelle. Accelerazione del differenziamento cellulare.<br \/>\nGuarigione rapida. Aiuta a ristrutturare l&#8217;epidermide.<br \/>\nEffetti antinfiammatori, limita l&#8217;irritazione.<br \/>\nRidotta perdita d&#8217;acqua, effetto idratante dei diversi strati della pelle compreso lo strato corneo.<br \/>\nAumenta gli enzimi che creano ceramidi e serina per una migliore coesione cellulare.<br \/>\nCombatte gli stati atopici, la pelle secca.<br \/>\nInibizione delle citochine infiammatorie.<br \/>\nDiminuisce e regola la produzione di melanina (macchie marroni).<br \/>\nUn&#8217;interessante azione antiet\u00e0 e antinfiammatoria adatta a tutti i tipi di pelle ea tutte le et\u00e0 (adulti).<br \/>\nVITAMINA C Siero, quindi di interesse per pelli con acne infiammatoria, pelle irritata, pelle atopica, pelle che diventa sensibile, pelle che reagisce pi\u00f9 di prima, pelle con pori visibili, brufolo emergente, couperose, pelle sotto trattamento anti acne).<\/div>\n<p><strong><br \/>\nIaluronato di sodio <\/strong><br \/>\nLo ialuronato di sodio \u00e8 il sale dell&#8217;acido ialuronico. \u00c8 un componente naturale del tessuto connettivo. Penetra facilmente nell&#8217;epidermide ed \u00e8 quindi in grado di assorbire una grande quantit\u00e0 di acqua, fino a 20 volte il suo peso.<br \/>\nScoperto negli anni &#8217;30, l&#8217;acido ialuronico \u00e8 abbondante nel derma della pelle giovane, ma la sua quantit\u00e0 diminuisce con l&#8217;et\u00e0: la pelle appare quindi pi\u00f9 danneggiata, con le rughe. L&#8217;acido ialuronico \u00e8 una molecola abbastanza grande che ha difficolt\u00e0 a penetrare nella pelle ed \u00e8 molto pi\u00f9 efficace se iniettata. In un cosmetico viene utilizzato il suo sale: lo ialuronato di sodio \u00e8 una molecola molto pi\u00f9 piccola, che penetra pi\u00f9 facilmente e pu\u00f2 quindi spostarsi negli strati profondi della pelle. Questo sale \u00e8 un potente umettante che attira e trattiene l&#8217;acqua, rendendolo il prodotto idratante di elezione per la pelle: aiuta a mantenerla &#8220;umida&#8221;. Poich\u00e9 attrae e si lega all&#8217;acqua, provoca un leggero gonfiore, che riduce la comparsa di linee sottili e rughe, per donare alla pelle un aspetto pi\u00f9 giovane.<\/p>\n<p><strong> 1% di alfa-tocoferolo <\/strong><br \/>\nQuesta forma di vitamina E neutralizza i radicali liberi e reintegra i lipidi della pelle. Come \u00e8 stato dimostrato, l&#8217;alfa-tocoferolo lavora in sinergia con la vitamina C, rigenerandosi a vicenda. Soprattutto aiuta a lenire la pelle ea proteggerla dagli effetti nocivi dell&#8217;inquinamento. Conseguenze; meno segni di stanchezza sul viso.<\/p>\n<p>Le sue funzioni<br \/>\nAntiossidante: inibisce le reazioni favorite dall&#8217;ossigeno, evitando cos\u00ec l&#8217;ossidazione e l&#8217;irrancidimento<br \/>\nAgente per la cura della pelle: mantiene la pelle in buone condizioni<\/p>\n<p><strong> Pro-vitamina B5 <\/strong><br \/>\nIl pantenolo \u00e8 un alcol ampiamente utilizzato nei cosmetici. Il pantenolo migliora l&#8217;idratazione, riduce il prurito e l&#8217;infiammazione della pelle. Accelera e migliora la guarigione delle ferite epidermiche. Viene spesso utilizzato nei prodotti per il trattamento delle scottature solari. Quando il pantenolo viene applicato localmente, penetra negli strati inferiori della pelle, viene assorbito dalle cellule della pelle e trasformato in acido pantotenico (pi\u00f9 comunemente noto come vitamina B5). \u00c8 questa penetrazione che consente l&#8217;idratazione essenziale.<br \/>\n0,5% di acido ferulico<br \/>\nAntiossidante vegetale, l&#8217;acido ferulico neutralizza i radicali liberi e potenzia i benefici antiossidanti delle vitamine C ed E.<br \/>\n&amp; nbsp;<\/p>\n<h5>Perch\u00e9 scegliere il SIERO DELLA VITAMINA C Dr. SERRAR\u00ae?<\/h5>\n<p>Dr. SERRAR\u00ae VITAMIN C SERUM sono prodotti secondo i pi\u00f9 alti standard dell&#8217;industria farmaceutica. Contengono siero antiossidante avanzato: un nutriente indispensabile per la produzione di collagene, la vitamina C si fonde sinergicamente con ialuronato di sodio e vitamina E in questa formula avanzata progettata per combattere i segni pi\u00f9 comuni dell&#8217;invecchiamento tra cui luminosit\u00e0, compattezza, linee sottili, rughe, macchie scure e amp; macchie solari.<br \/>\n&amp; nbsp;<\/p>\n<div class=\"productlist\">QUALIT\u00c0 MASSIMA. SENZA GLUTINE. Fabbricato negli Usa.<br \/>\nStrutture certificate dalla FDA<br \/>\nLe buone pratiche di fabbricazione (GMP) sono un insieme di rigide normative farmaceutiche che garantiscono che gli integratori alimentari siano prodotti e controllati secondo uno standard elevato idoneo all&#8217;uso.<br \/>\nSenza soia, senza glutine, certificato Kosher, senza latticini, senza latte, frutta a guscio, arachidi, crostacei, grano e soia. Inoltre privo di lievito, orzo, riso, sodio e zucchero.<br \/>\nMassima efficienza<br \/>\nTutto naturale Sourced<br \/>\nRealizzato con ingredienti ipoallergenici<\/div>\n<p>&nbsp;<\/p>\n<p>Indicazioni<br \/>\nIl processo di invecchiamento riduce naturalmente l&#8217;umidit\u00e0, il collagene e le sostanze nutritive fondamentali per la pelle, lasciando la pelle secca, rugosa e impura. Il siero alla vitamina C \u00e8 progettato con precisione per rivitalizzare la pelle che invecchia, fornendo i nutrienti chiave necessari per riportare la pelle al suo aspetto bello e giovane.<\/p>\n<p><strong> RACCOMANDAZIONE DEL TEST DI PATCH <\/strong> &#8211; Questo \u00e8 un siero viso CONCENTRATO e POTENTE contenente ingredienti vegetali attivi che possono causare irritazioni alla pelle o sfoghi per chi soffre di allergie. \u00c8 IMPORTANTE eseguire un patch test del prodotto * almeno 24-48 * ore prima dell&#8217;applicazione regolare per assicurarsi che il prodotto si adatti bene alla propria pelle.<br \/>\nConsigliati indipendentemente dall&#8217;et\u00e0, i cosmetici a base di vitamina C sono sconsigliati in caso di pelle sensibile o couperose.<\/p>\n<p><strong> COME USARE <\/strong><br \/>\nSe la formula \u00e8 compatibile con la tua pelle, applica 3-5 gocce una volta al giorno seguite da una crema idratante. Solo per uso esterno.<br \/>\nAl mattino, dopo aver deterso e tonificato la pelle, applicare 4-5 gocce su viso, collo e petto asciutti prima di qualsiasi altro prodotto per la cura della pelle.<br \/>\nCompleta la tua giornata con la crema ECLAT.<br \/>\nCompleta il tuo trattamento la sera con la crema DERM.<br \/>\nIl kit (VITAMIN C SERUM + ECLAT + DERM) rigenera anni di danni ambientali e lascia la tua pelle sana e giovane. Riduce visibilmente le linee sottili e le rughe, rendendo la pelle pi\u00f9 robusta e luminosa.<\/p>\n<p>Dr. SERRAR\u00ae VITAMIN C SERUM \u00e8 un marchio potente ma sicuro e testato. Collaboriamo con laboratori in Canada e negli Stati Uniti per sviluppare i nostri prodotti. Ogni prodotto che lanciamo \u00e8 sviluppato per essere il pi\u00f9 potente possibile, al fine di offrire il massimo effetto pur rimanendo dermatologicamente sicuro per la tua pelle.<\/p>\n<p><strong> Avviso: <\/strong><br \/>\nFermati al minimo cambiamento o reazione. Se necessario, consultare un medico o informazioni sanitarie in caso di reazione allergica.<br \/>\nOgni pelle \u00e8 diversa e reagisce in modo diverso allo stesso cosmetico. Non forniamo consulenza personalizzata, non conosciamo la tua pelle.<br \/>\nPer qualsiasi consiglio personale, soprattutto se si \u00e8 sottoposti a cure mediche: consultare il proprio medico o dermatologo.<br \/>\nNon modificare mai un trattamento prescritto in base a ci\u00f2 che leggi su Internet.<\/p>\n<p>&nbsp;<\/p>\n<p><span style=\"color: #005890;\"><strong><span class=\"VIiyi\" lang=\"it\"><span class=\"JLqJ4b ChMk0b\" data-language-for-alternatives=\"it\" data-language-to-translate-into=\"en\" data-phrase-index=\"1\">FABBRICATO NEGLI USA \u00a0\u00a0 |<\/span> \u00a0\u00a0 <span class=\"JLqJ4b ChMk0b\" data-language-for-alternatives=\"it\" data-language-to-translate-into=\"en\" data-phrase-index=\"2\">CERTIFICATO GMP \u00a0\u00a0 |<\/span> \u00a0\u00a0 <span class=\"JLqJ4b ChMk0b\" data-language-for-alternatives=\"it\" data-language-to-translate-into=\"en\" data-phrase-index=\"3\">NON OGM \u00a0\u00a0 |<\/span> \u00a0\u00a0 <span class=\"JLqJ4b ChMk0b\" data-language-for-alternatives=\"it\" data-language-to-translate-into=\"en\" data-phrase-index=\"4\">LAB. CERTIFICATO ISO 17025<\/span><\/span><\/strong><\/span><\/p>\n","protected":false},"excerpt":{"rendered":"<p>LUMINOSO 20% VIT C IALURONATO DI SODIO Antiossidante molto potente Anti rughe Anti et\u00e0 Illumina &#8211; Guarisce Fatto con Ingredienti ipoallergenici Progettato per tutti i tipi di pelle Dr. SERRAR\u00ae Skin Care \u00e8 un marchio i cui trattamenti antiossidanti sono preparati secondo parametri di protezione dall&#8217;invecchiamento atmosferico. Quest&#8217;ultimo denota segni visibili di esposizione a una [&hellip;]<\/p>\n","protected":false},"featured_media":8833,"template":"","meta":{"hide_page_title":"","_coblocks_attr":"","_coblocks_dimensions":"","_coblocks_responsive_height":"","_coblocks_accordion_ie_support":""},"product_cat":[22],"product_tag":[],"translation":{"provider":"WPGlobus","version":"3.0.1","language":"it","enabled_languages":["en","es","fr","ar","pt","it"],"languages":{"en":{"title":true,"content":true,"excerpt":false},"es":{"title":false,"content":true,"excerpt":false},"fr":{"title":false,"content":true,"excerpt":false},"ar":{"title":false,"content":true,"excerpt":false},"pt":{"title":false,"content":true,"excerpt":false},"it":{"title":false,"content":true,"excerpt":false}}},"_links":{"self":[{"href":"https:\/\/www.serrarpharma.com\/it\/wp-json\/wp\/v2\/product\/7623"}],"collection":[{"href":"https:\/\/www.serrarpharma.com\/it\/wp-json\/wp\/v2\/product"}],"about":[{"href":"https:\/\/www.serrarpharma.com\/it\/wp-json\/wp\/v2\/types\/product"}],"wp:featuredmedia":[{"embeddable":true,"href":"https:\/\/www.serrarpharma.com\/it\/wp-json\/wp\/v2\/media\/8833"}],"wp:attachment":[{"href":"https:\/\/www.serrarpharma.com\/it\/wp-json\/wp\/v2\/media?parent=7623"}],"wp:term":[{"taxonomy":"product_cat","embeddable":true,"href":"https:\/\/www.serrarpharma.com\/it\/wp-json\/wp\/v2\/product_cat?post=7623"},{"taxonomy":"product_tag","embeddable":true,"href":"https:\/\/www.serrarpharma.com\/it\/wp-json\/wp\/v2\/product_tag?post=7623"}],"curies":[{"name":"wp","href":"https:\/\/api.w.org\/{rel}","templated":true}]}}